{"id":93,"date":"2015-06-02T17:30:18","date_gmt":"2015-06-02T17:30:18","guid":{"rendered":"http:\/\/www.iberamia.org\/iberamia\/?page_id=93"},"modified":"2019-05-02T10:25:07","modified_gmt":"2019-05-02T10:25:07","slug":"teaching","status":"publish","type":"page","link":"https:\/\/www.iberamia.org\/iberamia\/teaching\/","title":{"rendered":"Intercambio y Postgrado en Inteligencia Artificial"},"content":{"rendered":"<p><span style=\"color: #000000;\">Espacio de comunicados y colaboraci\u00f3n en programas docentes de Inteligencia Artificial. Para incluir mensajes en esta p\u00e1gina, mande un mensaje a:<\/span><\/p>\n<p><span class=\"tlid-translation translation\" lang=\"pt\" style=\"color: #000000;\"><span title=\"\">Espa\u00e7o de comunica\u00e7\u00e3o e colabora\u00e7\u00e3o em programas de ensino de Intelig\u00eancia Artificial.<\/span> <span class=\"\" title=\"\">Para incluir mensagens nesta p\u00e1gina, envie uma mensagem para:<\/span><\/span><\/p>\n<p style=\"text-align: left;\"><span class=\"tlid-translation translation\" lang=\"en\" style=\"color: #000000;\"><span class=\"\" title=\"\">Communication space and collaboration in Artificial Intelligence teaching programs.<\/span> <span class=\"\" title=\"\">To include messages on this page, send a message to:<\/span><\/span><\/p>\n<p style=\"text-align: center;\"><a href=\"http:\/\/iberamia@iberamia.org\">iberamia@iberamia.org<\/a><span style=\"color: #000000;\"><br \/>\n<\/span><\/p>\n<p style=\"text-align: center;\"><span style=\"color: #800000;\">If you are a spammer, please do not waste time. Your comment will not be published.<\/span><\/p>\n<hr \/>\n<hr \/>\n<ul>\n<li><span style=\"color: #000000;\"><strong><a style=\"color: #000000;\" href=\"http:\/\/www.dia.fi.upm.es\/postgrado\">Master de \u00abInvestigaci\u00f3n en Inteligencia Artificial. Universidad Polit\u00e9cnica de Madrid.<\/a><\/strong><\/span><\/li>\n<\/ul>\n<ul>\n<li><span style=\"color: #000000;\"><strong><a style=\"color: #000000;\" href=\"http:\/\/www.upv.es\/titulaciones\/MUIARFID\/\">Master en Inteligencia Artificial, Reconocimiento de Formas e Imagen Digital. Universidad Polit\u00e9cnica de Valencia<\/a><\/strong><\/span><\/li>\n<\/ul>\n<ul>\n<li>\n<div data-canvas-width=\"307.5642266666667\"><span style=\"color: #000000;\"><strong><a style=\"color: #000000;\" href=\"http:\/\/www.uimp.es\/postgrado\/estudios\/fichaestudio.php?plan=P04C&amp;any=2018-19&amp;verasi=N&amp;lan=es\">M\u00e1ster Universitario en Investigaci\u00f3n en Inteligencia Artificial (AEPIA &#8211; UIMP)<\/a><\/strong><\/span><\/div>\n<\/li>\n<\/ul>\n<ul>\n<li>\n<div data-canvas-width=\"307.5642266666667\">\u00a0<span style=\"color: #000000;\"><strong><a style=\"color: #000000;\" href=\"http:\/\/mastersi.usal.es\/\">Master Sistemas Inteligentes. Universidad de Salamanca<\/a><\/strong><\/span><\/div>\n<\/li>\n<\/ul>\n<ul>\n<li><span style=\"color: #000000;\"><strong><a style=\"color: #000000;\" href=\"http:\/\/www.fep.up.pt\/\">Master Data Analysis and Decision Support Systems. University of Porto<\/a><\/strong><\/span><\/li>\n<\/ul>\n<footer class=\"comment-meta\">\n<div class=\"comment-author vcard\">\n<hr \/>\n<\/div>\n<ul>\n<li><b class=\"fn\"><a class=\"url\" href=\"http:\/\/ec.europa.eu\/programmes\/erasmus-plus\/\" rel=\"external nofollow\">ERASMUS+<\/a><\/b>: <span style=\"color: #000000;\">Programa de movilidad entre UE y pa\u00edses del programa asociados. Convocatoria abierta.<\/span><\/li>\n<\/ul>\n<\/footer>\n<footer class=\"comment-meta\">\n<ul>\n<li><a href=\"https:\/\/www.fundacioncarolina.es\/\"><strong>Fundaci\u00f3n Carolina<\/strong><\/a>: <span style=\"color: #000000;\">Promoci\u00f3n de las relaciones culturales y la cooperaci\u00f3n educativa y cient\u00edfica <\/span><span style=\"color: #000000;\">entre Espa\u00f1a y los dem\u00e1s pa\u00edses de la Comunidad Iberoamericana de Naciones.<\/span><\/li>\n<\/ul>\n<\/footer>\n<hr \/>\n","protected":false},"excerpt":{"rendered":"<p>Espacio de comunicados y colaboraci\u00f3n en programas docentes de Inteligencia Artificial. Para incluir mensajes en esta p\u00e1gina, mande un mensaje a: Espa\u00e7o de comunica\u00e7\u00e3o e colabora\u00e7\u00e3o em programas de ensino de Intelig\u00eancia Artificial. Para incluir mensagens nesta p\u00e1gina, envie uma mensagem para: Communication space and collaboration in Artificial Intelligence teaching programs. To include messages on this page, send a message to: iberamia@iberamia.org If you are a spammer, please do not&hellip; <\/p>\n","protected":false},"author":1,"featured_media":0,"parent":0,"menu_order":0,"comment_status":"closed","ping_status":"closed","template":"layouts\/page-fullwidth.php","meta":{"footnotes":""},"class_list":["post-93","page","type-page","status-publish","hentry"],"_links":{"self":[{"href":"https:\/\/www.iberamia.org\/iberamia\/wp-json\/wp\/v2\/pages\/93","targetHints":{"allow":["GET"]}}],"collection":[{"href":"https:\/\/www.iberamia.org\/iberamia\/wp-json\/wp\/v2\/pages"}],"about":[{"href":"https:\/\/www.iberamia.org\/iberamia\/wp-json\/wp\/v2\/types\/page"}],"author":[{"embeddable":true,"href":"https:\/\/www.iberamia.org\/iberamia\/wp-json\/wp\/v2\/users\/1"}],"replies":[{"embeddable":true,"href":"https:\/\/www.iberamia.org\/iberamia\/wp-json\/wp\/v2\/comments?post=93"}],"version-history":[{"count":0,"href":"https:\/\/www.iberamia.org\/iberamia\/wp-json\/wp\/v2\/pages\/93\/revisions"}],"wp:attachment":[{"href":"https:\/\/www.iberamia.org\/iberamia\/wp-json\/wp\/v2\/media?parent=93"}],"curies":[{"name":"wp","href":"https:\/\/api.w.org\/{rel}","templated":true}]}}