{"id":39,"date":"2015-05-09T17:15:19","date_gmt":"2015-05-09T17:15:19","guid":{"rendered":"http:\/\/midela.webs.upv.es\/?page_id=11"},"modified":"2025-03-06T20:30:19","modified_gmt":"2025-03-06T20:30:19","slug":"conferencias-iberamia","status":"publish","type":"page","link":"https:\/\/www.iberamia.org\/iberamia\/conferencias-iberamia\/","title":{"rendered":"Conferencias Iberamia"},"content":{"rendered":"\n<div class=\"wp-block-columns is-layout-flex wp-container-core-columns-is-layout-9d6595d7 wp-block-columns-is-layout-flex\">\n<div class=\"wp-block-column is-layout-flow wp-block-column-is-layout-flow\" style=\"flex-basis:66.66%\">\n<p>Una de las principales actividades de IBERAMIA es la organizaci\u00f3n bienal de la&nbsp;<em>Conferencia Iberoamericana de Inteligencia Artificial.&nbsp;<\/em>La idea de realizar este congreso naci\u00f3 en un encuentro patrocinado por el Instituto Nacional de Estad\u00edstica y Geograf\u00eda (INEGI) mexicano en 1986, entre miembros de la SMIA y de la AEPIA, en la ciudad de M\u00e9xico DF. En aquella ocasi\u00f3n, se decidi\u00f3 realizar el primer IBERAMIA en 1988, en la ciudad de Barcelona, Espa\u00f1a, con el prop\u00f3sito de crear un foro cient\u00edfico de alta calidad entre las comunidades de los pa\u00edses de habla hispana y portuguesa.<\/p>\n\n\n\n<p>A lo largo de sus sucesivas ediciones, IBERAMIA se ha convertido en un foro cient\u00edfico internacional cada vez mas importante y relevante para las comunidades inform\u00e1ticas de los pa\u00edses de Iberoam\u00e9rica y constituye la conferencia de referencia sobre la IA en el \u00e1mbito iberoamericano. <\/p>\n\n\n\n<p><span style=\"color: #333333;\"><span style=\"color: #000000;\">Entre otros \u00edndices, las conferencias IBERAMIA est\u00e1n indexadas en: <\/span><\/span><span style=\"color: #000080;\"><a style=\"color: #000080;\" href=\"https:\/\/scholar.google.es\/scholar?hl=es&amp;q=iberamia&amp;btnG=&amp;lr=\">Google Scholar<\/a>, <a style=\"color: #000080;\" href=\"https:\/\/dblp.uni-trier.de\/db\/conf\/iberamia\/\">DBLP (Conference &amp; Workshops)<\/a>, <a style=\"color: #000080;\" href=\"https:\/\/academic.microsoft.com\/#\/search?iq=%40iberamia%40&amp;q=iberamia&amp;from=0&amp;sort=0\">Microsoft Academics<\/a>, <a style=\"color: #000080;\" href=\"https:\/\/valutazione.unibas.it\/cs-conference-rating\/\">GII-GRIN Computer Science and Computer Engineering Rating<\/a>, <a style=\"color: #000080;\" href=\"https:\/\/shine.icomp.ufam.edu.br\/results.php?conference=IBERAMIA&amp;year1=2001&amp;year2=2012\">SHINE &amp; QUALIS (Brasil)<\/a>, <a style=\"color: #000080;\" href=\"https:\/\/www.conferenceranks.com\/\">Conference Ranks<\/a>, <a style=\"color: #000080;\" href=\"https:\/\/academic.research.microsoft.com\">Microsoft Academic&#8217;s conference field ratings<\/a><\/span><\/p>\n<\/div>\n\n\n\n<div class=\"wp-block-column is-layout-flow wp-block-column-is-layout-flow\" style=\"flex-basis:33.33%\"><div id=\"metaslider-id-669\" style=\"max-width: 500px; margin: 0 auto;\" class=\"ml-slider-3-109-0 metaslider metaslider-flex metaslider-669 ml-slider ms-theme-cubic nav-hidden\" role=\"region\" aria-label=\"Nuevo pase\" data-height=\"500\" data-width=\"500\">\n    <div id=\"metaslider_container_669\">\n        <div id=\"metaslider_669\">\n            <ul class='slides'>\n                <li style=\"display: block; width: 100%;\" class=\"slide-1579 ms-image \" aria-roledescription=\"slide\" data-date=\"2020-04-22 22:53:52\" data-filename=\"barcelona-minibus-e1436528432319.jpg\" data-slide-type=\"image\"><img loading=\"lazy\" decoding=\"async\" width=\"200\" height=\"113\" src=\"https:\/\/www.iberamia.org\/iberamia\/wp-content\/uploads\/2015\/06\/barcelona-minibus-e1436528432319.jpg\" class=\"slider-669 slide-1579 msDefaultImage\" alt=\"\" rel=\"\" title=\"barcelona-minibus\" \/><\/li>\n                <li style=\"display: none; width: 100%;\" class=\"slide-1582 ms-image \" aria-roledescription=\"slide\" data-date=\"2020-04-22 22:54:20\" data-filename=\"\u00edndice1.jpg\" data-slide-type=\"image\"><img loading=\"lazy\" decoding=\"async\" width=\"232\" height=\"217\" src=\"https:\/\/www.iberamia.org\/iberamia\/wp-content\/uploads\/2015\/06\/\u00edndice1.jpg\" class=\"slider-669 slide-1582 msDefaultImage\" alt=\"\" rel=\"\" title=\"\u00edndice1\" \/><\/li>\n                <li style=\"display: none; width: 100%;\" class=\"slide-1597 ms-image \" aria-roledescription=\"slide\" data-date=\"2020-04-22 22:56:44\" data-filename=\"iberamiafavicon.gif\" data-slide-type=\"image\"><img loading=\"lazy\" decoding=\"async\" width=\"157\" height=\"122\" src=\"https:\/\/www.iberamia.org\/iberamia\/wp-content\/uploads\/2015\/06\/iberamiafavicon.gif\" class=\"slider-669 slide-1597 msDefaultImage\" alt=\"\" rel=\"\" title=\"iberamiafavicon\" \/><\/li>\n                <li style=\"display: none; width: 100%;\" class=\"slide-1580 ms-image \" aria-roledescription=\"slide\" data-date=\"2020-04-22 22:54:12\" data-filename=\"A232-e1436528356515.jpg\" data-slide-type=\"image\"><img loading=\"lazy\" decoding=\"async\" width=\"180\" height=\"107\" src=\"https:\/\/www.iberamia.org\/iberamia\/wp-content\/uploads\/2015\/06\/A232-e1436528356515.jpg\" class=\"slider-669 slide-1580 msDefaultImage\" alt=\"\" rel=\"\" title=\"A232\" \/><\/li>\n                <li style=\"display: none; width: 100%;\" class=\"slide-1590 ms-image \" aria-roledescription=\"slide\" data-date=\"2020-04-22 22:54:44\" data-filename=\"lisboa.jpg\" data-slide-type=\"image\"><img loading=\"lazy\" decoding=\"async\" width=\"259\" height=\"194\" src=\"https:\/\/www.iberamia.org\/iberamia\/wp-content\/uploads\/2015\/06\/lisboa.jpg\" class=\"slider-669 slide-1590 msDefaultImage\" alt=\"\" rel=\"\" title=\"lisboa\" \/><\/li>\n                <li style=\"display: none; width: 100%;\" class=\"slide-1589 ms-image \" aria-roledescription=\"slide\" data-date=\"2020-04-22 22:54:41\" data-filename=\"cuba.jpg\" data-slide-type=\"image\"><img loading=\"lazy\" decoding=\"async\" width=\"275\" height=\"183\" src=\"https:\/\/www.iberamia.org\/iberamia\/wp-content\/uploads\/2015\/06\/cuba.jpg\" class=\"slider-669 slide-1589 msDefaultImage\" alt=\"\" rel=\"\" title=\"cuba\" \/><\/li>\n                <li style=\"display: none; width: 100%;\" class=\"slide-1593 ms-image \" aria-roledescription=\"slide\" data-date=\"2020-04-22 22:54:52\" data-filename=\"SDC10695-e1434733305420.jpg\" data-slide-type=\"image\"><img loading=\"lazy\" decoding=\"async\" width=\"300\" height=\"225\" src=\"https:\/\/www.iberamia.org\/iberamia\/wp-content\/uploads\/2015\/06\/SDC10695-e1434733305420.jpg\" class=\"slider-669 slide-1593 msDefaultImage\" alt=\"\" rel=\"\" title=\"Argentina\" \/><\/li>\n                <li style=\"display: none; width: 100%;\" class=\"slide-1591 ms-image \" aria-roledescription=\"slide\" data-date=\"2020-04-22 22:54:46\" data-filename=\"DSC03693-e1434733336322.jpg\" data-slide-type=\"image\"><img loading=\"lazy\" decoding=\"async\" width=\"300\" height=\"169\" src=\"https:\/\/www.iberamia.org\/iberamia\/wp-content\/uploads\/2015\/06\/DSC03693-e1434733336322.jpg\" class=\"slider-669 slide-1591 msDefaultImage\" alt=\"\" rel=\"\" title=\"Chile\" \/><\/li>\n                <li style=\"display: none; width: 100%;\" class=\"slide-1581 ms-image \" aria-roledescription=\"slide\" data-date=\"2020-04-22 22:54:16\" data-filename=\"8303061-e1436528447965.jpg\" data-slide-type=\"image\"><img loading=\"lazy\" decoding=\"async\" width=\"200\" height=\"149\" src=\"https:\/\/www.iberamia.org\/iberamia\/wp-content\/uploads\/2015\/06\/8303061-e1436528447965.jpg\" class=\"slider-669 slide-1581 msDefaultImage\" alt=\"\" rel=\"\" title=\"8303061\" \/><\/li>\n                <li style=\"display: none; width: 100%;\" class=\"slide-1598 ms-image \" aria-roledescription=\"slide\" data-date=\"2020-04-22 22:59:40\" data-filename=\"111-e1436528464808.jpg\" data-slide-type=\"image\"><img loading=\"lazy\" decoding=\"async\" width=\"200\" height=\"163\" src=\"https:\/\/www.iberamia.org\/iberamia\/wp-content\/uploads\/2015\/06\/111-e1436528464808.jpg\" class=\"slider-669 slide-1598 msDefaultImage\" alt=\"\" rel=\"\" title=\"111\" \/><\/li>\n                <li style=\"display: none; width: 100%;\" class=\"slide-1594 ms-image \" aria-roledescription=\"slide\" data-date=\"2020-04-22 22:55:55\" data-filename=\"city-plaza-trujillo-peru-280x160.jpg\" data-slide-type=\"image\"><img loading=\"lazy\" decoding=\"async\" width=\"280\" height=\"160\" src=\"https:\/\/www.iberamia.org\/iberamia\/wp-content\/uploads\/2018\/12\/city-plaza-trujillo-peru-280x160.jpg\" class=\"slider-669 slide-1594 msDefaultImage\" alt=\"\" rel=\"\" title=\"city-plaza-trujillo-peru-280x160\" \/><\/li>\n                <li style=\"display: none; width: 100%;\" class=\"slide-1587 ms-image \" aria-roledescription=\"slide\" data-date=\"2020-04-22 22:54:36\" data-filename=\"venezuela.jpg\" data-slide-type=\"image\"><img loading=\"lazy\" decoding=\"async\" width=\"275\" height=\"183\" src=\"https:\/\/www.iberamia.org\/iberamia\/wp-content\/uploads\/2015\/06\/venezuela.jpg\" class=\"slider-669 slide-1587 msDefaultImage\" alt=\"\" rel=\"\" title=\"venezuela\" \/><\/li>\n                <li style=\"display: none; width: 100%;\" class=\"slide-1585 ms-image \" aria-roledescription=\"slide\" data-date=\"2020-04-22 22:54:29\" data-filename=\"brasil-e1436528408434.jpg\" data-slide-type=\"image\"><img loading=\"lazy\" decoding=\"async\" width=\"200\" height=\"136\" src=\"https:\/\/www.iberamia.org\/iberamia\/wp-content\/uploads\/2015\/06\/brasil-e1436528408434.jpg\" class=\"slider-669 slide-1585 msDefaultImage\" alt=\"\" rel=\"\" title=\"brasil\" \/><\/li>\n                <li style=\"display: none; width: 100%;\" class=\"slide-1584 ms-image \" aria-roledescription=\"slide\" data-date=\"2020-04-22 22:54:25\" data-filename=\"catedral_de_puebla_mexico-e1436528330779.jpg\" data-slide-type=\"image\"><img loading=\"lazy\" decoding=\"async\" width=\"140\" height=\"105\" src=\"https:\/\/www.iberamia.org\/iberamia\/wp-content\/uploads\/2015\/06\/catedral_de_puebla_mexico-e1436528330779.jpg\" class=\"slider-669 slide-1584 msDefaultImage\" alt=\"\" rel=\"\" title=\"catedral_de_puebla_mexico\" \/><\/li>\n                <li style=\"display: none; width: 100%;\" class=\"slide-1595 ms-image \" aria-roledescription=\"slide\" data-date=\"2020-04-22 22:56:00\" data-filename=\"CR.jpg\" data-slide-type=\"image\"><img loading=\"lazy\" decoding=\"async\" width=\"400\" height=\"303\" src=\"https:\/\/www.iberamia.org\/iberamia\/wp-content\/uploads\/2017\/09\/CR.jpg\" class=\"slider-669 slide-1595 msDefaultImage\" alt=\"\" rel=\"\" title=\"CR\" srcset=\"https:\/\/www.iberamia.org\/iberamia\/wp-content\/uploads\/2017\/09\/CR.jpg 400w, https:\/\/www.iberamia.org\/iberamia\/wp-content\/uploads\/2017\/09\/CR-300x227.jpg 300w\" sizes=\"auto, (max-width: 400px) 100vw, 400px\" \/><\/li>\n                <li style=\"display: none; width: 100%;\" class=\"slide-1586 ms-image \" aria-roledescription=\"slide\" data-date=\"2020-04-22 22:54:32\" data-filename=\"mexico.jpg\" data-slide-type=\"image\"><img loading=\"lazy\" decoding=\"async\" width=\"259\" height=\"194\" src=\"https:\/\/www.iberamia.org\/iberamia\/wp-content\/uploads\/2015\/06\/mexico.jpg\" class=\"slider-669 slide-1586 msDefaultImage\" alt=\"\" rel=\"\" title=\"mexico\" \/><\/li>\n                <li style=\"display: none; width: 100%;\" class=\"slide-1588 ms-image \" aria-roledescription=\"slide\" data-date=\"2020-04-22 22:54:38\" data-filename=\"sevilla.jpg\" data-slide-type=\"image\"><img loading=\"lazy\" decoding=\"async\" width=\"259\" height=\"194\" src=\"https:\/\/www.iberamia.org\/iberamia\/wp-content\/uploads\/2015\/06\/sevilla.jpg\" class=\"slider-669 slide-1588 msDefaultImage\" alt=\"\" rel=\"\" title=\"sevilla\" \/><\/li>\n                <li style=\"display: none; width: 100%;\" class=\"slide-1583 ms-image \" aria-roledescription=\"slide\" data-date=\"2020-04-22 22:54:22\" data-filename=\"\u00edndice.jpg\" data-slide-type=\"image\"><img loading=\"lazy\" decoding=\"async\" width=\"259\" height=\"194\" src=\"https:\/\/www.iberamia.org\/iberamia\/wp-content\/uploads\/2015\/06\/\u00edndice.jpg\" class=\"slider-669 slide-1583 msDefaultImage\" alt=\"\" rel=\"\" title=\"\u00edndice\" \/><\/li>\n                <li style=\"display: none; width: 100%;\" class=\"slide-1592 ms-image \" aria-roledescription=\"slide\" data-date=\"2020-04-22 22:54:49\" data-filename=\"DSC01149-e1434733391558.jpg\" data-slide-type=\"image\"><img loading=\"lazy\" decoding=\"async\" width=\"300\" height=\"169\" src=\"https:\/\/www.iberamia.org\/iberamia\/wp-content\/uploads\/2015\/06\/DSC01149-e1434733391558.jpg\" class=\"slider-669 slide-1592 msDefaultImage\" alt=\"\" rel=\"\" title=\"Colombia\" \/><\/li>\n                <li style=\"display: none; width: 100%;\" class=\"slide-1596 ms-image \" aria-roledescription=\"slide\" data-date=\"2020-04-22 22:56:03\" data-filename=\"teatro-nacional.jpg\" data-slide-type=\"image\"><img loading=\"lazy\" decoding=\"async\" width=\"650\" height=\"434\" src=\"https:\/\/www.iberamia.org\/iberamia\/wp-content\/uploads\/2017\/02\/teatro-nacional.jpg\" class=\"slider-669 slide-1596 msDefaultImage\" alt=\"\" rel=\"\" title=\"teatro-nacional\" srcset=\"https:\/\/www.iberamia.org\/iberamia\/wp-content\/uploads\/2017\/02\/teatro-nacional.jpg 650w, https:\/\/www.iberamia.org\/iberamia\/wp-content\/uploads\/2017\/02\/teatro-nacional-300x200.jpg 300w\" sizes=\"auto, (max-width: 650px) 100vw, 650px\" \/><\/li>\n            <\/ul>\n        <\/div>\n        \n    <\/div>\n<\/div>\n<\/div>\n<\/div>\n\n\n\n<p><strong>Las pasadas conferencias IBERAMIA se han realizado en (<strong><em>see you in next IBERAMIA!!!<\/em><\/strong><\/strong>)<strong>:<\/strong><\/p>\n\n\n\n<figure class=\"wp-block-table aligncenter\"><table><tbody><tr><td><strong>Venue<\/strong><\/td><td><strong>Proceedings<\/strong><\/td><td><strong>Invited Talks<\/strong> (*)<\/td><td><strong>Program Chair<\/strong><\/td><\/tr><tr><td><strong><a href=\"https:\/\/www.iberamia.org\/iberamia\/iberamia2024\/\">XVIII IBERAMIA\u20192024<\/a><\/strong><br>Montevideo (Uruguay)<br><strong><a href=\"https:\/\/www.facebook.com\/media\/set\/?set=a.898334745734209&amp;type=3\">Some Photos.<\/a><\/strong><br><\/td><td><strong><a href=\"https:\/\/link.springer.com\/book\/10.1007\/978-3-031-80366-6\">Advances in Artificial Intelligence \u2013 IBERAMIA 2024<\/a><\/strong> . Lecture Notes in Computer Science 15277, Springer<br><br><\/td><td><strong>Enrique Sucar.<\/strong><br>Luciana Benotti.<br>Jos\u00e9 Lezama<\/td><td>Luis Correia<\/td><\/tr><tr><td><strong><a href=\"https:\/\/www.iberamia.org\/iberamia\/iberamia2022\/\">XVII IBERAMIA\u20192022<\/a><\/strong><br>Cartagena de Indias (Colombia)<br><a href=\"https:\/\/www.facebook.com\/media\/set\/?set=a.473228614911493&amp;type=3\"><strong>Some Photos.<\/strong><\/a><\/td><td><a href=\"https:\/\/link.springer.com\/book\/10.1007\/978-3-031-22419-5\"><strong>Advances in Artificial Intelligence<\/strong><\/a> <br><a href=\"https:\/\/link.springer.com\/book\/10.1007\/978-3-031-22419-5\">Lecture Notes in Computer Science 13788<\/a> Springer<\/td><td><strong>Paulo Novais.<\/strong><br>Nayat S\u00e1nchez-Pi.<\/td><td>Ana Cristina Bicharra<\/td><\/tr><tr><td><a href=\"https:\/\/www.iberamia.org\/iberamia\/iberamia2018\"><strong>XVI IBERAMIA\u20192018<\/strong><\/a><br><a href=\"https:\/\/www.iberamia.org\/iberamia\/iberamia2018\">Trujillo (Per\u00fa)<\/a><br><a href=\"https:\/\/link.springer.com\/book\/10.1007\/978-3-030-03928-8\"><\/a><a href=\"https:\/\/www.facebook.com\/media\/set\/?set=a.2029332560420968&amp;type=3\"><strong>Some Photos.<\/strong><\/a><\/td><td><strong><a href=\"https:\/\/link.springer.com\/book\/10.1007\/978-3-030-03928-8\">Lecture Notes in Computer Science 10268<\/a><\/strong> Springer<\/td><td><strong>Juan Pav\u00f3n<\/strong><br>Bianca Zadrozny<br>Edgar Acu\u00f1a Fern\u00e1ndez<strong><br><\/strong><\/td><td>Guillermo R. Simari<\/td><\/tr><tr><td><a href=\"https:\/\/www.iberamia.org\/iberamia\/iberamia2016\/\"><strong>XV IBERAMIA\u20192016. <\/strong><\/a><br><a href=\"https:\/\/www.iberamia.org\/iberamia\/iberamia2016\/\">San Jos\u00e9 (Costa Rica)<\/a><br><a href=\"https:\/\/www.facebook.com\/media\/set\/?set=a.1258401414180757&amp;type=3\"><strong>Some Photos<\/strong><\/a><\/td><td><strong><a href=\"https:\/\/www.springer.com\/gp\/book\/9783319479545\">Lecture Notes in Computer Science<\/a><\/strong> 10022, Springer<\/td><td><strong>Rosa Maria Vicari<\/strong><br>Emilia Mendes<br>Rada Mihalcea<br><\/td><td>Manuel Montes<\/td><\/tr><tr><td><strong><a href=\"https:\/\/www.iberamia.org\/iberamia2014\/\">XIV IBERAMIA\u20192014<\/a><\/strong><br><a href=\"https:\/\/www.iberamia.org\/iberamia2014\/\">Santiago de Chile (Chile)<\/a><br><a href=\"https:\/\/www.facebook.com\/media\/set\/?set=a.4080061392014731&amp;type=3\"><strong>Some Photos<\/strong><\/a><\/td><td><strong><a href=\"https:\/\/link.springer.com\/book\/10.1007\/978-3-319-12027-0\">Lecture Notes in Computer Scienc<\/a><\/strong><a href=\"https:\/\/dblp.uni-trier.de\/db\/journals\/lncs.html\"><strong>e<\/strong><\/a> 8864, Springer<\/td><td><strong>Guillermo Simari<\/strong><br>Blai Bonet<br>Pavlos Protopapas<\/td><td>Ana Bazzan<\/td><\/tr><tr><td><strong>XIII IBERAMIA\u20192012<\/strong><br>Cartagena de Indias (Colombia)<br><a href=\"https:\/\/dblp.uni-trier.de\/db\/conf\/iberamia\/iberamia2012.html\"><\/a><a href=\"https:\/\/www.facebook.com\/media\/set\/?set=a.4080039125350291&amp;type=3\"><strong>Some Photos.<\/strong><\/a><\/td><td><strong><a href=\"https:\/\/link.springer.com\/book\/10.1007\/978-3-642-34654-5\">Lecture Notes in Computer Science<\/a><\/strong> 7637, Springer<\/td><td><strong>Hector Geffner<\/strong><br>Ajith Abraham<br>Mar\u00eda Manez<br>Jaime Sim\u00e3o Sichman<\/td><td>Juan Pav\u00f3n<\/td><\/tr><tr><td><strong>XII IBERAMIA\u20192010<\/strong><br>Bah\u00eda Blanca (ARGENTINA)<\/td><td><strong><a href=\"https:\/\/link.springer.com\/book\/10.1007\/978-3-642-16952-6\">Lecture Notes in Computer Science<\/a><\/strong> 6433, Springer<\/td><td><strong>Helder Coelho<\/strong><br>Jaime Carbonel<br>Carles Sierra<\/td><td>Angel Kuri Morales<\/td><\/tr><tr><td><strong>XI IBERAMIA\u20192008. <\/strong><br>Lisbon (Portugal)<\/td><td><strong><a href=\"https:\/\/link.springer.com\/book\/10.1007\/978-3-540-88309-8\">Lecture Notes in Computer Science <\/a><\/strong>5290, Springer<\/td><td><strong>Christian Lemaitre<\/strong><br>Michael Young<br>Miguel Dias<\/td><td>Hector Geffner<\/td><\/tr><tr><td><strong>X IBERAMIA\u20192006. <\/strong><br>Ribeirao Preto (Brazil)<\/td><td><a href=\"https:\/\/link.springer.com\/book\/10.1007\/11874850\"><strong>Lecture Notes in Computer Science<\/strong> <\/a>4140 Springer<\/td><td>Frank Dignum<br>Pedro Domingos<br>Peter A. Flach<br>DeLiang Wang<\/td><td>Jaime Sim\u00e3o Sichman,<br>Helder Coelho<\/td><\/tr><tr><td><strong><a href=\"https:\/\/www.inaoep.mx\/iberamia2004\/\">IX IBERAMIA\u20192004<\/a><\/strong><br><a href=\"https:\/\/www.inaoep.mx\/iberamia2004\/\">Puebla (M\u00e9xico)<\/a><\/td><td><a href=\"https:\/\/link.springer.com\/book\/10.1007\/b102591\"><strong>Lecture Notes in Computer Science<\/strong> 3315, Springer<\/a><\/td><td><strong>Francisco J. Garijo<\/strong><br>Amal El Fallah Seghrouchni<br>Thomas G. Dietterich<br>Anna Esposito &amp; Olimpia Matarazzo<br>Les Gasser<br>James Allen<br>Luis Daniel Soto<\/td><td>Christian Lemaitre<\/td><\/tr><tr><td><strong><a href=\"http:\/\/www.lsi.us.es\/iberamia2002\/\">VIII IBERAMIA\u20192002<\/a><\/strong><br><a href=\"http:\/\/www.lsi.us.es\/iberamia2002\/\">Sevilla (Espa\u00f1a)<\/a><\/td><td><a href=\"https:\/\/link.springer.com\/book\/10.1007\/3-540-36131-6\"><strong>Lecture Notes in Computer Science<\/strong> 2527, Springer<\/a><\/td><td>Pablo Noriega<br>Pedro Meseguer<br>William B. Langdon<br>Wolfgang Minker<\/td><td>Francisco J Garijo<\/td><\/tr><tr><td><a href=\"https:\/\/www2.pcs.usp.br\/~sbia2000\/\"><strong>VII IBERAMIA\u20192000. <\/strong><br>Atibaia, Sao Paulo (Brazil)<\/a><strong><a href=\"https:\/\/www.pcs.usp.br\/%7Esbia2000\/\"><\/a><\/strong><\/td><td><strong><a href=\"https:\/\/www.pcs.usp.br\/%7Esbia2000\/\"><\/a><\/strong><a href=\"https:\/\/link.springer.com\/book\/10.1007\/3-540-44399-1\"><strong>Lecture Notes in Computer Science<\/strong> 1952, Springer<\/a><\/td><td>Sholom M. Weiss<br>Nitin Indurkhya<br>Barbara J. Grosz<\/td><td>Maria Cristina Monard<\/td><\/tr><tr><td><strong>VI IBERAMIA\u20191998. <\/strong><br>Lisboa (Portugal)<\/td><td><a href=\"https:\/\/link.springer.com\/book\/10.1007\/3-540-49795-1\"><strong>Lecture Notes in Computer Science<\/strong> <\/a>1484, Springer<\/td><td>Hector Geffner<br>James Allen<br>Cristiano Castelfrnchi<br>Aaron Sloman<br>Ricardo Baeza Yates<\/td><td>Helder Coelho<\/td><\/tr><tr><td><strong>V IBERAMIA\u20191996. <\/strong><br>Cholula (M\u00e9xico)<\/td><td><\/td><td>James Doran<br>Yves Demazeau<br>Jos\u00e9 Cuena<br>Helder Coelho<br>Klaus Jaffe<br>Dan Russel<br>Boris Stilman<br>Luciano Garcia<\/td><td>Juan Manuel Ahuactin<\/td><\/tr><tr><td><strong>IV IBERAMIA\u20191994<\/strong><br>Caracas (Venezuela)<\/td><td><\/td><td>Ted Briscoe<br>Helder Coelho<br>Nils Nilson<br>Bart Selman<\/td><td>Hector Geffner<\/td><\/tr><tr><td><strong>III IBERAMIA\u20191992<\/strong><br>La Habana (Cuba)<\/td><td><\/td><td><\/td><td>Open Committee<\/td><\/tr><tr><td><strong>II IBERAMIA\u20191990. <\/strong><br>Morelia (M\u00e9xico)<\/td><td><\/td><td><\/td><td>Open Committee<\/td><\/tr><tr><td><strong>I IBERAMIA\u20191988. <\/strong><br>Barcelona (Espa\u00f1a)<\/td><td><\/td><td><\/td><td>Open Committee<\/td><\/tr><\/tbody><\/table><\/figure>\n\n\n\n<p><\/p>\n\n\n\n<p><\/p>\n\n\n\n<hr class=\"wp-block-separator has-alpha-channel-opacity\"\/>\n\n\n\n<p><strong><span style=\"color: #333333;\">IBERAMIA&#8217;s Conferences are supported by the Ibero-American societies of AI:<\/span><\/strong><\/p>\n\n\n\n<figure class=\"wp-block-table\"><table><tbody><tr><td><a href=\"https:\/\/www.sbc.org.br\/\" target=\"_blank\" rel=\"noopener noreferrer\"><img loading=\"lazy\" decoding=\"async\" class=\"aligncenter wp-image-449\" src=\"https:\/\/www.iberamia.org\/iberamia\/wp-content\/uploads\/2015\/07\/sbc.gif\" alt=\"sbc\" width=\"94\" height=\"72\"><\/a><\/td><td><a href=\"https:\/\/www.aepia.org\/\" target=\"_blank\" rel=\"noopener noreferrer\"><img loading=\"lazy\" decoding=\"async\" class=\"aligncenter wp-image-450\" src=\"https:\/\/www.iberamia.org\/iberamia\/wp-content\/uploads\/2015\/07\/aepia.gif\" alt=\"aepia\" width=\"96\" height=\"74\"><\/a><\/td><td><a href=\"https:\/\/www.appia.pt\/\" target=\"_blank\" rel=\"noopener noreferrer\"><img loading=\"lazy\" decoding=\"async\" class=\"aligncenter wp-image-451\" src=\"https:\/\/www.iberamia.org\/iberamia\/wp-content\/uploads\/2015\/07\/appia.gif\" alt=\"appia\" width=\"100\" height=\"77\"><\/a><\/td><td><a href=\"https:\/\/www.smia.org.mx\/\/\" target=\"_blank\" rel=\"noopener noreferrer\"><img loading=\"lazy\" decoding=\"async\" class=\"aligncenter wp-image-452\" src=\"https:\/\/www.iberamia.org\/iberamia\/wp-content\/uploads\/2015\/07\/smia.gif\" alt=\"smia\" width=\"93\" height=\"71\"><\/a><\/td><\/tr><tr><td><a href=\"https:\/\/www.sco2.org\/\" target=\"_blank\" rel=\"noopener noreferrer\"><img loading=\"lazy\" decoding=\"async\" class=\"aligncenter wp-image-453\" src=\"https:\/\/www.iberamia.org\/iberamia\/wp-content\/uploads\/2015\/07\/colombia.jpg\" alt=\"colombia\" width=\"107\" height=\"76\"><\/a><\/td><td><a href=\"https:\/\/spia.org.pe\/\" target=\"_blank\" rel=\"noopener noreferrer\"><img loading=\"lazy\" decoding=\"async\" class=\"aligncenter wp-image-454\" src=\"https:\/\/www.iberamia.org\/iberamia\/wp-content\/uploads\/2015\/07\/peru.png\" alt=\"peru\" width=\"78\" height=\"91\"><\/a><\/td><td><a href=\"https:\/\/scmc.uclv.edu.cu\/\" target=\"_blank\" rel=\"noopener noreferrer\"><img loading=\"lazy\" decoding=\"async\" class=\"aligncenter wp-image-455\" src=\"https:\/\/www.iberamia.org\/iberamia\/wp-content\/uploads\/2015\/07\/cuba.jpg\" alt=\"cuba\" width=\"76\" height=\"104\"><\/a><\/td><td><a href=\"https:\/\/www.sadio.org.ar\/\" target=\"_blank\" rel=\"noopener noreferrer\"><img loading=\"lazy\" decoding=\"async\" class=\"aligncenter wp-image-456\" src=\"https:\/\/www.iberamia.org\/iberamia\/wp-content\/uploads\/2015\/07\/AAIA.png\" alt=\"AAIA\" width=\"96\" height=\"38\"><\/a><\/td><\/tr><\/tbody><\/table><\/figure>\n","protected":false},"excerpt":{"rendered":"<p>Una de las principales actividades de IBERAMIA es la organizaci\u00f3n bienal de la&nbsp;Conferencia Iberoamericana de Inteligencia Artificial.&nbsp;La idea de realizar este congreso naci\u00f3 en un encuentro patrocinado por el Instituto Nacional de Estad\u00edstica y Geograf\u00eda (INEGI) mexicano en 1986, entre miembros de la SMIA y de la AEPIA, en la ciudad de M\u00e9xico DF. En aquella ocasi\u00f3n, se decidi\u00f3 realizar el primer IBERAMIA en 1988, en la ciudad de Barcelona,&hellip; <\/p>\n","protected":false},"author":1,"featured_media":0,"parent":0,"menu_order":1,"comment_status":"closed","ping_status":"closed","template":"layouts\/page-fullwidth.php","meta":{"footnotes":""},"class_list":["post-39","page","type-page","status-publish","hentry"],"_links":{"self":[{"href":"https:\/\/www.iberamia.org\/iberamia\/wp-json\/wp\/v2\/pages\/39","targetHints":{"allow":["GET"]}}],"collection":[{"href":"https:\/\/www.iberamia.org\/iberamia\/wp-json\/wp\/v2\/pages"}],"about":[{"href":"https:\/\/www.iberamia.org\/iberamia\/wp-json\/wp\/v2\/types\/page"}],"author":[{"embeddable":true,"href":"https:\/\/www.iberamia.org\/iberamia\/wp-json\/wp\/v2\/users\/1"}],"replies":[{"embeddable":true,"href":"https:\/\/www.iberamia.org\/iberamia\/wp-json\/wp\/v2\/comments?post=39"}],"version-history":[{"count":49,"href":"https:\/\/www.iberamia.org\/iberamia\/wp-json\/wp\/v2\/pages\/39\/revisions"}],"predecessor-version":[{"id":2583,"href":"https:\/\/www.iberamia.org\/iberamia\/wp-json\/wp\/v2\/pages\/39\/revisions\/2583"}],"wp:attachment":[{"href":"https:\/\/www.iberamia.org\/iberamia\/wp-json\/wp\/v2\/media?parent=39"}],"curies":[{"name":"wp","href":"https:\/\/api.w.org\/{rel}","templated":true}]}}