{"id":14,"date":"2015-05-09T17:16:17","date_gmt":"2015-05-09T17:16:17","guid":{"rendered":"http:\/\/midela.webs.upv.es\/?page_id=14"},"modified":"2024-06-19T11:17:51","modified_gmt":"2024-06-19T11:17:51","slug":"informacion-institucional","status":"publish","type":"page","link":"https:\/\/www.iberamia.org\/iberamia\/informacion-institucional\/","title":{"rendered":"Informaci\u00f3n Institucional"},"content":{"rendered":"<p><span class=\"jCAhz ChMk0b\"><span class=\"ryNqvb\"><strong>IBERAMIA<\/strong> es una asociaci\u00f3n legalmente constituida y sin \u00e1nimo de lucro, con el objetivo de promover actividades cient\u00edficas y tecnol\u00f3gicas relacionadas con la Inteligencia Artificial en los pa\u00edses iberoamericanos.<\/span><\/span> <span class=\"jCAhz ChMk0b\"><span class=\"ryNqvb\">La asociaci\u00f3n tiene su domicilio en: Dpto.<\/span><\/span> <span class=\"jCAhz ChMk0b\"><span class=\"ryNqvb\">de Sistemas Inform\u00e1ticos y Computaci\u00f3n, Universidad Polit\u00e9cnica de Valencia.<\/span><\/span> <span class=\"jCAhz ChMk0b\"><span class=\"ryNqvb\">c\/ Camino de Vera s\/n.<\/span><\/span> <span class=\"jCAhz ChMk0b\"><span class=\"ryNqvb\">46022-Valencia (Espa\u00f1a).\u00a0 <a href=\"https:\/\/www.iberamia.org\/iberamia\/estatutos\/\">Informaci\u00f3n Institucional<\/a>.<\/span><\/span><\/p>\n<p><span style=\"color: #333333;\"><strong>IBERAMIA tiene como fines (<em>Art\u00edculo 3 de los estatutos<\/em>):<\/strong><\/span><\/p>\n<ul>\n<li><span style=\"color: #333333;\">Promover las actividades cient\u00edficas y tecnol\u00f3gicas relacionadas con la Inteligencia Artificial en los pa\u00edses Iberoamericanos y de habla espa\u00f1ola y portuguesa.<\/span><\/li>\n<li><span style=\"color: #333333;\">Fortalecer y estrechar v\u00ednculos con las instituciones cient\u00edficas as\u00ed como las empresas, instituciones, administraciones p\u00fablicas y otras organizaciones internacionales que tengan fines coincidentes<\/span><\/li>\n<li><span style=\"color: #333333;\">Apoyar la docencia, investigaci\u00f3n y transferencia e innovaci\u00f3n tecnol\u00f3gica relacionada con la Inteligencia Artificial.<\/span><\/li>\n<li><span style=\"color: #333333;\">Coordinarse con las Asociaciones de Inteligencia Artificial de los pa\u00edses Iberamericanos, promoviendo actividades y proyectos que ayuden a potenciar y a difundir la Inteligencia Artificial.<\/span><\/li>\n<li><span style=\"color: #333333;\">Organizaci\u00f3n de encuentros peri\u00f3dicos entre sus miembros con objeto de estudiar y debatir temas de inter\u00e9s com\u00fan relacionados con la Inteligencia Artificial.<\/span><\/li>\n<\/ul>\n<p><span style=\"color: #333333;\"><strong>Para el cumplimiento de estos fines, entre otras, se realizan las siguientes actividades:<\/strong><\/span><\/p>\n<ul>\n<li><span style=\"color: #333333;\">Patrocinar una <strong><em><a style=\"color: #333333;\" href=\"https:\/\/www.iberamia.org\/iberamia\/conferencias-iberamia-2\/\">Conferencia Iberoamericana de Inteligencia Artificial<\/a><\/em><\/strong> donde se integren presentaciones cient\u00edficas, seminarios cient\u00edfico-t\u00e9cnicos y cursos especializados en temas de la Inteligencia Artificial.<\/span><\/li>\n<li>Organizar peri\u00f3dicamente el <a href=\"https:\/\/www.iberamia.org\/iberamia\/simdia\/\"><em><strong>Simposio Iberoamericano de Maestr\u00eda y Doctorado en Inteligencia Artificial<\/strong><\/em><\/a>,\u00a0 con el objetivo de ser un espacio de socializaci\u00f3n, presentaci\u00f3n y discusi\u00f3n de trabajos acad\u00e9micos de maestr\u00eda y doctorado en las diferentes tem\u00e1ticas alrededor de Inteligencia Artificial (IA).<\/li>\n<li><span style=\"color: #333333;\">Dotar becas y ayudas para que estudiantes y j\u00f3venes investigadores puedan participar en las actividades de la asociaci\u00f3n, especialmente en la conferencia.<\/span><\/li>\n<li><span style=\"color: #333333;\">Publicar la <em><strong><a style=\"color: #333333;\" href=\"http:\/\/journal.iberamia.org\">Revista Iberoamericana de Inteligencia Artificial<\/a><\/strong><\/em><\/span><\/li>\n<li><span style=\"color: #333333;\">Mantener un <em><strong><a style=\"color: #333333;\" href=\"https:\/\/www.iberamia.org\/iberamia\/\">portal web<\/a><\/strong><\/em> que sirva de punto de encuentro y de colaboraci\u00f3n entre los miembros de la comunidad Iberoamericana de Inteligencia Artificial.<\/span><\/li>\n<li><span style=\"color: #333333;\">Promover la colaboraci\u00f3n y dotaci\u00f3n de herramientas de trabajo cooperativo entre sus miembros.<\/span><\/li>\n<li><span style=\"color: #333333;\">Colaborar con otras asociaciones de Inteligencia Artificial de \u00e1mbito Iberoamericano, y con otros organismos estatales y privados interesados en la promoci\u00f3n, el uso o la aplicaci\u00f3n de la Inteligencia Artificial.<\/span><\/li>\n<\/ul>\n<p><a href=\"https:\/\/www.iberamia.org\/iberamia\/logos\/\">Logos Iberamia<\/a><\/p>\n","protected":false},"excerpt":{"rendered":"<p>IBERAMIA es una asociaci\u00f3n legalmente constituida y sin \u00e1nimo de lucro, con el objetivo de promover actividades cient\u00edficas y tecnol\u00f3gicas relacionadas con la Inteligencia Artificial en los pa\u00edses iberoamericanos. La asociaci\u00f3n tiene su domicilio en: Dpto. de Sistemas Inform\u00e1ticos y Computaci\u00f3n, Universidad Polit\u00e9cnica de Valencia. c\/ Camino de Vera s\/n. 46022-Valencia (Espa\u00f1a).\u00a0 Informaci\u00f3n Institucional. IBERAMIA tiene como fines (Art\u00edculo 3 de los estatutos): Promover las actividades cient\u00edficas y tecnol\u00f3gicas relacionadas&hellip; <\/p>\n","protected":false},"author":1,"featured_media":0,"parent":0,"menu_order":2,"comment_status":"closed","ping_status":"closed","template":"layouts\/page-fullwidth.php","meta":{"footnotes":""},"class_list":["post-14","page","type-page","status-publish","hentry"],"_links":{"self":[{"href":"https:\/\/www.iberamia.org\/iberamia\/wp-json\/wp\/v2\/pages\/14","targetHints":{"allow":["GET"]}}],"collection":[{"href":"https:\/\/www.iberamia.org\/iberamia\/wp-json\/wp\/v2\/pages"}],"about":[{"href":"https:\/\/www.iberamia.org\/iberamia\/wp-json\/wp\/v2\/types\/page"}],"author":[{"embeddable":true,"href":"https:\/\/www.iberamia.org\/iberamia\/wp-json\/wp\/v2\/users\/1"}],"replies":[{"embeddable":true,"href":"https:\/\/www.iberamia.org\/iberamia\/wp-json\/wp\/v2\/comments?post=14"}],"version-history":[{"count":3,"href":"https:\/\/www.iberamia.org\/iberamia\/wp-json\/wp\/v2\/pages\/14\/revisions"}],"predecessor-version":[{"id":2357,"href":"https:\/\/www.iberamia.org\/iberamia\/wp-json\/wp\/v2\/pages\/14\/revisions\/2357"}],"wp:attachment":[{"href":"https:\/\/www.iberamia.org\/iberamia\/wp-json\/wp\/v2\/media?parent=14"}],"curies":[{"name":"wp","href":"https:\/\/api.w.org\/{rel}","templated":true}]}}