{"id":128,"date":"2015-06-02T23:36:53","date_gmt":"2015-06-02T23:36:53","guid":{"rendered":"http:\/\/www.iberamia.org\/iberamia\/?page_id=128"},"modified":"2024-06-19T11:16:56","modified_gmt":"2024-06-19T11:16:56","slug":"normas-conferencias","status":"publish","type":"page","link":"https:\/\/www.iberamia.org\/iberamia\/normas-conferencias\/","title":{"rendered":"Normas Conferencias"},"content":{"rendered":"<h3><span style=\"color: #000000;\"><strong>Normativa de las Conferencias de IBERAMIA<\/strong><\/span><\/h3>\n<p><span style=\"color: #808080;\"><strong> Resoluci\u00f3n del Comit\u00e9 Ejecutivo de IBERAMIA sobre las Conferencias IBERAMIA<\/strong><\/span><\/p>\n<hr \/>\n<p>&nbsp;<\/p>\n<p><span style=\"color: #333333;\"><b>Las propuestas de organizaci\u00f3n de Conferencias IBERAMIA deber\u00e1n dirigirse a la secretar\u00eda de IBERAMIA y deber\u00e1n incluir las siguientes informaciones:<\/b><\/span><\/p>\n<ol>\n<li><span style=\"color: #333333;\"><b> <\/b><strong> Propuesta de sede:<\/strong><\/span><\/li>\n<\/ol>\n<ul>\n<li><span style=\"color: #333333;\">El responsable del comit\u00e9 de organizador y los miembros del equipo organizador, que asegure su viabilidad,<\/span><\/li>\n<li><span style=\"color: #333333;\">El lugar de celebraci\u00f3n de la conferencia La log\u00edstica de la conferencia: salas, comidas, transportes, alojamiento, etc.<\/span><\/li>\n<li><span style=\"color: #333333;\">Fechas aproximadas de celebraci\u00f3n de la conferencia<\/span><\/li>\n<li><span style=\"color: #333333;\">Otros detalles relevantes a la organizaci\u00f3n: Recursos inicialmente disponibles. Recursos necesarios, programa para acompa\u00f1antes, atractivos turisticos<\/span><\/li>\n<\/ul>\n<ol start=\"2\">\n<li><span style=\"color: #333333;\"><strong> Carta de apoyo institucional al equipo organizador<\/strong><\/span><\/li>\n<\/ol>\n<ul>\n<li><span style=\"color: #333333;\">Instituciones que apoyen al equipo organizador para celebrar la conferencia: Universidad, departamento, corporaciones locales, etc.<\/span><\/li>\n<\/ul>\n<ol start=\"3\">\n<li><span style=\"color: #333333;\"><strong> Presupuesto econ\u00f3mico de la conferencia donde se detallen las estimaciones: <\/strong><\/span><\/li>\n<\/ol>\n<ul>\n<li><span style=\"color: #333333;\">De los ingresos: Inscripciones y financiaci\u00f3n externa institucional, empresas, etc.<\/span><\/li>\n<li><span style=\"color: #333333;\">De los gastos: publicaciones, log\u00edstica, difusi\u00f3n, etc.<\/span><\/li>\n<\/ul>\n<p>&nbsp;<\/p>\n<p>&nbsp;<\/p>\n<p><span style=\"color: #333333;\"><strong><u>Estructura, Organizaci\u00f3n y Desarrollo de la Conferencia<\/u><\/strong><\/span><\/p>\n<p><span style=\"color: #333333;\"><strong> La organizaci\u00f3n de la conferencia de IBERAMIA corre a cargo de:<\/strong><\/span><\/p>\n<ul>\n<li><span style=\"color: #333333;\">Un Comit\u00e9 de Organizaci\u00f3n (CO), para las tareas propias de organizaci\u00f3n y desarrollo local de la conferencia.<\/span><\/li>\n<li><span style=\"color: #333333;\">Un Comit\u00e9 de Programa (CP), para las tareas propias de llamada y selecci\u00f3n de los trabajos cient\u00edficos.<\/span><\/li>\n<li><span style=\"color: #333333;\">Un delegado del Comit\u00e9 Ejecutivo (CE) de Iberamia, para las tareas propias de coordinaci\u00f3n y transmisi\u00f3n de la experiencia de conferencias previas.<\/span><\/li>\n<\/ul>\n<p><span style=\"color: #333333;\">La sede de la Conferencia ser\u00e1 aprobada por el CE de IBERAMIA.<\/span><\/p>\n<p>&nbsp;<\/p>\n<p><span style=\"color: #333333;\"><strong>La conferencia esta estructurada en:<\/strong><\/span><\/p>\n<ul>\n<li><span style=\"color: #333333;\">Workshops. La organizaci\u00f3n y desarrollo de los Workshops corresponder\u00e1 a los comit\u00e9s espec\u00edficos de los Workshops. Tendr\u00e1n el apoyo log\u00edstico (locales y recursos materiales) del CO.<\/span><\/li>\n<li><span style=\"color: #333333;\">Sesiones Tem\u00e1ticas, que agruparan los trabajos de una misma \u00e1rea.<\/span>\n<ul>\n<li><span style=\"color: #333333;\">Las sesiones tem\u00e1ticas de la conferencia deber\u00e1n en lo posible seguir la estructura definida en las actas de la conferencia.<\/span><\/li>\n<li><span style=\"color: #333333;\">Los t\u00edtulos, la estructura y los contenidos de cada sesi\u00f3n los define el CP, atendiendo las necesidades, restricciones de horario y salas de la conferencia indicadas por el CO.<\/span><\/li>\n<li><span style=\"color: #333333;\">Cada sesi\u00f3n tem\u00e1tica\u00a0 estar\u00e1 presidida por un investigador de reconocido prestigio\u00a0 (session chair), nominado de forma consensuada entre los presidentes del CP y del CO.<\/span><\/li>\n<li><span style=\"color: #333333;\">Los trabajos enviados a la Conferencia deber\u00e1n indicar a qu\u00e9 \u00e1rea se dirigen (aunque el CP podr\u00e1 reasignarlos a otra \u00e1rea si tiene razones para ello).<\/span><\/li>\n<li><span style=\"color: #333333;\">Los trabajos respetar\u00e1n el formato indicado en la conferencia (particularmente, salvo otra indicaci\u00f3n, deber\u00e1n seguir deben seguir las normas de estilo de la editorial Springer, para las series Lecture Notes). Tambi\u00e9n tendr\u00e1n una longitud m\u00e1xima.<\/span><\/li>\n<\/ul>\n<\/li>\n<li><span style=\"color: #333333;\">Sesiones Predoctorales (<em>Doctoral Consortium, DC), o trabajos en desarrollo (Work in progress).<\/em><\/span>\n<ul>\n<li><span style=\"color: #333333;\">Son trabajos predoctorales o claramente en proceso de desarrollo. Se presentar\u00e1n en sesiones especiales durante la conferencia, a fin de propiciar un debate enriquecedor entre el doctorando y la audiencia.<\/span><\/li>\n<li><span style=\"color: #333333;\">La extensi\u00f3n de estos trabajos estar\u00e1 limitada y ser\u00e1n recogidos en un libro de actas espec\u00edfico de la conferencia.<\/span><\/li>\n<li><span style=\"color: #333333;\">Los trabajos en desarrollo podr\u00edan ser expuestos en forma de p\u00f3ster.<\/span><\/li>\n<\/ul>\n<\/li>\n<li><span style=\"color: #333333;\">Conferencias Plenarias. Habr\u00e1 de 1 a 4 conferencias plenarias:<\/span>\n<ul>\n<li><span style=\"color: #333333;\">Una conferencia, propuesta por el CE de Iberamia, que\u00a0 tendr\u00e1 car\u00e1cter de reconocimiento a la excelencia investigadora y\/o dedicaci\u00f3n al desarrollo de la Inteligencia Artificial de un miembro de la comunidad Iberoamericana de IA. Los gastos de viajes y estancias del conferenciante invitado correr\u00e1 a cargo de Iberamia.<\/span><\/li>\n<li><span style=\"color: #333333;\">Un m\u00e1ximo\u00a0 de tres\u00a0 conferencias , propuestas por la presidencia del CP o CO. Los gastos de viajes y estancias de estos conferenciantes invitados correr\u00e1n a cargo del CO.<\/span><\/li>\n<\/ul>\n<\/li>\n<li><span style=\"color: #333333;\">Tutoriales<\/span><\/li>\n<\/ul>\n<p><span style=\"color: #333333;\">La conferencia se desarrollar\u00e1 preferentemente en la segunda o tercera semana de Noviembre, con una duraci\u00f3n de 3 \u00f3 4 d\u00edas. Los Workshops asociados a la conferencia podr\u00e1n desarrollarse en el d\u00eda anterior al inicio o durante la propia conferencia.<\/span><\/p>\n<p><span style=\"color: #333333;\">Todos los trabajos para presentados en las sesiones tem\u00e1ticas\u00a0 deber\u00e1n\u00a0 estar escritos\u00a0 en ingl\u00e9s. La presentaci\u00f3n de los mismos y las conferencias invitadas ser\u00e1n en ingles. Los trabajos para las sesiones pre-doctorales pueden estar escritos en ingl\u00e9s, espa\u00f1ol o portugu\u00e9s .<\/span><\/p>\n<p><span style=\"color: #333333;\"><b>Comit\u00e9 de Programa<\/b><\/span><\/p>\n<ul>\n<li><span style=\"color: #333333;\">El Presidente del CP es elegido por el Comit\u00e9 Ejecutivo de IBERAMIA<\/span><\/li>\n<li><span style=\"color: #333333;\">El CP es aprobado por el Comit\u00e9 Ejecutivo de IBERAMIA, a propuesta de su presidente<\/span><\/li>\n<li><span style=\"color: #333333;\">Debe ser representativo de la comunidad Iberoamericana manteniendo un equilibrio entre grupos de distintos pa\u00edses<\/span><\/li>\n<li><span style=\"color: #333333;\">El criterio orientativo que se ha aplicado para formar el Comit\u00e9 de Programa en pasadas ediciones han sido de 1\/3 de miembros de la comunidad I.A. internacional y 2\/3 de miembros de la comunidad I.A. Iberoamericana.<\/span><\/li>\n<\/ul>\n<p><span style=\"color: #333333;\"><b>Comit\u00e9 de Organizaci\u00f3n<\/b><\/span><\/p>\n<ul>\n<li><span style=\"color: #333333;\">Elaborar\u00e1 un presupuesto detallando : ingresos, gastos y balance. En el apartado de ingresos debe detallarse los ingresos por inscripciones y el resto de subvenciones.<\/span><\/li>\n<li><span style=\"color: #333333;\">Asumir\u00e1 los gastos de la organizaci\u00f3n de la reuni\u00f3n del Comit\u00e9 Ejecutivo durante la conferencia.<\/span><\/li>\n<li><span style=\"color: #333333;\">Presentar\u00e1 un resumen preliminar de la situaci\u00f3n del congreso durante la reuni\u00f3n del Comit\u00e9<\/span><\/li>\n<li><span style=\"color: #333333;\">Presentar\u00e1 el balance final de ingresos y gastos de la conferencia para su archivo en la secretar\u00eda de Iberamia<\/span><\/li>\n<\/ul>\n","protected":false},"excerpt":{"rendered":"<p>Normativa de las Conferencias de IBERAMIA Resoluci\u00f3n del Comit\u00e9 Ejecutivo de IBERAMIA sobre las Conferencias IBERAMIA &nbsp; Las propuestas de organizaci\u00f3n de Conferencias IBERAMIA deber\u00e1n dirigirse a la secretar\u00eda de IBERAMIA y deber\u00e1n incluir las siguientes informaciones: Propuesta de sede: El responsable del comit\u00e9 de organizador y los miembros del equipo organizador, que asegure su viabilidad, El lugar de celebraci\u00f3n de la conferencia La log\u00edstica de la conferencia: salas, comidas,&hellip; <\/p>\n","protected":false},"author":1,"featured_media":0,"parent":0,"menu_order":0,"comment_status":"closed","ping_status":"closed","template":"layouts\/page-fullwidth.php","meta":{"footnotes":""},"class_list":["post-128","page","type-page","status-publish","hentry"],"_links":{"self":[{"href":"https:\/\/www.iberamia.org\/iberamia\/wp-json\/wp\/v2\/pages\/128","targetHints":{"allow":["GET"]}}],"collection":[{"href":"https:\/\/www.iberamia.org\/iberamia\/wp-json\/wp\/v2\/pages"}],"about":[{"href":"https:\/\/www.iberamia.org\/iberamia\/wp-json\/wp\/v2\/types\/page"}],"author":[{"embeddable":true,"href":"https:\/\/www.iberamia.org\/iberamia\/wp-json\/wp\/v2\/users\/1"}],"replies":[{"embeddable":true,"href":"https:\/\/www.iberamia.org\/iberamia\/wp-json\/wp\/v2\/comments?post=128"}],"version-history":[{"count":1,"href":"https:\/\/www.iberamia.org\/iberamia\/wp-json\/wp\/v2\/pages\/128\/revisions"}],"predecessor-version":[{"id":2470,"href":"https:\/\/www.iberamia.org\/iberamia\/wp-json\/wp\/v2\/pages\/128\/revisions\/2470"}],"wp:attachment":[{"href":"https:\/\/www.iberamia.org\/iberamia\/wp-json\/wp\/v2\/media?parent=128"}],"curies":[{"name":"wp","href":"https:\/\/api.w.org\/{rel}","templated":true}]}}