{"id":117,"date":"2015-06-02T23:27:22","date_gmt":"2015-06-02T23:27:22","guid":{"rendered":"http:\/\/www.iberamia.org\/iberamia\/?page_id=117"},"modified":"2025-09-22T12:30:33","modified_gmt":"2025-09-22T12:30:33","slug":"junta-ejecutiva","status":"publish","type":"page","link":"https:\/\/www.iberamia.org\/iberamia\/junta-ejecutiva\/","title":{"rendered":"Comit\u00e9 Ejecutivo"},"content":{"rendered":"\n<h4 class=\"wp-block-heading\"><span style=\"color: #333333;\"><strong>Comit\u00e9 Ejecutivo de IBERAMIA:<\/strong><\/span><\/h4>\n\n\n\n<div class=\"wp-block-columns is-layout-flex wp-container-core-columns-is-layout-9d6595d7 wp-block-columns-is-layout-flex\">\n<div class=\"wp-block-column is-layout-flow wp-block-column-is-layout-flow\"><div class=\"wp-block-image\">\n<figure class=\"aligncenter size-large is-resized\"><img loading=\"lazy\" decoding=\"async\" width=\"699\" height=\"1024\" src=\"https:\/\/www.iberamia.org\/iberamia\/wp-content\/uploads\/2023\/11\/barber-699x1024.jpeg\" alt=\"\" class=\"wp-image-2250\" style=\"width:136px;height:auto\" srcset=\"https:\/\/www.iberamia.org\/iberamia\/wp-content\/uploads\/2023\/11\/barber-699x1024.jpeg 699w, https:\/\/www.iberamia.org\/iberamia\/wp-content\/uploads\/2023\/11\/barber-205x300.jpeg 205w, https:\/\/www.iberamia.org\/iberamia\/wp-content\/uploads\/2023\/11\/barber-768x1124.jpeg 768w, https:\/\/www.iberamia.org\/iberamia\/wp-content\/uploads\/2023\/11\/barber.jpeg 929w\" sizes=\"auto, (max-width: 699px) 100vw, 699px\" \/><figcaption class=\"wp-element-caption\"><strong>Presidente: Dr. Federico Barber<\/strong><\/figcaption><\/figure>\n<\/div><\/div>\n\n\n\n<div class=\"wp-block-column is-layout-flow wp-block-column-is-layout-flow\"><div class=\"wp-block-image\">\n<figure class=\"aligncenter size-full is-resized\"><img loading=\"lazy\" decoding=\"async\" width=\"200\" height=\"200\" src=\"https:\/\/www.iberamia.org\/iberamia\/wp-content\/uploads\/2023\/11\/garijo.jpeg\" alt=\"\" class=\"wp-image-2251\" style=\"width:178px;height:auto\" srcset=\"https:\/\/www.iberamia.org\/iberamia\/wp-content\/uploads\/2023\/11\/garijo.jpeg 200w, https:\/\/www.iberamia.org\/iberamia\/wp-content\/uploads\/2023\/11\/garijo-150x150.jpeg 150w\" sizes=\"auto, (max-width: 200px) 100vw, 200px\" \/><figcaption class=\"wp-element-caption\"><strong>Secretario-Tesorero: Dr. Francisco Garijo<\/strong><\/figcaption><\/figure>\n<\/div><\/div>\n<\/div>\n\n\n\n<p class=\"has-text-align-center has-medium-font-size\"><strong>Vocales<\/strong><\/p>\n\n\n\n<div class=\"wp-block-columns is-layout-flex wp-container-core-columns-is-layout-9d6595d7 wp-block-columns-is-layout-flex\">\n<div class=\"wp-block-column is-layout-flow wp-block-column-is-layout-flow\"><div class=\"wp-block-image\">\n<figure class=\"aligncenter size-full is-resized\"><img loading=\"lazy\" decoding=\"async\" width=\"196\" height=\"257\" src=\"https:\/\/www.iberamia.org\/iberamia\/wp-content\/uploads\/2023\/11\/bicharra.jpeg\" alt=\"\" class=\"wp-image-2252\" style=\"width:152px\"\/><figcaption class=\"wp-element-caption\"><strong>Dra. Ana Cristina Bicharra (Brasil)<\/strong><\/figcaption><\/figure>\n<\/div><\/div>\n\n\n\n<div class=\"wp-block-column is-layout-flow wp-block-column-is-layout-flow\"><div class=\"wp-block-image\">\n<figure class=\"aligncenter size-full is-resized\"><img loading=\"lazy\" decoding=\"async\" width=\"222\" height=\"227\" src=\"https:\/\/www.iberamia.org\/iberamia\/wp-content\/uploads\/2023\/11\/montes.jpeg\" alt=\"\" class=\"wp-image-2253\" style=\"width:152px;height:auto\"\/><figcaption class=\"wp-element-caption\"><strong>Dr. Manuel Montes (Mexico)<\/strong><\/figcaption><\/figure>\n<\/div><\/div>\n\n\n\n<div class=\"wp-block-column is-layout-flow wp-block-column-is-layout-flow\"><div class=\"wp-block-image\">\n<figure class=\"aligncenter size-full is-resized\"><img loading=\"lazy\" decoding=\"async\" width=\"225\" height=\"225\" src=\"https:\/\/www.iberamia.org\/iberamia\/wp-content\/uploads\/2023\/11\/novais.jpeg\" alt=\"\" class=\"wp-image-2254\" style=\"width:152px\" srcset=\"https:\/\/www.iberamia.org\/iberamia\/wp-content\/uploads\/2023\/11\/novais.jpeg 225w, https:\/\/www.iberamia.org\/iberamia\/wp-content\/uploads\/2023\/11\/novais-150x150.jpeg 150w\" sizes=\"auto, (max-width: 225px) 100vw, 225px\" \/><figcaption class=\"wp-element-caption\"><strong>Dr. Paulo Novais (Portugal)<\/strong><\/figcaption><\/figure>\n<\/div><\/div>\n<\/div>\n\n\n\n<div class=\"wp-block-columns is-layout-flex wp-container-core-columns-is-layout-9d6595d7 wp-block-columns-is-layout-flex\">\n<div class=\"wp-block-column is-layout-flow wp-block-column-is-layout-flow\"><div class=\"wp-block-image\">\n<figure class=\"aligncenter size-full is-resized\"><img loading=\"lazy\" decoding=\"async\" width=\"183\" height=\"276\" src=\"https:\/\/www.iberamia.org\/iberamia\/wp-content\/uploads\/2023\/11\/duque.jpeg\" alt=\"\" class=\"wp-image-2256\" style=\"width:135px;height:auto\"\/><figcaption class=\"wp-element-caption\"><strong>Dr. Nestor Dar\u00edo Duque (Colombia)<\/strong><\/figcaption><\/figure>\n<\/div><\/div>\n\n\n\n<div class=\"wp-block-column is-layout-flow wp-block-column-is-layout-flow\"><div class=\"wp-block-image\">\n<figure class=\"aligncenter size-full is-resized\"><img loading=\"lazy\" decoding=\"async\" width=\"204\" height=\"192\" src=\"https:\/\/www.iberamia.org\/iberamia\/wp-content\/uploads\/2025\/02\/marcelaquizoz.jpeg\" alt=\"\" class=\"wp-image-2556\" style=\"width:179px;height:auto\"\/><figcaption class=\"wp-element-caption\"><strong><a href=\"https:\/\/www.uv.mx\/dia\/directorio\/\">Dra. Marcela Quizoz (Mexico)<\/a><\/strong><\/figcaption><\/figure>\n<\/div><\/div>\n\n\n\n<div class=\"wp-block-column is-layout-flow wp-block-column-is-layout-flow\"><div class=\"wp-block-image\">\n<figure class=\"aligncenter size-full is-resized\"><a href=\"https:\/\/algoritmi.uminho.pt\/user\/dalila-alves-duraes\/\"><img loading=\"lazy\" decoding=\"async\" width=\"280\" height=\"282\" src=\"https:\/\/www.iberamia.org\/iberamia\/wp-content\/uploads\/2025\/02\/Dalila.jpg\" alt=\"\" class=\"wp-image-2555\" style=\"width:147px;height:auto\" srcset=\"https:\/\/www.iberamia.org\/iberamia\/wp-content\/uploads\/2025\/02\/Dalila.jpg 280w, https:\/\/www.iberamia.org\/iberamia\/wp-content\/uploads\/2025\/02\/Dalila-150x150.jpg 150w\" sizes=\"auto, (max-width: 280px) 100vw, 280px\" \/><\/a><figcaption class=\"wp-element-caption\"><strong>Dra. Dalila Alvez Dur\u00e3es (Portugal)<\/strong><\/figcaption><\/figure>\n<\/div><\/div>\n<\/div>\n\n\n\n<div class=\"wp-block-columns is-layout-flex wp-container-core-columns-is-layout-9d6595d7 wp-block-columns-is-layout-flex\">\n<div class=\"wp-block-column is-layout-flow wp-block-column-is-layout-flow\"><div class=\"wp-block-image\">\n<figure class=\"aligncenter size-full is-resized\"><img loading=\"lazy\" decoding=\"async\" width=\"162\" height=\"192\" src=\"https:\/\/www.iberamia.org\/iberamia\/wp-content\/uploads\/2025\/02\/silvia.jpg\" alt=\"\" class=\"wp-image-2572\" style=\"width:151px\"\/><figcaption class=\"wp-element-caption\"><strong><a href=\"https:\/\/silvia.schiaffino.isistan.unicen.edu.ar\/\">Dra Silvia Schiaffino (Argentina)<\/a><\/strong><\/figcaption><\/figure>\n<\/div><\/div>\n\n\n\n<div class=\"wp-block-column is-layout-flow wp-block-column-is-layout-flow\"><div class=\"wp-block-image\">\n<figure class=\"aligncenter size-full is-resized\"><img loading=\"lazy\" decoding=\"async\" width=\"536\" height=\"571\" src=\"https:\/\/www.iberamia.org\/iberamia\/wp-content\/uploads\/2025\/02\/aline.jpg\" alt=\"\" class=\"wp-image-2574\" style=\"width:151px\" srcset=\"https:\/\/www.iberamia.org\/iberamia\/wp-content\/uploads\/2025\/02\/aline.jpg 536w, https:\/\/www.iberamia.org\/iberamia\/wp-content\/uploads\/2025\/02\/aline-282x300.jpg 282w\" sizes=\"auto, (max-width: 536px) 100vw, 536px\" \/><figcaption class=\"wp-element-caption\"><strong><a href=\"http:\/\/www2.ic.uff.br\/~alinepaes\/\">Dra. Aline Paes (Brasil)<\/a><\/strong><\/figcaption><\/figure>\n<\/div><\/div>\n\n\n\n<div class=\"wp-block-column is-layout-flow wp-block-column-is-layout-flow\"><div class=\"wp-block-image\">\n<figure class=\"aligncenter size-full is-resized\"><img loading=\"lazy\" decoding=\"async\" width=\"627\" height=\"637\" src=\"https:\/\/www.iberamia.org\/iberamia\/wp-content\/uploads\/2025\/02\/marcelo.jpg\" alt=\"\" class=\"wp-image-2573\" style=\"width:151px\" srcset=\"https:\/\/www.iberamia.org\/iberamia\/wp-content\/uploads\/2025\/02\/marcelo.jpg 627w, https:\/\/www.iberamia.org\/iberamia\/wp-content\/uploads\/2025\/02\/marcelo-295x300.jpg 295w\" sizes=\"auto, (max-width: 627px) 100vw, 627px\" \/><figcaption class=\"wp-element-caption\"><strong><a href=\"https:\/\/cs.uns.edu.ar\/~mfalappa\/\">Dr. Marcelo Falappa (Argentina)<\/a><\/strong><\/figcaption><\/figure>\n<\/div><\/div>\n<\/div>\n\n\n\n<p class=\"has-medium-font-size\"><span style=\"color: #333333;\"><strong>Representantes de las asociaciones de Inteligencia Artificial de los pa\u00edses Iberoamericanos<\/strong><\/span><\/p>\n\n\n\n<ul class=\"wp-block-list\">\n<li><span style=\"color: #333333;\">Representante<a style=\"color: #333333;\" href=\"https:\/\/www.aepia.org\/\"> <b>Asociaci\u00f3n Espa\u00f1ola para IA<\/b><\/a><\/span><\/li>\n\n\n\n<li><span style=\"color: #333333;\">Representate<a style=\"color: #333333;\" href=\"https:\/\/www.appia.pt\/\"> <b>Associacao Portuguesa para IA<\/b><\/a><\/span><\/li>\n\n\n\n<li><span style=\"color: #333333;\">Representante<a style=\"color: #333333;\" href=\"https:\/\/www.sbc.org.br\/\"> <b>Sociedade Brasileira de Computa\u00e7\u00e3o<\/b><\/a><\/span><\/li>\n\n\n\n<li><span style=\"color: #333333;\">Representante<a style=\"color: #333333;\" href=\"https:\/\/smia.ccm.itesm.mx\/\"> <b>Sociedad Mexicana de IA<\/b><\/a><\/span><\/li>\n\n\n\n<li><span style=\"color: #333333;\">Representante&nbsp; <b><a style=\"color: #333333;\" href=\"https:\/\/www.sco2.org\/\">Sociedad Colombiana de Computacion<\/a><\/b><\/span><\/li>\n\n\n\n<li><span style=\"color: #333333;\">Representante&nbsp; <b><a style=\"color: #333333;\" href=\"https:\/\/spia.org.pe\/\">Sociedad Peruana de Inteligencia Artificial<\/a><\/b><\/span><\/li>\n\n\n\n<li><span style=\"color: #333333;\"><span style=\"color: #333333;\">Representante &nbsp;&nbsp;<b><a style=\"color: #333333;\" href=\"https:\/\/www.aaia.org\/\">Sociedad Argentina de Inteligencia Artificial<\/a><\/b><\/span><\/span><\/li>\n\n\n\n<li><span style=\"color: #333333;\"><span style=\"color: #333333;\">Representante &nbsp;&nbsp;<strong><a href=\"https:\/\/spia.org.pe\/spia\/\">Sociedad Peruana de Inteligencia Artificial <\/a><\/strong><\/span><\/span><\/li>\n\n\n\n<li><span style=\"color: #333333;\"><span style=\"color: #333333;\">Representante&nbsp; Grupo (no formalizado) de Costa Rica<b> <\/b><\/span><\/span><\/li>\n<\/ul>\n\n\n\n<p><\/p>\n\n\n\n<hr class=\"wp-block-separator has-alpha-channel-opacity is-style-wide\"\/>\n\n\n\n<h3 class=\"wp-block-heading has-medium-font-size\"><span style=\"color: #000000;\"><strong>Comit\u00e9s Ejecutivos Previos<\/strong><\/span><\/h3>\n\n\n\n<p class=\"has-black-color has-text-color has-link-color wp-elements-be37ce8d039a4d0aa5eefd0613f345e7\"><span style=\"color: #000000;\"><strong>Periodo 2024-<\/strong><\/span><br><strong>Presidente:<\/strong>&nbsp; Dr. Federico Barber (Spain)<br><strong>Secretario-Tesorero:&nbsp;<\/strong> Dr. Francisco Garijo (Spain)<br><span style=\"color: #000000;\"><strong>Vocales: <\/strong><\/span><br><span style=\"color: #000000;\">&#8211;&nbsp; Dra. Ana Cristina Bicharra (Brasil),<\/span><br><span style=\"color: #000000;\">&#8211;&nbsp; Dr. Manuel Montes (Mexico),<\/span><br><span style=\"color: #000000;\">&#8211;&nbsp; Dr. Paulo Novais (Portugal),<\/span><span style=\"color: #000000;\"><br>&#8211;&nbsp; Dr. Nestor Dar\u00edo Duque (Colombia)<br><span style=\"color: #000000;\">&#8211;&nbsp; Dra. Dalila Alves (Portugal),<\/span><br><span style=\"color: #000000;\">&#8211;&nbsp; Dra. Marcela Quiroz (Mexico),<\/span><\/span><\/p>\n\n\n\n<hr class=\"wp-block-separator has-alpha-channel-opacity\"\/>\n\n\n\n<p class=\"has-text-color has-link-color wp-elements-c9b3cf3367c9ea5c3a781110f820ef12\" style=\"color:#abb7c2d6\"><strong><span style=\"color: #000000;\">Periodo 2016-2024<\/span><\/strong><br><strong>Presidente:<\/strong>&nbsp; Dr. Federico Barber (Spain)<br><strong>Secretario-Tesorero:&nbsp;<\/strong> Dr. Francisco Garijo (Spain)<br><strong>Vocales: <\/strong><br><span style=\"color:#abb7c2d6\">&#8211;&nbsp; Dra. Ana Cristina Bicharra (Brasil),<\/span><br><span style=\"color:#abb7c2d6\">&#8211;&nbsp; Dr. Manuel Montes (Mexico),<\/span><br><span style=\"color:#abb7c2d6\">&#8211;&nbsp; Dr. Paulo Novais (Portugal),<\/span><br><span style=\"color:#abb7c2d6\">&#8211;&nbsp; Dr. Guillermo Simari (Argentina),<br>&#8211;&nbsp; Dr. Nestor Dar\u00edo Duque (Colombia)<br><\/span><\/p>\n\n\n\n<p class=\"has-cyan-bluish-gray-color has-text-color has-link-color wp-elements-fbb378378bf2ce0a884523013a113187\"><span style=\"color: #000000;\"><strong>Periodo 2012-2016<\/strong><\/span><br><strong>Presidente:<\/strong>&nbsp; Dr. Federico Barber (Spain)<br><strong>Secretario-Tesorero:&nbsp;<\/strong> Dr. Francisco Garijo (Spain)<br>Vocal 1: Dra. Rosa Vicari (Brasil)<br>Vocal 2: Dr. Enrique Sucar (Mexico),<br>Vocal 3: Dr. Paulo Novais (Portugal),<br>Vocal 4: Nestor Dar\u00edo Duque (Colombia)<\/p>\n\n\n\n<p class=\"has-cyan-bluish-gray-color has-text-color has-link-color wp-elements-87e7da1e27ebf298d09dd22701cd1dd2\"><span style=\"color: #000000;\"><strong>Periodo 2009-2012<\/strong><\/span><br><strong>Presidente: <\/strong>Dr. Helder Coelho (Portugal)<br><strong>Secretario: <\/strong>Dr. Francisco J Garijo  (Spain)<br><strong>Tesorero:&nbsp;<\/strong> Dr Christian Lemaitre (Mexico),<br>Vocal 1: Dr Angel Kuri (Mexico),<br>Vocal 2: Dr Federico Barber  (Spain)<br>Vocal 3 : Dr Jaime Sichman (Brasil)<\/p>\n","protected":false},"excerpt":{"rendered":"<p>Comit\u00e9 Ejecutivo de IBERAMIA: Vocales Representantes de las asociaciones de Inteligencia Artificial de los pa\u00edses Iberoamericanos Comit\u00e9s Ejecutivos Previos Periodo 2024-Presidente:&nbsp; Dr. Federico Barber (Spain)Secretario-Tesorero:&nbsp; Dr. Francisco Garijo (Spain)Vocales: &#8211;&nbsp; Dra. Ana Cristina Bicharra (Brasil),&#8211;&nbsp; Dr. Manuel Montes (Mexico),&#8211;&nbsp; Dr. Paulo Novais (Portugal),&#8211;&nbsp; Dr. Nestor Dar\u00edo Duque (Colombia)&#8211;&nbsp; Dra. Dalila Alves (Portugal),&#8211;&nbsp; Dra. Marcela Quiroz (Mexico), Periodo 2016-2024Presidente:&nbsp; Dr. Federico Barber (Spain)Secretario-Tesorero:&nbsp; Dr. Francisco Garijo (Spain)Vocales: &#8211;&nbsp; Dra. Ana Cristina&hellip; <\/p>\n","protected":false},"author":1,"featured_media":0,"parent":0,"menu_order":0,"comment_status":"closed","ping_status":"open","template":"layouts\/page-fullwidth.php","meta":{"footnotes":""},"class_list":["post-117","page","type-page","status-publish","hentry"],"_links":{"self":[{"href":"https:\/\/www.iberamia.org\/iberamia\/wp-json\/wp\/v2\/pages\/117","targetHints":{"allow":["GET"]}}],"collection":[{"href":"https:\/\/www.iberamia.org\/iberamia\/wp-json\/wp\/v2\/pages"}],"about":[{"href":"https:\/\/www.iberamia.org\/iberamia\/wp-json\/wp\/v2\/types\/page"}],"author":[{"embeddable":true,"href":"https:\/\/www.iberamia.org\/iberamia\/wp-json\/wp\/v2\/users\/1"}],"replies":[{"embeddable":true,"href":"https:\/\/www.iberamia.org\/iberamia\/wp-json\/wp\/v2\/comments?post=117"}],"version-history":[{"count":36,"href":"https:\/\/www.iberamia.org\/iberamia\/wp-json\/wp\/v2\/pages\/117\/revisions"}],"predecessor-version":[{"id":2606,"href":"https:\/\/www.iberamia.org\/iberamia\/wp-json\/wp\/v2\/pages\/117\/revisions\/2606"}],"wp:attachment":[{"href":"https:\/\/www.iberamia.org\/iberamia\/wp-json\/wp\/v2\/media?parent=117"}],"curies":[{"name":"wp","href":"https:\/\/api.w.org\/{rel}","templated":true}]}}