{"id":98,"date":"2023-11-16T16:46:55","date_gmt":"2023-11-16T16:46:55","guid":{"rendered":"https:\/\/www.iberamia.org\/iberamia\/simdia\/?page_id=98"},"modified":"2023-11-16T16:46:55","modified_gmt":"2023-11-16T16:46:55","slug":"premios-simdia2021","status":"publish","type":"page","link":"https:\/\/www.iberamia.org\/iberamia\/simdia\/premios-simdia2021\/","title":{"rendered":"Premios SIMDIA&#8217;2021"},"content":{"rendered":"\n<p>\u00a0<\/p>\n\n\n\n<h1 class=\"wp-block-heading\"><strong>Premios a los mejores trabajos presentados en SIMDIA&#8217;2021<\/strong><\/h1>\n\n\n\n<h3 class=\"wp-block-heading\"><strong>Premio Mejor Trabajo de Maestr\u00eda&nbsp;<\/strong><\/h3>\n\n\n\n<figure class=\"wp-block-table\"><table><tbody><tr><td><strong>Autores<\/strong><\/td><td>Douglas Nunes de Oliveira<br>Luiz Merschmann<\/td><\/tr><tr><td><strong>T\u00edtulo<\/strong><\/td><td>&nbsp;\u201c<em> Uma Abordagem de Auto-ML para An\u00e1lise de Sentimentos na L\u00edngua Portuguesa<\/em> \u201d<\/td><\/tr><\/tbody><\/table><\/figure>\n\n\n\n<h3 class=\"wp-block-heading\"><strong>Acc\u00e9sit Mejor Trabajo de Maestr\u00eda&nbsp;<\/strong><\/h3>\n\n\n\n<figure class=\"wp-block-table\"><table><tbody><tr><td><strong>Autores<\/strong><\/td><td>David Jim\u00e9nez-Murillo<br>Juan David Mart\u00ednez-Vargas<br>Andr\u00e9s Eduardo Castro<\/td><\/tr><tr><td><strong>T\u00edtulo<\/strong><\/td><td>\u201c<em>Detecci\u00f3n y Segmentaci\u00f3n Sem\u00e1ntica de Displasias Corticales Focales en Sujetos con Epilepsia Refractaria por Medio de&nbsp; Im\u00e1genes de Resonancia Magn\u00e9tica y Aprendizaje Profundo\u201d<\/em><\/td><\/tr><\/tbody><\/table><\/figure>\n\n\n\n<h3 class=\"wp-block-heading\"><strong>Premio Ex aequo Mejor Trabajo de Doctorado<\/strong><\/h3>\n\n\n\n<figure class=\"wp-block-table\"><table><tbody><tr><td><strong>Autores<\/strong><\/td><td>Mariela Morveli-Espinoza<br>Cesar A. Tacla<\/td><\/tr><tr><td><strong>T\u00edtulo<\/strong><\/td><td><em>\u201cCalculating the Strength of Rhetorical Arguments in Persuasive Negotiation Dialogues \u201c.<\/em><\/td><\/tr><\/tbody><\/table><\/figure>\n\n\n\n<h3 class=\"wp-block-heading\"><strong>Premio Ex aequo Mejor Trabajo de Doctorado<\/strong><\/h3>\n\n\n\n<figure class=\"wp-block-table\"><table><tbody><tr><td><strong>Autores<\/strong><\/td><td>Gaafar Sadeq Saeed Mahdi<\/td><\/tr><tr><td><strong>T\u00edtulo<\/strong><\/td><td><em>\u201cAlgoritmos de estimaci\u00f3n de distribuciones con tratamiento de restricciones para la construcci\u00f3n de cronogramas de proyectos. \u201c.<\/em><\/td><\/tr><\/tbody><\/table><\/figure>\n","protected":false},"excerpt":{"rendered":"<p>\u00a0 Premios a los mejores trabajos presentados en SIMDIA&#8217;2021 Premio Mejor Trabajo de Maestr\u00eda&nbsp; Autores Douglas Nunes de OliveiraLuiz Merschmann T\u00edtulo &nbsp;\u201c Uma Abordagem de Auto-ML para An\u00e1lise de Sentimentos na L\u00edngua Portuguesa \u201d Acc\u00e9sit Mejor Trabajo de Maestr\u00eda&nbsp; Autores David Jim\u00e9nez-MurilloJuan David Mart\u00ednez-VargasAndr\u00e9s Eduardo Castro T\u00edtulo \u201cDetecci\u00f3n y Segmentaci\u00f3n Sem\u00e1ntica de Displasias Corticales Focales [&hellip;]<\/p>\n","protected":false},"author":1,"featured_media":0,"parent":0,"menu_order":0,"comment_status":"closed","ping_status":"closed","template":"","meta":{"site-sidebar-layout":"default","site-content-layout":"","ast-site-content-layout":"default","site-content-style":"default","site-sidebar-style":"default","ast-global-header-display":"","ast-banner-title-visibility":"","ast-main-header-display":"","ast-hfb-above-header-display":"","ast-hfb-below-header-display":"","ast-hfb-mobile-header-display":"","site-post-title":"","ast-breadcrumbs-content":"","ast-featured-img":"","footer-sml-layout":"","ast-disable-related-posts":"","theme-transparent-header-meta":"","adv-header-id-meta":"","stick-header-meta":"","header-above-stick-meta":"","header-main-stick-meta":"","header-below-stick-meta":"","astra-migrate-meta-layouts":"set","ast-page-background-enabled":"default","ast-page-background-meta":{"desktop":{"background-color":"var(--ast-global-color-4)","background-image":"","background-repeat":"repeat","background-position":"center center","background-size":"auto","background-attachment":"scroll","background-type":"","background-media":"","overlay-type":"","overlay-color":"","overlay-opacity":"","overlay-gradient":""},"tablet":{"background-color":"","background-image":"","background-repeat":"repeat","background-position":"center center","background-size":"auto","background-attachment":"scroll","background-type":"","background-media":"","overlay-type":"","overlay-color":"","overlay-opacity":"","overlay-gradient":""},"mobile":{"background-color":"","background-image":"","background-repeat":"repeat","background-position":"center center","background-size":"auto","background-attachment":"scroll","background-type":"","background-media":"","overlay-type":"","overlay-color":"","overlay-opacity":"","overlay-gradient":""}},"ast-content-background-meta":{"desktop":{"background-color":"var(--ast-global-color-5)","background-image":"","background-repeat":"repeat","background-position":"center center","background-size":"auto","background-attachment":"scroll","background-type":"","background-media":"","overlay-type":"","overlay-color":"","overlay-opacity":"","overlay-gradient":""},"tablet":{"background-color":"var(--ast-global-color-5)","background-image":"","background-repeat":"repeat","background-position":"center center","background-size":"auto","background-attachment":"scroll","background-type":"","background-media":"","overlay-type":"","overlay-color":"","overlay-opacity":"","overlay-gradient":""},"mobile":{"background-color":"var(--ast-global-color-5)","background-image":"","background-repeat":"repeat","background-position":"center center","background-size":"auto","background-attachment":"scroll","background-type":"","background-media":"","overlay-type":"","overlay-color":"","overlay-opacity":"","overlay-gradient":""}},"footnotes":""},"class_list":["post-98","page","type-page","status-publish","hentry"],"_links":{"self":[{"href":"https:\/\/www.iberamia.org\/iberamia\/simdia\/wp-json\/wp\/v2\/pages\/98","targetHints":{"allow":["GET"]}}],"collection":[{"href":"https:\/\/www.iberamia.org\/iberamia\/simdia\/wp-json\/wp\/v2\/pages"}],"about":[{"href":"https:\/\/www.iberamia.org\/iberamia\/simdia\/wp-json\/wp\/v2\/types\/page"}],"author":[{"embeddable":true,"href":"https:\/\/www.iberamia.org\/iberamia\/simdia\/wp-json\/wp\/v2\/users\/1"}],"replies":[{"embeddable":true,"href":"https:\/\/www.iberamia.org\/iberamia\/simdia\/wp-json\/wp\/v2\/comments?post=98"}],"version-history":[{"count":3,"href":"https:\/\/www.iberamia.org\/iberamia\/simdia\/wp-json\/wp\/v2\/pages\/98\/revisions"}],"predecessor-version":[{"id":109,"href":"https:\/\/www.iberamia.org\/iberamia\/simdia\/wp-json\/wp\/v2\/pages\/98\/revisions\/109"}],"wp:attachment":[{"href":"https:\/\/www.iberamia.org\/iberamia\/simdia\/wp-json\/wp\/v2\/media?parent=98"}],"curies":[{"name":"wp","href":"https:\/\/api.w.org\/{rel}","templated":true}]}}