{"id":166,"date":"2025-02-09T17:54:39","date_gmt":"2025-02-09T17:54:39","guid":{"rendered":"https:\/\/www.iberamia.org\/iberamia\/simdia\/?page_id=166"},"modified":"2026-01-26T16:06:03","modified_gmt":"2026-01-26T16:06:03","slug":"simdia2025","status":"publish","type":"page","link":"https:\/\/www.iberamia.org\/iberamia\/simdia\/simdia2025\/","title":{"rendered":"SIMDIA&#8217;2025"},"content":{"rendered":"\n<div class=\"wp-block-columns is-layout-flex wp-container-core-columns-is-layout-28f84493 wp-block-columns-is-layout-flex\" style=\"border-style:none;border-width:0px\">\n<div class=\"wp-block-column is-layout-flow wp-block-column-is-layout-flow\" style=\"flex-basis:33.33%\">\n<figure class=\"wp-block-image size-large is-resized\"><a href=\"https:\/\/www.iberamia.org\/\"><img decoding=\"async\" src=\"https:\/\/www.iberamia.org\/iberamia\/wp-content\/uploads\/2015\/06\/iberamia.jpg\" alt=\"\"\/><\/a><\/figure>\n<\/div>\n\n\n\n<div class=\"wp-block-column is-layout-flow wp-block-column-is-layout-flow\" style=\"flex-basis:66.66%\">\n<h1 class=\"wp-block-heading has-text-align-center has-text-color has-x-large-font-size\" style=\"color:#2f2f74\"><strong>SIMDIA&#8217;2025<\/strong><\/h1>\n\n\n\n<h3 class=\"wp-block-heading has-text-align-center has-ast-global-color-3-color has-text-color has-medium-font-size\"><strong>Third Ibero-American Symposium of Master and Doctorate in Artificial Intelligence<\/strong><\/h3>\n\n\n\n<p class=\"has-text-align-center has-ast-global-color-3-color has-text-color has-medium-font-size\"><strong>13-14, November, 2025<\/strong>. <strong><em>Edici\u00f3n on-line<\/em><\/strong>.<\/p>\n\n\n\n<hr class=\"wp-block-separator has-alpha-channel-opacity\"\/>\n\n\n\n<div class=\"wp-block-columns is-layout-flex wp-container-core-columns-is-layout-28f84493 wp-block-columns-is-layout-flex\">\n<div class=\"wp-block-column is-layout-flow wp-block-column-is-layout-flow\">\n<p class=\"has-text-align-center has-medium-font-size\"><a href=\"http:\/\/www.iberamia.org\/iberamia\/simdia\/wp-content\/uploads\/sites\/16\/2025\/11\/programaSIMDIA2025.pdf\"><strong>PROGRAMA<\/strong><\/a> <\/p>\n<\/div>\n\n\n\n<div class=\"wp-block-column is-layout-flow wp-block-column-is-layout-flow\">\n<p class=\"has-text-align-center has-medium-font-size\"><a href=\"http:\/\/www.iberamia.org\/iberamia\/simdia\/wp-content\/uploads\/sites\/16\/2026\/01\/Actas-SIMDIA2025.pdf\"><strong>ACTAS SIMDIA&#8217;2025<\/strong><\/a><\/p>\n<\/div>\n<\/div>\n\n\n\n<hr class=\"wp-block-separator has-alpha-channel-opacity is-style-wide\"\/>\n\n\n\n<figure class=\"wp-block-table\"><table style=\"border-style:none;border-width:0px\"><tbody><tr><td class=\"has-text-align-center\" data-align=\"center\"><a href=\"https:\/\/translate.google.com\/website?sl=auto&amp;tl=pt&amp;client=webapp&amp;u=https:\/\/www.iberamia.org\/iberamia\/simdia\/simdia2025\/\"><img loading=\"lazy\" decoding=\"async\" width=\"50\" height=\"33\" class=\"wp-image-40\" style=\"width: 50px;\" src=\"http:\/\/www.iberamia.org\/iberamia\/simdia\/wp-content\/uploads\/sites\/16\/2023\/04\/image.png\" alt=\"\"><\/a><\/td><td class=\"has-text-align-center\" data-align=\"center\"><a href=\"https:\/\/translate.google.com\/website?sl=auto&amp;tl=en&amp;client=webapp&amp;u=https:\/\/www.iberamia.org\/iberamia\/simdia\/simdia2025\/\"><img loading=\"lazy\" decoding=\"async\" width=\"50\" height=\"50\" class=\"wp-image-42\" style=\"width: 50px;\" src=\"https:\/\/www.iberamia.org\/iberamia\/simdia\/wp-content\/uploads\/sites\/16\/2023\/04\/image-1.png\" alt=\"\"><\/a><\/td><td class=\"has-text-align-center\" data-align=\"center\"><a href=\"https:\/\/www.iberamia.org\/iberamia\/simdia\/simdia2025\/\"><img decoding=\"async\" style=\"width: 50px;\" src=\"https:\/\/www.iberamia.org\/iberamia\/wp-content\/uploads\/2023\/02\/image.png\" alt=\"\"><\/a><\/td><\/tr><\/tbody><\/table><\/figure>\n<\/div>\n<\/div>\n\n\n\n<div class=\"wp-block-columns is-not-stacked-on-mobile is-layout-flex wp-container-core-columns-is-layout-b99702a1 wp-block-columns-is-layout-flex\" style=\"padding-top:0px;padding-bottom:0px\">\n<div class=\"wp-block-column is-layout-flow wp-block-column-is-layout-flow\">\n<figure class=\"wp-block-image size-large is-resized\"><img loading=\"lazy\" decoding=\"async\" width=\"777\" height=\"1024\" src=\"http:\/\/www.iberamia.org\/iberamia\/simdia\/wp-content\/uploads\/sites\/16\/2025\/09\/Ingle\u00b4s-777x1024.png\" alt=\"\" class=\"wp-image-247\" style=\"width:230px;height:auto\" srcset=\"https:\/\/www.iberamia.org\/iberamia\/simdia\/wp-content\/uploads\/sites\/16\/2025\/09\/Ingle\u00b4s-777x1024.png 777w, https:\/\/www.iberamia.org\/iberamia\/simdia\/wp-content\/uploads\/sites\/16\/2025\/09\/Ingle\u00b4s-228x300.png 228w, https:\/\/www.iberamia.org\/iberamia\/simdia\/wp-content\/uploads\/sites\/16\/2025\/09\/Ingle\u00b4s-768x1013.png 768w, https:\/\/www.iberamia.org\/iberamia\/simdia\/wp-content\/uploads\/sites\/16\/2025\/09\/Ingle\u00b4s-1165x1536.png 1165w, https:\/\/www.iberamia.org\/iberamia\/simdia\/wp-content\/uploads\/sites\/16\/2025\/09\/Ingle\u00b4s-1553x2048.png 1553w, https:\/\/www.iberamia.org\/iberamia\/simdia\/wp-content\/uploads\/sites\/16\/2025\/09\/Ingle\u00b4s-scaled.png 1942w\" sizes=\"auto, (max-width: 777px) 100vw, 777px\" \/><\/figure>\n<\/div>\n\n\n\n<div class=\"wp-block-column is-layout-flow wp-block-column-is-layout-flow\">\n<figure class=\"wp-block-image size-large is-resized\"><img loading=\"lazy\" decoding=\"async\" width=\"777\" height=\"1024\" src=\"http:\/\/www.iberamia.org\/iberamia\/simdia\/wp-content\/uploads\/sites\/16\/2025\/09\/Portugue\u00b4s-777x1024.png\" alt=\"\" class=\"wp-image-246\" style=\"width:234px;height:auto\" srcset=\"https:\/\/www.iberamia.org\/iberamia\/simdia\/wp-content\/uploads\/sites\/16\/2025\/09\/Portugue\u00b4s-777x1024.png 777w, https:\/\/www.iberamia.org\/iberamia\/simdia\/wp-content\/uploads\/sites\/16\/2025\/09\/Portugue\u00b4s-228x300.png 228w, https:\/\/www.iberamia.org\/iberamia\/simdia\/wp-content\/uploads\/sites\/16\/2025\/09\/Portugue\u00b4s-768x1013.png 768w, https:\/\/www.iberamia.org\/iberamia\/simdia\/wp-content\/uploads\/sites\/16\/2025\/09\/Portugue\u00b4s-1165x1536.png 1165w, https:\/\/www.iberamia.org\/iberamia\/simdia\/wp-content\/uploads\/sites\/16\/2025\/09\/Portugue\u00b4s-1553x2048.png 1553w, https:\/\/www.iberamia.org\/iberamia\/simdia\/wp-content\/uploads\/sites\/16\/2025\/09\/Portugue\u00b4s-scaled.png 1942w\" sizes=\"auto, (max-width: 777px) 100vw, 777px\" \/><\/figure>\n<\/div>\n\n\n\n<div class=\"wp-block-column is-layout-flow wp-block-column-is-layout-flow\">\n<figure class=\"wp-block-image size-large is-resized\"><img loading=\"lazy\" decoding=\"async\" width=\"777\" height=\"1024\" src=\"http:\/\/www.iberamia.org\/iberamia\/simdia\/wp-content\/uploads\/sites\/16\/2025\/09\/Espanol-777x1024.png\" alt=\"\" class=\"wp-image-245\" style=\"width:237px;height:auto\" srcset=\"https:\/\/www.iberamia.org\/iberamia\/simdia\/wp-content\/uploads\/sites\/16\/2025\/09\/Espanol-777x1024.png 777w, https:\/\/www.iberamia.org\/iberamia\/simdia\/wp-content\/uploads\/sites\/16\/2025\/09\/Espanol-228x300.png 228w, https:\/\/www.iberamia.org\/iberamia\/simdia\/wp-content\/uploads\/sites\/16\/2025\/09\/Espanol-768x1013.png 768w, https:\/\/www.iberamia.org\/iberamia\/simdia\/wp-content\/uploads\/sites\/16\/2025\/09\/Espanol-1165x1536.png 1165w, https:\/\/www.iberamia.org\/iberamia\/simdia\/wp-content\/uploads\/sites\/16\/2025\/09\/Espanol-1553x2048.png 1553w, https:\/\/www.iberamia.org\/iberamia\/simdia\/wp-content\/uploads\/sites\/16\/2025\/09\/Espanol-scaled.png 1942w\" sizes=\"auto, (max-width: 777px) 100vw, 777px\" \/><\/figure>\n<\/div>\n<\/div>\n\n\n\n<p><\/p>\n\n\n\n<p>En el marco de la 19\u00aa edici\u00f3n de la <a href=\"https:\/\/www.iberamia.org\/iberamia\/iberamia2026\/\">Conferencia Iberoamericana de Inteligencia Artificial (IBERAMIA&#8217;2026)<\/a><em>&nbsp;<\/em>se realizar\u00e1 como actividad previa el <strong>Tercer<\/strong>&nbsp;<strong>Simposio Iberoamericano de Maestr\u00eda y Doctorado en Inteligencia Artificial (SIMDIA\u20192025)<\/strong>, que tendr\u00e1 como objetivo ser un espacio de socializaci\u00f3n, presentaci\u00f3n y discusi\u00f3n de trabajos acad\u00e9micos de maestr\u00eda y doctorado en las diferentes tem\u00e1ticas alrededor de Inteligencia Artificial (IA). Esta es la tercera edici\u00f3n, tras la primera y segunda ediciones <a href=\"https:\/\/www.iberamia.org\/iberamia\/iberamia2022\/simdia\/\"><strong>SIMDIA&#8217;2021<\/strong><\/a> y <a href=\"https:\/\/www.iberamia.org\/iberamia\/simdia\/simdia2023\/\"><strong>SIMDIA&#8217;2023<\/strong><\/a>.<\/p>\n\n\n\n<p>El Simposio consiste en la <strong><em>presentaci\u00f3n de los trabajos de investigaci\u00f3n realizados por los estudiantes de postgrado (Maestr\u00eda o Doctorado)<\/em><\/strong> con (i) un aporte significativo al conocimiento o (ii) que presenten experiencias innovadoras en las diferentes \u00e1reas de la IA. Los trabajos enviados pasar\u00e1n por una evaluaci\u00f3n por pares y se presentar\u00e1n los aceptados en el proceso de evaluaci\u00f3n. Se cuenta con un comit\u00e9 cient\u00edfico conformado por investigadores de las diferentes \u00e1reas de IA y con el apoyo de las diferentes sociedades que conforman IBERAMIA.<\/p>\n\n\n\n<p>Los trabajos seleccionados tendr\u00e1n un tiempo de <em><strong>15 minutos de exposici\u00f3n y 10 minutos de preguntas<\/strong><\/em>. Los trabajos aceptados ser\u00e1n <em><strong>presentados on-line<\/strong><\/em>, y de acuerdo a los resultados de la selecci\u00f3n se tendr\u00e1n salas especializadas por \u00e1reas (tracks). Los trabajos pueden ser enviados y presentados en ingl\u00e9s, espa\u00f1ol o portugu\u00e9s. Adem\u00e1s de las presentaciones de los trabajos seleccionados, se tendr\u00e1n algunas conferencias plenarias en el marco del Simposio.<\/p>\n\n\n\n<p>Los trabajos que se presentar\u00e1n est\u00e1n enmarcados en las siguientes \u00e1reas de investigaci\u00f3n:<\/p>\n\n\n\n<ul class=\"wp-block-list\">\n<li>Knowledge Engineering, Knowledge Representation and Reasoning under Uncertainty<\/li>\n\n\n\n<li>Agent technology and Multi-Agent Systems. Argumentation.<\/li>\n\n\n\n<li>Ambient intelligence. Intelligence of things.<\/li>\n\n\n\n<li>Planning and Scheduling. Heuristics and Metaheuristics. Robotics.<\/li>\n\n\n\n<li>Computational Intelligence &amp; Soft Computing. Cognitive Modeling, Cognitive Systems<\/li>\n\n\n\n<li>Natural Language Processing. Computer vision, Pattern recognition<\/li>\n\n\n\n<li>AI in Education, Affective Computing and Human-Computer Interaction.<\/li>\n\n\n\n<li>Generative AI. Social impact of AI. Ethics and AI. Trustworthy and Explainable AI. AI for social good.<\/li>\n\n\n\n<li>Machine Learning and Deep Learning. Big Data, Knowledge Discovery, Data Mining<\/li>\n\n\n\n<li>Ambient intelligence. AI of Things. Humans and AI, Human-Aware AI.<\/li>\n\n\n\n<li>Game Theory and Interactive Entertainment. AI and the Web, Computational Sustainability and AI.<\/li>\n\n\n\n<li>Nuevas tendencias en Inteligencia Artificial.<\/li>\n<\/ul>\n\n\n\n<p>Pueden presentarse trabajos de investigaci\u00f3n relacionados con Tesis Doctorales o Trabajos de M\u00e1ster que hayan sido ya presentados o est\u00e9n en curso de realizaci\u00f3n. En el primer caso, deben haber sido presentados con posterioridad al 1 enero de 2025.<\/p>\n\n\n\n<h5 class=\"wp-block-heading has-medium-font-size\"><strong>Gu\u00eda a los autores<\/strong><\/h5>\n\n\n\n<p>El env\u00edo que deben hacer los estudiantes para el simposio de maestr\u00eda y doctorado consiste en dos elementos, que deben ser depositados en The Microsoft&#8217;s Conference Management System (<a href=\"https:\/\/cmt3.research.microsoft.com\/SIMDIA2025\"><strong>Microsoft CMT<\/strong><\/a>). Si hubiera problemas, pueden ser enviados por correo electr\u00f3nico a (<strong><a href=\"mailto:simdia2025@iberamia.org\">simdia2025@iberamia.org<\/a><\/strong>).<\/p>\n\n\n\n<p class=\"has-black-color has-text-color has-link-color wp-elements-e2ede41389bd66ca2b12035984ea810c\">Los dos elementos a incluir son:<\/p>\n\n\n\n<ol class=\"wp-block-list\">\n<li><strong>Una carta de presentaci\u00f3n del tutor del estudiante.<\/strong>&nbsp; La carta de recomendaci\u00f3n debe incluir el nombre de la Tesis, el Programa acad\u00e9mico, el nombre del estudiante(s) y del tutor(es), el estado actual de la investigaci\u00f3n, as\u00ed como la fecha esperada para completar la investigaci\u00f3n y realizar la disertaci\u00f3n.<\/li>\n\n\n\n<li><strong>Un art\u00edculo que describa la investigaci\u00f3n.<\/strong>&nbsp;El autor del art\u00edculo deber\u00e1 ser solo de los estudiantes y los tutores. La longitud del art\u00edculo ser\u00e1 de&nbsp;<strong>5 p\u00e1ginas<\/strong>&nbsp;como m\u00e1ximo (se permiten 2 p\u00e1ginas m\u00e1s para las referencias) y debe contener claramente definido:<\/li>\n<\/ol>\n\n\n\n<div class=\"wp-block-group is-vertical is-layout-flex wp-container-core-group-is-layout-2a303be6 wp-block-group-is-layout-flex\" style=\"margin-top:20px;margin-bottom:20px;padding-top:0px;padding-right:50px;padding-bottom:0px;padding-left:50px\">\n<p><strong>a)<\/strong> El problema que se pretende resolver en la investigaci\u00f3n; la justificaci\u00f3n del por qu\u00e9 el problema planteado es importante. Adem\u00e1s, debe dejarse en claro cu\u00e1les son las investigaciones previas que lo respaldan. En caso de doctorado: el por qu\u00e9 el problema a resolver es innovador y demostrar que no ha sido resuelto a\u00fan.<\/p>\n\n\n\n<p><strong>b) <\/strong>Los objetivos o hip\u00f3tesis de la investigaci\u00f3n.<\/p>\n\n\n\n<p><strong>c)<\/strong> Las contribuciones esperadas de la investigaci\u00f3n, incluyendo una discusi\u00f3n del trabajo relacionado.<\/p>\n\n\n\n<p><strong>d) <\/strong>C\u00f3mo los estudiantes planean evaluar los resultados y presentar la evidencia de esos resultados a la comunidad (divulgaci\u00f3n),<\/p>\n\n\n\n<p><strong>e)<\/strong> Una descripci\u00f3n de los resultados esperados o ya alcanzados, as\u00ed como las l\u00edneas de trabajo futuro<\/p>\n<\/div>\n\n\n\n<p>En caso de una investigaci\u00f3n preliminar, el art\u00edculo deber\u00e1 ser de&nbsp;<strong>3 p\u00e1ginas<\/strong>&nbsp;como m\u00e1ximo (permitiendo 1 p\u00e1gina adicional para referencias) y debe incluir todos los \u00edtems arriba se\u00f1alados del (a)-(d) y no incluir el (e).<\/p>\n\n\n\n<p>Los art\u00edculos pueden ser escritos en ingl\u00e9s, espa\u00f1ol o portugu\u00e9s y deber\u00e1n seguir el formato Springer LNCS (<a href=\"http:\/\/www.springer.com\/gp\/computer-science\/lncs\/conference-proceedings-guidelines\">http:\/\/www.springer.com\/gp\/computer-science\/lncs\/conference-proceedings-guidelines<\/a>). Los art\u00edculos y carta se enviar\u00e1n en formato pdf, <\/p>\n\n\n\n<p>Se publicar\u00e1n digitalmente las versiones aceptadas, presentadas y corregidas, adem\u00e1s de recibir certificado de participaci\u00f3n a los expositores. (Ver actas previas de SIMDIA en: <a href=\"https:\/\/www.iberamia.org\/iberamia\/simdia\/\">https:\/\/www.iberamia.org\/iberamia\/simdia\/<\/a>)<\/p>\n\n\n\n<p class=\"has-medium-font-size\"><strong>ACTAS DEL SIMPOSIO<\/strong><\/p>\n\n\n\n<p>Iberamia gestionar\u00e1 la edici\u00f3n de las Actas del Simposio.<\/p>\n\n\n\n<p>Los trabajos mejores calificados (<em><strong>best paper award<\/strong><\/em>) ser\u00e1n invitados a publicar una versi\u00f3n extendida en las revistas&nbsp;<a href=\"https:\/\/journal.iberamia.org\/\"><strong>Inteligencia Artificial<\/strong><\/a>&nbsp;o <a href=\"https:\/\/inteletica.iberamia.org\/index.php\/journal\">I<strong>NTELETICA<\/strong><\/a> (editadas por IBERAMIA e indexada en Scopus, Scimago y Emerging Souces Citation Index), as\u00ed como en otras revistas especializadas por definir. Se respetar\u00e1n las condiciones espec\u00edficas de idioma y formato de las revistas seleccionadas.<\/p>\n\n\n\n<p>Adicionalmente, se otorgar\u00e1 a los premiados una invitaci\u00f3n (<strong><em>beca-inscripci\u00f3n<\/em><\/strong>) para la&nbsp;<a href=\"https:\/\/www.iberamia.org\" data-type=\"URL\" data-id=\"https:\/\/www.iberamia.org\">19th Iberoamerican Conference on Artificial Intelligence (Iberamia\u20192025)<\/a>&nbsp;para presentar el trabajo.<\/p>\n\n\n\n<h5 class=\"wp-block-heading\"><strong>Responsables de la Organizaci\u00f3n y Selecci\u00f3n de Trabajos <\/strong>(<a href=\"mailto:simdia2025@iberamia.org\" data-type=\"mailto\" data-id=\"mailto:simdia2023@iberamia.org\">simdia2025@iberamia.org<\/a>)<strong>.<\/strong><\/h5>\n\n\n\n<ul class=\"wp-block-list\">\n<li>Marcela Quiroz Castellanos. &nbsp;Universidad Veracruzana. M\u00e9xico.<\/li>\n\n\n\n<li>N\u00e9stor Dar\u00edo Duque M\u00e9ndez.&nbsp;Universidad Nacional de Colombia. Sede Manizales. Colombia.<\/li>\n<\/ul>\n\n\n\n<h5 class=\"wp-block-heading\"><strong>Registro para participar en el Simposio y presentar trabajos:<\/strong>&nbsp; Gratuito (sin gastos de inscripci\u00f3n).<\/h5>\n\n\n\n<h5 class=\"wp-block-heading has-medium-font-size\"><strong>Fechas:<\/strong><\/h5>\n\n\n\n<ul class=\"wp-block-list\">\n<li><strong>Plazo para env\u00edo de trabajos:<\/strong>&nbsp;(extended) <strong>Septiembre 29, 2025<\/strong><\/li>\n\n\n\n<li><strong>Notificaci\u00f3n: Octubre 20, 2025<\/strong><\/li>\n\n\n\n<li><strong>Simposio: Noviembre 13-14, 2025.<\/strong><\/li>\n<\/ul>\n\n\n\n<hr class=\"wp-block-separator has-alpha-channel-opacity\"\/>\n\n\n\n<p><strong><em>Patially supported by:&nbsp;<\/em><\/strong>The <strong>Microsoft&#8217;s Conference Management System (CMT)<\/strong> service was used for managing the peer-reviewing process for this conference. This service was provided for free by Microsoft and they bore all expenses, including costs for Azure cloud services as well as for software development&nbsp;and&nbsp;support.<\/p>\n\n\n\n<hr class=\"wp-block-separator has-alpha-channel-opacity\"\/>\n","protected":false},"excerpt":{"rendered":"<p>SIMDIA&#8217;2025 Third Ibero-American Symposium of Master and Doctorate in Artificial Intelligence 13-14, November, 2025. Edici\u00f3n on-line. PROGRAMA ACTAS SIMDIA&#8217;2025 En el marco de la 19\u00aa edici\u00f3n de la Conferencia Iberoamericana de Inteligencia Artificial (IBERAMIA&#8217;2026)&nbsp;se realizar\u00e1 como actividad previa el Tercer&nbsp;Simposio Iberoamericano de Maestr\u00eda y Doctorado en Inteligencia Artificial (SIMDIA\u20192025), que tendr\u00e1 como objetivo ser un [&hellip;]<\/p>\n","protected":false},"author":1,"featured_media":0,"parent":0,"menu_order":0,"comment_status":"closed","ping_status":"closed","template":"","meta":{"site-sidebar-layout":"default","site-content-layout":"","ast-site-content-layout":"default","site-content-style":"default","site-sidebar-style":"default","ast-global-header-display":"","ast-banner-title-visibility":"","ast-main-header-display":"","ast-hfb-above-header-display":"","ast-hfb-below-header-display":"","ast-hfb-mobile-header-display":"","site-post-title":"disabled","ast-breadcrumbs-content":"","ast-featured-img":"","footer-sml-layout":"","ast-disable-related-posts":"","theme-transparent-header-meta":"","adv-header-id-meta":"","stick-header-meta":"","header-above-stick-meta":"","header-main-stick-meta":"","header-below-stick-meta":"","astra-migrate-meta-layouts":"set","ast-page-background-enabled":"default","ast-page-background-meta":{"desktop":{"background-color":"var(--ast-global-color-4)","background-image":"","background-repeat":"repeat","background-position":"center center","background-size":"auto","background-attachment":"scroll","background-type":"","background-media":"","overlay-type":"","overlay-color":"","overlay-opacity":"","overlay-gradient":""},"tablet":{"background-color":"","background-image":"","background-repeat":"repeat","background-position":"center center","background-size":"auto","background-attachment":"scroll","background-type":"","background-media":"","overlay-type":"","overlay-color":"","overlay-opacity":"","overlay-gradient":""},"mobile":{"background-color":"","background-image":"","background-repeat":"repeat","background-position":"center center","background-size":"auto","background-attachment":"scroll","background-type":"","background-media":"","overlay-type":"","overlay-color":"","overlay-opacity":"","overlay-gradient":""}},"ast-content-background-meta":{"desktop":{"background-color":"var(--ast-global-color-5)","background-image":"","background-repeat":"repeat","background-position":"center center","background-size":"auto","background-attachment":"scroll","background-type":"","background-media":"","overlay-type":"","overlay-color":"","overlay-opacity":"","overlay-gradient":""},"tablet":{"background-color":"var(--ast-global-color-5)","background-image":"","background-repeat":"repeat","background-position":"center center","background-size":"auto","background-attachment":"scroll","background-type":"","background-media":"","overlay-type":"","overlay-color":"","overlay-opacity":"","overlay-gradient":""},"mobile":{"background-color":"var(--ast-global-color-5)","background-image":"","background-repeat":"repeat","background-position":"center center","background-size":"auto","background-attachment":"scroll","background-type":"","background-media":"","overlay-type":"","overlay-color":"","overlay-opacity":"","overlay-gradient":""}},"footnotes":""},"class_list":["post-166","page","type-page","status-publish","hentry"],"_links":{"self":[{"href":"https:\/\/www.iberamia.org\/iberamia\/simdia\/wp-json\/wp\/v2\/pages\/166","targetHints":{"allow":["GET"]}}],"collection":[{"href":"https:\/\/www.iberamia.org\/iberamia\/simdia\/wp-json\/wp\/v2\/pages"}],"about":[{"href":"https:\/\/www.iberamia.org\/iberamia\/simdia\/wp-json\/wp\/v2\/types\/page"}],"author":[{"embeddable":true,"href":"https:\/\/www.iberamia.org\/iberamia\/simdia\/wp-json\/wp\/v2\/users\/1"}],"replies":[{"embeddable":true,"href":"https:\/\/www.iberamia.org\/iberamia\/simdia\/wp-json\/wp\/v2\/comments?post=166"}],"version-history":[{"count":28,"href":"https:\/\/www.iberamia.org\/iberamia\/simdia\/wp-json\/wp\/v2\/pages\/166\/revisions"}],"predecessor-version":[{"id":262,"href":"https:\/\/www.iberamia.org\/iberamia\/simdia\/wp-json\/wp\/v2\/pages\/166\/revisions\/262"}],"wp:attachment":[{"href":"https:\/\/www.iberamia.org\/iberamia\/simdia\/wp-json\/wp\/v2\/media?parent=166"}],"curies":[{"name":"wp","href":"https:\/\/api.w.org\/{rel}","templated":true}]}}