{"id":5,"date":"2025-03-14T11:30:09","date_gmt":"2025-03-14T10:30:09","guid":{"rendered":"https:\/\/www.iberamia.org\/iberamia\/iberamia2026\/?page_id=5"},"modified":"2025-10-07T11:27:24","modified_gmt":"2025-10-07T09:27:24","slug":"5-2","status":"publish","type":"page","link":"https:\/\/www.iberamia.org\/iberamia\/iberamia2026\/","title":{"rendered":""},"content":{"rendered":"\n<p class=\"has-text-align-center has-text-color has-background\" style=\"color:#541414;background-color:#abb7c226;font-size:22px\">        <strong>19th Ibero-American Conference on Artificial Intelligence<\/strong><\/p>\n\n\n\n<div class=\"wp-block-columns is-not-stacked-on-mobile is-layout-flex wp-container-core-columns-is-layout-9d6595d7 wp-block-columns-is-layout-flex\">\n<div class=\"wp-block-column is-layout-flow wp-block-column-is-layout-flow\">\n<h1 class=\"wp-block-heading has-text-align-center has-text-color has-x-large-font-size\" style=\"color:#1b1a1a;font-style:normal;font-weight:800\"><strong>Iberamia\u20192026<\/strong><\/h1>\n\n\n\n<h3 class=\"wp-block-heading has-text-align-center has-text-color has-medium-font-size\" style=\"color:#1b1a1a;font-style:normal;font-weight:800\"><strong>Asunci\u00f3n, Paraguay<\/strong><\/h3>\n\n\n\n<h3 class=\"wp-block-heading has-text-align-center has-text-color\" style=\"color:#1b1a1a;font-style:normal;font-weight:800\"><strong>November 18-20th, 2026<\/strong><\/h3>\n<\/div>\n\n\n\n<div class=\"wp-block-column is-vertically-aligned-center is-layout-flow wp-block-column-is-layout-flow\"><div id=\"metaslider-id-84\" style=\"width: 100%; margin: 0 auto;\" class=\"ml-slider-3-108-0 metaslider metaslider-flex metaslider-84 ml-slider ms-theme-default-base nav-hidden\" role=\"region\" aria-label=\"Nueva presentaci\u00f3n de diapositivas\" data-height=\"120\">\n    <div id=\"metaslider_container_84\">\n        <div id=\"metaslider_84\">\n            <ul class='slides'>\n                <li style=\"display: block; width: 100%;\" class=\"slide-131 ms-image \" aria-roledescription=\"slide\" data-date=\"2025-05-05 12:46:18\" data-filename=\"Paraguay3a-147x120.png\" data-slide-type=\"image\"><img decoding=\"async\" src=\"https:\/\/www.iberamia.org\/iberamia\/iberamia2026\/wp-content\/uploads\/sites\/19\/2025\/05\/Paraguay3a-147x120.png\" height=\"120\" alt=\"\" class=\"slider-84 slide-131 msDefaultImage\" title=\"Paraguay3a\" \/><\/li>\n                <li style=\"display: none; width: 100%;\" class=\"slide-120 ms-image \" aria-roledescription=\"slide\" data-date=\"2025-05-05 12:28:33\" data-filename=\"Paraguay6-180x120.png\" data-slide-type=\"image\"><img decoding=\"async\" src=\"https:\/\/www.iberamia.org\/iberamia\/iberamia2026\/wp-content\/uploads\/sites\/19\/2025\/05\/Paraguay6-180x120.png\" height=\"120\" alt=\"\" class=\"slider-84 slide-120 msDefaultImage\" title=\"Paraguay6\" \/><\/li>\n                <li style=\"display: none; width: 100%;\" class=\"slide-121 ms-image \" aria-roledescription=\"slide\" data-date=\"2025-05-05 12:28:36\" data-filename=\"Paraguay4-152x120.png\" data-slide-type=\"image\"><img decoding=\"async\" src=\"https:\/\/www.iberamia.org\/iberamia\/iberamia2026\/wp-content\/uploads\/sites\/19\/2025\/05\/Paraguay4-152x120.png\" height=\"120\" alt=\"\" class=\"slider-84 slide-121 msDefaultImage\" title=\"Paraguay4\" \/><\/li>\n                <li style=\"display: none; width: 100%;\" class=\"slide-122 ms-image \" aria-roledescription=\"slide\" data-date=\"2025-05-05 12:28:39\" data-filename=\"paraguay1-170x120.png\" data-slide-type=\"image\"><img decoding=\"async\" src=\"https:\/\/www.iberamia.org\/iberamia\/iberamia2026\/wp-content\/uploads\/sites\/19\/2025\/05\/paraguay1-170x120.png\" height=\"120\" alt=\"\" class=\"slider-84 slide-122 msDefaultImage\" title=\"paraguay1\" \/><\/li>\n                <li style=\"display: none; width: 100%;\" class=\"slide-124 ms-image \" aria-roledescription=\"slide\" data-date=\"2025-05-05 12:28:44\" data-filename=\"Paraguay2-156x120.png\" data-slide-type=\"image\"><img decoding=\"async\" src=\"https:\/\/www.iberamia.org\/iberamia\/iberamia2026\/wp-content\/uploads\/sites\/19\/2025\/05\/Paraguay2-156x120.png\" height=\"120\" alt=\"\" class=\"slider-84 slide-124 msDefaultImage\" title=\"Paraguay2\" \/><\/li>\n                <li style=\"display: none; width: 100%;\" class=\"slide-125 ms-image \" aria-roledescription=\"slide\" data-date=\"2025-05-05 12:28:46\" data-filename=\"Paraguay5-163x120.png\" data-slide-type=\"image\"><img decoding=\"async\" src=\"https:\/\/www.iberamia.org\/iberamia\/iberamia2026\/wp-content\/uploads\/sites\/19\/2025\/05\/Paraguay5-163x120.png\" height=\"120\" alt=\"\" class=\"slider-84 slide-125 msDefaultImage\" title=\"Paraguay5\" \/><\/li>\n                <li style=\"display: none; width: 100%;\" class=\"slide-127 ms-image \" aria-roledescription=\"slide\" data-date=\"2025-05-05 12:34:51\" data-filename=\"iberamia1-154x120.jpg\" data-slide-type=\"image\"><img decoding=\"async\" src=\"https:\/\/www.iberamia.org\/iberamia\/iberamia2026\/wp-content\/uploads\/sites\/19\/2025\/05\/iberamia1-154x120.jpg\" height=\"120\" alt=\"\" class=\"slider-84 slide-127 msDefaultImage\" title=\"iberamia1\" \/><\/li>\n            <\/ul>\n        <\/div>\n        \n    <\/div>\n<\/div>\n<\/div>\n<\/div>\n\n\n\n<hr class=\"wp-block-separator has-alpha-channel-opacity is-style-wide\"\/>\n\n\n\n<div class=\"wp-block-columns is-not-stacked-on-mobile is-layout-flex wp-container-core-columns-is-layout-9d6595d7 wp-block-columns-is-layout-flex\">\n<div class=\"wp-block-column is-layout-flow wp-block-column-is-layout-flow\">\n<div class=\"wp-block-columns is-layout-flex wp-container-core-columns-is-layout-9d6595d7 wp-block-columns-is-layout-flex\">\n<div class=\"wp-block-column is-layout-flow wp-block-column-is-layout-flow\">\n<figure class=\"wp-block-image size-full is-resized\"><a href=\"https:\/\/www.una.py\/\"><img loading=\"lazy\" decoding=\"async\" width=\"486\" height=\"155\" src=\"https:\/\/www.iberamia.org\/iberamia\/iberamia2026\/wp-content\/uploads\/sites\/19\/2025\/05\/image-8.png\" alt=\"\" class=\"wp-image-133\" style=\"width:auto;height:50px\" srcset=\"https:\/\/www.iberamia.org\/iberamia\/iberamia2026\/wp-content\/uploads\/sites\/19\/2025\/05\/image-8.png 486w, https:\/\/www.iberamia.org\/iberamia\/iberamia2026\/wp-content\/uploads\/sites\/19\/2025\/05\/image-8-300x96.png 300w\" sizes=\"auto, (max-width: 486px) 100vw, 486px\" \/><\/a><\/figure>\n<\/div>\n\n\n\n<div class=\"wp-block-column is-layout-flow wp-block-column-is-layout-flow\">\n<figure class=\"wp-block-image size-full is-resized\"><a href=\"https:\/\/www.universidadcatolica.edu.py\/\"><img loading=\"lazy\" decoding=\"async\" width=\"446\" height=\"192\" src=\"https:\/\/www.iberamia.org\/iberamia\/iberamia2026\/wp-content\/uploads\/sites\/19\/2025\/05\/image-9.png\" alt=\"\" class=\"wp-image-135\" style=\"width:auto;height:50px\" srcset=\"https:\/\/www.iberamia.org\/iberamia\/iberamia2026\/wp-content\/uploads\/sites\/19\/2025\/05\/image-9.png 446w, https:\/\/www.iberamia.org\/iberamia\/iberamia2026\/wp-content\/uploads\/sites\/19\/2025\/05\/image-9-300x129.png 300w\" sizes=\"auto, (max-width: 446px) 100vw, 446px\" \/><\/a><\/figure>\n<\/div>\n<\/div>\n<\/div>\n\n\n\n<div class=\"wp-block-column is-layout-flow wp-block-column-is-layout-flow\">\n<div class=\"wp-block-columns is-layout-flex wp-container-core-columns-is-layout-9d6595d7 wp-block-columns-is-layout-flex\">\n<div class=\"wp-block-column is-layout-flow wp-block-column-is-layout-flow\">\n<figure class=\"wp-block-image size-full is-resized\"><a href=\"https:\/\/ucom.edu.py\/\"><img loading=\"lazy\" decoding=\"async\" width=\"165\" height=\"38\" src=\"https:\/\/www.iberamia.org\/iberamia\/iberamia2026\/wp-content\/uploads\/sites\/19\/2025\/05\/image-10.png\" alt=\"\" class=\"wp-image-136\" style=\"width:auto;height:50px\"\/><\/a><\/figure>\n<\/div>\n\n\n\n<div class=\"wp-block-column is-layout-flow wp-block-column-is-layout-flow\">\n<figure class=\"wp-block-image size-full is-resized\"><a href=\"https:\/\/www.sopaia.org\/\"><img loading=\"lazy\" decoding=\"async\" width=\"635\" height=\"200\" src=\"https:\/\/www.iberamia.org\/iberamia\/iberamia2026\/wp-content\/uploads\/sites\/19\/2025\/05\/image-11.png\" alt=\"\" class=\"wp-image-137\" style=\"width:auto;height:50px\" srcset=\"https:\/\/www.iberamia.org\/iberamia\/iberamia2026\/wp-content\/uploads\/sites\/19\/2025\/05\/image-11.png 635w, https:\/\/www.iberamia.org\/iberamia\/iberamia2026\/wp-content\/uploads\/sites\/19\/2025\/05\/image-11-300x94.png 300w\" sizes=\"auto, (max-width: 635px) 100vw, 635px\" \/><\/a><\/figure>\n<\/div>\n<\/div>\n<\/div>\n<\/div>\n\n\n\n<hr class=\"wp-block-separator has-alpha-channel-opacity is-style-wide\"\/>\n\n\n\n<p>Iberamia\u20192026, the\u00a0<strong><em>19th Ibero-American Conference on Artificial Intelligence<\/em><\/strong>, will be held in\u00a0<em><strong>Asunci\u00f3n<\/strong>\u00a0<\/em>(Paraguay) on<strong><em>\u00a0November 18-20th, 2026<\/em><\/strong>, joinly organized by the <a href=\"https:\/\/www.una.py\/\">Universidad Nacional de Asunci\u00f3n<\/a>, and <a href=\"https:\/\/www.universidadcatolica.edu.py\/\">Universidad Cat\u00f3lica de Asunci\u00f3n<\/a>, with the support of the <a href=\"https:\/\/ucom.edu.py\/\">Universidad Comunera<\/a> and the <a href=\"https:\/\/www.sopaia.org\/\">Sociedad Paraguaya de Inteligencia Artificial<\/a>, The main conference also includes a set of workshops to be held on November 16 and 17th of 2026.<\/p>\n\n\n\n<p>IBERAMIA&nbsp;is the leading international conference where the Ibero-American AI community comes together to share research results and experiences with researchers in Artificial Intelligence from all over the world.&nbsp;The conference will feature a pre-conference program of workshops, and the main technical program will consist of invited talks by leading scientists in the area, presentations of technical papers, as well as system demonstrations.<\/p>\n\n\n\n<div class=\"wp-block-columns is-not-stacked-on-mobile is-layout-flex wp-container-core-columns-is-layout-9d6595d7 wp-block-columns-is-layout-flex\">\n<div class=\"wp-block-column is-layout-flow wp-block-column-is-layout-flow\" style=\"flex-basis:66.66%\">\n<p>The Proceedings of IBERAMIA\u20192026 will be published, as in past editions, by Springer in Lecture Notes in Artificial Intelligence,&nbsp;<a href=\"https:\/\/www.springer.com\/lncs\">LNCS\/LNAI series<\/a>.&nbsp;&nbsp; Additionally, the best papers will be invited to publish an extended version in selected international journals (indexed by JCR, Scopus, etc.).<\/p>\n<\/div>\n\n\n\n<div class=\"wp-block-column is-layout-flow wp-block-column-is-layout-flow\" style=\"flex-basis:33.33%\"><div class=\"wp-block-image\">\n<figure class=\"aligncenter size-large is-resized\"><a href=\"https:\/\/link.springer.com\/book\/10.1007\/978-3-031-80366-6\"><img decoding=\"async\" src=\"https:\/\/www.iberamia.org\/iberamia\/iberamia2024\/wp-content\/uploads\/sites\/18\/2025\/03\/image-1-675x1024.png\" alt=\"\" class=\"wp-image-1583\" style=\"width:73px;height:auto\"\/><\/a><\/figure>\n<\/div><\/div>\n<\/div>\n\n\n\n<p>IBERAMIA 2026 welcomes submissions on all mainstream AI topics, as well as novel cross cutting work in related areas. Main topics include but are not limited to Machine Learning, Planning, Knowledge Representation, Reasoning, Computational Intelligence, Natural Language Processing, Robotics and Perception, Generative AI, Autonomous Agents and Multiagent Systems, AI in Education, General AI, Social AI, Trusted and Ethic AI, and AI Applications.<\/p>\n\n\n\n<p>Past&nbsp;<a href=\"https:\/\/www.iberamia.org\/iberamia\/conferencias-iberamia\/\">IBERAMIA conferences<\/a>&nbsp;have been held in Barcelona 1988 (Spain), Morelia 1990 ( Mexico), La Habana 1992 (Cuba), Caracas 1994 (Venezuela), Cholula 1996 (Mexico), Lisboa 1998 (Portugal), Sao Paolo 2000 (Brazil), Sevilla 2002 (Spain), Puebla 2004 (Mexico), Ribeirao Preto 2006 (Brasil), Lisboa 2008 (Portugal), Bah\u00eda Blanca 2010 (Argentina), Cartagena de Indias 2012 (Colombia), Santiago de Chile 2014 (Chile), San Jos\u00e9 2016 (Costa Rica), Trujillo 2018 (Peru) , Cartagena de Indias 2022 (Colombia) and Montevideo (2024). In these thirty eigth years, the goals of IBERAMIA have been to strengthen the relationship among the AI research groups of the Ibero-American community, to create the appropriate conditions for researchers to disseminate their research work and to facilitate the contact between new researchers and consolidated groups.<\/p>\n\n\n\n<p>IBERAMIA conferences are indexed in main conference rating indexes and databases<em>.\u00a0<\/em> Furthermore, as a volume of LNAI (<a href=\"https:\/\/www.springer.com\/gp\/computer-science\/lncs\">LNCS<\/a>), IBERAMIA Proceedings are submitted for indexing in the Conference Proceedings Citation Index (CPCI), part of Clarivate Analytics\u2019 Web of Science.<\/p>\n\n\n\n<hr class=\"wp-block-separator has-alpha-channel-opacity is-style-wide\"\/>\n\n\n\n<div class=\"wp-block-columns are-vertically-aligned-center is-layout-flex wp-container-core-columns-is-layout-9d6595d7 wp-block-columns-is-layout-flex\">\n<div class=\"wp-block-column is-vertically-aligned-center is-layout-flow wp-block-column-is-layout-flow\">\n<p><strong>IBERAMIA\u20192026 is organized and supported by:<\/strong><\/p>\n\n\n\n<div class=\"wp-block-columns is-layout-flex wp-container-core-columns-is-layout-9d6595d7 wp-block-columns-is-layout-flex\">\n<div class=\"wp-block-column is-layout-flow wp-block-column-is-layout-flow\"><div class=\"wp-block-image\">\n<figure class=\"aligncenter size-full is-resized\"><a href=\"https:\/\/www.una.py\/\"><img loading=\"lazy\" decoding=\"async\" width=\"486\" height=\"155\" src=\"https:\/\/www.iberamia.org\/iberamia\/iberamia2026\/wp-content\/uploads\/sites\/19\/2025\/05\/image-6.png\" alt=\"\" class=\"wp-image-58\" style=\"width:200px\" srcset=\"https:\/\/www.iberamia.org\/iberamia\/iberamia2026\/wp-content\/uploads\/sites\/19\/2025\/05\/image-6.png 486w, https:\/\/www.iberamia.org\/iberamia\/iberamia2026\/wp-content\/uploads\/sites\/19\/2025\/05\/image-6-300x96.png 300w, https:\/\/www.iberamia.org\/iberamia\/iberamia2026\/wp-content\/uploads\/sites\/19\/2025\/05\/image-6-270x86.png 270w, https:\/\/www.iberamia.org\/iberamia\/iberamia2026\/wp-content\/uploads\/sites\/19\/2025\/05\/image-6-400x128.png 400w, https:\/\/www.iberamia.org\/iberamia\/iberamia2026\/wp-content\/uploads\/sites\/19\/2025\/05\/image-6-470x150.png 470w\" sizes=\"auto, (max-width: 486px) 100vw, 486px\" \/><\/a><\/figure>\n<\/div><\/div>\n\n\n\n<div class=\"wp-block-column is-layout-flow wp-block-column-is-layout-flow\"><div class=\"wp-block-image\">\n<figure class=\"aligncenter size-full is-resized\"><a href=\"https:\/\/www.universidadcatolica.edu.py\/\"><img loading=\"lazy\" decoding=\"async\" width=\"446\" height=\"192\" src=\"https:\/\/www.iberamia.org\/iberamia\/iberamia2026\/wp-content\/uploads\/sites\/19\/2025\/05\/image-7.png\" alt=\"\" class=\"wp-image-59\" style=\"width:200px\" srcset=\"https:\/\/www.iberamia.org\/iberamia\/iberamia2026\/wp-content\/uploads\/sites\/19\/2025\/05\/image-7.png 446w, https:\/\/www.iberamia.org\/iberamia\/iberamia2026\/wp-content\/uploads\/sites\/19\/2025\/05\/image-7-300x129.png 300w, https:\/\/www.iberamia.org\/iberamia\/iberamia2026\/wp-content\/uploads\/sites\/19\/2025\/05\/image-7-270x116.png 270w, https:\/\/www.iberamia.org\/iberamia\/iberamia2026\/wp-content\/uploads\/sites\/19\/2025\/05\/image-7-348x150.png 348w\" sizes=\"auto, (max-width: 446px) 100vw, 446px\" \/><\/a><\/figure>\n<\/div><\/div>\n<\/div>\n<\/div>\n<\/div>\n\n\n\n<div class=\"wp-block-columns is-layout-flex wp-container-core-columns-is-layout-9d6595d7 wp-block-columns-is-layout-flex\">\n<div class=\"wp-block-column is-layout-flow wp-block-column-is-layout-flow\"><div class=\"wp-block-image\">\n<figure class=\"aligncenter size-full is-resized\"><a href=\"https:\/\/ucom.edu.py\/\"><img loading=\"lazy\" decoding=\"async\" width=\"165\" height=\"38\" src=\"https:\/\/www.iberamia.org\/iberamia\/iberamia2026\/wp-content\/uploads\/sites\/19\/2025\/05\/image-3.png\" alt=\"\" class=\"wp-image-55\" style=\"width:200px\"\/><\/a><\/figure>\n<\/div><\/div>\n\n\n\n<div class=\"wp-block-column is-layout-flow wp-block-column-is-layout-flow\"><div class=\"wp-block-image\">\n<figure class=\"aligncenter size-large is-resized\"><a href=\"https:\/\/www.sopaia.org\/\"><img loading=\"lazy\" decoding=\"async\" width=\"1024\" height=\"322\" src=\"https:\/\/www.iberamia.org\/iberamia\/iberamia2026\/wp-content\/uploads\/sites\/19\/2025\/05\/image-2-1024x322.png\" alt=\"\" class=\"wp-image-54\" style=\"width:200px\" srcset=\"https:\/\/www.iberamia.org\/iberamia\/iberamia2026\/wp-content\/uploads\/sites\/19\/2025\/05\/image-2-1024x322.png 1024w, https:\/\/www.iberamia.org\/iberamia\/iberamia2026\/wp-content\/uploads\/sites\/19\/2025\/05\/image-2-300x94.png 300w, https:\/\/www.iberamia.org\/iberamia\/iberamia2026\/wp-content\/uploads\/sites\/19\/2025\/05\/image-2-768x242.png 768w, https:\/\/www.iberamia.org\/iberamia\/iberamia2026\/wp-content\/uploads\/sites\/19\/2025\/05\/image-2-270x85.png 270w, https:\/\/www.iberamia.org\/iberamia\/iberamia2026\/wp-content\/uploads\/sites\/19\/2025\/05\/image-2-793x250.png 793w, https:\/\/www.iberamia.org\/iberamia\/iberamia2026\/wp-content\/uploads\/sites\/19\/2025\/05\/image-2-620x195.png 620w, https:\/\/www.iberamia.org\/iberamia\/iberamia2026\/wp-content\/uploads\/sites\/19\/2025\/05\/image-2-400x126.png 400w, https:\/\/www.iberamia.org\/iberamia\/iberamia2026\/wp-content\/uploads\/sites\/19\/2025\/05\/image-2-635x200.png 635w, https:\/\/www.iberamia.org\/iberamia\/iberamia2026\/wp-content\/uploads\/sites\/19\/2025\/05\/image-2-476x150.png 476w, https:\/\/www.iberamia.org\/iberamia\/iberamia2026\/wp-content\/uploads\/sites\/19\/2025\/05\/image-2.png 1083w\" sizes=\"auto, (max-width: 1024px) 100vw, 1024px\" \/><\/a><\/figure>\n<\/div><\/div>\n<\/div>\n\n\n\n<hr class=\"wp-block-separator has-alpha-channel-opacity is-style-wide\"\/>\n\n\n\n<p><strong>And the following Ibero-American societies of AI:<\/strong><\/p>\n\n\n\n<div class=\"wp-block-columns is-layout-flex wp-container-core-columns-is-layout-9d6595d7 wp-block-columns-is-layout-flex\">\n<div class=\"wp-block-column is-layout-flow wp-block-column-is-layout-flow\">\n<div class=\"wp-block-columns is-layout-flex wp-container-core-columns-is-layout-9d6595d7 wp-block-columns-is-layout-flex\">\n<div class=\"wp-block-column is-layout-flow wp-block-column-is-layout-flow\"><div class=\"wp-block-image\">\n<figure class=\"aligncenter size-full\"><a href=\"https:\/\/www.sbc.org.br\/\"><img loading=\"lazy\" decoding=\"async\" width=\"69\" height=\"53\" src=\"https:\/\/www.iberamia.org\/iberamia\/iberamia2026\/wp-content\/uploads\/sites\/19\/2025\/10\/image-1.png\" alt=\"\" class=\"wp-image-194\"\/><\/a><\/figure>\n<\/div><\/div>\n\n\n\n<div class=\"wp-block-column is-layout-flow wp-block-column-is-layout-flow\"><div class=\"wp-block-image\">\n<figure class=\"aligncenter size-full\"><a href=\"https:\/\/www.aepia.org\/\"><img loading=\"lazy\" decoding=\"async\" width=\"69\" height=\"53\" src=\"https:\/\/www.iberamia.org\/iberamia\/iberamia2026\/wp-content\/uploads\/sites\/19\/2025\/10\/image-2.png\" alt=\"\" class=\"wp-image-195\"\/><\/a><\/figure>\n<\/div><\/div>\n<\/div>\n<\/div>\n\n\n\n<div class=\"wp-block-column is-layout-flow wp-block-column-is-layout-flow\">\n<div class=\"wp-block-columns is-layout-flex wp-container-core-columns-is-layout-9d6595d7 wp-block-columns-is-layout-flex\">\n<div class=\"wp-block-column is-layout-flow wp-block-column-is-layout-flow\"><div class=\"wp-block-image\">\n<figure class=\"aligncenter size-full is-resized\"><a href=\"https:\/\/www.appia.pt\/\"><img loading=\"lazy\" decoding=\"async\" width=\"69\" height=\"53\" src=\"https:\/\/www.iberamia.org\/iberamia\/iberamia2026\/wp-content\/uploads\/sites\/19\/2025\/10\/image-3.png\" alt=\"\" class=\"wp-image-196\" style=\"width:85px;height:auto\"\/><\/a><\/figure>\n<\/div><\/div>\n\n\n\n<div class=\"wp-block-column is-layout-flow wp-block-column-is-layout-flow\"><div class=\"wp-block-image\">\n<figure class=\"aligncenter size-full\"><a href=\"https:\/\/smia.mx\/\"><img loading=\"lazy\" decoding=\"async\" width=\"69\" height=\"53\" src=\"https:\/\/www.iberamia.org\/iberamia\/iberamia2026\/wp-content\/uploads\/sites\/19\/2025\/10\/image-4.png\" alt=\"\" class=\"wp-image-197\"\/><\/a><\/figure>\n<\/div><\/div>\n<\/div>\n<\/div>\n<\/div>\n\n\n\n<div class=\"wp-block-columns is-layout-flex wp-container-core-columns-is-layout-9d6595d7 wp-block-columns-is-layout-flex\">\n<div class=\"wp-block-column is-layout-flow wp-block-column-is-layout-flow\">\n<div class=\"wp-block-columns is-layout-flex wp-container-core-columns-is-layout-9d6595d7 wp-block-columns-is-layout-flex\">\n<div class=\"wp-block-column is-layout-flow wp-block-column-is-layout-flow\"><div class=\"wp-block-image\">\n<figure class=\"aligncenter size-full\"><a href=\"https:\/\/www.sco2.org\/\"><img loading=\"lazy\" decoding=\"async\" width=\"137\" height=\"97\" src=\"https:\/\/www.iberamia.org\/iberamia\/iberamia2026\/wp-content\/uploads\/sites\/19\/2025\/10\/image-5.png\" alt=\"\" class=\"wp-image-198\"\/><\/a><\/figure>\n<\/div><\/div>\n\n\n\n<div class=\"wp-block-column is-layout-flow wp-block-column-is-layout-flow\"><div class=\"wp-block-image\">\n<figure class=\"aligncenter size-full\"><a href=\"https:\/\/spia.org.pe\/spia\/\"><img loading=\"lazy\" decoding=\"async\" width=\"247\" height=\"154\" src=\"https:\/\/www.iberamia.org\/iberamia\/iberamia2026\/wp-content\/uploads\/sites\/19\/2025\/10\/image-6.png\" alt=\"\" class=\"wp-image-199\"\/><\/a><\/figure>\n<\/div><\/div>\n<\/div>\n<\/div>\n\n\n\n<div class=\"wp-block-column is-layout-flow wp-block-column-is-layout-flow\">\n<div class=\"wp-block-columns is-layout-flex wp-container-core-columns-is-layout-9d6595d7 wp-block-columns-is-layout-flex\">\n<div class=\"wp-block-column is-layout-flow wp-block-column-is-layout-flow\"><div class=\"wp-block-image\">\n<figure class=\"aligncenter size-full is-resized\"><a href=\"https:\/\/scmc.uclv.edu.cu\/\"><img loading=\"lazy\" decoding=\"async\" width=\"105\" height=\"149\" src=\"https:\/\/www.iberamia.org\/iberamia\/iberamia2026\/wp-content\/uploads\/sites\/19\/2025\/10\/image-7.png\" alt=\"\" class=\"wp-image-200\" style=\"width:67px;height:auto\"\/><\/a><\/figure>\n<\/div><\/div>\n\n\n\n<div class=\"wp-block-column is-layout-flow wp-block-column-is-layout-flow\"><div class=\"wp-block-image\">\n<figure class=\"aligncenter size-full\"><a href=\"https:\/\/www.sadio.org.ar\/\"><img loading=\"lazy\" decoding=\"async\" width=\"251\" height=\"100\" src=\"https:\/\/www.iberamia.org\/iberamia\/iberamia2026\/wp-content\/uploads\/sites\/19\/2025\/10\/image-8.png\" alt=\"\" class=\"wp-image-201\"\/><\/a><\/figure>\n<\/div><\/div>\n<\/div>\n<\/div>\n<\/div>\n\n\n\n<hr class=\"wp-block-separator has-alpha-channel-opacity is-style-wide\"\/>\n\n\n\n<p><\/p>\n","protected":false},"excerpt":{"rendered":"<p>19th Ibero-American Conference on Artificial Intelligence Iberamia\u20192026 Asunci\u00f3n, Paraguay November 18-20th, 2026 Iberamia\u20192026, the\u00a019th Ibero-American Conference on Artificial Intelligence, will be held in\u00a0Asunci\u00f3n\u00a0(Paraguay) on\u00a0November 18-20th, 2026, joinly organized by the Universidad Nacional de Asunci\u00f3n, and Universidad Cat\u00f3lica de Asunci\u00f3n, with the support of the Universidad Comunera and the Sociedad Paraguaya de Inteligencia Artificial, The main conference also includes a set of workshops to be held on November 16 and 17th&hellip; <\/p>\n","protected":false},"author":1,"featured_media":0,"parent":0,"menu_order":0,"comment_status":"closed","ping_status":"closed","template":"","meta":{"footnotes":""},"class_list":["post-5","page","type-page","status-publish","hentry"],"_links":{"self":[{"href":"https:\/\/www.iberamia.org\/iberamia\/iberamia2026\/wp-json\/wp\/v2\/pages\/5","targetHints":{"allow":["GET"]}}],"collection":[{"href":"https:\/\/www.iberamia.org\/iberamia\/iberamia2026\/wp-json\/wp\/v2\/pages"}],"about":[{"href":"https:\/\/www.iberamia.org\/iberamia\/iberamia2026\/wp-json\/wp\/v2\/types\/page"}],"author":[{"embeddable":true,"href":"https:\/\/www.iberamia.org\/iberamia\/iberamia2026\/wp-json\/wp\/v2\/users\/1"}],"replies":[{"embeddable":true,"href":"https:\/\/www.iberamia.org\/iberamia\/iberamia2026\/wp-json\/wp\/v2\/comments?post=5"}],"version-history":[{"count":51,"href":"https:\/\/www.iberamia.org\/iberamia\/iberamia2026\/wp-json\/wp\/v2\/pages\/5\/revisions"}],"predecessor-version":[{"id":204,"href":"https:\/\/www.iberamia.org\/iberamia\/iberamia2026\/wp-json\/wp\/v2\/pages\/5\/revisions\/204"}],"wp:attachment":[{"href":"https:\/\/www.iberamia.org\/iberamia\/iberamia2026\/wp-json\/wp\/v2\/media?parent=5"}],"curies":[{"name":"wp","href":"https:\/\/api.w.org\/{rel}","templated":true}]}}