{"id":307,"date":"2026-02-16T14:26:21","date_gmt":"2026-02-16T13:26:21","guid":{"rendered":"https:\/\/www.iberamia.org\/iberamia\/iberamia2026\/?page_id=307"},"modified":"2026-02-16T14:26:45","modified_gmt":"2026-02-16T13:26:45","slug":"best-places-to-visit-by-chatgpt","status":"publish","type":"page","link":"https:\/\/www.iberamia.org\/iberamia\/iberamia2026\/best-places-to-visit-by-chatgpt\/","title":{"rendered":"Best Places to Visit (by ChatGPT)"},"content":{"rendered":"<h2 data-start=\"92\" data-end=\"173\">Best Places to Visit in <strong data-start=\"122\" data-end=\"163\"><span class=\"hover:entity-accent entity-underline inline cursor-pointer align-baseline\"><span class=\"whitespace-normal\">Asunci\u00f3n<\/span><\/span><\/strong>, Paraguay<\/h2>\n<h3 data-start=\"175\" data-end=\"202\">\ud83c\udfdb\ufe0f History &amp; Landmarks<\/h3>\n<ul data-start=\"203\" data-end=\"678\">\n<li data-start=\"203\" data-end=\"327\">\n<p data-start=\"205\" data-end=\"327\"><strong data-start=\"205\" data-end=\"246\"><span class=\"hover:entity-accent entity-underline inline cursor-pointer align-baseline\"><span class=\"whitespace-normal\">National Pantheon of the Heroes<\/span><\/span><\/strong> \u2013 National mausoleum honoring Paraguay\u2019s heroes, located in the historic center.<\/p>\n<\/li>\n<li data-start=\"328\" data-end=\"452\">\n<p data-start=\"330\" data-end=\"452\"><strong data-start=\"330\" data-end=\"371\"><span class=\"hover:entity-accent entity-underline inline cursor-pointer align-baseline\"><span class=\"whitespace-normal\">Metropolitan Cathedral of Asunci\u00f3n<\/span><\/span><\/strong> \u2013 The city\u2019s main cathedral, featuring colonial architecture and a silver altar.<\/p>\n<\/li>\n<li data-start=\"453\" data-end=\"564\">\n<p data-start=\"455\" data-end=\"564\"><strong data-start=\"455\" data-end=\"496\"><span class=\"hover:entity-accent entity-underline inline cursor-pointer align-baseline\"><span class=\"whitespace-normal\">Casa de la Independencia Museum<\/span><\/span><\/strong> \u2013 Historic house where Paraguay\u2019s independence was planned in 1811.<\/p>\n<\/li>\n<li data-start=\"565\" data-end=\"678\">\n<p data-start=\"567\" data-end=\"678\"><strong data-start=\"567\" data-end=\"608\"><span class=\"hover:entity-accent entity-underline inline cursor-pointer align-baseline\"><span class=\"whitespace-normal\">Manzana de la Rivera<\/span><\/span><\/strong> \u2013 A preserved colonial complex with museums and cultural exhibitions.<\/p>\n<\/li>\n<\/ul>\n<h3 data-start=\"680\" data-end=\"704\">\ud83c\udfa8 Museums &amp; Culture<\/h3>\n<ul data-start=\"705\" data-end=\"946\">\n<li data-start=\"705\" data-end=\"842\">\n<p data-start=\"707\" data-end=\"842\"><strong data-start=\"707\" data-end=\"748\"><span class=\"hover:entity-accent entity-underline inline cursor-pointer align-baseline\"><span class=\"whitespace-normal\">Museo del Barro<\/span><\/span><\/strong> \u2013 One of Paraguay\u2019s most important museums, featuring indigenous, folk, and contemporary art.<\/p>\n<\/li>\n<li data-start=\"843\" data-end=\"946\">\n<p data-start=\"845\" data-end=\"946\"><strong data-start=\"845\" data-end=\"886\"><span class=\"hover:entity-accent entity-underline inline cursor-pointer align-baseline\"><span class=\"whitespace-normal\">Centro Cultural Juan de Salazar<\/span><\/span><\/strong> \u2013 Cultural space with exhibitions, concerts, and a library.<\/p>\n<\/li>\n<\/ul>\n<h3 data-start=\"948\" data-end=\"969\">\ud83c\udf33 Parks &amp; Nature<\/h3>\n<ul data-start=\"970\" data-end=\"1329\">\n<li data-start=\"970\" data-end=\"1105\">\n<p data-start=\"972\" data-end=\"1105\"><strong data-start=\"972\" data-end=\"1013\"><span class=\"hover:entity-accent entity-underline inline cursor-pointer align-baseline\"><span class=\"whitespace-normal\">Costanera de Asunci\u00f3n<\/span><\/span><\/strong> \u2013 Riverside promenade ideal for walking, cycling, and sunset views over the Paraguay River.<\/p>\n<\/li>\n<li data-start=\"1106\" data-end=\"1216\">\n<p data-start=\"1108\" data-end=\"1216\"><strong data-start=\"1108\" data-end=\"1149\"><span class=\"hover:entity-accent entity-underline inline cursor-pointer align-baseline\"><span class=\"whitespace-normal\">Jard\u00edn Bot\u00e1nico y Zool\u00f3gico de Asunci\u00f3n<\/span><\/span><\/strong> \u2013 Large green area with native flora, animals, and walking trails.<\/p>\n<\/li>\n<li data-start=\"1217\" data-end=\"1329\">\n<p data-start=\"1219\" data-end=\"1329\"><strong data-start=\"1219\" data-end=\"1260\"><span class=\"hover:entity-accent entity-underline inline cursor-pointer align-baseline\"><span class=\"whitespace-normal\">\u00d1u Guas\u00fa Park<\/span><\/span><\/strong> \u2013 Spacious park popular for sports, jogging, and outdoor activities.<\/p>\n<\/li>\n<\/ul>\n<h3 data-start=\"1331\" data-end=\"1359\">\ud83d\udecd\ufe0f Local Life &amp; Markets<\/h3>\n<ul data-start=\"1360\" data-end=\"1718\">\n<li data-start=\"1360\" data-end=\"1478\">\n<p data-start=\"1362\" data-end=\"1478\"><strong data-start=\"1362\" data-end=\"1405\"><span class=\"hover:entity-accent entity-underline inline cursor-pointer align-baseline\"><span class=\"whitespace-normal\">La Recova<\/span><\/span><\/strong> \u2013 Traditional crafts market selling souvenirs and handmade \u00f1andut\u00ed lace.<\/p>\n<\/li>\n<li data-start=\"1479\" data-end=\"1606\">\n<p data-start=\"1481\" data-end=\"1606\"><strong data-start=\"1481\" data-end=\"1524\"><span class=\"hover:entity-accent entity-underline inline cursor-pointer align-baseline\"><span class=\"whitespace-normal\">Mercado 4<\/span><\/span><\/strong> \u2013 Lively local market where you can experience everyday life and try street food.<\/p>\n<\/li>\n<li data-start=\"1607\" data-end=\"1718\">\n<p data-start=\"1609\" data-end=\"1718\"><strong data-start=\"1609\" data-end=\"1652\"><span class=\"hover:entity-accent entity-underline inline cursor-pointer align-baseline\"><span class=\"whitespace-normal\">Calle Palma<\/span><\/span><\/strong> \u2013 Main downtown street with historic buildings, shops, and caf\u00e9s.<\/p>\n<\/li>\n<\/ul>\n<h3 data-start=\"1720\" data-end=\"1744\">\ud83c\udf79 Urban Experiences<\/h3>\n<ul data-start=\"1745\" data-end=\"2035\">\n<li data-start=\"1745\" data-end=\"1856\">\n<p data-start=\"1747\" data-end=\"1856\"><strong data-start=\"1747\" data-end=\"1790\"><span class=\"hover:entity-accent entity-underline inline cursor-pointer align-baseline\"><span class=\"whitespace-normal\">Plaza Uruguaya<\/span><\/span><\/strong> \u2013 Popular square where locals relax, drink terer\u00e9, and socialize.<\/p>\n<\/li>\n<li data-start=\"1857\" data-end=\"2035\">\n<p data-start=\"1859\" data-end=\"2035\">Neighborhoods like <strong data-start=\"1878\" data-end=\"1921\"><span class=\"hover:entity-accent entity-underline inline cursor-pointer align-baseline\"><span class=\"whitespace-normal\">Carmelitas<\/span><\/span><\/strong> and <strong data-start=\"1926\" data-end=\"1969\"><span class=\"hover:entity-accent entity-underline inline cursor-pointer align-baseline\"><span class=\"whitespace-normal\">Las Mercedes<\/span><\/span><\/strong> \u2013 Known for restaurants, caf\u00e9s, nightlife, and modern city vibes.<\/p>\n<\/li>\n<\/ul>\n<hr data-start=\"2037\" data-end=\"2040\" \/>\n<h3 data-start=\"2042\" data-end=\"2060\">\u2728 Helpful Tips<\/h3>\n<ul data-start=\"2061\" data-end=\"2246\">\n<li data-start=\"2061\" data-end=\"2119\">\n<p data-start=\"2063\" data-end=\"2119\">The <strong data-start=\"2067\" data-end=\"2080\">Costanera<\/strong> is especially beautiful at sunset \ud83c\udf05<\/p>\n<\/li>\n<li data-start=\"2120\" data-end=\"2185\">\n<p data-start=\"2122\" data-end=\"2185\">Many museums offer <strong data-start=\"2141\" data-end=\"2167\">free or low-cost entry<\/strong> on certain days<\/p>\n<\/li>\n<li data-start=\"2186\" data-end=\"2246\">\n<p data-start=\"2188\" data-end=\"2246\">The historic center can be explored <strong data-start=\"2224\" data-end=\"2246\">on foot in one day<\/strong><\/p>\n<\/li>\n<\/ul>\n\n\n<p style=\"font-size:32px\"><strong>Also in Paraguay&#8230;<\/strong><\/p>\n\n\n\n<h2 class=\"wp-block-heading\">Cities &amp; Cultural Highlights<\/h2>\n\n\n\n<h3 class=\"wp-block-heading\"><strong>Asunci\u00f3n<\/strong><\/h3>\n\n\n\n<ul class=\"wp-block-list\">\n<li>Historic center, museums, and river sunsets<\/li>\n\n\n\n<li>Key sites: National Pantheon of the Heroes, Casa de la Independencia, Costanera<\/li>\n<\/ul>\n\n\n\n<h3 class=\"wp-block-heading\"><strong>Encarnaci\u00f3n<\/strong><\/h3>\n\n\n\n<ul class=\"wp-block-list\">\n<li>Best beaches in Paraguay along the Paran\u00e1 River<\/li>\n\n\n\n<li>Lively summer atmosphere and waterfront promenade<\/li>\n<\/ul>\n\n\n\n<h3 class=\"wp-block-heading\"><strong>Ciudad del Este<\/strong><\/h3>\n\n\n\n<ul class=\"wp-block-list\">\n<li>Major shopping hub near Brazil and Argentina<\/li>\n\n\n\n<li>Gateway to Itaip\u00fa Dam<\/li>\n<\/ul>\n\n\n\n<hr class=\"wp-block-separator has-alpha-channel-opacity\"\/>\n\n\n\n<h2 class=\"wp-block-heading\">\ud83c\udfdb\ufe0f History &amp; Heritage<\/h2>\n\n\n\n<h3 class=\"wp-block-heading\"><strong>Jesuit Missions of La Sant\u00edsima Trinidad de Paran\u00e1<\/strong><\/h3>\n\n\n\n<ul class=\"wp-block-list\">\n<li>UNESCO World Heritage Site<\/li>\n\n\n\n<li>Best-preserved Jesuit mission ruins in the country<\/li>\n<\/ul>\n\n\n\n<h3 class=\"wp-block-heading\"><strong>Jesuit Missions of Jes\u00fas de Tavarangue<\/strong><\/h3>\n\n\n\n<ul class=\"wp-block-list\">\n<li>Impressive unfinished church and historical complex<\/li>\n\n\n\n<li>Near Encarnaci\u00f3n<\/li>\n<\/ul>\n\n\n\n<hr class=\"wp-block-separator has-alpha-channel-opacity\"\/>\n\n\n\n<h2 class=\"wp-block-heading\">\ud83c\udf3f Nature &amp; Adventure<\/h2>\n\n\n\n<h3 class=\"wp-block-heading\"><strong>Ybycu\u00ed National Park<\/strong><\/h3>\n\n\n\n<ul class=\"wp-block-list\">\n<li>Waterfalls, hiking trails, and colonial ironworks ruins<\/li>\n\n\n\n<li>Ideal for nature lovers<\/li>\n<\/ul>\n\n\n\n<h3 class=\"wp-block-heading\"><strong>Cerro Cor\u00e1 National Park<\/strong><\/h3>\n\n\n\n<ul class=\"wp-block-list\">\n<li>Scenic hills and rivers<\/li>\n\n\n\n<li>Site of the final battle of the Paraguayan War<\/li>\n<\/ul>\n\n\n\n<h3 class=\"wp-block-heading\"><strong>Monday Falls<\/strong><\/h3>\n\n\n\n<ul class=\"wp-block-list\">\n<li>Spectacular waterfalls near Ciudad del Este<\/li>\n\n\n\n<li>Less crowded alternative to Iguaz\u00fa Falls<\/li>\n<\/ul>\n\n\n\n<hr class=\"wp-block-separator has-alpha-channel-opacity\"\/>\n\n\n\n<h2 class=\"wp-block-heading\">\ud83c\udf0a Rivers, Dams &amp; Landscapes<\/h2>\n\n\n\n<h3 class=\"wp-block-heading\"><strong>Itaip\u00fa Dam<\/strong><\/h3>\n\n\n\n<ul class=\"wp-block-list\">\n<li>One of the largest hydroelectric dams in the world<\/li>\n\n\n\n<li>Guided tours available<\/li>\n<\/ul>\n\n\n\n<h3 class=\"wp-block-heading\"><strong>Paran\u00e1 River<\/strong><\/h3>\n\n\n\n<ul class=\"wp-block-list\">\n<li>Beaches, fishing, and sunsets in southern Paraguay<\/li>\n<\/ul>\n\n\n\n<hr class=\"wp-block-separator has-alpha-channel-opacity\"\/>\n\n\n\n<h2 class=\"wp-block-heading\">\ud83c\udf04 Unique &amp; Off-the-Beaten-Path<\/h2>\n\n\n\n<h3 class=\"wp-block-heading\"><strong>The Chaco<\/strong><\/h3>\n\n\n\n<ul class=\"wp-block-list\">\n<li>Vast wilderness, wildlife, and indigenous cultures<\/li>\n\n\n\n<li>Best for adventure and eco-tourism<\/li>\n<\/ul>\n\n\n\n<h3 class=\"wp-block-heading\"><strong>Filadelfia<\/strong><\/h3>\n\n\n\n<ul class=\"wp-block-list\">\n<li>Cultural center of the Paraguayan Chaco<\/li>\n\n\n\n<li>Mennonite museums and desert landscapes<\/li>\n<\/ul>\n\n\n\n<hr class=\"wp-block-separator has-alpha-channel-opacity\"\/>\n\n\n\n<h2 class=\"wp-block-heading\">\ud83c\udf7d\ufe0f Food &amp; Cultural Experiences<\/h2>\n\n\n\n<ul class=\"wp-block-list\">\n<li>Try <strong>sopa paraguaya<\/strong>, <strong>chipa<\/strong>, and <strong>asado<\/strong><\/li>\n\n\n\n<li>Drink <strong>terer\u00e9<\/strong> with locals (cold herbal tea)<\/li>\n\n\n\n<li>Visit artisan markets for <strong>\u00f1andut\u00ed lace<\/strong><\/li>\n<\/ul>\n\n\n\n<hr class=\"wp-block-separator has-alpha-channel-opacity\"\/>\n\n\n\n<h2 class=\"wp-block-heading\">\u2728 Travel Tips<\/h2>\n\n\n\n<ul class=\"wp-block-list\">\n<li>Best time to visit: <strong>May\u2013September<\/strong> (cooler, drier)<\/li>\n\n\n\n<li>Public transport is limited outside major cities\u2014renting a car is recommended<\/li>\n\n\n\n<li>Paraguay is safe and very welcoming, but travel is more relaxed and low-key<\/li>\n<\/ul>\n\n\n\n<p><\/p>\n","protected":false},"excerpt":{"rendered":"<p>Best Places to Visit in Asunci\u00f3n, Paraguay \ud83c\udfdb\ufe0f History &amp; Landmarks National Pantheon of the Heroes \u2013 National mausoleum honoring Paraguay\u2019s heroes, located in the historic center. Metropolitan Cathedral of Asunci\u00f3n \u2013 The city\u2019s main cathedral, featuring colonial architecture and a silver altar. Casa de la Independencia Museum \u2013 Historic house where Paraguay\u2019s independence was planned in 1811. Manzana de la Rivera \u2013 A preserved colonial complex with museums and&hellip; <\/p>\n","protected":false},"author":1,"featured_media":0,"parent":0,"menu_order":0,"comment_status":"closed","ping_status":"closed","template":"layouts\/page-fullwidth.php","meta":{"footnotes":""},"class_list":["post-307","page","type-page","status-publish","hentry"],"_links":{"self":[{"href":"https:\/\/www.iberamia.org\/iberamia\/iberamia2026\/wp-json\/wp\/v2\/pages\/307","targetHints":{"allow":["GET"]}}],"collection":[{"href":"https:\/\/www.iberamia.org\/iberamia\/iberamia2026\/wp-json\/wp\/v2\/pages"}],"about":[{"href":"https:\/\/www.iberamia.org\/iberamia\/iberamia2026\/wp-json\/wp\/v2\/types\/page"}],"author":[{"embeddable":true,"href":"https:\/\/www.iberamia.org\/iberamia\/iberamia2026\/wp-json\/wp\/v2\/users\/1"}],"replies":[{"embeddable":true,"href":"https:\/\/www.iberamia.org\/iberamia\/iberamia2026\/wp-json\/wp\/v2\/comments?post=307"}],"version-history":[{"count":2,"href":"https:\/\/www.iberamia.org\/iberamia\/iberamia2026\/wp-json\/wp\/v2\/pages\/307\/revisions"}],"predecessor-version":[{"id":309,"href":"https:\/\/www.iberamia.org\/iberamia\/iberamia2026\/wp-json\/wp\/v2\/pages\/307\/revisions\/309"}],"wp:attachment":[{"href":"https:\/\/www.iberamia.org\/iberamia\/iberamia2026\/wp-json\/wp\/v2\/media?parent=307"}],"curies":[{"name":"wp","href":"https:\/\/api.w.org\/{rel}","templated":true}]}}