{"id":213,"date":"2025-11-14T10:37:22","date_gmt":"2025-11-14T09:37:22","guid":{"rendered":"https:\/\/www.iberamia.org\/iberamia\/iberamia2026\/?page_id=213"},"modified":"2026-02-02T17:11:00","modified_gmt":"2026-02-02T16:11:00","slug":"program-committee","status":"publish","type":"page","link":"https:\/\/www.iberamia.org\/iberamia\/iberamia2026\/program-committee\/","title":{"rendered":"Program Committee"},"content":{"rendered":"\n<p><strong>PC-Chair (<a href=\"mailto:pc-chair26@iberamia.org\">CONTACT<\/a>)<\/strong>: Prof. Jos\u00e9 Manuel Ferreira Machado&nbsp;(University of Minho, Portugal)<\/p>\n\n\n\n<p><strong>PC Members<\/strong><\/p>\n\n\n\n<p>Mat\u00edas Alvarado-Mentado , CINVESTAD , Mexico<\/p>\n\n\n\n<p>Anca Andreica , Babe\u015f-Bolyai University , Rumania<\/p>\n\n\n\n<p>Federico Barber , UPV , Spain<\/p>\n\n\n\n<p>Reinaldo Bianchi , Centro Universit\u00e1rio FEI , Brazil<\/p>\n\n\n\n<p>Edmundo Bonilla Huerta , Tecnol\u00f3gico de Apizaco , France<\/p>\n\n\n\n<p>Eduardo Camilo Inacio , Universidade Federal de Santa Catarina , Brazil<\/p>\n\n\n\n<p>Jos\u00e9 Eduardo Cantero Id , CANACYT , Paraguay<\/p>\n\n\n\n<p>Luis Fernando Castillo , Universidad de Caldas, , Colombia<\/p>\n\n\n\n<p>Luis Fernando Castillo-Ossa<\/p>\n\n\n\n<p>Camelia Chira , Babe\u015f-Bolyai University , Rumania<\/p>\n\n\n\n<p>Juan Manuel Corchado Rodriguez , USAL , Spain<\/p>\n\n\n\n<p>Lu\u00eds Correia , Universidade de Lisboa , Portugal<\/p>\n\n\n\n<p>Angelo Costa , University of Alicante , Spain<\/p>\n\n\n\n<p>Fabio Cozman , USP , Brazil<\/p>\n\n\n\n<p>Fernando De la Prieta , USAL , Spain<\/p>\n\n\n\n<p>N\u00e9stor Duque , UNAL , Colombia<\/p>\n\n\n\n<p>Ramon Fabregat , UDG , Spain<\/p>\n\n\n\n<p>Mar\u00eda In\u00e9s Fariello Rico , UDELAR , Uruguay<\/p>\n\n\n\n<p>Nuno Garcia , F Ciencias U Lisboa , Portugal<\/p>\n\n\n\n<p>Juan Carlos Garcia-Ojeda , U. Cartagena , Colombia<\/p>\n\n\n\n<p>Juan Garz\u00f3n , Universidad Cat\u00f3lica de Oriente , Colombia<\/p>\n\n\n\n<p>Daniela Godoy , ISISTAN , Argentina<\/p>\n\n\n\n<p>Alexandre Gon\u00e7alves Silva , UFSC , Brazil<\/p>\n\n\n\n<p>Agustin Gravano , Universidad Torcuato Di Tella , Argentina<\/p>\n\n\n\n<p>Manoj Gupta , JECRC University , India<\/p>\n\n\n\n<p>Raquel Herv\u00e1s , Universidad Complutenes de Madrid , Spain<\/p>\n\n\n\n<p>Jaume Jordan , UPV , Spain<\/p>\n\n\n\n<p>Jerusa Marchi , Universidade Federal de Santa Catarina , Brazil<\/p>\n\n\n\n<p>Jose Francisco Matinez-Trinidad , INAOE , Mexico<\/p>\n\n\n\n<p>Gonzalo Mendez , UCM , Spain<\/p>\n\n\n\n<p>Jose M. Molina , Univ Carlos III Madrid , Spain<\/p>\n\n\n\n<p>Guillermo Moncecchi , Fac Ing, U.de la Republica , Uruguay<\/p>\n\n\n\n<p>Manuel Montes-y G\u00f3mez , INAOE , Mexico<\/p>\n\n\n\n<p>Andr\u00e9 Moreira Souza , USP , Brazil<\/p>\n\n\n\n<p>Mailyn Moreno-Espino , UCM , Spain<\/p>\n\n\n\n<p>Hien Nguyen , University of Information Technology , Vietnam<\/p>\n\n\n\n<p>Paulo Novais , Universidade do Minho , Portugal<\/p>\n\n\n\n<p>Aline Paes , Federal Fluminense University , Brazil<\/p>\n\n\n\n<p>Thiago Pardo , USP , Brazil<\/p>\n\n\n\n<p>Juan Pav\u00f3n , UCM , Spain<\/p>\n\n\n\n<p>Martin Pedemonte , Fac Ibg, U.de la Republica , Uruguay<\/p>\n\n\n\n<p>Carlos Ramos , DEI-ISEP , Portugal<\/p>\n\n\n\n<p>Octavio Ramos- Figueroa , Universidad Veracurzana , Mexico<\/p>\n\n\n\n<p>Luis Reis , University of Porto , Portugal<\/p>\n\n\n\n<p>Maur\u00edcio Reis , UMA , Portugal<\/p>\n\n\n\n<p>Jaime Rincon , University of Burgos , Spain<\/p>\n\n\n\n<p>Manuel Rodrigues , University of Minho , Portugal<\/p>\n\n\n\n<p>Aiala Ros\u00e1 Ros\u00e1 , Facultad de Ingenier\u00eda, Universidad de la Rep\u00fablica , Uruguay<\/p>\n\n\n\n<p>Ignacio Sastre , Universidad de la Rep\u00fablica , Uruguay<\/p>\n\n\n\n<p>Silvia Schiaffino , ISISTAN , Argentina<\/p>\n\n\n\n<p>Elaine Sousa , USP , Brazil<\/p>\n\n\n\n<p>Luis Enrique Sucar , INAOE , Mexico<\/p>\n\n\n\n<p>Juan-Manuel Torres-Moreno , Univ Avignon , France<\/p>\n\n\n\n<p>Gianni Vercelli , Unoversity of Genoa , Italy<\/p>\n\n\n\n<p><\/p>\n","protected":false},"excerpt":{"rendered":"<p>PC-Chair (CONTACT): Prof. Jos\u00e9 Manuel Ferreira Machado&nbsp;(University of Minho, Portugal) PC Members Mat\u00edas Alvarado-Mentado , CINVESTAD , Mexico Anca Andreica , Babe\u015f-Bolyai University , Rumania Federico Barber , UPV , Spain Reinaldo Bianchi , Centro Universit\u00e1rio FEI , Brazil Edmundo Bonilla Huerta , Tecnol\u00f3gico de Apizaco , France Eduardo Camilo Inacio , Universidade Federal de Santa Catarina , Brazil Jos\u00e9 Eduardo Cantero Id , CANACYT , Paraguay Luis Fernando Castillo&hellip; <\/p>\n","protected":false},"author":1,"featured_media":0,"parent":0,"menu_order":0,"comment_status":"closed","ping_status":"closed","template":"layouts\/page-fullwidth.php","meta":{"footnotes":""},"class_list":["post-213","page","type-page","status-publish","hentry"],"_links":{"self":[{"href":"https:\/\/www.iberamia.org\/iberamia\/iberamia2026\/wp-json\/wp\/v2\/pages\/213","targetHints":{"allow":["GET"]}}],"collection":[{"href":"https:\/\/www.iberamia.org\/iberamia\/iberamia2026\/wp-json\/wp\/v2\/pages"}],"about":[{"href":"https:\/\/www.iberamia.org\/iberamia\/iberamia2026\/wp-json\/wp\/v2\/types\/page"}],"author":[{"embeddable":true,"href":"https:\/\/www.iberamia.org\/iberamia\/iberamia2026\/wp-json\/wp\/v2\/users\/1"}],"replies":[{"embeddable":true,"href":"https:\/\/www.iberamia.org\/iberamia\/iberamia2026\/wp-json\/wp\/v2\/comments?post=213"}],"version-history":[{"count":7,"href":"https:\/\/www.iberamia.org\/iberamia\/iberamia2026\/wp-json\/wp\/v2\/pages\/213\/revisions"}],"predecessor-version":[{"id":289,"href":"https:\/\/www.iberamia.org\/iberamia\/iberamia2026\/wp-json\/wp\/v2\/pages\/213\/revisions\/289"}],"wp:attachment":[{"href":"https:\/\/www.iberamia.org\/iberamia\/iberamia2026\/wp-json\/wp\/v2\/media?parent=213"}],"curies":[{"name":"wp","href":"https:\/\/api.w.org\/{rel}","templated":true}]}}