{"id":163,"date":"2025-05-13T18:50:30","date_gmt":"2025-05-13T16:50:30","guid":{"rendered":"https:\/\/www.iberamia.org\/iberamia\/iberamia2026\/?page_id=163"},"modified":"2026-02-23T20:53:14","modified_gmt":"2026-02-23T19:53:14","slug":"venue","status":"publish","type":"page","link":"https:\/\/www.iberamia.org\/iberamia\/iberamia2026\/venue\/","title":{"rendered":"Venue"},"content":{"rendered":"\n<p><a href=\"https:\/\/www.iberamia.org\/iberamia\/iberamia2024\/\"><strong>IBERAMIA\u20192026<\/strong><\/a>&nbsp;will be held in&nbsp;<em><strong>Asunci\u00f3n<\/strong>&nbsp;<\/em>(Paraguay) on<strong><em>&nbsp;November 18-20th, 2026<\/em><\/strong>, joinly organized by the&nbsp;<a href=\"https:\/\/www.una.py\/\">Universidad Nacional de Asunci\u00f3n<\/a>, and&nbsp;<a href=\"https:\/\/www.ucap.edu.py\/\">Universidad Cat\u00f3lica de Asunci\u00f3<\/a><a href=\"https:\/\/www.universidadcatolica.edu.py\/\">n<\/a>, with the support of the&nbsp;<a href=\"https:\/\/ucom.edu.py\/\">Universidad Comunera<\/a>&nbsp;and the&nbsp;<a href=\"https:\/\/www.sopaia.org\/\">Sociedad Paraguaya de Inteligencia Artificial<\/a>, <\/p>\n\n\n\n<p>Here you can see a <a href=\"https:\/\/www.iberamia.org\/iberamia\/iberamia2026\/programme-overview\/\">preliminary conference planning.<\/a><\/p>\n\n\n\n<p><strong>Main Conference (Plenary and Technical Sessions)<\/strong> will take place in <strong><a href=\"https:\/\/www.ucap.edu.py\/index.php\/facultades\/facultad-de-ciencias-y-tecnologia\">Facultad de Ciencias y Tecnologia<\/a><\/strong> in the Campus Santa Librada of the <em><strong><a href=\"https:\/\/www.ucap.edu.py\/\">Universidad Cat\u00f3lica \u00abNuestra Se\u00f1ora de la Asunci\u00f3n\u00bb (UCA)<\/a><\/strong><\/em>, on November 18, 19, and 20: View it on <strong><a href=\"https:\/\/maps.app.goo.gl\/zpub27GpRNaN7Jgf6\">Google Maps<\/a><\/strong><\/p>\n\n\n\n<p><strong>Workshops <\/strong>will take place in <a href=\"https:\/\/www.pol.una.py\/\"><em><strong>Facultad Polit\u00e9cnica<\/strong><\/em><\/a>, of the campus of the <em><strong><a href=\"https:\/\/www.una.py\/\">Universidad Nacional de Asunci\u00f3n (UNA)<\/a><\/strong><\/em>, on Monday, November 16 and Tuesday, November 17, 2026: View it on <strong><a href=\"https:\/\/maps.app.goo.gl\/NPb5RxrzST6SxZYu5\">Google Maps<\/a><\/strong><a href=\"https:\/\/maps.app.goo.gl\/HRoMWRbz1ovnzsBAA\">.<\/a><\/p>\n\n\n\n<p class=\"has-text-align-center has-luminous-vivid-orange-color has-text-color has-link-color wp-elements-37af137f7dcbc3592b891b2c98aa871a\">More details about the location will be added later.<\/p>\n\n\n\n<p><\/p>\n\n\n\n<hr class=\"wp-block-separator has-alpha-channel-opacity is-style-wide\"\/>\n\n\n<div class=\"wp-block-image\">\n<figure class=\"aligncenter size-large is-resized\"><a href=\"https:\/\/visitparaguay.travel\/\"><img loading=\"lazy\" decoding=\"async\" width=\"1024\" height=\"256\" src=\"https:\/\/www.iberamia.org\/iberamia\/iberamia2026\/wp-content\/uploads\/sites\/19\/2025\/05\/image-12-1024x256.png\" alt=\"\" class=\"wp-image-164\" style=\"width:348px;height:auto\" srcset=\"https:\/\/www.iberamia.org\/iberamia\/iberamia2026\/wp-content\/uploads\/sites\/19\/2025\/05\/image-12-1024x256.png 1024w, https:\/\/www.iberamia.org\/iberamia\/iberamia2026\/wp-content\/uploads\/sites\/19\/2025\/05\/image-12-300x75.png 300w, https:\/\/www.iberamia.org\/iberamia\/iberamia2026\/wp-content\/uploads\/sites\/19\/2025\/05\/image-12-768x192.png 768w, https:\/\/www.iberamia.org\/iberamia\/iberamia2026\/wp-content\/uploads\/sites\/19\/2025\/05\/image-12-1536x384.png 1536w, https:\/\/www.iberamia.org\/iberamia\/iberamia2026\/wp-content\/uploads\/sites\/19\/2025\/05\/image-12-2048x511.png 2048w\" sizes=\"auto, (max-width: 1024px) 100vw, 1024px\" \/><\/a><\/figure>\n<\/div>\n\n\n<hr class=\"wp-block-separator has-alpha-channel-opacity is-style-wide\"\/>\n\n\n\n<p style=\"font-size:22px\"><strong>Tourist Info<\/strong>:<\/p>\n\n\n\n<ul class=\"wp-block-list\">\n<li><a href=\"https:\/\/migraciones.gov.py\/entrada-y-salida-del-pais\/requerimientos-migratorios-de-ingreso-y-salida-del-paraguay\/\">Paraguay&#8217;s Entry and Exit Immigration Requirements<\/a><\/li>\n\n\n\n<li><a href=\"https:\/\/visitparaguay.travel\/\">Circuitos y actividades en Paraguay.<\/a><\/li>\n\n\n\n<li><a href=\"https:\/\/www.asumapa.com.py\/\">Mapa de lugares t\u00edpicos<\/a> de Asunci\u00f3n.<\/li>\n\n\n\n<li><a href=\"https:\/\/visitiguazu.travel\/\">Visit Iguaz\u00fa<\/a>, Also:  <a href=\"https:\/\/iguazufalls.com\/es\/parque-nacional\/\">Iguaz\u00fa Falls.<\/a>,  <a href=\"https:\/\/www.iguazuturismo.com.ar\/\">Iguaz\u00fa Turismo<\/a>, <\/li>\n<\/ul>\n\n\n\n<p style=\"font-size:22px\"><a href=\"https:\/\/www.iberamia.org\/iberamia\/iberamia2026\/best-places-to-visit-by-chatgpt\/\"><strong>Best places to visit in Asunci\u00f3n and in Paraguay<\/strong><\/a><\/p>\n\n\n\n<p style=\"font-size:22px\"><strong>Info about hotels:<\/strong><\/p>\n\n\n\n<p>There are two main areas to stay in Asunci\u00f3n:<\/p>\n\n\n\n<ul class=\"wp-block-list\">\n<li>The city center, around the <a href=\"https:\/\/maps.app.goo.gl\/XKLt15TYTC3ZFA4U9\">Cathedral<\/a>, with a wide variety of hotels in different categories.<\/li>\n\n\n\n<li>The area around the <a href=\"https:\/\/maps.app.goo.gl\/5QMKMyWupi9eGqWF7\">World Trade Center<\/a>, a newer central area of \u200b\u200bthe city, with numerous options for hotels, restaurants, etc.<\/li>\n<\/ul>\n\n\n\n<p><\/p>\n\n\n\n<p><\/p>\n","protected":false},"excerpt":{"rendered":"<p>IBERAMIA\u20192026&nbsp;will be held in&nbsp;Asunci\u00f3n&nbsp;(Paraguay) on&nbsp;November 18-20th, 2026, joinly organized by the&nbsp;Universidad Nacional de Asunci\u00f3n, and&nbsp;Universidad Cat\u00f3lica de Asunci\u00f3n, with the support of the&nbsp;Universidad Comunera&nbsp;and the&nbsp;Sociedad Paraguaya de Inteligencia Artificial, Here you can see a preliminary conference planning. Main Conference (Plenary and Technical Sessions) will take place in Facultad de Ciencias y Tecnologia in the Campus Santa Librada of the Universidad Cat\u00f3lica \u00abNuestra Se\u00f1ora de la Asunci\u00f3n\u00bb (UCA), on November 18,&hellip; <\/p>\n","protected":false},"author":1,"featured_media":0,"parent":0,"menu_order":0,"comment_status":"closed","ping_status":"closed","template":"layouts\/page-fullwidth.php","meta":{"footnotes":""},"class_list":["post-163","page","type-page","status-publish","hentry"],"_links":{"self":[{"href":"https:\/\/www.iberamia.org\/iberamia\/iberamia2026\/wp-json\/wp\/v2\/pages\/163","targetHints":{"allow":["GET"]}}],"collection":[{"href":"https:\/\/www.iberamia.org\/iberamia\/iberamia2026\/wp-json\/wp\/v2\/pages"}],"about":[{"href":"https:\/\/www.iberamia.org\/iberamia\/iberamia2026\/wp-json\/wp\/v2\/types\/page"}],"author":[{"embeddable":true,"href":"https:\/\/www.iberamia.org\/iberamia\/iberamia2026\/wp-json\/wp\/v2\/users\/1"}],"replies":[{"embeddable":true,"href":"https:\/\/www.iberamia.org\/iberamia\/iberamia2026\/wp-json\/wp\/v2\/comments?post=163"}],"version-history":[{"count":24,"href":"https:\/\/www.iberamia.org\/iberamia\/iberamia2026\/wp-json\/wp\/v2\/pages\/163\/revisions"}],"predecessor-version":[{"id":347,"href":"https:\/\/www.iberamia.org\/iberamia\/iberamia2026\/wp-json\/wp\/v2\/pages\/163\/revisions\/347"}],"wp:attachment":[{"href":"https:\/\/www.iberamia.org\/iberamia\/iberamia2026\/wp-json\/wp\/v2\/media?parent=163"}],"curies":[{"name":"wp","href":"https:\/\/api.w.org\/{rel}","templated":true}]}}