{"id":564,"date":"2024-09-30T21:17:10","date_gmt":"2024-09-30T21:17:10","guid":{"rendered":"https:\/\/www.iberamia.org\/iberamia\/iberamia2024\/?page_id=564"},"modified":"2024-10-18T21:05:20","modified_gmt":"2024-10-18T21:05:20","slug":"workshop-ia-en-sistemas-ciber-fisicos","status":"publish","type":"page","link":"https:\/\/www.iberamia.org\/iberamia\/iberamia2024\/workshop-ia-en-sistemas-ciber-fisicos\/","title":{"rendered":"Workshop: IA en Sistemas Ciber F\u00edsicos"},"content":{"rendered":"\r\n<p class=\"has-text-align-left\"><br \/><img loading=\"lazy\" decoding=\"async\" width=\"1946\" height=\"705\" class=\"wp-image-567\" style=\"width: 1500px\" src=\"http:\/\/www.iberamia.org\/iberamia\/iberamia2024\/wp-content\/uploads\/sites\/18\/2024\/09\/10.png\" alt=\"\" srcset=\"https:\/\/www.iberamia.org\/iberamia\/iberamia2024\/wp-content\/uploads\/sites\/18\/2024\/09\/10.png 1946w, https:\/\/www.iberamia.org\/iberamia\/iberamia2024\/wp-content\/uploads\/sites\/18\/2024\/09\/10-300x109.png 300w, https:\/\/www.iberamia.org\/iberamia\/iberamia2024\/wp-content\/uploads\/sites\/18\/2024\/09\/10-1024x371.png 1024w, https:\/\/www.iberamia.org\/iberamia\/iberamia2024\/wp-content\/uploads\/sites\/18\/2024\/09\/10-768x278.png 768w, https:\/\/www.iberamia.org\/iberamia\/iberamia2024\/wp-content\/uploads\/sites\/18\/2024\/09\/10-1536x556.png 1536w\" sizes=\"auto, (max-width: 1946px) 100vw, 1946px\" \/><\/p>\r\n\r\n\r\n\r\n<p align=\"center\"><span style=\"font-family: FreeMono, monospace\"><span style=\"font-size: x-large\"><b>4to Workshop de SCF y 2da Escuela de Primavera<\/b><\/span><\/span><\/p>\r\n<ul>\r\n<li>\r\n<p align=\"left\"><span style=\"font-family: FreeMono, monospace\"><span style=\"font-size: medium\"><b>Link al sitio del workshop<\/b>: <a href=\"https:\/\/www.fing.edu.uy\/inco\/grupos\/mina\/wscf2024\/\">https:\/\/www.fing.edu.uy\/inco\/grupos\/mina\/wscf2024\/<\/a><\/span><\/span><\/p>\r\n<\/li>\r\n<li><span style=\"font-family: FreeMono, monospace\"><span style=\"font-size: medium\"><b>Inscripciones<\/b>: <a href=\"https:\/\/forms.gle\/3q2THrtyFfrFLVJz8\">https:\/\/forms.gle\/3q2THrtyFfrFLVJz8<\/a><\/span><\/span><\/li>\r\n<li><span style=\"font-family: FreeMono, monospace\"><span style=\"font-size: medium\"><b>Descripci\u00f3n<\/b><\/span><\/span><span style=\"font-family: FreeMono, monospace\"><span style=\"font-size: medium\">: <\/span><\/span><span style=\"color: #212529\"><span style=\"font-family: FreeMono, monospace\"><span style=\"font-size: medium\">Del 11\/11 al 13\/11 de <\/span><\/span><\/span><strong><span style=\"color: #212529\"><span style=\"font-family: FreeMono, monospace\"><span style=\"font-size: medium\">noviembre de 2024 <\/span><\/span><\/span><\/strong><span style=\"color: #212529\"><span style=\"font-family: FreeMono, monospace\"><span style=\"font-size: medium\">se realizar\u00e1 el cuarto Workshop en Sistemas Ciber F\u00edsicos (SCF) y la segunda escuela de primavera de SCF. Consistir\u00e1 en diversas actividades como cursos, charlas a cargo de especialistas nacionales y extranjeros.<\/span><\/span><\/span><\/li>\r\n<\/ul>\r\n<p style=\"text-align: left\"><span style=\"color: #212529\"><span style=\"font-family: FreeMono, monospace\"><span style=\"font-size: medium\">Los Sistemas C\u00edber F\u00edsicos (SCF) integran computaci\u00f3n, redes y procesos f\u00edsicos que se realimentan e impactan entre s\u00ed. Su principal desaf\u00edo consiste en combinar abstracciones que han evolucionado durante siglos para modelar los sistemas f\u00edsicos (por ejemplo: ecuaciones diferenciales y procesos estoc\u00e1sticos) con abstracciones de las ciencias de la computaci\u00f3n (algoritmos y programas), y pasar de la noci\u00f3n de \u00abqu\u00e9 es\u00bb de las ciencias experimentales a la de \u00abc\u00f3mo se hace\u00bb.<br \/>Los cursos y charlas del evento impactar\u00e1n no solo en el afianzamiento de los v\u00ednculos academia-industria, sino tambi\u00e9n en la formaci\u00f3n de estudiantes de grado y posgrado en \u00e1reas en fuerte desarrollo e impacto social y productivo: la automatizaci\u00f3n, la IoT, las ciudades inteligentes, la agricultura y otros campos de aplicaci\u00f3n que est\u00e1n comenzando a materializarse en Uruguay.<\/span><\/span><\/span><\/p>\r\n<p style=\"text-align: left\"><span style=\"font-family: FreeMono, monospace\"><span style=\"font-size: medium\"><span style=\"color: #212529\">Se dictar\u00e1n <\/span><span style=\"color: #212529\">dos<\/span><span style=\"color: #212529\"> cursos cortos de grado y posgrado en las \u00e1reas de infraestructura de c\u00f3mputo, redes de comunicaci\u00f3n y rob\u00f3tica. <\/span><span style=\"color: #212529\">A<\/span><span style=\"color: #212529\">dem\u00e1s <\/span><span style=\"color: #212529\">se realizar\u00e1n dos charlas <\/span><span style=\"color: #212529\">a cargo de destacados investigadores de instituciones nacionales <\/span><span style=\"color: #212529\">de Brasil y Chile.<\/span><\/span><\/span><\/p>\r\n<p style=\"text-align: left\"><span style=\"color: #212529\"><span style=\"font-family: FreeMono, monospace\"><span style=\"font-size: medium\">La actividad es organizada por el Grupo MINA del Instituto de Computaci\u00f3n de la Facultad de Ingenier\u00eda, el cual est\u00e1 formado por investigadores y estudiantes en diversas disciplinas de \u00e1reas de investigaci\u00f3n de los SCF.<\/span><\/span><\/span><\/p>\r\n<ul>\r\n<li><span style=\"font-family: FreeMono, monospace\"><span style=\"font-size: medium\"><b>Profesores invitados<\/b><\/span><\/span>\r\n<ul>\r\n<li>\r\n<p align=\"left\"><span style=\"color: #222222\"><span style=\"font-family: FreeMono, monospace\"><span style=\"font-size: medium\">Dr. Rodrigo Verschae Tannenbaum (Chile)<\/span><\/span><\/span><\/p>\r\n<\/li>\r\n<li>\r\n<p align=\"left\"><span style=\"color: #222222\"><span style=\"font-family: FreeMono, monospace\"><span style=\"font-size: medium\">Dr. Rafael Pasquini (Brasil)<\/span><\/span><\/span><\/p>\r\n<\/li>\r\n<li>\r\n<p align=\"left\"><span style=\"color: #222222\"><span style=\"font-family: FreeMono, monospace\"><span style=\"font-size: medium\">Dr. Christian Rodolfo Esteve Rothenberg (Brasil)<\/span><\/span><\/span><\/p>\r\n<\/li>\r\n<\/ul>\r\n<\/li>\r\n<li>\r\n<p align=\"left\"><span style=\"font-family: FreeMono, monospace\"><span style=\"font-size: medium\"><b>Cursos<\/b><\/span><\/span><\/p>\r\n<ul>\r\n<li>\r\n<p align=\"left\"><span style=\"font-family: FreeMono, monospace\"><span style=\"font-size: medium\"><b>IA-Rob\u00f3tica<\/b><\/span><\/span><\/p>\r\n<p align=\"left\"><span style=\"font-family: FreeMono, monospace\"><span style=\"font-size: medium\">Temas<\/span><\/span><\/p>\r\n<ol>\r\n<li>\r\n<p align=\"left\"><span style=\"font-family: FreeMono, monospace\"><span style=\"font-size: medium\">Energ\u00eda<\/span><\/span><\/p>\r\n<ul>\r\n<li>\r\n<p align=\"left\"><span style=\"font-family: FreeMono, monospace\"><span style=\"font-size: medium\">Predicci\u00f3n de Energ\u00eda Solar mediante visi\u00f3n computacional<\/span><\/span><\/p>\r\n<\/li>\r\n<li>\r\n<p align=\"left\"><span style=\"font-family: FreeMono, monospace\"><span style=\"font-size: medium\">Coordinaci\u00f3n en manejo de Energ\u00eda<\/span><\/span><\/p>\r\n<\/li>\r\n<\/ul>\r\n<\/li>\r\n<li>\r\n<p align=\"left\"><span style=\"font-family: FreeMono, monospace\"><span style=\"font-size: medium\">Agricultura de precisi\u00f3n<\/span><\/span><\/p>\r\n<ul>\r\n<li>\r\n<p align=\"left\"><span style=\"font-family: FreeMono, monospace\"><span style=\"font-size: medium\">Conteo de frutos<\/span><\/span><\/p>\r\n<\/li>\r\n<li>\r\n<p align=\"left\"><span style=\"font-family: FreeMono, monospace\"><span style=\"font-size: medium\">Redes de sensores agroclimaticos<\/span><\/span><\/p>\r\n<\/li>\r\n<\/ul>\r\n<\/li>\r\n<li>\r\n<p align=\"left\"><span style=\"font-family: FreeMono, monospace\"><span style=\"font-size: medium\">C\u00e1maras de eventos<\/span><\/span><\/p>\r\n<ul>\r\n<li>\r\n<p align=\"left\"><span style=\"font-family: FreeMono, monospace\"><span style=\"font-size: medium\">Event-based cameras<\/span><\/span><\/p>\r\n<\/li>\r\n<\/ul>\r\n<\/li>\r\n<\/ol>\r\n<ul>\r\n<li>\r\n<p align=\"left\"><span style=\"font-family: FreeMono, monospace\"><span style=\"font-size: medium\">Profesor invitado<\/span><\/span><\/p>\r\n<ul>\r\n<li>\r\n<p align=\"left\"><span style=\"font-family: FreeMono, monospace\"><span style=\"font-size: medium\"><span style=\"color: #222222\">Dr. <\/span><span style=\"color: #222222\">Rodrigo Verschae Tannenbaum <\/span><span style=\"color: #222222\">(Chile)<\/span><\/span><\/span><\/p>\r\n<\/li>\r\n<\/ul>\r\n<\/li>\r\n<li>\r\n<p align=\"left\"><span style=\"font-family: FreeMono, monospace\"><span style=\"font-size: medium\">Habilitado para estudiantes de grado, postgrado(4 cr\u00e9ditos) y externos (educaci\u00f3n permanente)<\/span><\/span><\/p>\r\n<\/li>\r\n<\/ul>\r\n<\/li>\r\n<li>\r\n<p align=\"left\"><span style=\"font-family: FreeMono, monospace\"><span style=\"font-size: medium\"><b>IA-Redes<\/b><\/span><\/span><\/p>\r\n<p align=\"left\"><span style=\"font-family: FreeMono, monospace\"><span style=\"font-size: medium\">Temas<\/span><\/span><\/p>\r\n<ol>\r\n<li>\r\n<p align=\"left\"><span style=\"font-family: FreeMono, monospace\"><span style=\"font-size: medium\">Introducci\u00f3n al Aprendizaje Autom\u00e1tico<\/span><\/span><\/p>\r\n<\/li>\r\n<li>\r\n<p align=\"left\"><span style=\"font-family: FreeMono, monospace\"><span style=\"font-size: medium\">Redes \u00d3pticas<\/span><\/span><\/p>\r\n<\/li>\r\n<li>\r\n<p align=\"left\"><span style=\"font-family: FreeMono, monospace\"><span style=\"font-size: medium\">Redes Inal\u00e1mbricas<\/span><\/span><\/p>\r\n<\/li>\r\n<li>\r\n<p align=\"left\"><span style=\"font-family: FreeMono, monospace\"><span style=\"font-size: medium\">Redes para Datacenters<\/span><\/span><\/p>\r\n<\/li>\r\n<li>\r\n<p align=\"left\"><span style=\"font-family: FreeMono, monospace\"><span style=\"font-size: medium\">Gesti\u00f3n de Redes usando IA<\/span><\/span><\/p>\r\n<\/li>\r\n<li>\r\n<p align=\"left\"><span style=\"font-family: FreeMono, monospace\"><span style=\"font-size: medium\">Monitoreo y operaci\u00f3n para grandes vol\u00famenes de datos<\/span><\/span><\/p>\r\n<\/li>\r\n<\/ol>\r\n<ul>\r\n<li>\r\n<p align=\"left\"><span style=\"font-family: FreeMono, monospace\"><span style=\"font-size: medium\">Profesores invitados<\/span><\/span><\/p>\r\n<ul>\r\n<li>\r\n<p align=\"left\"><span style=\"font-family: FreeMono, monospace\"><span style=\"font-size: medium\"><span style=\"color: #222222\">Dr. <\/span><span style=\"color: #222222\">Rafael Pasquini <\/span><span style=\"color: #222222\">(Brasil)<\/span><\/span><\/span><\/p>\r\n<\/li>\r\n<li>\r\n<p align=\"left\"><span style=\"color: #222222\"><span style=\"font-family: FreeMono, monospace\"><span style=\"font-size: medium\">Dr. Christian Rodolfo Esteve Rothenberg (Brasil)<\/span><\/span><\/span><\/p>\r\n<\/li>\r\n<\/ul>\r\n<\/li>\r\n<li>\r\n<p align=\"left\"><span style=\"font-family: FreeMono, monospace\"><span style=\"font-size: medium\">Habilitado para estudiantes de grado, postgrado(4 cr\u00e9ditos) y externos (educaci\u00f3n permanente)<\/span><\/span><\/p>\r\n<\/li>\r\n<\/ul>\r\n<\/li>\r\n<\/ul>\r\n<\/li>\r\n<li>\r\n<p align=\"left\"><span style=\"font-family: FreeMono, monospace\"><span style=\"font-size: medium\"><b>Charlas<\/b><\/span><\/span><\/p>\r\n<ul>\r\n<li>\r\n<p align=\"left\"><span style=\"font-family: FreeMono, monospace\"><span style=\"font-size: medium\">IA-Rob\u00f3tica a cargo del <span style=\"color: #222222\">Dr. <\/span><span style=\"color: #222222\">Rodrigo Verschae Tannenbaum<\/span><\/span><\/span><\/p>\r\n<\/li>\r\n<li>\r\n<p align=\"left\"><span style=\"font-family: FreeMono, monospace\"><span style=\"font-size: medium\">IA-Redes a cargo de <span style=\"color: #222222\">Dr. <\/span><span style=\"color: #222222\">Rafael Pasquini<\/span> <span style=\"color: #222222\">y <\/span><span style=\"color: #222222\">Dr. <\/span><span style=\"color: #222222\">Christian Rodolfo Esteve Rothenberg<\/span><\/span><\/span><\/p>\r\n<\/li>\r\n<\/ul>\r\n<\/li>\r\n<li>\r\n<p align=\"left\"><span style=\"font-family: FreeMono, monospace\"><span style=\"font-size: medium\"><b>Organizadores<\/b><\/span><\/span><\/p>\r\n<ul>\r\n<li>\r\n<p align=\"left\"><span style=\"font-family: FreeMono, monospace\"><span style=\"font-size: medium\"><b>Grupo de Investigaci\u00f3n MINA<\/b><\/span><\/span><\/p>\r\n<ul>\r\n<li>\r\n<p align=\"left\"><span style=\"font-family: FreeMono, monospace\"><span style=\"font-size: medium\">Gesti\u00f3n de Redes de Computadoras e Inteligencia Artificial y Rob\u00f3tica<\/span><\/span><\/p>\r\n<\/li>\r\n<li>\r\n<p align=\"left\"><span style=\"font-family: FreeMono, monospace\"><span style=\"font-size: medium\">Instituto de Computaci\u00f3n, Fing-UdelaR.<\/span><\/span><\/p>\r\n<\/li>\r\n<li>\r\n<p align=\"left\"><span style=\"font-family: FreeMono, monospace\"><span style=\"font-size: medium\"><a href=\"https:\/\/www.fing.edu.uy\/inco\/grupos\/mina\/\">https:\/\/www.fing.edu.uy\/inco\/grupos\/mina\/<\/a><\/span><\/span><\/p>\r\n<\/li>\r\n<\/ul>\r\n<\/li>\r\n<li>\r\n<p align=\"left\"><span style=\"font-family: FreeMono, monospace\"><span style=\"font-size: medium\">Coordinan<\/span><\/span><\/p>\r\n<ul>\r\n<li>\r\n<p align=\"left\"><span style=\"font-family: FreeMono, monospace\"><span style=\"font-size: medium\">Federico Andrade<\/span><\/span><\/p>\r\n<\/li>\r\n<li>\r\n<p align=\"left\"><span style=\"font-family: FreeMono, monospace\"><span style=\"font-size: medium\">Jorge Visca<\/span><\/span><\/p>\r\n<\/li>\r\n<\/ul>\r\n<\/li>\r\n<\/ul>\r\n<\/li>\r\n<li>\r\n<p align=\"left\"><span style=\"font-family: FreeMono, monospace\"><span style=\"font-size: medium\"><b>Consultas<\/b><\/span><\/span><\/p>\r\n<ul>\r\n<li>\r\n<p align=\"left\"><span style=\"font-family: FreeMono, monospace\"><span style=\"font-size: medium\">Federico Andrade<\/span><\/span><\/p>\r\n<ul>\r\n<li>\r\n<p align=\"left\"><a href=\"mailto:fandrade@fing.edu.uy\"><span style=\"font-family: FreeMono, monospace\"><span style=\"font-size: medium\">fandrade@fing.edu.uy<\/span><\/span><\/a><\/p>\r\n<\/li>\r\n<\/ul>\r\n<\/li>\r\n<li>\r\n<p align=\"left\"><span style=\"font-family: FreeMono, monospace\"><span style=\"font-size: medium\">Jorge Visca<\/span><\/span><\/p>\r\n<ul>\r\n<li>\r\n<p align=\"left\"><span style=\"font-family: FreeMono, monospace\"><span style=\"font-size: medium\">jvisca@fing.edu.uy <\/span><\/span><\/p>\r\n<\/li>\r\n<\/ul>\r\n<\/li>\r\n<\/ul>\r\n<\/li>\r\n<\/ul>\r\n<p>&nbsp;<\/p>\r\n","protected":false},"excerpt":{"rendered":"<p>4to Workshop de SCF y 2da Escuela de Primavera Link al sitio del workshop: https:\/\/www.fing.edu.uy\/inco\/grupos\/mina\/wscf2024\/ Inscripciones: https:\/\/forms.gle\/3q2THrtyFfrFLVJz8 Descripci\u00f3n: Del 11\/11 al 13\/11 de noviembre de 2024 se realizar\u00e1 el cuarto Workshop en Sistemas Ciber F\u00edsicos (SCF) y la segunda escuela de primavera de SCF. Consistir\u00e1 en diversas actividades como cursos, charlas a cargo de especialistas nacionales y extranjeros. Los Sistemas C\u00edber F\u00edsicos (SCF) integran computaci\u00f3n, redes y procesos f\u00edsicos que&hellip; <\/p>\n","protected":false},"author":10,"featured_media":0,"parent":0,"menu_order":0,"comment_status":"closed","ping_status":"closed","template":"layouts\/page-fullwidth.php","meta":{"footnotes":""},"class_list":["post-564","page","type-page","status-publish","hentry"],"_links":{"self":[{"href":"https:\/\/www.iberamia.org\/iberamia\/iberamia2024\/wp-json\/wp\/v2\/pages\/564","targetHints":{"allow":["GET"]}}],"collection":[{"href":"https:\/\/www.iberamia.org\/iberamia\/iberamia2024\/wp-json\/wp\/v2\/pages"}],"about":[{"href":"https:\/\/www.iberamia.org\/iberamia\/iberamia2024\/wp-json\/wp\/v2\/types\/page"}],"author":[{"embeddable":true,"href":"https:\/\/www.iberamia.org\/iberamia\/iberamia2024\/wp-json\/wp\/v2\/users\/10"}],"replies":[{"embeddable":true,"href":"https:\/\/www.iberamia.org\/iberamia\/iberamia2024\/wp-json\/wp\/v2\/comments?post=564"}],"version-history":[{"count":8,"href":"https:\/\/www.iberamia.org\/iberamia\/iberamia2024\/wp-json\/wp\/v2\/pages\/564\/revisions"}],"predecessor-version":[{"id":941,"href":"https:\/\/www.iberamia.org\/iberamia\/iberamia2024\/wp-json\/wp\/v2\/pages\/564\/revisions\/941"}],"wp:attachment":[{"href":"https:\/\/www.iberamia.org\/iberamia\/iberamia2024\/wp-json\/wp\/v2\/media?parent=564"}],"curies":[{"name":"wp","href":"https:\/\/api.w.org\/{rel}","templated":true}]}}