{"id":360,"date":"2024-03-04T10:21:51","date_gmt":"2024-03-04T10:21:51","guid":{"rendered":"https:\/\/www.iberamia.org\/iberamia\/iberamia2024\/?page_id=360"},"modified":"2024-10-30T12:00:06","modified_gmt":"2024-10-30T12:00:06","slug":"plenary-talks","status":"publish","type":"page","link":"https:\/\/www.iberamia.org\/iberamia\/iberamia2024\/plenary-talks\/","title":{"rendered":"Plenary Talks"},"content":{"rendered":"\n<p class=\"has-text-align-right\"><strong><a href=\"http:\/\/www.iberamia.org\/iberamia\/iberamia2024\/wp-content\/uploads\/sites\/18\/2024\/10\/Plenary-Talks.pdf\">Plenary Talks in PDF<\/a><\/strong><\/p>\n\n\n\n<p><h4><strong>From Bayesian to Causal Networks: Graphical Models in Artificial Intelligence<\/strong><\/h4><\/p>\n\n\n\n<p><h3><em><strong>Iberamia 2024&nbsp;Career Recognition Award&nbsp;talk<\/strong><\/em><\/h3><\/p>\n\n\n\n<div class=\"wp-block-columns is-layout-flex wp-container-core-columns-is-layout-9d6595d7 wp-block-columns-is-layout-flex\">\n<div class=\"wp-block-column is-layout-flow wp-block-column-is-layout-flow\" style=\"flex-basis:33.33%\">\n<figure class=\"wp-block-image size-large\"><img loading=\"lazy\" decoding=\"async\" width=\"935\" height=\"1024\" src=\"https:\/\/www.iberamia.org\/iberamia\/iberamia2024\/wp-content\/uploads\/sites\/18\/2024\/03\/LESucar-935x1024.jpg\" alt=\"\" class=\"wp-image-361\" srcset=\"https:\/\/www.iberamia.org\/iberamia\/iberamia2024\/wp-content\/uploads\/sites\/18\/2024\/03\/LESucar-935x1024.jpg 935w, https:\/\/www.iberamia.org\/iberamia\/iberamia2024\/wp-content\/uploads\/sites\/18\/2024\/03\/LESucar-274x300.jpg 274w, https:\/\/www.iberamia.org\/iberamia\/iberamia2024\/wp-content\/uploads\/sites\/18\/2024\/03\/LESucar-768x841.jpg 768w, https:\/\/www.iberamia.org\/iberamia\/iberamia2024\/wp-content\/uploads\/sites\/18\/2024\/03\/LESucar-1403x1536.jpg 1403w, https:\/\/www.iberamia.org\/iberamia\/iberamia2024\/wp-content\/uploads\/sites\/18\/2024\/03\/LESucar-1870x2048.jpg 1870w\" sizes=\"auto, (max-width: 935px) 100vw, 935px\" \/><\/figure>\n<\/div>\n\n\n\n<div class=\"wp-block-column is-layout-flow wp-block-column-is-layout-flow\" style=\"flex-basis:66.66%\">\n<div class=\"wp-block-group is-vertical is-layout-flex wp-container-core-group-is-layout-8cf370e7 wp-block-group-is-layout-flex\">\n<p><h3><strong>Pr. Luis Enrique Sucar<\/strong><\/h3><\/p>\n\n\n\n<p>Senior Research Scientist<br><a href=\"http:\/\/ccc.inaoep.mx\/\">Department of Computing<\/a><\/p>\n<\/div>\n\n\n\n<p><a href=\"http:\/\/www.inaoep.mx\/\">INAOE<\/a><em><br>Instituto Nacional de Astrof\u00edsica, \u00d3ptica y Electr\u00f3nica<\/em><em><br>Tonantzintla, Puebla<\/em><em><br>72840 MEXICO<\/em><\/p>\n<\/div>\n<\/div>\n\n\n\n<p>Probabilistic Graphical Models are a set of powerful techniques to represent and reason under uncertainty in artificial intelligence. After presenting an overview of graphical models, I will focus on Bayesian networks and causal models. Bayesian networks provide a compact representation of a joint probability distribution, including efficient methods for probabilistic reasoning and learning. We will cover some inference and learning algorithms, and illustrate their applications in medicine and industry. However, Bayesian networks are limited to represent associations, to go further and reason about interventions and counterfactuals we requiere causal models. I will give an introduction to causal graphical models and how to predict the effects on interventions and imagine alternative scenarios. We will cover causal discovery, that is learning cause-effect relations from data, and some applications in medicine and robotics. Finally, we will see how to combine reinforcement learning with causal discovery, to learn at the same time an optimal policy and a causal model.<\/p>\n\n\n\n<p><strong>Short Bio:<\/strong> L. Enrique Sucar (Senior Member IEEE) has a Ph.D. in Computing from Imperial College, London, 1992; a M.Sc. in Electrical Engineering from Stanford University, USA, 1982; and a B.Sc. in Electronics and Communications Engineering from ITESM, Mexico, 1980. He has been a researcher at the Electrical Research Institute, a professor at ITESM, and is currently Senior Research Scientist at the National Institute for Astrophysics, Optics and Electronics, Puebla, Mexico. He has been an invited professor at the University of British Columbia, Canada; Imperial College, London; INRIA, France; and CREATE-NET, Italy. He has more than 400 publications and has directed nearly 100 Ph.D. and M.Sc. thesis. Dr. Sucar received the National Science Prize from the Mexican President; is Member Emeritus of the National Research System, and member of the Mexican Science Academy. He is associate editor of the Pattern Recognition, Computational Intelligence and Frontiers in Rehabilitation journals, and has served as president of the Mexican AI Society and the Mexican Academy of Computing. His main research interest are in probabilistic graphical models, causal reasoning and their applications in robotics, computer vision and biomedicine.<\/p>\n\n\n\n<p><h4><strong>Assessing social bias in AI: Who decides how language models discriminate?<\/strong><\/h4><\/p>\n\n\n\n<div class=\"wp-block-columns is-layout-flex wp-container-core-columns-is-layout-9d6595d7 wp-block-columns-is-layout-flex\">\n\n<div class=\"wp-block-column is-layout-flow wp-block-column-is-layout-flow\" style=\"flex-basis: 33.33%;\">\n\n<figure class=\"wp-block-image size-large\"><img loading=\"lazy\" decoding=\"async\" width=\"909\" height=\"1024\" class=\"wp-image-413\" src=\"https:\/\/www.iberamia.org\/iberamia\/iberamia2024\/wp-content\/uploads\/sites\/18\/2024\/05\/Luciana-Benotti-909x1024.png\" alt=\"\" srcset=\"https:\/\/www.iberamia.org\/iberamia\/iberamia2024\/wp-content\/uploads\/sites\/18\/2024\/05\/Luciana-Benotti-909x1024.png 909w, https:\/\/www.iberamia.org\/iberamia\/iberamia2024\/wp-content\/uploads\/sites\/18\/2024\/05\/Luciana-Benotti-266x300.png 266w, https:\/\/www.iberamia.org\/iberamia\/iberamia2024\/wp-content\/uploads\/sites\/18\/2024\/05\/Luciana-Benotti-768x865.png 768w, https:\/\/www.iberamia.org\/iberamia\/iberamia2024\/wp-content\/uploads\/sites\/18\/2024\/05\/Luciana-Benotti.png 1204w\" sizes=\"auto, (max-width: 909px) 100vw, 909px\" \/><\/figure>\n\n<\/div>\n\n\r\n\r\n\n<div class=\"wp-block-column is-layout-flow wp-block-column-is-layout-flow\" style=\"flex-basis: 66.66%;\">\n\n<div class=\"wp-block-group is-vertical is-layout-flex wp-container-core-group-is-layout-8cf370e7 wp-block-group-is-layout-flex\">\n\n<h4><strong>Pr. Luciana Benotti<\/strong><\/h4>\n\n\r\n\r\n\n<p>Associate Professor<br \/><a href=\"https:\/\/www.unc.edu.ar\/\">Universidad Nacional de C\u00f3rdoba<\/a> &#8211; Argentina<\/p>\r\n<\/div>\n\n\r\n\r\n\n<p>Researcher<em><br \/><\/em>National Research Council <a href=\"https:\/\/www.conicet.gov.ar\/\">CONICET<\/a> &#8211; Argentina<em><br \/><\/em><\/p>\n\n<\/div>\n\n<\/div>\n\n\r\n\r\n\n<p>In the landscape of Artificial Intelligence (AI), the issue of social bias embedded within language models has garnered significant attention. In this talk, we will first discuss how language models represent context in order to understand how social biases get into these systems. We will delve into different definitions of context and how they affect grounding, intention, hallucinations, and prompting. With this background, we will discuss insights into the intricate dynamics of bias assessment in AI systems. With a human rights perspective, we will explore a fundamental question: Who holds the power to determine how language models discriminate? Through the proposal of an interdisciplinary and participatory approach, we will imagine a future in which power is distributed differently in language models.<\/p>\n\n\r\n\r\n\n<p><strong>Short Bio:<\/strong> Luciana Benotti received a PhD in Computing from the Universit\u00e9 de Lorraine in France for her work on Natural Language Processing (NLP) at the Institut National de Recherche en Informatique et en Automatique (INRIA). She also has an Erasmus Mundus joint Masters degree in Computational Logics from the University of Bolzano in Italy and the Universidad Polit\u00e9cnica de Madrid, and a Masters in Computer Science from the Universidad del Comahue in Argentina.\u00a0 She served as the chair of the executive board of the Association for Computational Linguistics until January 2024 and is currently a member of the board. He has been an invited professor at the University of Stanford, US; Imperial College, London; INRIA, France; and CIMEC, Italy. She is currently an Associate Professor in Computer Science at the Universidad Nacional de C\u00f3rdoba and a researcher at the National Research Council in Argentina. She works with the NGOs Fundaci\u00f3n V\u00eda Libreto investigate NLP technology from a human rights perspective. Her research focuses on the areas of conversational agents, natural language processing, error and bias analysis in language models, and the social impact of artificial intelligence.<\/p>\n\n\r\n\r\n\n<h3><strong>A look into the video generation frontier: continuous and discrete approaches<\/strong><\/h3>\n\n\r\n\r\n\n<div class=\"wp-block-columns is-layout-flex wp-container-core-columns-is-layout-9d6595d7 wp-block-columns-is-layout-flex\">\n\n<div class=\"wp-block-column is-layout-flow wp-block-column-is-layout-flow\" style=\"flex-basis: 33.33%;\">\n\n<figure class=\"wp-block-image size-full\"><img loading=\"lazy\" decoding=\"async\" width=\"743\" height=\"743\" class=\"wp-image-419\" src=\"https:\/\/www.iberamia.org\/iberamia\/iberamia2024\/wp-content\/uploads\/sites\/18\/2024\/05\/LezamaFoto-1.png\" alt=\"\" srcset=\"https:\/\/www.iberamia.org\/iberamia\/iberamia2024\/wp-content\/uploads\/sites\/18\/2024\/05\/LezamaFoto-1.png 743w, https:\/\/www.iberamia.org\/iberamia\/iberamia2024\/wp-content\/uploads\/sites\/18\/2024\/05\/LezamaFoto-1-300x300.png 300w, https:\/\/www.iberamia.org\/iberamia\/iberamia2024\/wp-content\/uploads\/sites\/18\/2024\/05\/LezamaFoto-1-150x150.png 150w\" sizes=\"auto, (max-width: 743px) 100vw, 743px\" \/><\/figure>\n\n<\/div>\n\n\r\n\r\n\n<div class=\"wp-block-column is-layout-flow wp-block-column-is-layout-flow\" style=\"flex-basis: 66.66%;\">\n\n<div class=\"wp-block-group is-vertical is-layout-flex wp-container-core-group-is-layout-8cf370e7 wp-block-group-is-layout-flex\">\n\n<h4><strong>Dr. Jos\u00e9 Lezama<\/strong><\/h4>\n\n\r\n\r\n\n<p>Senior Research Scientist<\/p>\n\n\r\n\r\n\n<\/div>\n\n\r\n\r\n\n<p><a href=\"https:\/\/deepmind.google\/\">Google Deepmind<\/a><em><br \/><\/em><\/p>\n\n<\/div>\n\n<\/div>\n\n\r\n\r\n\n<p><strong>Short Bio:<\/strong> Dr. Jos\u00e9 Lezama is a Senior Research Scientist at Google Deepmind. Before 2021 he was an Assistant Professor at Universidad de la Rep\u00fablica in Uruguay. He holds an MSc and PhD in applied mathematics from \u00c9cole Normale Sup\u00e9rieure Paris-Saclay and was a postdoctoral researcher at Duke University. His research interests include learning visual representations via geometric and probabilistic modeling, generative models and machine intelligence in general. His engagement with the international research community has been acknowledged by multiple publications in top venues such as CVPR, ECCV, ICLR, ICML and outstanding reviewer recognitions at CVPR, ECCV, NeurIPS and ICLR.<\/p>\n\n","protected":false},"excerpt":{"rendered":"<p>Plenary Talks in PDF From Bayesian to Causal Networks: Graphical Models in Artificial Intelligence Iberamia 2024&nbsp;Career Recognition Award&nbsp;talk Pr. Luis Enrique Sucar Senior Research ScientistDepartment of Computing INAOEInstituto Nacional de Astrof\u00edsica, \u00d3ptica y Electr\u00f3nicaTonantzintla, Puebla72840 MEXICO Probabilistic Graphical Models are a set of powerful techniques to represent and reason under uncertainty in artificial intelligence. After presenting an overview of graphical models, I will focus on Bayesian networks and causal models.&hellip; <\/p>\n","protected":false},"author":1,"featured_media":0,"parent":0,"menu_order":0,"comment_status":"closed","ping_status":"closed","template":"layouts\/page-fullwidth.php","meta":{"footnotes":""},"class_list":["post-360","page","type-page","status-publish","hentry"],"_links":{"self":[{"href":"https:\/\/www.iberamia.org\/iberamia\/iberamia2024\/wp-json\/wp\/v2\/pages\/360","targetHints":{"allow":["GET"]}}],"collection":[{"href":"https:\/\/www.iberamia.org\/iberamia\/iberamia2024\/wp-json\/wp\/v2\/pages"}],"about":[{"href":"https:\/\/www.iberamia.org\/iberamia\/iberamia2024\/wp-json\/wp\/v2\/types\/page"}],"author":[{"embeddable":true,"href":"https:\/\/www.iberamia.org\/iberamia\/iberamia2024\/wp-json\/wp\/v2\/users\/1"}],"replies":[{"embeddable":true,"href":"https:\/\/www.iberamia.org\/iberamia\/iberamia2024\/wp-json\/wp\/v2\/comments?post=360"}],"version-history":[{"count":13,"href":"https:\/\/www.iberamia.org\/iberamia\/iberamia2024\/wp-json\/wp\/v2\/pages\/360\/revisions"}],"predecessor-version":[{"id":1269,"href":"https:\/\/www.iberamia.org\/iberamia\/iberamia2024\/wp-json\/wp\/v2\/pages\/360\/revisions\/1269"}],"wp:attachment":[{"href":"https:\/\/www.iberamia.org\/iberamia\/iberamia2024\/wp-json\/wp\/v2\/media?parent=360"}],"curies":[{"name":"wp","href":"https:\/\/api.w.org\/{rel}","templated":true}]}}