{"id":1443,"date":"2024-11-06T21:50:34","date_gmt":"2024-11-06T21:50:34","guid":{"rendered":"https:\/\/www.iberamia.org\/iberamia\/iberamia2024\/?page_id=1443"},"modified":"2024-11-07T18:27:46","modified_gmt":"2024-11-07T18:27:46","slug":"industry-session","status":"publish","type":"page","link":"https:\/\/www.iberamia.org\/iberamia\/iberamia2024\/industry-session\/","title":{"rendered":"Industry Session"},"content":{"rendered":"\n<ul class=\"wp-block-list\">\n<li><strong>14:30<\/strong> &#8211; IA en educaci\u00f3n: oportunidades y desaf\u00edos (Germ\u00e1n Capdehourat &#8211; <em>Ceibal<\/em>)<\/li>\n<\/ul>\n\n\n\n<ul class=\"wp-block-list\">\n<li><strong>14:50<\/strong> &#8211; IA Uruguaya para el Mundo: Ejemplos Pr\u00e1cticos desde Pyxis (Rodrigo Sastre y Sebasti\u00e1n Garc\u00eda Parra &#8211; <em>Pyxis<\/em>)<\/li>\n<\/ul>\n\n\n\n<ul class=\"wp-block-list\">\n<li><strong>15:10<\/strong> \u2013 Casos de uso de IAG verdaderamente alineados con el Negocio (Jos\u00e9 C. Nordmann &#8211; <em>Quanam<\/em>)<\/li>\n<\/ul>\n\n\n\n<ul class=\"wp-block-list\">\n<li><strong>15:30<\/strong> \u2013 Aprendizaje Autom\u00e1tico para la Protecci\u00f3n de Aplicaciones Web: El Proyecto WAFMind (Rodrigo Martinez &#8211; Tilsor)<\/li>\n<\/ul>\n\n\n\n<ul class=\"wp-block-list\">\n<li><strong>15:50<\/strong> \u2013 Aplicaciones de IA para combatir el cambio clim\u00e1tico (Diego Kiedanski &#8211; Tryolabs)<\/li>\n<\/ul>\n\n\n\n<hr class=\"wp-block-separator aligncenter has-alpha-channel-opacity is-style-wide\" \/>\n\n\n<div class=\"wp-block-image\">\n<figure class=\"aligncenter size-large is-resized\"><img loading=\"lazy\" decoding=\"async\" width=\"1024\" height=\"75\" src=\"https:\/\/www.iberamia.org\/iberamia\/iberamia2024\/wp-content\/uploads\/sites\/18\/2024\/11\/industry_session-1024x75.png\" alt=\"\" class=\"wp-image-1502\" style=\"width:805px;height:auto\" srcset=\"https:\/\/www.iberamia.org\/iberamia\/iberamia2024\/wp-content\/uploads\/sites\/18\/2024\/11\/industry_session-1024x75.png 1024w, https:\/\/www.iberamia.org\/iberamia\/iberamia2024\/wp-content\/uploads\/sites\/18\/2024\/11\/industry_session-300x22.png 300w, https:\/\/www.iberamia.org\/iberamia\/iberamia2024\/wp-content\/uploads\/sites\/18\/2024\/11\/industry_session-768x56.png 768w, https:\/\/www.iberamia.org\/iberamia\/iberamia2024\/wp-content\/uploads\/sites\/18\/2024\/11\/industry_session-1536x112.png 1536w, https:\/\/www.iberamia.org\/iberamia\/iberamia2024\/wp-content\/uploads\/sites\/18\/2024\/11\/industry_session-2048x150.png 2048w\" sizes=\"auto, (max-width: 1024px) 100vw, 1024px\" \/><\/figure>\n<\/div>","protected":false},"excerpt":{"rendered":"","protected":false},"author":10,"featured_media":0,"parent":0,"menu_order":0,"comment_status":"closed","ping_status":"closed","template":"layouts\/page-fullwidth.php","meta":{"footnotes":""},"class_list":["post-1443","page","type-page","status-publish","hentry"],"_links":{"self":[{"href":"https:\/\/www.iberamia.org\/iberamia\/iberamia2024\/wp-json\/wp\/v2\/pages\/1443","targetHints":{"allow":["GET"]}}],"collection":[{"href":"https:\/\/www.iberamia.org\/iberamia\/iberamia2024\/wp-json\/wp\/v2\/pages"}],"about":[{"href":"https:\/\/www.iberamia.org\/iberamia\/iberamia2024\/wp-json\/wp\/v2\/types\/page"}],"author":[{"embeddable":true,"href":"https:\/\/www.iberamia.org\/iberamia\/iberamia2024\/wp-json\/wp\/v2\/users\/10"}],"replies":[{"embeddable":true,"href":"https:\/\/www.iberamia.org\/iberamia\/iberamia2024\/wp-json\/wp\/v2\/comments?post=1443"}],"version-history":[{"count":20,"href":"https:\/\/www.iberamia.org\/iberamia\/iberamia2024\/wp-json\/wp\/v2\/pages\/1443\/revisions"}],"predecessor-version":[{"id":1522,"href":"https:\/\/www.iberamia.org\/iberamia\/iberamia2024\/wp-json\/wp\/v2\/pages\/1443\/revisions\/1522"}],"wp:attachment":[{"href":"https:\/\/www.iberamia.org\/iberamia\/iberamia2024\/wp-json\/wp\/v2\/media?parent=1443"}],"curies":[{"name":"wp","href":"https:\/\/api.w.org\/{rel}","templated":true}]}}