{"id":656,"date":"2021-05-18T20:16:35","date_gmt":"2021-05-18T18:16:35","guid":{"rendered":"https:\/\/www.iberamia.org\/iberamia\/iberamia2022\/?page_id=656"},"modified":"2023-03-02T10:43:16","modified_gmt":"2023-03-02T09:43:16","slug":"simdia-portugues","status":"publish","type":"page","link":"https:\/\/www.iberamia.org\/iberamia\/iberamia2022\/simdia-portugues\/","title":{"rendered":"SIMDIA&#8217;2021-portugues"},"content":{"rendered":"<table style=\"border-collapse: collapse; width: 100%;\" border=\"1\">\n<tbody>\n<tr>\n<td style=\"width: 19.18%;\"><strong><img loading=\"lazy\" decoding=\"async\" class=\"size-full wp-image-214 alignnone\" src=\"http:\/\/www.iberamia.org\/iberamia\/wp-content\/uploads\/2015\/06\/iberamiafavicon.gif\" alt=\"\" width=\"157\" height=\"122\" \/><\/strong><\/td>\n<td style=\"width: 80.82%;\">\n<h3 style=\"text-align: center;\"><strong><span class=\"VIiyi\" lang=\"pt\"><span class=\"JLqJ4b ChMk0b\" data-language-for-alternatives=\"pt\" data-language-to-translate-into=\"es\" data-phrase-index=\"0\">I Simp\u00f3sio Ibero-americano de Mestrado e Doutorado em Intelig\u00eancia Artificial<\/span><\/span><\/strong><\/h3>\n<h4 style=\"text-align: center;\"><span style=\"color: #800000;\"><strong>November 11-12, 2021<\/strong><\/span><\/h4>\n<h5 style=\"text-align: center;\"><span style=\"color: #993300;\"><em><strong><span class=\"VIiyi\" lang=\"pt\"><span class=\"JLqJ4b ChMk0b\" data-language-for-alternatives=\"pt\" data-language-to-translate-into=\"es\" data-phrase-index=\"4\">A edi\u00e7\u00e3o de 2021 ocorrer\u00e1 virtualmente devido \u00e0 situa\u00e7\u00e3o da Covid-19<\/span><\/span><\/strong><br \/>\n<\/em><\/span><\/h5>\n<h3 style=\"text-align: center;\"><strong><a href=\"https:\/\/www.iberamia.org\/iberamia\/iberamia2022\/simdia-2021-programa\/\">PROGRAMA<\/a>\u00a0 \u00a0 \u00a0 \u00a0 \u00a0<a href=\"https:\/\/www.iberamia.org\/iberamia\/iberamia2022\/wp-content\/uploads\/sites\/6\/2023\/03\/Procc-SIMDIA-2021.pdf\">PROCCEDINGS<\/a>\u00a0 \u00a0 \u00a0 \u00a0 \u00a0 \u00a0 \u00a0<\/strong><strong style=\"color: #ff0000; font-family: inherit;\"><a href=\"https:\/\/www.iberamia.org\/iberamia\/iberamia2022\/premios-simdia2021\/\">PR\u00c9MIOS\u00a0 SIMDIA&#8217;2021<\/a><\/strong><\/h3>\n<\/td>\n<\/tr>\n<\/tbody>\n<\/table>\n<h4 style=\"text-align: center;\"><strong><a href=\"https:\/\/www.iberamia.org\/iberamia\/iberamia2022\/simdia-esp\/\">Spanish\u00a0<\/a>\u00a0\u00a0\u00a0\u00a0\u00a0\u00a0\u00a0\u00a0\u00a0\u00a0\u00a0\u00a0\u00a0\u00a0\u00a0\u00a0\u00a0\u00a0\u00a0\u00a0\u00a0 <a href=\"https:\/\/www.iberamia.org\/iberamia\/iberamia2022\/simdia\/\">English\u00a0<\/a>\u00a0\u00a0\u00a0\u00a0\u00a0\u00a0\u00a0 \u00a0 \u00a0\u00a0 <a href=\"https:\/\/www.iberamia.org\/iberamia\/iberamia2022\/simdia-por\/\">Portugues<\/a><\/strong><\/h4>\n<hr \/>\n<p>No \u00e2mbito da XVII edi\u00e7\u00e3o da Confer\u00eancia Ibero-americana de Intelig\u00eancia Artificial, ser\u00e1 realizado como atividade preliminar o primeiro <strong>Simp\u00f3sio Ibero-Americano de Mestrado e Doutorado em Intelig\u00eancia Artificial (SIMDIA&#8217;2021)<\/strong>, que ter\u00e1 como objetivo ser um espa\u00e7o de socializa\u00e7\u00e3o, apresenta\u00e7\u00e3o e discuss\u00e3o de trabalhos acad\u00eamicos de mestrado e doutorado nas diferentes tem\u00e1ticas em torno da Intelig\u00eancia Artificial (IA).<\/p>\n<p>O Simp\u00f3sio consiste na apresenta\u00e7\u00e3o de trabalhos de investiga\u00e7\u00e3o desenvolvidos por alunos de p\u00f3s-gradua\u00e7\u00e3o (Mestrado \/ Doutoramento) com (i) uma contribui\u00e7\u00e3o significativa para o conhecimento ou (ii) apresenta\u00e7\u00e3o de experi\u00eancias inovadoras nas diferentes \u00e1reas da IA. Os trabalhos inscritos passar\u00e3o por avalia\u00e7\u00e3o por pares e e somente os aceitos no processo de avalia\u00e7\u00e3o ser\u00e3o apresentados. Existe uma comiss\u00e3o cient\u00edfica composta por investigadores das diferentes \u00e1reas de IA e com o apoio das diferentes sociedades que integram a IBERAMIA.<\/p>\n<p>Os trabalhos selecionados ter\u00e3o um tempo de 15 minutos de apresenta\u00e7\u00e3o e 10 minutos de perguntas. De acordo com o resultado da sele\u00e7\u00e3o, haver\u00e1 salas especializadas por \u00e1reas (tracks). Os artigos podem ser submetidos e apresentados em ingl\u00eas, espanhol ou portugu\u00eas.<br \/>\nAl\u00e9m das apresenta\u00e7\u00f5es dos trabalhos selecionados, haver\u00e1 algumas confer\u00eancias plen\u00e1rias no \u00e2mbito do Simp\u00f3sio.<\/p>\n<p>Os trabalhos a serem apresentados enquadram-se nas seguintes \u00e1reas de investiga\u00e7\u00e3o:<\/p>\n<p style=\"padding-left: 40px;\">\u2022 Knowledge Engineering, Knowledge Representation and Reasoning under Uncertainty<br \/>\n\u2022 Agent technology and Multi-Agent Systems. Argumentation.<br \/>\n\u2022 Planning and Scheduling. Heuristics and Metaheuristics. Robotics.<br \/>\n\u2022 Computational Intelligence &amp; Soft Computing. Cognitive Modeling, Cognitive Systems<br \/>\n\u2022 Natural Language Processing. Computer vision, Pattern recognition<br \/>\n\u2022 AI in Education, Affective Computing and Human-Computer Interaction.<br \/>\n\u2022 Machine Learning and Deep Learning. Big Data, Knowledge Discovery, Data Mining<br \/>\n\u2022 Ambient intelligence. AI of Things. Humans and AI, Human-Aware AI.<br \/>\n\u2022 Game Theory and Interactive Entertainment. AI and the Web, Computational Sustainability and AI.<\/p>\n<p><span class=\"VIiyi\" lang=\"pt\"><span class=\"JLqJ4b ChMk0b\" data-language-for-alternatives=\"pt\" data-language-to-translate-into=\"es\" data-phrase-index=\"0\">Podem ser inscritos trabalhos de pesquisa relacionados a Teses de Doutorado ou Projetos Finais de Mestrado j\u00e1 apresentados ou em fase de realiza\u00e7\u00e3o.<\/span> <span class=\"JLqJ4b ChMk0b\" data-language-for-alternatives=\"pt\" data-language-to-translate-into=\"es\" data-phrase-index=\"1\">No primeiro caso, eles devem ter sido enviados ap\u00f3s 1\u00ba de janeiro de 2018.<\/span><\/span><\/p>\n<p><strong>Guia para autores<\/strong><\/p>\n<p>Os artigos enviados devem ter entre 3 e 5 p\u00e1ginas e devem refletir o progresso com um certo grau de maturidade. Devem identificar claramente qual \u00e9 a contribui\u00e7\u00e3o esperada, contrastando com outros trabalhos anteriores e com a metodologia proposta. Quando julgar pertinente, apresentar os resultados obtidos. Devem indicar o status da Tese e principais conclus\u00f5es.<br \/>\nA submiss\u00e3o que os alunos devem fazer para o simp\u00f3sio de mestrado e doutorado consiste em dois elementos:<\/p>\n<ol>\n<li><strong>Uma carta de recomenda\u00e7\u00e3o do tutor do aluno.<\/strong> A carta dever\u00e1 ser enviada por correio diretamente para as chairs do Simp\u00f3sio, respectivamente: simdia.maestria@iberamia.org , simdia.doctorado@iberamia.org. A carta de recomenda\u00e7\u00e3o deve incluir a situa\u00e7\u00e3o atual da pesquisa, bem como a data prevista para a conclus\u00e3o da pesquisa e realiza\u00e7\u00e3o da defensa.<\/li>\n<li><strong>Um artigo que descreve a investiga\u00e7\u00e3o.<\/strong> O autor do artigo deve ser apenas o aluno e, se desejar, o tutor. O comprimento do artigo ser\u00e1 de <strong>5 p\u00e1ginas<\/strong> no m\u00e1ximo (mais 2 p\u00e1ginas s\u00e3o permitidas para refer\u00eancias) e deve conter claramente definido:<\/li>\n<\/ol>\n<p style=\"padding-left: 120px;\">a) O problema a ser resolvido na investiga\u00e7\u00e3o; a raz\u00e3o pela qual o problema \u00e9 importante. Al\u00e9m disso, deve ficar claro quais s\u00e3o as pesquisas anteriores que o ap\u00f3iam. No caso do doutorado: porque o problema a ser resolvido \u00e9 inovador e mostra que ainda n\u00e3o foi resolvido.<br \/>\nb) Os objetivos ou hip\u00f3teses da investiga\u00e7\u00e3o.<br \/>\nc) Contribui\u00e7\u00f5es esperadas da pesquisa, incluindo uma discuss\u00e3o de trabalhos relacionados.<br \/>\nd) Como os alunos planejam avaliar os resultados e apresentar as evid\u00eancias desses resultados para a comunidade (divulga\u00e7\u00e3o).<br \/>\ne) Uma descri\u00e7\u00e3o dos resultados esperados ou j\u00e1 alcan\u00e7ados, bem como futuras linhas de trabalho.<\/p>\n<p style=\"padding-left: 80px;\">No caso de uma investiga\u00e7\u00e3o preliminar, o artigo deve ter no m\u00e1ximo <strong>3 p\u00e1ginas<\/strong> (permitindo 1 p\u00e1gina adicional para refer\u00eancias) e deve incluir todos os itens indicados acima de (a) &#8211; (d) e n\u00e3o incluir (e).<br \/>\nOs artigos podem ser escritos em ingl\u00eas, espanhol ou portugu\u00eas e devem seguir o formato Springer LNCS (<a href=\"http:\/\/www.springer.com\/gp\/computer-science\/lncs\/conference-proceedings-guidelines\">http:\/\/www.springer.com\/gp\/computer-science\/lncs\/conference-proceedings-guidelines<\/a>). Os artigos ser\u00e3o enviados em formato pdf para EasyChair (registro pr\u00e9vio):<\/p>\n<ul>\n<li style=\"list-style-type: none;\">\n<ul>\n<li style=\"list-style-type: none;\">\n<ul>\n<li>SIMDIA-Maestria: <a href=\"https:\/\/easychair.org\/my\/conference?conf=simdia2021\">https:\/\/easychair.org\/my\/conference?conf=simdia2021<\/a><\/li>\n<li>SIMDIA-Doctorado: <a href=\"https:\/\/easychair.org\/conferences\/?conf=phdsimdia2021\">https:\/\/easychair.org\/conferences\/?conf=phdsimdia2021<\/a><\/li>\n<\/ul>\n<\/li>\n<\/ul>\n<\/li>\n<\/ul>\n<p>As vers\u00f5es aceitas e apresentadas ser\u00e3o publicadas digitalmente, al\u00e9m de receberem certificado de participa\u00e7\u00e3o dos expositores.<\/p>\n<p>Os artigos melhor avaliados <strong><em>(best paper award)<\/em><\/strong> ser\u00e3o convidados a publicar uma vers\u00e3o estendida na revista <a href=\"https:\/\/journal.iberamia.org\/\">Inteligencia Artificial<\/a> (revista de acesso aberto editada pela IBERAMIA e indexada no Scopus, Scimago e Emerging Souces Citation Index), bem como em outras revistas especializadas a ser definidas. Ser\u00e3o respeitadas as condi\u00e7\u00f5es espec\u00edficas de idioma e formato das revistas selecionadas.<\/p>\n<p>Adicionalmente, ser\u00e1 concedido um convite <strong><em>(bolsa- inscri\u00e7\u00e3o)<\/em><\/strong> para a <a href=\"https:\/\/www.iberamia.org\/iberamia\/iberamia2022\/\">17th Iberoamerican Conference on Artificial Intelligence (Iberamia\u20192022)<\/a> para apresenta\u00e7\u00e3o do trabalho.<\/p>\n<p><strong>Respons\u00e1vel pela Organiza\u00e7\u00e3o e Sele\u00e7\u00e3o de Trabalhos.<\/strong><\/p>\n<ul>\n<li>Doctorado: Pr. Juan de Dios Murillo. Universidad Nacional Costa Rica (<a href=\"mailto:simdia.doctorado@iberamia.org\">simdia.doctorado@iberamia.org<\/a>)<\/li>\n<li>Maestria: Pr. Nestor Dario Duque. Universidad Nacional de Colombia. Sede Manizales (<a href=\"mailto:simdia.maestria@iberamia.org\">simdia.maestria@iberamia.org<\/a>)<\/li>\n<\/ul>\n<p><strong>Inscri\u00e7\u00f5es para participar do Simp\u00f3sio e apresentar trabalhos<\/strong>: Gr\u00e1tis<\/p>\n<p><strong>Datas:<\/strong><\/p>\n<ul>\n<li>Envio de artigos:\u00a0<strong>September, 30, 2021\u00a0<\/strong> \u00a0\u00a0 <del>5-julho a 13-setembro de 2021<\/del><\/li>\n<li>Notifica\u00e7\u00e3o: 18-outubro de 2021<\/li>\n<li>Simposio: 11-novembro de 2021<\/li>\n<\/ul>\n","protected":false},"excerpt":{"rendered":"<p>I Simp\u00f3sio Ibero-americano de Mestrado e Doutorado em Intelig\u00eancia Artificial November 11-12, 2021 A edi\u00e7\u00e3o de 2021 ocorrer\u00e1 virtualmente devido \u00e0 situa\u00e7\u00e3o da Covid-19 PROGRAMA\u00a0 \u00a0 \u00a0 \u00a0 \u00a0PROCCEDINGS\u00a0 \u00a0 \u00a0 \u00a0 \u00a0 \u00a0 \u00a0PR\u00c9MIOS\u00a0 SIMDIA&#8217;2021 Spanish\u00a0\u00a0\u00a0\u00a0\u00a0\u00a0\u00a0\u00a0\u00a0\u00a0\u00a0\u00a0\u00a0\u00a0\u00a0\u00a0\u00a0\u00a0\u00a0\u00a0\u00a0\u00a0 English\u00a0\u00a0\u00a0\u00a0\u00a0\u00a0\u00a0\u00a0 \u00a0 \u00a0\u00a0 Portugues No \u00e2mbito da XVII edi\u00e7\u00e3o da Confer\u00eancia Ibero-americana de Intelig\u00eancia Artificial, ser\u00e1 realizado como atividade preliminar o primeiro Simp\u00f3sio Ibero-Americano de Mestrado e Doutorado em Intelig\u00eancia Artificial (SIMDIA&#8217;2021), que&hellip; <\/p>\n","protected":false},"author":1,"featured_media":0,"parent":0,"menu_order":0,"comment_status":"closed","ping_status":"closed","template":"layouts\/page-fullwidth.php","meta":{"footnotes":""},"class_list":["post-656","page","type-page","status-publish","hentry"],"_links":{"self":[{"href":"https:\/\/www.iberamia.org\/iberamia\/iberamia2022\/wp-json\/wp\/v2\/pages\/656","targetHints":{"allow":["GET"]}}],"collection":[{"href":"https:\/\/www.iberamia.org\/iberamia\/iberamia2022\/wp-json\/wp\/v2\/pages"}],"about":[{"href":"https:\/\/www.iberamia.org\/iberamia\/iberamia2022\/wp-json\/wp\/v2\/types\/page"}],"author":[{"embeddable":true,"href":"https:\/\/www.iberamia.org\/iberamia\/iberamia2022\/wp-json\/wp\/v2\/users\/1"}],"replies":[{"embeddable":true,"href":"https:\/\/www.iberamia.org\/iberamia\/iberamia2022\/wp-json\/wp\/v2\/comments?post=656"}],"version-history":[{"count":13,"href":"https:\/\/www.iberamia.org\/iberamia\/iberamia2022\/wp-json\/wp\/v2\/pages\/656\/revisions"}],"predecessor-version":[{"id":1367,"href":"https:\/\/www.iberamia.org\/iberamia\/iberamia2022\/wp-json\/wp\/v2\/pages\/656\/revisions\/1367"}],"wp:attachment":[{"href":"https:\/\/www.iberamia.org\/iberamia\/iberamia2022\/wp-json\/wp\/v2\/media?parent=656"}],"curies":[{"name":"wp","href":"https:\/\/api.w.org\/{rel}","templated":true}]}}