{"id":567,"date":"2021-03-19T18:47:44","date_gmt":"2021-03-19T17:47:44","guid":{"rendered":"https:\/\/www.iberamia.org\/iberamia\/iberamia2022\/?page_id=567"},"modified":"2023-03-02T10:40:54","modified_gmt":"2023-03-02T09:40:54","slug":"simdia-esp","status":"publish","type":"page","link":"https:\/\/www.iberamia.org\/iberamia\/iberamia2022\/simdia-esp\/","title":{"rendered":"SIMDIA&#8217;2021-esp"},"content":{"rendered":"<table style=\"border-collapse: collapse; width: 100%;\" border=\"1\">\n<tbody>\n<tr>\n<td style=\"width: 19.18%;\"><strong><img loading=\"lazy\" decoding=\"async\" class=\"size-full wp-image-214 alignnone\" src=\"http:\/\/www.iberamia.org\/iberamia\/wp-content\/uploads\/2015\/06\/iberamiafavicon.gif\" alt=\"\" width=\"157\" height=\"122\" \/><\/strong><\/td>\n<td style=\"width: 80.82%;\">\n<h3 style=\"text-align: center;\"><strong>\u00a0<\/strong><strong>Primer<\/strong><strong> Simposio Iberoamericano de Maestr\u00eda y Doctorado en Inteligencia Artificial<\/strong><\/h3>\n<h4 style=\"text-align: center;\"><span style=\"color: #800000;\"><strong>Noviembre 11, 2021<br \/>\n<\/strong><\/span><\/h4>\n<h5 style=\"text-align: center;\"><span style=\"color: #993300;\"><em><strong>La edici\u00f3n 2021 se desarrollar\u00e1 en forma virtual debido a la situaci\u00f3n Covid-19<\/strong><\/em><\/span><\/h5>\n<h3 style=\"text-align: center;\"><span style=\"color: #ff0000;\"><strong><a href=\"https:\/\/www.iberamia.org\/iberamia\/iberamia2022\/simdia-2021-programa\/\">PROGRAMA\u00a0<\/a>\u00a0 \u00a0 \u00a0 \u00a0 <a href=\"https:\/\/www.iberamia.org\/iberamia\/iberamia2022\/wp-content\/uploads\/sites\/6\/2023\/03\/Procc-SIMDIA-2021.pdf\">ACTAS<\/a>\u00a0 \u00a0 \u00a0 \u00a0 \u00a0 \u00a0<a href=\"https:\/\/www.iberamia.org\/iberamia\/iberamia2022\/premios-simdia2021\/\">PREMIOS\u00a0 SIMDIA&#8217;2021<\/a><\/strong><\/span><\/h3>\n<\/td>\n<td style=\"width: 19.18%;\"><\/td>\n<td style=\"width: 80.82%;\"><\/td>\n<\/tr>\n<\/tbody>\n<\/table>\n<p style=\"text-align: center;\"><strong><a href=\"https:\/\/www.iberamia.org\/iberamia\/iberamia2022\/simdia-esp\/\">Spanish\u00a0<\/a>\u00a0\u00a0\u00a0\u00a0\u00a0\u00a0\u00a0\u00a0\u00a0\u00a0\u00a0\u00a0\u00a0\u00a0\u00a0\u00a0\u00a0\u00a0\u00a0\u00a0\u00a0 <a href=\"https:\/\/www.iberamia.org\/iberamia\/iberamia2022\/simdia\/\">English\u00a0<\/a>\u00a0\u00a0\u00a0\u00a0\u00a0\u00a0\u00a0 \u00a0 \u00a0\u00a0 <a href=\"https:\/\/www.iberamia.org\/iberamia\/iberamia2022\/simdia-por\/\">Portugues<\/a><\/strong><\/p>\n<hr \/>\n<p>En el marco de la <a href=\"https:\/\/www.iberamia.org\/iberamia\/iberamia2022\/\">XVII edici\u00f3n de la <\/a><em>Conferencia Iberoamericana de Inteligencia Artificial, <\/em>se realizar\u00e1 como actividad previa el primer <strong>Simposio Iberoamericano de Maestr\u00eda y Doctorado en Inteligencia Artificial (SIMDIA\u20192021)<\/strong>, que tendr\u00e1 como objetivo ser un espacio de socializaci\u00f3n, presentaci\u00f3n y discusi\u00f3n de trabajos acad\u00e9micos de maestr\u00eda y doctorado en las diferentes tem\u00e1ticas alrededor de Inteligencia Artificial (IA).<\/p>\n<p>El Simposio consiste en la presentaci\u00f3n de los trabajos de investigaci\u00f3n realizados por los estudiantes de postgrado (Maestr\u00eda o Doctorado) con (i) un aporte significativo al conocimiento o (ii) que presenten experiencias innovadoras en las diferentes \u00e1reas de la IA. Los trabajos enviados pasar\u00e1n por una evaluaci\u00f3n por pares y se presentar\u00e1n los aceptados en el proceso de evaluaci\u00f3n. Se cuenta con un comit\u00e9 cient\u00edfico conformado por investigadores de las diferentes \u00e1reas de IA y con el apoyo de las diferentes sociedades que conforman IBERAMIA.<\/p>\n<p>Los trabajos seleccionados tendr\u00e1n un tiempo de 15 minutos de exposici\u00f3n y 10 minutos de preguntas. De acuerdo a los resultados de la selecci\u00f3n se tendr\u00e1n salas especializadas por \u00e1reas (tracks). Los trabajos pueden ser enviados y presentados en ingl\u00e9s, espa\u00f1ol o portugu\u00e9s. Adem\u00e1s de las presentaciones de los trabajos seleccionados, se tendr\u00e1n algunas conferencias plenarias en el marco del Simposio.<\/p>\n<p>Los trabajos que se presentar\u00e1n est\u00e1n enmarcados en las siguientes \u00e1reas de investigaci\u00f3n:<\/p>\n<ul>\n<li>Knowledge Engineering, Knowledge Representation and Reasoning under Uncertainty<\/li>\n<li>Agent technology and Multi-Agent Systems. Argumentation.<\/li>\n<li>Planning and Scheduling. Heuristics and Metaheuristics. Robotics.<\/li>\n<li>Computational Intelligence &amp; Soft Computing. Cognitive Modeling, Cognitive Systems<\/li>\n<li>Natural Language Processing. Computer vision, Pattern recognition<\/li>\n<li>AI in Education, Affective Computing and Human-Computer Interaction.<\/li>\n<li>Machine Learning and Deep Learning. Big Data, Knowledge Discovery, Data Mining<\/li>\n<li>Ambient intelligence. AI of Things. Humans and AI, Human-Aware AI.<\/li>\n<li>Game Theory and Interactive Entertainment. AI and the Web, Computational Sustainability and AI.<\/li>\n<\/ul>\n<p>Pueden presentarse trabajos de investigaci\u00f3n relacionados con Tesis Doctorales o Trabajos Fin de M\u00e1ster que hayan sido ya presentados o est\u00e9n en curso de realizaci\u00f3n. En el primer caso, deben haber sido presentados con posterioridad al 1, Enero, 2018.<\/p>\n<h5><strong>Gu\u00eda a los autores<\/strong><\/h5>\n<p>Los art\u00edculos enviados deben tener entre 3 y 5 p\u00e1ginas y deben reflejar los avances con un cierto grado de madurez. Deben identificar claramente cu\u00e1l es la contribuci\u00f3n que se espera, contrastada con otros trabajos previos y la metodolog\u00eda propuesta. Deben indicar el estado en el que se encuentra la Tesis y principales hallazgos. Cuando lo amerite, se presentar\u00e1n los resultados obtenidos.<\/p>\n<p>El env\u00edo que deben hacer los estudiantes para el simposio de maestr\u00eda y doctorado consiste de dos elementos:<\/p>\n<p><strong>Una carta de recomendaci\u00f3n del tutor del estudiante.<\/strong> La carta deber\u00e1 ser enviada por correo directamente a los chairs del Simposio de Maestr\u00eda o Doctoral, respectivamente: <a href=\"mailto:simdia.maestria@iberamia.org\">simdia.maestria@iberamia.org<\/a> , <a href=\"mailto:simdia.doctorado@iberamia.org\">simdia.doctorado@iberamia.org<\/a>. La carta de recomendaci\u00f3n debe incluir el estado actual de la investigaci\u00f3n, as\u00ed como la fecha esperada para completar la investigaci\u00f3n y realizar la disertaci\u00f3n.<\/p>\n<p><strong>Un art\u00edculo que describa la investigaci\u00f3n.<\/strong> El autor del art\u00edculo deber\u00e1 ser solo el estudiante y, si lo desea, el tutor. La longitud del art\u00edculo ser\u00e1 de <strong>5 p\u00e1ginas<\/strong> como m\u00e1ximo (se permiten 2 p\u00e1ginas m\u00e1s para las referencias) y debe contener claramente definido:<\/p>\n<p style=\"padding-left: 40px;\">a) El problema que se pretende resolver en la investigaci\u00f3n; la justificaci\u00f3n del por qu\u00e9 el problema planteado es importante. Adem\u00e1s debe dejarse en claro cu\u00e1les son las investigaciones previas que lo respaldan . En caso de doctorado: el por qu\u00e9 el problema a resolver es innovador y demostrar que no ha sido resuelto a\u00fan.<\/p>\n<p style=\"padding-left: 40px;\">b) Los objetivos o hip\u00f3tesis de la investigaci\u00f3n.<\/p>\n<p style=\"padding-left: 40px;\">c) Las contribuciones esperadas de la investigaci\u00f3n, incluyendo una discusi\u00f3n del trabajo relacionado.<\/p>\n<p style=\"padding-left: 40px;\">d) C\u00f3mo los estudiantes planean evaluar los resultados y presentar la evidencia de esos resultados a la comunidad (divulgaci\u00f3n),<\/p>\n<p style=\"padding-left: 40px;\">e) Una descripci\u00f3n de los resultados esperados o ya alcanzados, as\u00ed como las l\u00edneas de trabajo futuro<\/p>\n<p style=\"padding-left: 40px;\">En caso de una investigaci\u00f3n preliminar, el art\u00edculo deber\u00e1 ser de <strong>3 p\u00e1ginas<\/strong> como m\u00e1ximo (permitiendo 1 p\u00e1gina adicional para referencias) y debe incluir todos los items arriba se\u00f1alados del (a)-(d) y no incluir el (e).<\/p>\n<p>Los art\u00edculos pueden ser escritos en ingl\u00e9s, espa\u00f1ol o portugu\u00e9s y deber\u00e1n seguir el formato Springer LNCS (<a href=\"http:\/\/www.springer.com\/gp\/computer-science\/lncs\/conference-proceedings-guidelines\">http:\/\/www.springer.com\/gp\/computer-science\/lncs\/conference-proceedings-guidelines<\/a>). Los art\u00edculos se enviar\u00e1n en formato pdf a (requiere un acceso o registro previo en EasyChair):<\/p>\n<ul>\n<li style=\"list-style-type: none;\">\n<ul>\n<li style=\"list-style-type: none;\">\n<ul>\n<li>SIMDIA-Maestria: <a href=\"https:\/\/easychair.org\/my\/conference?conf=simdia2021\">https:\/\/easychair.org\/my\/conference?conf=simdia2021<\/a><\/li>\n<li>SIMDIA-Doctorado: <a href=\"https:\/\/easychair.org\/conferences\/?conf=phdsimdia2021\">https:\/\/easychair.org\/conferences\/?conf=phdsimdia2021<\/a><\/li>\n<\/ul>\n<\/li>\n<\/ul>\n<\/li>\n<\/ul>\n<p>Se publicar\u00e1n digitalmente las versiones aceptadas y presentadas, adem\u00e1s de recibir certificado de participaci\u00f3n a los expositores.<\/p>\n<p>Los trabajos mejores calificados (<strong><em>best paper award<\/em><\/strong>) ser\u00e1n invitados a publicar una versi\u00f3n extendida en la revista <a href=\"https:\/\/journal.iberamia.org\/\"><strong>Inteligencia Artificial<\/strong><\/a> (editada por IBERAMIA e indexada en Scopus, Scimago y Emerging Souces Citation Index), as\u00ed como en otras revistas especializadas por definir. Se respetaran las condiciones espec\u00edficas de idioma y formato de las revistas seleccionadas.<\/p>\n<p>Adicionalmente, se otorgar\u00e1 una invitaci\u00f3n (<em><strong>beca-inscripci\u00f3n<\/strong><\/em>) para la <a href=\"https:\/\/www.iberamia.org\/iberamia\/iberamia2022\/\">17th Iberoamerican Conference on Artificial Intelligence (Iberamia\u20192022)<\/a> para presentar el trabajo.<\/p>\n<h5 class=\"gmail_default\"><strong>Responsables de la Organizaci\u00f3n y Selecci\u00f3n de Trabajos.<\/strong><\/h5>\n<ul>\n<li><span style=\"font-family: arial, helvetica, sans-serif;\"><strong>Doctorado:<\/strong> <span style=\"color: #333333;\">Pr. Juan de Dios Murillo. <\/span><\/span>Universidad Nacional.\u00a0 Costa Rica (<a href=\"mailto:simdia.doctorado@iberamia.org\">simdia.doctorado@iberamia.org<\/a>)<\/li>\n<li><strong>Maestria:<\/strong> <span style=\"color: #333333;\">Pr. Nestor Dario Duque.<\/span> Universidad Nacional de Colombia. Sede Manizales (<a href=\"mailto:simdia.maestria@iberamia.org\">simdia.maestria@iberamia.org<\/a>)<span style=\"color: #333333;\"><br \/>\n<\/span><\/li>\n<\/ul>\n<h5><strong>Registro para participar en el Simposio y presentar trabajos:<\/strong> Gratuito<\/h5>\n<h5><strong>Fechas:<\/strong><\/h5>\n<ul>\n<li>Env\u00edo de trabajos: <strong>September, 30, 2021\u00a0<\/strong>\u00a0\u00a0 <del>5-Julio a 13-Septiembre de 2021<\/del><\/li>\n<li>Notificaci\u00f3n: 18, octubre, 2021<\/li>\n<li>Simposio: 11 de Noviembre de 2021.<\/li>\n<\/ul>\n<hr \/>\n","protected":false},"excerpt":{"rendered":"<p>\u00a0Primer Simposio Iberoamericano de Maestr\u00eda y Doctorado en Inteligencia Artificial Noviembre 11, 2021 La edici\u00f3n 2021 se desarrollar\u00e1 en forma virtual debido a la situaci\u00f3n Covid-19 PROGRAMA\u00a0\u00a0 \u00a0 \u00a0 \u00a0 ACTAS\u00a0 \u00a0 \u00a0 \u00a0 \u00a0 \u00a0PREMIOS\u00a0 SIMDIA&#8217;2021 Spanish\u00a0\u00a0\u00a0\u00a0\u00a0\u00a0\u00a0\u00a0\u00a0\u00a0\u00a0\u00a0\u00a0\u00a0\u00a0\u00a0\u00a0\u00a0\u00a0\u00a0\u00a0\u00a0 English\u00a0\u00a0\u00a0\u00a0\u00a0\u00a0\u00a0\u00a0 \u00a0 \u00a0\u00a0 Portugues En el marco de la XVII edici\u00f3n de la Conferencia Iberoamericana de Inteligencia Artificial, se realizar\u00e1 como actividad previa el primer Simposio Iberoamericano de Maestr\u00eda y Doctorado en&hellip; <\/p>\n","protected":false},"author":1,"featured_media":0,"parent":0,"menu_order":0,"comment_status":"closed","ping_status":"closed","template":"layouts\/page-fullwidth.php","meta":{"footnotes":""},"class_list":["post-567","page","type-page","status-publish","hentry"],"_links":{"self":[{"href":"https:\/\/www.iberamia.org\/iberamia\/iberamia2022\/wp-json\/wp\/v2\/pages\/567","targetHints":{"allow":["GET"]}}],"collection":[{"href":"https:\/\/www.iberamia.org\/iberamia\/iberamia2022\/wp-json\/wp\/v2\/pages"}],"about":[{"href":"https:\/\/www.iberamia.org\/iberamia\/iberamia2022\/wp-json\/wp\/v2\/types\/page"}],"author":[{"embeddable":true,"href":"https:\/\/www.iberamia.org\/iberamia\/iberamia2022\/wp-json\/wp\/v2\/users\/1"}],"replies":[{"embeddable":true,"href":"https:\/\/www.iberamia.org\/iberamia\/iberamia2022\/wp-json\/wp\/v2\/comments?post=567"}],"version-history":[{"count":18,"href":"https:\/\/www.iberamia.org\/iberamia\/iberamia2022\/wp-json\/wp\/v2\/pages\/567\/revisions"}],"predecessor-version":[{"id":1384,"href":"https:\/\/www.iberamia.org\/iberamia\/iberamia2022\/wp-json\/wp\/v2\/pages\/567\/revisions\/1384"}],"wp:attachment":[{"href":"https:\/\/www.iberamia.org\/iberamia\/iberamia2022\/wp-json\/wp\/v2\/media?parent=567"}],"curies":[{"name":"wp","href":"https:\/\/api.w.org\/{rel}","templated":true}]}}