{"id":124,"date":"2019-04-07T21:53:18","date_gmt":"2019-04-07T19:53:18","guid":{"rendered":"http:\/\/www.iberamia.org\/iberamia\/iberamia2020\/?page_id=124"},"modified":"2020-04-21T19:12:01","modified_gmt":"2020-04-21T17:12:01","slug":"organization-committee","status":"publish","type":"page","link":"https:\/\/www.iberamia.org\/iberamia\/iberamia2022\/organization-committee\/","title":{"rendered":"Organization Committee"},"content":{"rendered":"<p><strong>Contact:<\/strong> <a href=\"mailto:oc-chair@iberamia.org\">oc-chair@iberamia.org<\/a><\/p>\r\n<p><strong>Organization Chair:\u00a0<\/strong> Pr Julio Cesar Rodriguez Rib\u00f3n &#8211; Universidad de Cartagena<\/p>\r\n\r\n<p><strong>Members of Organization Committee:<\/strong><\/p>\r\n<p style=\"padding-left: 40px;\">Javier Pinedo: Audiovisual and Technical Aspects<br \/>M\u00f3nica \u00d3spino: Website, press and social communications.<br \/>Yasm\u00edn Moya Villa: Cultural events.<br \/>Amaury Cabarcas: Hotels, coffe breaks and meals.<br \/>Manuel Alejandro Ospina Alarc\u00f3n: Transportation, mobility logistics.<br \/>Gabriel Elias Chanchi: Logistics. Office, registrations and certificates<br \/>Juan Carlos Garc\u00eda Ojeda: Agenda and programme, Workshops and Conference.<br \/>Julio C\u00e9sar Rodr\u00edguez Rib\u00f3n: Financial Aspects, budget.<br \/>Miguel \u00c1ngel Garc\u00eda Bola\u00f1os: Health logistics for the speakers and participants<\/p>\r\n","protected":false},"excerpt":{"rendered":"<p>Contact: oc-chair@iberamia.org Organization Chair:\u00a0 Pr Julio Cesar Rodriguez Rib\u00f3n &#8211; Universidad de Cartagena Members of Organization Committee: Javier Pinedo: Audiovisual and Technical AspectsM\u00f3nica \u00d3spino: Website, press and social communications.Yasm\u00edn Moya Villa: Cultural events.Amaury Cabarcas: Hotels, coffe breaks and meals.Manuel Alejandro Ospina Alarc\u00f3n: Transportation, mobility logistics.Gabriel Elias Chanchi: Logistics. Office, registrations and certificatesJuan Carlos Garc\u00eda Ojeda: Agenda and programme, Workshops and Conference.Julio C\u00e9sar Rodr\u00edguez Rib\u00f3n: Financial Aspects, budget.Miguel \u00c1ngel Garc\u00eda Bola\u00f1os:&hellip; <\/p>\n","protected":false},"author":1,"featured_media":0,"parent":0,"menu_order":0,"comment_status":"closed","ping_status":"closed","template":"layouts\/page-fullwidth.php","meta":{"footnotes":""},"class_list":["post-124","page","type-page","status-publish","hentry"],"_links":{"self":[{"href":"https:\/\/www.iberamia.org\/iberamia\/iberamia2022\/wp-json\/wp\/v2\/pages\/124","targetHints":{"allow":["GET"]}}],"collection":[{"href":"https:\/\/www.iberamia.org\/iberamia\/iberamia2022\/wp-json\/wp\/v2\/pages"}],"about":[{"href":"https:\/\/www.iberamia.org\/iberamia\/iberamia2022\/wp-json\/wp\/v2\/types\/page"}],"author":[{"embeddable":true,"href":"https:\/\/www.iberamia.org\/iberamia\/iberamia2022\/wp-json\/wp\/v2\/users\/1"}],"replies":[{"embeddable":true,"href":"https:\/\/www.iberamia.org\/iberamia\/iberamia2022\/wp-json\/wp\/v2\/comments?post=124"}],"version-history":[{"count":0,"href":"https:\/\/www.iberamia.org\/iberamia\/iberamia2022\/wp-json\/wp\/v2\/pages\/124\/revisions"}],"wp:attachment":[{"href":"https:\/\/www.iberamia.org\/iberamia\/iberamia2022\/wp-json\/wp\/v2\/media?parent=124"}],"curies":[{"name":"wp","href":"https:\/\/api.w.org\/{rel}","templated":true}]}}