{"id":1145,"date":"2022-09-21T00:11:38","date_gmt":"2022-09-20T22:11:38","guid":{"rendered":"https:\/\/www.iberamia.org\/iberamia\/iberamia2022\/?page_id=1145"},"modified":"2022-11-15T09:58:14","modified_gmt":"2022-11-15T08:58:14","slug":"wexplanabledl","status":"publish","type":"page","link":"https:\/\/www.iberamia.org\/iberamia\/iberamia2022\/wexplanabledl\/","title":{"rendered":"Workshop \u00abExplainable Deep Learning for COVID-19 data\u00bb"},"content":{"rendered":"<h2 style=\"text-align: center;\">IBERAMIA 2022 WORKSHOP on<\/h2>\n<h2 style=\"text-align: center;\"><strong>\u201c<span class=\"s2\">Explainable Deep Learning for COVID-19 data<\/span>\u201d<\/strong><\/h2>\n<h3 style=\"text-align: center;\">Organized by <strong><em>Ra\u00fal Cruz Barbosa<\/em><\/strong>, Technological University of the Mixteca Region, M\u00e9xico and <strong><em>Alfredo Vellido<\/em><\/strong>, Polytechnic University of Catalonia, Spain<\/h3>\n<h5 style=\"text-align: center;\"><strong>Sal\u00f3n 213. <em>Claustro de la Merced, Universidad de Cartagena\u00a0 (<a href=\"https:\/\/goo.gl\/maps\/QGjV5EksGRh5uoHJ8\">Google Maps<\/a>).<\/em><\/strong><\/h5>\n<h5 style=\"text-align: center;\"><strong>Cartagena de Indias, Colombia. November 23, 2022<\/strong><\/h5>\n<hr \/>\n<p>Explainable Artificial Intelligence and Machine Learning (XAI) methods are very important in many human-computer interaction contexts. In the medical applications domain in particular, they become a must. On the other hand, to face some problems related to the coronavirus disease 2019 (COVID-19) pandemic through a data-centred approach, the deep learning and medical image analysis communities have developed and disseminated models and tools for preprocessing, segmentation and classification tasks from COVID-19 imaging data. However, recent review papers have shown that most of them have no potential clinical use due to several flaws (as methodology or underlying biases). To address these problems at least partially, explainability is a key factor that can boost the medical acceptability of deep learning models.<\/p>\n<p>Therefore, the goal of this workshop is to gather researchers working on the development of deep learning models mainly for COVID-19 detection, diagnosis or prognosis that include an explanation method (using an interpretable-by-design model and\/or post hoc explanation, for instance). We also welcome research that goes beyond COVID to address other epidemiological problems and research that focuses on the medical decision making processes involved in XAI.<\/p>\n<hr \/>\n<h4 style=\"text-align: center;\"><strong>Proceedings<\/strong><\/h4>\n<p><a href=\"https:\/\/www.iberamia.org\/iberamia\/iberamia2022\/wp-content\/uploads\/sites\/6\/2022\/11\/WorkshopExplainableDeepLearning.pdf\"><img loading=\"lazy\" decoding=\"async\" class=\"wp-image-1341 aligncenter\" src=\"https:\/\/www.iberamia.org\/iberamia\/iberamia2022\/wp-content\/uploads\/sites\/6\/2022\/11\/wk-covid-243x300.png\" alt=\"\" width=\"263\" height=\"325\" srcset=\"https:\/\/www.iberamia.org\/iberamia\/iberamia2022\/wp-content\/uploads\/sites\/6\/2022\/11\/wk-covid-243x300.png 243w, https:\/\/www.iberamia.org\/iberamia\/iberamia2022\/wp-content\/uploads\/sites\/6\/2022\/11\/wk-covid.png 575w\" sizes=\"auto, (max-width: 263px) 100vw, 263px\" \/><\/a><\/p>\n<hr \/>\n<h4>Call for\u00a0 Papers<\/h4>\n<p>We welcome methodological contributions, case studies, position papers and early research reports.<a href=\"https:\/\/www.iberamia.org\/iberamia\/iberamia2022\/wp-content\/uploads\/sites\/6\/2022\/11\/WorkshopExplainableDeepLearning.pdf\">WorkshopExplainableDeepLearning<\/a><\/p>\n<p>The list of topics addressed in the workshop include, but are not limited to:<\/p>\n<ul>\n<li>Interpretable-by-design deep learning models.<\/li>\n<li>Locally Interpretable Model Explanations (LIME) and deep learning<\/li>\n<li>Occlusion Sensitivity and deep learning<\/li>\n<li>Activation maps (Grad-CAM and its variations) and deep learning<\/li>\n<li>Gradient-based methods (guided backpropagation, saliency maps) and deep learning<\/li>\n<li>Feature selection and explanation methods.<\/li>\n<li>New curated COVID-19 benchmarks and datasets.<\/li>\n<li>Deep learning in epidemiology.<\/li>\n<\/ul>\n<h5><strong>Important dates and submission procedure:<\/strong><\/h5>\n<ul>\n<li>Submission Deadline: October 15, 2022<\/li>\n<li>Notification Date: November 1, 2022<\/li>\n<li>Camera-Ready Deadline: November 13, 2022<\/li>\n<li>Workshop date: November 23, 2022 [tentative schedule from 9:00 to 17:00]<\/li>\n<\/ul>\n<p class=\"s4\"><span class=\"s5\"><span class=\"bumpedFont15\">Papers will be submitted to the organizers via email (<\/span><\/span><a href=\"mailto:rcruz@mixteco.utm.mx\"><span class=\"s8\"><span class=\"bumpedFont15\">rcruz@mixteco.utm.mx<\/span><\/span><\/a><span class=\"s9\"><span class=\"bumpedFont15\">\u00a0and\u00a0<\/span><\/span><a href=\"mailto:avellido@cs.upc.edu\"><span class=\"s8\"><span class=\"bumpedFont15\">avellido@cs.upc.edu<\/span><\/span><\/a><a href=\"x-apple-ql-id:\/\/\/word\/document.xml\"><span class=\"s9\"><span class=\"bumpedFont15\">\u00a0<\/span><\/span><\/a><span class=\"s5\"><span class=\"bumpedFont15\">), following the submission guidelines of the IBERAMIA \u00a0conference (see https:\/\/www.iberamia.org\/iberamia\/iberamia2022\/call-for-papers\/). The papers may be written in Spanish, Portugu\u00eas, or English. Papers will be peer-reviewed. The workshop is expected to foster discussion and therefore the paper may include preliminary contributions. All accepted papers will be uploaded to the workshop site.<\/span><\/span><\/p>\n<p class=\"s4\"><span class=\"s10\"><span class=\"bumpedFont15\">IMPORTANT:\u00a0<\/span><\/span><span class=\"s5\"><span class=\"bumpedFont15\">At least one author is required to register for the workshop and be available to present the paper. The selected works will have 15-20 minutes for the presentation and 5 minutes for questions.<\/span><\/span><\/p>\n<hr \/>\n<h4><strong>Registration:<\/strong><\/h4>\n<p><strong>Deadline:<\/strong> November, 6,\u00a0 2022<\/p>\n<p><strong>Workshop Fee:<\/strong> No fee, for those also registered in Iberamia&#8217;2022.\u00a0 For those who just want to register for the workshop: \u20ac50 (It Includes the material provided by the organizers, access to the workshop and coffee-breaks)<\/p>\n<p>In order to process your registration, please folllow these steps:<\/p>\n<ol>\n<li><span style=\"text-decoration: underline;\">Fill and Send<\/span> the <strong>Registration Form<\/strong> and then<\/li>\n<li>Proceed with the Payment (only, if you are not also registered in Iberamia&#8217;2022). You can pay by Bank Transfer or Pay on-site.<\/li>\n<\/ol>\n<ul>\n<li><span id=\"result_box\" lang=\"en\"><span class=\"hps\">If<\/span> <span class=\"hps\">your<\/span> <span class=\"hps\">requires<\/span> <span class=\"hps\">an invoice<\/span>, please, send a request to <a href=\"mailto:iberamia@iberamia.org\">iberamia@iberamia.org<\/a><span class=\"hps\">,<\/span> <span class=\"hps\">indicating your<\/span> <span class=\"hps\">data<\/span> <span class=\"hps\">and e-mail address<\/span>.<\/span><\/li>\n<li>To facilitate maximum participation, registration scholarships will be provided (send an e-mail to\u00a0 organizers: <a href=\"mailto:rcruz@mixteco.utm.mx\"><span class=\"s8\"><span class=\"bumpedFont15\">rcruz@mixteco.utm.mx<\/span><\/span><\/a><span class=\"s9\"><span class=\"bumpedFont15\">\u00a0 and \u00a0<\/span><\/span><a href=\"mailto:avellido@cs.upc.edu\"><span class=\"s8\"><span class=\"bumpedFont15\">avellido@cs.upc.edu<\/span><\/span><\/a><a href=\"x-apple-ql-id:\/\/\/word\/document.xml\"><span class=\"s9\"><span class=\"bumpedFont15\">\u00a0<\/span><\/span><\/a>).<\/li>\n<\/ul>\n<table style=\"height: 527px;\" width=\"1180\">\n<tbody>\n<tr>\n<td style=\"border-color: #2b2a2a; background-color: #f2f0f0; vertical-align: top;\">\n<h2 style=\"text-align: left;\"><span style=\"font-size: 15px;\">(Step 1) Registration Form<\/span><\/h2>\n<p style=\"text-align: left;\">(if there is any problem in sending this form, please send the same data by mail to iberamia@iberamia.org, with the subject \u00abExplainable Deep Learning for COVID-19 data\u201d).<\/p>\n<p style=\"text-align: left;\">\n<div class=\"wpcf7 no-js\" id=\"wpcf7-f1150-o1\" lang=\"es-ES\" dir=\"ltr\" data-wpcf7-id=\"1150\">\n<div class=\"screen-reader-response\"><p role=\"status\" aria-live=\"polite\" aria-atomic=\"true\"><\/p> <ul><\/ul><\/div>\n<form action=\"\/iberamia\/iberamia2022\/wp-json\/wp\/v2\/pages\/1145#wpcf7-f1150-o1\" method=\"post\" class=\"wpcf7-form init\" aria-label=\"Formulario de contacto\" novalidate=\"novalidate\" data-status=\"init\">\n<fieldset class=\"hidden-fields-container\"><input type=\"hidden\" name=\"_wpcf7\" value=\"1150\" \/><input type=\"hidden\" name=\"_wpcf7_version\" value=\"6.1.5\" \/><input type=\"hidden\" name=\"_wpcf7_locale\" value=\"es_ES\" \/><input type=\"hidden\" name=\"_wpcf7_unit_tag\" value=\"wpcf7-f1150-o1\" \/><input type=\"hidden\" name=\"_wpcf7_container_post\" value=\"0\" \/><input type=\"hidden\" name=\"_wpcf7_posted_data_hash\" value=\"\" \/>\n<\/fieldset>\n<font color=\"#000000\">\n\t<p><b>PERSONAL & CONTACT DATA<\/b><br \/>\n(Please, fill all required data)\n\t<\/p>\n\t<p>Last Name (Required. Example Smith, Perez):<br \/>\n<span class=\"wpcf7-form-control-wrap\" data-name=\"last-name\"><input size=\"40\" maxlength=\"400\" class=\"wpcf7-form-control wpcf7-text wpcf7-validates-as-required\" aria-required=\"true\" aria-invalid=\"false\" value=\"\" type=\"text\" name=\"last-name\" \/><\/span><br \/>\nFirst Name (Required. Example John, Pedro):<br \/>\n<span class=\"wpcf7-form-control-wrap\" data-name=\"first-name\"><input size=\"40\" maxlength=\"400\" class=\"wpcf7-form-control wpcf7-text wpcf7-validates-as-required\" aria-required=\"true\" aria-invalid=\"false\" value=\"\" type=\"text\" name=\"first-name\" \/><\/span><br \/>\nAffiliation (Required. Example: University of... ):<br \/>\n<span class=\"wpcf7-form-control-wrap\" data-name=\"affiliation\"><input size=\"40\" maxlength=\"400\" class=\"wpcf7-form-control wpcf7-text wpcf7-validates-as-required\" aria-required=\"true\" aria-invalid=\"false\" value=\"\" type=\"text\" name=\"affiliation\" \/><\/span><br \/>\nAddress:<br \/>\n<span class=\"wpcf7-form-control-wrap\" data-name=\"address\"><input size=\"40\" maxlength=\"400\" class=\"wpcf7-form-control wpcf7-text\" aria-invalid=\"false\" value=\"\" type=\"text\" name=\"address\" \/><\/span><br \/>\nCity \/ State:<br \/>\n<span class=\"wpcf7-form-control-wrap\" data-name=\"city\"><input size=\"40\" maxlength=\"400\" class=\"wpcf7-form-control wpcf7-text\" aria-invalid=\"false\" value=\"\" type=\"text\" name=\"city\" \/><\/span><br \/>\nCountry (Required):<br \/>\n<span class=\"wpcf7-form-control-wrap\" data-name=\"country\"><input size=\"40\" maxlength=\"400\" class=\"wpcf7-form-control wpcf7-text wpcf7-validates-as-required\" aria-required=\"true\" aria-invalid=\"false\" value=\"\" type=\"text\" name=\"country\" \/><\/span><br \/>\nYour Email (required):<br \/>\n<span class=\"wpcf7-form-control-wrap\" data-name=\"email\"><input size=\"40\" maxlength=\"400\" class=\"wpcf7-form-control wpcf7-email wpcf7-validates-as-required wpcf7-text wpcf7-validates-as-email\" aria-required=\"true\" aria-invalid=\"false\" value=\"\" type=\"email\" name=\"email\" \/><\/span><br \/>\nYour Phone:<br \/>\n<span class=\"wpcf7-form-control-wrap\" data-name=\"phone\"><input size=\"40\" maxlength=\"400\" class=\"wpcf7-form-control wpcf7-text\" aria-invalid=\"false\" value=\"\" type=\"text\" name=\"phone\" \/><\/span>\n\t<\/p>\n<hr \/>\n\t<p><b>ADDITIONAL INFO (Optional):<\/b><br \/>\n<span class=\"wpcf7-form-control-wrap\" data-name=\"info\"><input size=\"40\" maxlength=\"400\" class=\"wpcf7-form-control wpcf7-text\" aria-invalid=\"false\" value=\"\" type=\"text\" name=\"info\" \/><\/span>\n\t<\/p>\n\t<p><input class=\"wpcf7-form-control wpcf7-submit has-spinner\" type=\"submit\" value=\"Send\" \/>\n\t<\/p>\n<\/font><div class=\"wpcf7-response-output\" aria-hidden=\"true\"><\/div>\n<\/form>\n<\/div>\n<\/p>\n<\/td>\n<td style=\"vertical-align: top;\">\n<h2><span style=\"color: #333333;\"><span id=\"result_box\" class=\"short_text\" lang=\"en\"><span class=\"hps\" style=\"font-size: 15px;\">(Step 2) Payment Methods<\/span><\/span><\/span><\/h2>\n<p><span style=\"color: #333333;\">if you want to apply for a scholarship, <\/span>(send an e-mail to\u00a0 organizers: <a href=\"mailto:rcruz@mixteco.utm.mx\"><span class=\"s8\"><span class=\"bumpedFont15\">rcruz@mixteco.utm.mx<\/span><\/span><\/a><span class=\"s9\"><span class=\"bumpedFont15\">\u00a0and\u00a0<\/span><\/span><a href=\"mailto:avellido@cs.upc.edu\"><span class=\"s8\"><span class=\"bumpedFont15\">avellido@cs.upc.edu<\/span><\/span><\/a><a href=\"x-apple-ql-id:\/\/\/word\/document.xml\"><span class=\"s9\"><span class=\"bumpedFont15\">\u00a0<\/span><\/span><\/a>)<\/p>\n<h4><span style=\"color: #333333;\">Bank Transfer:<\/span><\/h4>\n<p style=\"padding-left: 30px;\">Name of the holder: SOCIEDAD IBEROAMERICANA DE INTELIGENCIA ARTIFICIAL<\/p>\n<p style=\"padding-left: 30px;\">IBAN: <span class=\"gmail-copyToClipboard\" title=\"Haz click para copiar el valor\"><span class=\"gmail-textToCopy\">ES20 1490 0001 1124 1014 1934<\/span>\u00a0 \u00a0\u00a0<\/span><\/p>\n<p style=\"padding-left: 30px;\">C\u00f3digo BIC (SWIFT): <span class=\"gmail-copyToClipboard\" title=\"Haz click para copiar el valor\"><span class=\"gmail-textToCopy\">SELFESMMXXX\u00a0<\/span>\u00a0<\/span><\/p>\n<p style=\"padding-left: 30px;\">Bank: SINGULAR BANK, S.A.U.<\/p>\n<p style=\"padding-left: 30px;\">Address: C\/ Goya, 11. 28001 Madrid (Spain)<\/p>\n<p style=\"padding-left: 30px;\"><span style=\"color: #000000;\">Important: In case of Bank Transfer, you should send us a copy of the bank deposit to:<span style=\"color: #000080;\"><a style=\"color: #000080;\" href=\"mailto:iberamia@iberamia.org\"> iberamia@iberamia.org<\/a><\/span> in order to complete the registration <\/span><span style=\"color: #000000;\">(Subject: Workshop Explainable Deep Learning for COVID-19 data)<\/span><span style=\"color: #000000;\">.<\/span><\/p>\n<h4><span style=\"font-size: 15px;\">On-Site<\/span><\/h4>\n<p style=\"padding-left: 40px;\">You can pay at the Conference Venue.<\/p>\n<hr \/>\n<p>&nbsp;<\/td>\n<\/tr>\n<\/tbody>\n<\/table>\n","protected":false},"excerpt":{"rendered":"<p>IBERAMIA 2022 WORKSHOP on \u201cExplainable Deep Learning for COVID-19 data\u201d Organized by Ra\u00fal Cruz Barbosa, Technological University of the Mixteca Region, M\u00e9xico and Alfredo Vellido, Polytechnic University of Catalonia, Spain Sal\u00f3n 213. Claustro de la Merced, Universidad de Cartagena\u00a0 (Google Maps). Cartagena de Indias, Colombia. November 23, 2022 Explainable Artificial Intelligence and Machine Learning (XAI) methods are very important in many human-computer interaction contexts. In the medical applications domain in&hellip; <\/p>\n","protected":false},"author":1,"featured_media":0,"parent":0,"menu_order":0,"comment_status":"closed","ping_status":"closed","template":"layouts\/page-fullwidth.php","meta":{"footnotes":""},"class_list":["post-1145","page","type-page","status-publish","hentry"],"_links":{"self":[{"href":"https:\/\/www.iberamia.org\/iberamia\/iberamia2022\/wp-json\/wp\/v2\/pages\/1145","targetHints":{"allow":["GET"]}}],"collection":[{"href":"https:\/\/www.iberamia.org\/iberamia\/iberamia2022\/wp-json\/wp\/v2\/pages"}],"about":[{"href":"https:\/\/www.iberamia.org\/iberamia\/iberamia2022\/wp-json\/wp\/v2\/types\/page"}],"author":[{"embeddable":true,"href":"https:\/\/www.iberamia.org\/iberamia\/iberamia2022\/wp-json\/wp\/v2\/users\/1"}],"replies":[{"embeddable":true,"href":"https:\/\/www.iberamia.org\/iberamia\/iberamia2022\/wp-json\/wp\/v2\/comments?post=1145"}],"version-history":[{"count":13,"href":"https:\/\/www.iberamia.org\/iberamia\/iberamia2022\/wp-json\/wp\/v2\/pages\/1145\/revisions"}],"predecessor-version":[{"id":1344,"href":"https:\/\/www.iberamia.org\/iberamia\/iberamia2022\/wp-json\/wp\/v2\/pages\/1145\/revisions\/1344"}],"wp:attachment":[{"href":"https:\/\/www.iberamia.org\/iberamia\/iberamia2022\/wp-json\/wp\/v2\/media?parent=1145"}],"curies":[{"name":"wp","href":"https:\/\/api.w.org\/{rel}","templated":true}]}}