{"id":84,"date":"2017-03-22T09:37:09","date_gmt":"2017-03-22T09:37:09","guid":{"rendered":"http:\/\/www.iberamia.org\/iberamia\/iberamia2018\/?page_id=84"},"modified":"2020-04-22T22:51:07","modified_gmt":"2020-04-22T22:51:07","slug":"organization-committee","status":"publish","type":"page","link":"https:\/\/www.iberamia.org\/iberamia\/iberamia2018\/organization-committee\/","title":{"rendered":"Organization Committee"},"content":{"rendered":"<p style=\"text-align: center\"><strong>ORGANIZATION COMMITTEE <\/strong><\/p>\n<p style=\"text-align: center\"><strong><span style=\"color: #000000\">Contact:<\/span><\/strong> <span style=\"color: #000000\"><span style=\"color: #000080\"><a style=\"color: #000080\" href=\"mailto:iberamia2018@iberamia.org\" target=\"_blank\" rel=\"noopener noreferrer\">iberamia2018@iberamia.org<\/a><\/span><\/span><\/p>\n<p><strong>\u00a0<\/strong><\/p>\n<ul>\n<li><strong>Organization Chair:\u00a0\u00a0<\/strong>Ph. D. Flabio Guti\u00e9rrez Segura, Universidad Nacional de Piura, Per\u00fa.<\/li>\n<li><strong>Vice-Chair:<\/strong>\u00a0Ph.D. Jos\u00e9 A. Rodriguez Melquiades, Universidad Nacional de Trujillo, Per\u00fa.<\/li>\n<\/ul>\n<p><strong> Members of Organization Committee: <\/strong><\/p>\n<ul>\n<li>Dr.\u00a0Nicolas Kemper Valverde, Presidente de la Sociedad de Inteligencia Artificial.<\/li>\n<li>Mg. Julio Peralta Casta\u00f1eda, Secretario de la FFCCYMM &#8211; Universidad Nacional de Trujillo,Per\u00fa.<\/li>\n<li>Mg. Carlos Castillo Diestra, Universidad Nacional de Tujillo.<\/li>\n<li>Dr. Jorge Guti\u00e9rrez Guti\u00e9rrez, Universidad Nacional de Tujillo.<\/li>\n<li>Mg. Jos\u00e9 Cruz Silva, Universidad Nacional de Trujillo.<\/li>\n<li>Mg. Edwin Mendoza Torres, Universidad Nacional de Trujillo.<\/li>\n<li>Mg. Iris Cruz Florian, Universidad Nacional de Tujillo.<\/li>\n<li>Mg.\u00a0Ricardo Guevara Ru\u00edz, Universidad Nacional de Tujillo.<\/li>\n<li>Mg. Yenny Sifuentes D\u00edaz, Universidad Nacional de Tujillo.<\/li>\n<li>Mg. Jos\u00e9 Peralta Lujan, Universidad Nacional de Trujillo.<\/li>\n<li>Mg. Juan Salazar Campos, Universidad Nacional de Tujillo.<\/li>\n<li>Mg. Sofia Pedro Huam\u00e1n, Universidad Nacional de Trujillo.<\/li>\n<li>Mg. Jos\u00e9 D\u00edaz Pulido, Universidad Nacional de Trujillo.<\/li>\n<li>Mg. David Bravo Escalante, Universidad Nacional de Trujillo.<\/li>\n<li>Mg. Antony G\u00f3mez Morales, Universidad Nacional de Trujillo.<\/li>\n<li>Ana Maria Li Garc\u00eda, Universidad Nacional de Trujillo.<\/li>\n<li>Edwar Lujan Segura,\u00a0Universidad Nacional de Trujillo.<\/li>\n<li>Yaneth Alva Alva.<\/li>\n<li>Ricardo V\u00e1squez Melon.<\/li>\n<li>Gustavo Rodr\u00edguez.<\/li>\n<\/ul>\n","protected":false},"excerpt":{"rendered":"<p>ORGANIZATION COMMITTEE Contact: iberamia2018@iberamia.org \u00a0 Organization Chair:\u00a0\u00a0Ph. D. Flabio Guti\u00e9rrez Segura, Universidad Nacional de Piura, Per\u00fa. Vice-Chair:\u00a0Ph.D. Jos\u00e9 A. Rodriguez Melquiades, Universidad Nacional de Trujillo, Per\u00fa. Members of Organization Committee: Dr.\u00a0Nicolas Kemper Valverde, Presidente de la Sociedad de Inteligencia Artificial. Mg. Julio Peralta Casta\u00f1eda, Secretario de la FFCCYMM &#8211; Universidad Nacional de Trujillo,Per\u00fa. Mg. Carlos Castillo Diestra, Universidad Nacional de Tujillo. Dr. Jorge Guti\u00e9rrez Guti\u00e9rrez, Universidad Nacional de Tujillo. Mg.&hellip; <\/p>\n","protected":false},"author":1,"featured_media":0,"parent":0,"menu_order":0,"comment_status":"closed","ping_status":"closed","template":"layouts\/page-fullwidth.php","meta":{"footnotes":""},"class_list":["post-84","page","type-page","status-publish","hentry"],"_links":{"self":[{"href":"https:\/\/www.iberamia.org\/iberamia\/iberamia2018\/wp-json\/wp\/v2\/pages\/84","targetHints":{"allow":["GET"]}}],"collection":[{"href":"https:\/\/www.iberamia.org\/iberamia\/iberamia2018\/wp-json\/wp\/v2\/pages"}],"about":[{"href":"https:\/\/www.iberamia.org\/iberamia\/iberamia2018\/wp-json\/wp\/v2\/types\/page"}],"author":[{"embeddable":true,"href":"https:\/\/www.iberamia.org\/iberamia\/iberamia2018\/wp-json\/wp\/v2\/users\/1"}],"replies":[{"embeddable":true,"href":"https:\/\/www.iberamia.org\/iberamia\/iberamia2018\/wp-json\/wp\/v2\/comments?post=84"}],"version-history":[{"count":0,"href":"https:\/\/www.iberamia.org\/iberamia\/iberamia2018\/wp-json\/wp\/v2\/pages\/84\/revisions"}],"wp:attachment":[{"href":"https:\/\/www.iberamia.org\/iberamia\/iberamia2018\/wp-json\/wp\/v2\/media?parent=84"}],"curies":[{"name":"wp","href":"https:\/\/api.w.org\/{rel}","templated":true}]}}