{"id":648,"date":"2018-07-05T12:29:28","date_gmt":"2018-07-05T12:29:28","guid":{"rendered":"http:\/\/www.iberamia.org\/iberamia\/iberamia2018\/?page_id=648"},"modified":"2018-11-06T10:01:20","modified_gmt":"2018-11-06T10:01:20","slug":"jornadaperuana-ia","status":"publish","type":"page","link":"https:\/\/www.iberamia.org\/iberamia\/iberamia2018\/jornadaperuana-ia\/","title":{"rendered":"V Jornada Peruana de Inteligencia Artificial"},"content":{"rendered":"<p>&nbsp;<\/p>\n<p style=\"text-align: left\"><img loading=\"lazy\" decoding=\"async\" class=\"wp-image-1064 size-full alignleft\" src=\"http:\/\/www.iberamia.org\/iberamia\/iberamia2018\/wp-content\/uploads\/sites\/5\/2018\/07\/spia-logo-1.jpg\" alt=\"spia-logo\" width=\"250\" height=\"155\" \/><img loading=\"lazy\" decoding=\"async\" class=\"size-thumbnail wp-image-1065 alignright\" src=\"http:\/\/www.iberamia.org\/iberamia\/iberamia2018\/wp-content\/uploads\/sites\/5\/2018\/07\/LogoUNP-150x150.jpg\" alt=\"LogoUNP\" width=\"150\" height=\"150\" \/>\u00a0 \u00a0 \u00a0 \u00a0 \u00a0 \u00a0 \u00a0 \u00a0 \u00a0 \u00a0 \u00a0 \u00a0 \u00a0<img loading=\"lazy\" decoding=\"async\" class=\"alignnone wp-image-1066 size-full\" src=\"http:\/\/www.iberamia.org\/iberamia\/iberamia2018\/wp-content\/uploads\/sites\/5\/2018\/07\/LogoUNT.jpg\" alt=\"LogoUNT\" width=\"200\" height=\"200\" srcset=\"https:\/\/www.iberamia.org\/iberamia\/iberamia2018\/wp-content\/uploads\/sites\/5\/2018\/07\/LogoUNT.jpg 200w, https:\/\/www.iberamia.org\/iberamia\/iberamia2018\/wp-content\/uploads\/sites\/5\/2018\/07\/LogoUNT-150x150.jpg 150w\" sizes=\"auto, (max-width: 200px) 100vw, 200px\" \/><\/p>\n<p>&nbsp;<\/p>\n<h1 style=\"text-align: center\"><strong>V JORNADA PERUANA DE INTELIGENCIA ARTIFICIAL<\/strong><br \/>\nTRUJILLO &#8211; PERU<br \/>\n13 NOVIEMBRE<\/h1>\n<p style=\"text-align: center\">LUGAR: ESCUELA DE POSGRADO &#8211; UNIVERSIDAD NACIONAL DE TRUJILLO<\/p>\n<h5 style=\"text-align: center\"><span style=\"color: #008080\"><a style=\"color: #008080\" href=\"http:\/\/www.iberamia.org\/iberamia\/iberamia2018\/wp-content\/uploads\/sites\/5\/2018\/11\/ProgramaVJornadaPeruanaIA.pdf\" rel=\"\">Programa V Jornada Peruana de Inteligencia Artificial (pdf)<\/a><\/span><\/h5>\n<p style=\"text-align: center\"><img loading=\"lazy\" decoding=\"async\" class=\"aligncenter wp-image-1069 size-full\" src=\"http:\/\/www.iberamia.org\/iberamia\/iberamia2018\/wp-content\/uploads\/sites\/5\/2018\/07\/ProgramaVJornadaPeruanaIA_ResumidoFinalParaWeb04112018.jpg\" alt=\"ProgramaVJornadaPeruanaIA_ResumidoFinalParaWeb04112018\" width=\"570\" height=\"529\" srcset=\"https:\/\/www.iberamia.org\/iberamia\/iberamia2018\/wp-content\/uploads\/sites\/5\/2018\/07\/ProgramaVJornadaPeruanaIA_ResumidoFinalParaWeb04112018.jpg 570w, https:\/\/www.iberamia.org\/iberamia\/iberamia2018\/wp-content\/uploads\/sites\/5\/2018\/07\/ProgramaVJornadaPeruanaIA_ResumidoFinalParaWeb04112018-300x278.jpg 300w\" sizes=\"auto, (max-width: 570px) 100vw, 570px\" \/><\/p>\n<p><strong>Locales<\/strong><\/p>\n<h6><span style=\"color: #000000\">\u00a0\u00a0\u00a0 \u00a01.- Conferencias: Auditorio de Posgrado \u2013 UNT<\/span><\/h6>\n<h6><span style=\"color: #000000\">\u00a0\u00a0\u00a0 \u00a02.- Sesiones T\u00e9cnicas: Aulas de posgrado (Tercer piso) &#8211;\u00a0 UNT<\/span><\/h6>\n<h6><span style=\"color: #000000\">\u00a0\u00a0 \u00a0\u00a03.- Curso \u2013 Taller: Laboratorio de la Escuela de Inform\u00e1tica \u2013 UNT (capacidad: 20 personas)<\/span><\/h6>\n<h6><span style=\"color: #000000\">\u00a0\u00a0\u00a0\u00a0 4.- Ceremonia de Apertura: Auditorio Cesar Vallejo \u2013 UNT<\/span><\/h6>\n<h2><strong>Programa. Sesiones t\u00e9cnicas<\/strong><\/h2>\n<h3><span style=\"color: #3366ff\"><strong><em>Sesion<\/em><\/strong><strong><em> t\u00e9cnica\u00a0\u00a0 M1:\u00a0\u00a0 Visi\u00f3n artificial \u2013 Rob\u00f3tica<\/em><\/strong><\/span><\/h3>\n<h6><span style=\"color: #000000\">9:00 Sistema Inteligente implementado en proceso de fermentaci\u00f3n de cacao (prototipo).<\/span><br \/>\n<span style=\"color: #000000\">William Ipanaqu\u00e9, C\u00e9sar Belup\u00fa, Jayro Paiva, Jos\u00e9 Manrique (UDEP)<\/span><\/h6>\n<h6><span style=\"color: #000000\">9:20 Detecci\u00f3n de patrones de conducta facial usando puntos de referencia facial.\u00a0<\/span><br \/>\n<span style=\"color: #000000\">Fray Luis Becerra Suarez, Victor Tuesta Monteza (USS)<\/span><\/h6>\n<h6><span style=\"color: #000000\">9:40 Detecci\u00f3n de la displacia de cadera en beb\u00e9s usando b\u00fasquedas por similitud.\u00a0<\/span><br \/>\n<span style=\"color: #000000\">Nilton Cesar Ayra Apac, Luis Gabriel Quintana Verastegui, Manuel Jes\u00fas S\u00e1nchez Chero, Wilbur Nike Chiuyari Veramendi (UNU, UNF)<\/span><\/h6>\n<h3><span style=\"color: #3366ff\"><strong><em>Sesion t\u00e9cnica\u00a0\u00a0 M2:\u00a0\u00a0 Algoritmos de b\u00fasquedas<\/em><\/strong><\/span><\/h3>\n<h6><span style=\"color: #000000\">10:45 Planificador de rutas para recojo de desechos s\u00f3lidos utilizando el Algoritmo de Dijkstra.<\/span><\/h6>\n<h6><span style=\"color: #000000\">Juan Manuel Anton Bernal, Jaime Arturo Bravo Ruiz, Juan Carlos Arcila D\u00edaz, Victor Alexci Tuesta Monteza (USS)<\/span><\/h6>\n<h6><span style=\"color: #000000\">11:05 Genetic algorithm for the strategic location of a network of hydrants.<\/span><\/h6>\n<h6><span style=\"color: #000000\">Jorge Gutierrez, Giancarlo Esquivel, Emerson Dominguez (UNT)<\/span><\/h6>\n<h3><span style=\"color: #3366ff\"><strong><em>Sesion t\u00e9cnica\u00a0\u00a0 M3:\u00a0\u00a0 Aprendizaje autom\u00e1tico<\/em><\/strong><\/span><\/h3>\n<h6><span style=\"color: #000000\">15:00 \u00a0\u00a0Gesture Phase Segmentation Dataset: An Extension for Development of Gesture Analysis Models.\u00a0<\/span><\/h6>\n<h6><span style=\"color: #000000\">\u00a0<\/span><span style=\"color: #000000\">Ra\u00fal S\u00e1nchez Ancajima, \u00a0Sarajane Marques Peres\u00a0 (UNTumbes, USP -Brasil)<\/span><\/h6>\n<h6><span style=\"color: #000000\">15:20 \u00a0\u00a0Intelligent machines with commonsense knowledge and commonsense thinking: the Marvin Minsky approach.\u00a0<\/span><\/h6>\n<h6><span style=\"color: #000000\">\u00a0<\/span><span style=\"color: #000000\">Pablo Aguilar Mar\u00edn (UNT)<\/span><\/h6>\n<h6><span style=\"color: #000000\">15:40 \u00a0\u00a0Modelos ocultos de Markov para el desarrollo de un sistema de ayuda al habla para personas que sufren de Disartria.\u00a0<\/span><\/h6>\n<h6><span style=\"color: #000000\">Clara Mercedes Guevara Velez (UNPRG)<\/span><\/h6>\n<h6><span style=\"color: #000000\">16:00 \u00a0\u00a0Clasificaci\u00f3n e interpretaci\u00f3n del estado medico en pacientes con diabetes tipo 2 aplicando arboles de\u00a0 gradiente\u00a0 \u00a0<\/span><span style=\"color: #000000\">\u00a0potenciado.\u00a0<\/span><\/h6>\n<h6><span style=\"color: #000000\">Luis Aguilar Iba\u00f1ez, Miguel Ib\u00e1\u00f1ez Reluz, Luis Aguilar Guti\u00e9rrez (UNP, UPAO)<\/span><\/h6>\n<h6><span style=\"color: #000000\">16:20<strong> \u00a0\u00a0<\/strong>Modelo de un sistema de recomendaci\u00f3n para mejorar la colaboraci\u00f3n entre investigadores.\u00a0<\/span><\/h6>\n<h6><span style=\"color: #000000\">Fernando Barraza, Dilan Steven Mejia (U Javeriana, U Buenaventura \u2013 Colombia)<\/span><\/h6>\n<h6><span style=\"color: #000000\">16:40 \u00a0\u00a0Un Clasificador de Sexos y Sentimientos con Python.\u00a0<\/span><\/h6>\n<h6><span style=\"color: #000000\">\u00a0<\/span><span style=\"color: #000000\">Gloria Salvador, Iv\u00e1n Salvador (UNPRG)<\/span><\/h6>\n<h6><span style=\"color: #000000\">17:30 \u00a0\u00a0Estudio comparativo de t\u00e9cnicas de clasificaci\u00f3n de miner\u00eda de datos en la detecci\u00f3n de consumos an\u00f3malos de energ\u00eda el\u00e9ctrica.\u00a0<\/span><\/h6>\n<h6><span style=\"color: #000000\">Henry J V\u00e1squez-Villalobos, Victor Tuesta-Monteza, Segundo F Chinguel-Tineo (USS)<\/span><\/h6>\n<h6><span style=\"color: #000000\">17:50 \u00a0\u00a0M\u00e9todos de an\u00e1lisis de correspondencia y cl\u00faster como aprendizaje autom\u00e1tico no supervisado del registro del examen cl\u00ednico extraoral en historias cl\u00ednicas realizado por estudiantes de una cl\u00ednica universitaria estomatol\u00f3gica \u2013 2016.<\/span><\/h6>\n<h6><span style=\"color: #000000\">Rub\u00e9n Alexander More Valencia (UCV \u2013 Piura)<\/span><\/h6>\n<h6><span style=\"color: #000000\">18:10 \u00a0\u00a0An\u00e1lisis de residuos y medidas predictivas para clasificaci\u00f3n binaria en datos desbalanceados.<\/span><\/h6>\n<h6><span style=\"color: #000000\">\u00a0Alex de la Cruz Huayanay, Jorge Luis Baz\u00e1n Guzm\u00e1n (USP &#8211; Brasil) \u00a0 \u00a0 \u00a0 \u00a0 \u00a0 \u00a0 \u00a0 \u00a0 \u00a0 \u00a0 \u00a0 \u00a0 \u00a0 \u00a0 \u00a0 \u00a0 \u00a0 \u00a0 \u00a0 \u00a0 \u00a0<\/span><\/h6>\n<h3><span style=\"color: #3366ff\"><strong><em>Sesion t\u00e9cnica\u00a0\u00a0 M4:\u00a0\u00a0 Redes neuronales &#8211; Aprendizaje profundo<\/em><\/strong><\/span><\/h3>\n<h6><span style=\"color: #000000\">17:30\u00a0 \u00a0Implementaci\u00f3n de un modelo f\u00edsico-estad\u00edstico para el reconocimiento de patrones usando im\u00e1genes por sat\u00e9lite procedentes del sensor ETM+ de Landsat 7 y las redes el\u00e1sticas sobre la Bah\u00eda de Sechura-Piura.<\/span><\/h6>\n<h6><span style=\"color: #000000\">Hugo Avendano, Joel Rojas, Hans Nowak (UNMSM)<\/span><\/h6>\n<h6><span style=\"color: #000000\">17:50 \u00a0\u00a0Dise\u00f1o del modelo hibrido de matriz de capsulas con em routing y una red convolucional densa: dense em routing.<\/span><\/h6>\n<h6><span style=\"color: #000000\">Paul Theo Bernal Rios, Washington Blas Huaman, Yeshica Isela Orme\u00f1o Ayala (UNSAAC)<\/span><\/h6>\n<h6><span style=\"color: #000000\">18:10 \u00a0\u00a0\u00a0Implementaci\u00f3n de una red neuronal en un Raspberry Pi B+ para detecci\u00f3n de obst\u00e1culos usando Python.<\/span><\/h6>\n<h6><span style=\"color: #000000\">\u00a0<\/span><span style=\"color: #000000\">C\u00e9sar Arturo Ni\u00f1o Carmona, Juan Carlos Sernaqu\u00e9 Julca, Emanuel Ort\u00edz Ort\u00edz\u00a0 (UNP)<\/span><\/h6>\n<p>&nbsp;<\/p>\n<p><strong>Inscripciones<\/strong><\/p>\n<table style=\"height: 94px;border-color: #057ffa;background-color: #edf4f7\" width=\"500\">\n<tbody>\n<tr style=\"background-color: #4281ff\">\n<td style=\"text-align: center\" width=\"160\"><strong>Participante<\/strong><\/td>\n<td style=\"text-align: center\" width=\"170\"><strong>Hasta el 21 de octubre<\/strong><\/td>\n<td style=\"text-align: center\" width=\"208\"><strong>Despu\u00e9s del 21 de octubre<\/strong><\/td>\n<\/tr>\n<tr>\n<td style=\"text-align: center\" width=\"160\">Profesionales<\/td>\n<td style=\"text-align: center\" width=\"170\">S\/ 80.00<\/td>\n<td style=\"text-align: center\" width=\"208\">S\/ 100.00<\/td>\n<\/tr>\n<tr>\n<td style=\"text-align: center\" width=\"160\">Estudiantes pregrado<\/td>\n<td style=\"text-align: center\" width=\"170\">S\/ 40.00<\/td>\n<td style=\"text-align: center\" width=\"208\">S\/ 50.00<\/td>\n<\/tr>\n<\/tbody>\n<\/table>\n<p style=\"text-align: left\"><img loading=\"lazy\" decoding=\"async\" class=\"size-medium wp-image-712\" src=\"http:\/\/www.iberamia.org\/iberamia\/iberamia2018\/wp-content\/uploads\/sites\/5\/2018\/07\/Forma-de-pago-300x184.png\" alt=\"Forma de pago\" width=\"300\" height=\"184\" srcset=\"https:\/\/www.iberamia.org\/iberamia\/iberamia2018\/wp-content\/uploads\/sites\/5\/2018\/07\/Forma-de-pago-300x184.png 300w, https:\/\/www.iberamia.org\/iberamia\/iberamia2018\/wp-content\/uploads\/sites\/5\/2018\/07\/Forma-de-pago.png 538w\" sizes=\"auto, (max-width: 300px) 100vw, 300px\" \/><\/p>\n<p style=\"text-align: left\">\u00a0 \u00a0 \u00a0 \u00a0 Despu\u00e9s de realizado el pago se debe enviar el voucher escaneado y sus datos importantes al Mgr. Carlos Castillo<\/p>\n<p style=\"text-align: left\">\u00a0 \u00a0 \u00a0 \u00a0 Diestra, correo electr\u00f3nico:\u00a0\u00a0<a href=\"mailto:ccastillod1@hotmail.com\">ccastillod1@hotmail.com<\/a><\/p>\n<h3 style=\"text-align: left\"><strong>Llamada para presentaci\u00f3n de trabajos:<\/strong><\/h3>\n<p style=\"text-align: justify\">La sociedad Peruana de Inteligencia Artificial (SPIA)\u00a0 y la Escuela de Inform\u00e1tica de la Universidad Nacional de Trujillo convocan a la presentaci\u00f3n de trabajos en la <span style=\"color: #333333\"><span style=\"color: #808080\">V JORNADA PERUANA DE INTELIGENCIA ARTIFICIAL<\/span>.<\/span><\/p>\n<p style=\"text-align: justify\">Los trabajos deben estar relacionados con el \u00e1rea de Inteligencia Artificial (Sistemas Inteligentes, Machine Learning, Deep Learning, Big Data, Metaheur\u00edsticas, Sistemas difusos, Visi\u00f3n Artificial, Procesamiento del Lenguaje Natural, Ingenier\u00eda del Conocimiento, Rob\u00f3tica etc.).<\/p>\n<p style=\"text-align: justify\">Los trabajos seleccionados ser\u00e1n presentados en la jornada con exposiciones de 20 minutos.<\/p>\n<p style=\"text-align: justify\">Los autores deben enviar un resumen con un m\u00e1ximo de 1000 caracteres y se deber\u00e1 utilizar la plantilla provista para la jornada, la cual puede descargarse en\u00a0<a href=\"http:\/\/www.iberamia.org\/iberamia\/iberamia2018\/wp-content\/uploads\/sites\/5\/2018\/07\/FormatoResumenJornadaIA.docx\" rel=\"\">FormatoResumenJornadaIA<\/a><\/p>\n<p style=\"text-align: justify\">Los trabajos aceptados se publicar\u00e1n en las memorias de la jornada.<\/p>\n<p>La presentaci\u00f3n de los res\u00famenes se procesa a trav\u00e9s del sistema de conferencias EasyChair.\u00a0Use su nombre de usuario \/ contrase\u00f1a existente para iniciar sesi\u00f3n.\u00a0Si es nuevo en el sistema de conferencias EasyChair, primero cree una cuenta.\u00a0<a href=\"https:\/\/easychair.org\/conferences\/?conf=5jonia\">https:\/\/easychair.org\/conferences\/?conf=5jonia<\/a><\/p>\n<h3><strong>Fechas Limites\u00a0<\/strong><\/h3>\n<ul>\n<li>Recepci\u00f3n de trabajos:\u00a030 de setiembre del 2018<\/li>\n<li>Notificaci\u00f3n de aceptaci\u00f3n: 14 de\u00a0octubre del 2018<\/li>\n<li>Pago de inscripci\u00f3n para que el trabajo sea incluido en el evento:\u00a021 de octubre 2018<strong>\u00a0 \u00a0\u00a0<\/strong><\/li>\n<\/ul>\n<h3><strong><img loading=\"lazy\" decoding=\"async\" class=\"size-thumbnail wp-image-1030 alignleft\" src=\"http:\/\/www.iberamia.org\/iberamia\/iberamia2018\/wp-content\/uploads\/sites\/5\/2018\/07\/New1-140x150.png\" alt=\"New1\" width=\"140\" height=\"150\" \/><br \/>\nPublicaci\u00f3n de la versi\u00f3n extendida de los trabajos de la V Jornada de Inteligencia Artificial (despu\u00e9s del evento)<\/strong><\/h3>\n<p>Se invitar\u00e1 a presentar una versi\u00f3n extendida (art\u00edculo cient\u00edfico) del trabajo para ser publicados en una edici\u00f3n especial denominada \u201cComputaci\u00f3n Cient\u00edfica\u201cen la Revista Selecciones Matem\u00e1ticas el a\u00f1o 2019.<\/p>\n<p>La revista Selecciones Matem\u00e1ticas esta indexada en LatinIndex, DAOJ, Redalyc, entre otras.<\/p>\n<p>Mayor informaci\u00f3n sobre la revista:<\/p>\n<p><a href=\"http:\/\/revistas.unitru.edu.pe\/index.php\/SSMM\/index\">http:\/\/revistas.unitru.edu.pe\/index.php\/SSMM\/index<\/a><\/p>\n<p>Importante:<\/p>\n<p>La convocatoria a la presentaci\u00f3n de los trabajos extendidos ser\u00e1 comunicada a los autores.<\/p>\n<p>Los art\u00edculos presentados seguir\u00e1n las habituales pol\u00edticas editoriales y de arbitraje de la revista<\/p>\n<p><strong>Comit\u00e9\u00a0<\/strong><b>Cient\u00edfico<\/b><\/p>\n<ul>\n<li>Dr. Jorge Guti\u00e9rrez (Universidad Nacional de Trujillo)<\/li>\n<li>Dr. Miguel Jim\u00e9nez (Universidad Nacional de Piura)<\/li>\n<li>Dr. V\u00edctor Tuesta (Universidad Se\u00f1or de Sipan &#8211; Lambayeque)<\/li>\n<li>Dr. Efrain Mayhua (Universidad Cat\u00f3lica San Pablo \u2013 Arequipa)<\/li>\n<li>Dr.\u00a0 Edgar Acu\u00f1a (Universidad de Puerto Rico)<\/li>\n<li>Dr. Flabio Guti\u00e9rrez\u00a0(Universidad Nacional de Piura)}<\/li>\n<li>Dr. Nicol\u00e1s Kemper (Universidad Nacional Aut\u00f3noma de Mexico)<\/li>\n<\/ul>\n<h3><strong>Carta de invitaci\u00f3n<\/strong><\/h3>\n<p>Si necesita una carta de invitaci\u00f3n escribir al al Mgr. Carlos Castillo Diestra, correo electr\u00f3nico: <a href=\"mailto:ccastillod1@hotmail.com\">ccastillod1@hotmail.com<\/a><\/p>\n<p><span style=\"color: #008080\">Nos puedes encontrar tambi\u00e9n en Facebook\u00a0<a style=\"color: #008080\" href=\"http:\/\/fb.me\/VJornadaPeruanaIA\">fb.me\/VJornadaPeruanaIA<\/a><\/span><\/p>\n<p><a href=\"http:\/\/fb.me\/VJornadaPeruanaIA\" target=\"_blank\"><img loading=\"lazy\" decoding=\"async\" class=\"aligncenter wp-image-836\" src=\"http:\/\/www.iberamia.org\/iberamia\/iberamia2018\/wp-content\/uploads\/sites\/5\/2018\/07\/images-150x150.png\" alt=\"images\" width=\"69\" height=\"69\" srcset=\"https:\/\/www.iberamia.org\/iberamia\/iberamia2018\/wp-content\/uploads\/sites\/5\/2018\/07\/images-150x150.png 150w, https:\/\/www.iberamia.org\/iberamia\/iberamia2018\/wp-content\/uploads\/sites\/5\/2018\/07\/images.png 225w\" sizes=\"auto, (max-width: 69px) 100vw, 69px\" \/><\/a><\/p>\n<h3><span style=\"color: #008080\"><a style=\"color: #008080\" href=\"https:\/\/www.dropbox.com\/s\/e0wb223dp2xqthc\/Iberamia2018.mp4?dl=0\" target=\"_blank\">Descargar spot oficial IBERAMIA 2018<\/a><\/span><\/h3>\n<p style=\"text-align: left\"><strong>Auspiciadores<\/strong><\/p>\n<p style=\"text-align: left\"><strong><img loading=\"lazy\" decoding=\"async\" class=\"size-thumbnail wp-image-897 alignleft\" src=\"http:\/\/www.iberamia.org\/iberamia\/iberamia2018\/wp-content\/uploads\/sites\/5\/2018\/07\/SolucionesEnIngenieria-1-150x150.jpg\" alt=\"SolucionesEnIngenieria\" width=\"150\" height=\"150\" \/><\/strong><\/p>\n<p style=\"text-align: left\"><strong><a href=\"http:\/\/academic.uprm.edu\/eacuna\/castle.html\"><img loading=\"lazy\" decoding=\"async\" class=\"alignleft wp-image-833\" src=\"http:\/\/www.iberamia.org\/iberamia\/iberamia2018\/wp-content\/uploads\/sites\/5\/2018\/07\/logocastle-150x150.jpg\" alt=\"logocastle\" width=\"150\" height=\"150\" \/><\/a><\/strong><\/p>\n<h3><strong><a href=\"http:\/\/posgradount.edu.pe\/\"><img loading=\"lazy\" decoding=\"async\" class=\"alignleft wp-image-832 size-thumbnail\" src=\"http:\/\/www.iberamia.org\/iberamia\/iberamia2018\/wp-content\/uploads\/sites\/5\/2018\/07\/EscuelaPosgradoUNT-150x150.jpg\" alt=\"EscuelaPosgradoUNT\" width=\"150\" height=\"150\" srcset=\"https:\/\/www.iberamia.org\/iberamia\/iberamia2018\/wp-content\/uploads\/sites\/5\/2018\/07\/EscuelaPosgradoUNT-150x150.jpg 150w, https:\/\/www.iberamia.org\/iberamia\/iberamia2018\/wp-content\/uploads\/sites\/5\/2018\/07\/EscuelaPosgradoUNT.jpg 224w\" sizes=\"auto, (max-width: 150px) 100vw, 150px\" \/><\/a><\/strong><\/h3>\n<p><a href=\"http:\/\/belloperu.com\/\"><img loading=\"lazy\" decoding=\"async\" class=\"alignleft wp-image-830 size-thumbnail\" src=\"http:\/\/www.iberamia.org\/iberamia\/iberamia2018\/wp-content\/uploads\/sites\/5\/2018\/07\/BelloPeru4-150x150.jpg\" alt=\"BelloPeru4\" width=\"150\" height=\"150\" \/><\/a><\/p>\n<figure id=\"attachment_831\" aria-describedby=\"caption-attachment-831\" style=\"width: 150px\" class=\"wp-caption alignleft\"><a href=\"http:\/\/www.comaperu.org\/\"><img loading=\"lazy\" decoding=\"async\" class=\"wp-image-831\" src=\"http:\/\/www.iberamia.org\/iberamia\/iberamia2018\/wp-content\/uploads\/sites\/5\/2018\/07\/COMAP-150x150.png\" alt=\"COMAP\" width=\"150\" height=\"150\" srcset=\"https:\/\/www.iberamia.org\/iberamia\/iberamia2018\/wp-content\/uploads\/sites\/5\/2018\/07\/COMAP-150x150.png 150w, https:\/\/www.iberamia.org\/iberamia\/iberamia2018\/wp-content\/uploads\/sites\/5\/2018\/07\/COMAP-300x300.png 300w, https:\/\/www.iberamia.org\/iberamia\/iberamia2018\/wp-content\/uploads\/sites\/5\/2018\/07\/COMAP.png 410w\" sizes=\"auto, (max-width: 150px) 100vw, 150px\" \/><\/a><figcaption id=\"caption-attachment-831\" class=\"wp-caption-text\">REGION PIURA<\/figcaption><\/figure>\n<p><a href=\"http:\/\/ia.inf.pucp.edu.pe\/\"><br \/>\n<img loading=\"lazy\" decoding=\"async\" class=\"alignnone wp-image-865 size-full\" src=\"http:\/\/www.iberamia.org\/iberamia\/iberamia2018\/wp-content\/uploads\/sites\/5\/2018\/07\/GrupoIAPUCP.png\" alt=\"GrupoIAPUCP\" width=\"273\" height=\"82\" \/><\/a><\/p>\n","protected":false},"excerpt":{"rendered":"<p>&nbsp; \u00a0 \u00a0 \u00a0 \u00a0 \u00a0 \u00a0 \u00a0 \u00a0 \u00a0 \u00a0 \u00a0 \u00a0 \u00a0 &nbsp; V JORNADA PERUANA DE INTELIGENCIA ARTIFICIAL TRUJILLO &#8211; PERU 13 NOVIEMBRE LUGAR: ESCUELA DE POSGRADO &#8211; UNIVERSIDAD NACIONAL DE TRUJILLO Programa V Jornada Peruana de Inteligencia Artificial (pdf) Locales \u00a0\u00a0\u00a0 \u00a01.- Conferencias: Auditorio de Posgrado \u2013 UNT \u00a0\u00a0\u00a0 \u00a02.- Sesiones T\u00e9cnicas: Aulas de posgrado (Tercer piso) &#8211;\u00a0 UNT \u00a0\u00a0 \u00a0\u00a03.- Curso \u2013 Taller: Laboratorio de&hellip; <\/p>\n","protected":false},"author":1,"featured_media":0,"parent":0,"menu_order":0,"comment_status":"closed","ping_status":"closed","template":"layouts\/page-fullwidth.php","meta":{"footnotes":""},"class_list":["post-648","page","type-page","status-publish","hentry"],"_links":{"self":[{"href":"https:\/\/www.iberamia.org\/iberamia\/iberamia2018\/wp-json\/wp\/v2\/pages\/648","targetHints":{"allow":["GET"]}}],"collection":[{"href":"https:\/\/www.iberamia.org\/iberamia\/iberamia2018\/wp-json\/wp\/v2\/pages"}],"about":[{"href":"https:\/\/www.iberamia.org\/iberamia\/iberamia2018\/wp-json\/wp\/v2\/types\/page"}],"author":[{"embeddable":true,"href":"https:\/\/www.iberamia.org\/iberamia\/iberamia2018\/wp-json\/wp\/v2\/users\/1"}],"replies":[{"embeddable":true,"href":"https:\/\/www.iberamia.org\/iberamia\/iberamia2018\/wp-json\/wp\/v2\/comments?post=648"}],"version-history":[{"count":0,"href":"https:\/\/www.iberamia.org\/iberamia\/iberamia2018\/wp-json\/wp\/v2\/pages\/648\/revisions"}],"wp:attachment":[{"href":"https:\/\/www.iberamia.org\/iberamia\/iberamia2018\/wp-json\/wp\/v2\/media?parent=648"}],"curies":[{"name":"wp","href":"https:\/\/api.w.org\/{rel}","templated":true}]}}