{"id":999,"date":"2016-06-21T13:51:35","date_gmt":"2016-06-21T13:51:35","guid":{"rendered":"http:\/\/www.iberamia.org\/iberamia\/iberamia2016\/?page_id=999"},"modified":"2016-11-23T15:01:42","modified_gmt":"2016-11-23T15:01:42","slug":"programme-schedule","status":"publish","type":"page","link":"https:\/\/www.iberamia.org\/iberamia\/iberamia2016\/programme-schedule\/","title":{"rendered":"Programme Schedule"},"content":{"rendered":"<p style=\"text-align: right;\"><strong><a href=\"http:\/\/www.springer.com\/978-3-319-47954-5\">Advances in Artificial Intelligence &#8211; IBERAMIA 2016<\/a><\/strong><br \/>\nLecture Notes in Computer Science. Volume 10022<br \/>\nProceedings of the 15th Ibero-American Conference on AI, San Jos\u00e9, Costa Rica, 2016<\/p>\n<p style=\"text-align: right;\">\n<table style=\"height: 659px;\" border=\"3\" width=\"1495\">\n<tbody>\n<tr>\n<td style=\"border-color: #000000; width: 323px; text-align: center;\" colspan=\"2\" align=\"center\" bgcolor=\"#C0C0C0\" width=\"323\"><span style=\"color: #000000;\"><strong> <span style=\"font-size: large;\">23\u2019Nov (<span id=\"result_box\" class=\"short_text\" lang=\"en\"><span class=\"\">Wednesday<\/span><\/span>)<\/span><\/strong><\/span><\/td>\n<td style=\"width: 2px; border-color: #000000; text-align: center;\" rowspan=\"10\" align=\"center\" bgcolor=\"#C0C0C0\" width=\"4\"><\/td>\n<td style=\"border-color: #000000; width: 407px; text-align: center;\" colspan=\"2\" align=\"center\" bgcolor=\"#C0C0C0\" width=\"407\"><strong><span style=\"font-size: large;\">24\u2019Nov (<span id=\"result_box0\" class=\"short_text\" lang=\"en\"><span class=\"\">Thursday<\/span><\/span>)<\/span><\/strong><\/td>\n<td style=\"width: 2px; border-color: #000000; text-align: center;\" rowspan=\"10\" align=\"center\" bgcolor=\"#C0C0C0\" width=\"4\"><\/td>\n<td style=\"border-color: #000000; width: 407px; text-align: center;\" colspan=\"2\" align=\"center\" bgcolor=\"#C0C0C0\" width=\"407\"><strong><span style=\"font-size: large;\">25\u2019Nov (Friday)<\/span><\/strong><\/td>\n<\/tr>\n<tr>\n<td style=\"background-color: #e4f4f5; border-color: #000000; width: 148px; vertical-align: top;\" rowspan=\"3\" align=\"left\" width=\"148\">\n<p style=\"text-align: center;\"><strong><span style=\"color: #800000;\">9:00 \u2013 16:30<\/span><\/strong><\/p>\n<p style=\"text-align: center;\"><strong><span style=\"color: #0000ff;\"><a style=\"color: #0000ff;\" href=\"http:\/\/ciep.ing.uaslp.mx\/sw-lod\/index.html\">Workshop<\/a><\/span><\/strong><\/p>\n<p style=\"text-align: center;\"><strong><span style=\"color: #0000ff;\"><a style=\"color: #0000ff;\" href=\"http:\/\/ciep.ing.uaslp.mx\/sw-lod\/index.html\">ISW-LOD\u20192016<\/a><\/span><\/strong><\/p>\n<\/td>\n<td style=\"background-color: #fadede; border-color: #000000; width: 169px; vertical-align: top;\" rowspan=\"3\" align=\"left\" width=\"169\">\n<p style=\"text-align: center;\"><strong><span style=\"color: #800000;\">09:00 &#8211; 16:30<\/span><\/strong><\/p>\n<p style=\"text-align: center;\"><strong>Tutorial (*)<br \/>\n<\/strong><\/p>\n<p style=\"text-align: center;\"><em><strong>Introduction to Probabilistic Robotics and Service Robots<\/strong><\/em><\/p>\n<p style=\"text-align: center;\"><a href=\"http:\/\/ccc.inaoep.mx\/~esucar\/\">Prof. Enrique Sucar <\/a><\/p>\n<p style=\"text-align: center;\">(INAOE, M\u00e9xico)<\/p>\n<\/td>\n<td style=\"background-color: #f5efb5; border-color: #000000; width: 201px;\" align=\"left\" valign=\"top\" width=\"201\">\n<p style=\"text-align: center;\"><strong><span style=\"color: #800000;\">9:00 \u2013 10:30<\/span><\/strong><\/p>\n<p style=\"text-align: center;\"><strong>Technical Session T-1A<\/strong><\/p>\n<p style=\"text-align: center;\">Planning and Scheduling<\/p>\n<\/td>\n<td style=\"background-color: #f5efb5; border-color: #000000; width: 200px;\" align=\"left\" valign=\"top\" width=\"200\">\n<p style=\"text-align: center;\"><strong><span style=\"color: #800000;\">9:00 \u2013 10:30<\/span><\/strong><\/p>\n<p style=\"text-align: center;\"><strong>Technical Session T-2A<\/strong><\/p>\n<p style=\"text-align: center;\">AI in Education,<br \/>\nAffective Comp.,\u00a0 HCI<\/p>\n<\/td>\n<td style=\"background-color: #f5efb5; border-color: #000000; width: 201px;\" align=\"left\" valign=\"top\" width=\"201\">\n<p style=\"text-align: center;\"><strong><span style=\"color: #800000;\">9:00 \u2013 10:30<\/span><\/strong><\/p>\n<p style=\"text-align: center;\"><strong>Technical Session F-1A<\/strong><\/p>\n<p style=\"text-align: center;\">Comp. Intelligence, Soft Computing<\/p>\n<\/td>\n<td style=\"background-color: #f5efb5; border-color: #000000; width: 200px;\" align=\"left\" valign=\"top\" width=\"200\">\n<p style=\"text-align: center;\"><strong><span style=\"color: #800000;\">9:00 \u2013 10:30<\/span><\/strong><\/p>\n<p style=\"text-align: center;\"><strong>Technical Session F-1B<\/strong><\/p>\n<p style=\"text-align: center;\">Machine Learning<\/p>\n<\/td>\n<\/tr>\n<tr>\n<td style=\"border-color: #000000; text-align: center; vertical-align: middle;\" colspan=\"2\" align=\"left\" valign=\"top\">\n<p style=\"text-align: center;\">10:30 \u2013 11:00\u00a0\u00a0 Coffee Break<\/p>\n<\/td>\n<td style=\"border-color: #000000; text-align: center; vertical-align: middle;\" colspan=\"2\" align=\"left\" valign=\"top\">\n<p style=\"text-align: center;\">10:30 \u2013 11:00\u00a0\u00a0 Coffee Break<\/p>\n<\/td>\n<\/tr>\n<tr>\n<td style=\"background-color: #c3f7d3; border-color: #000000; text-align: center; vertical-align: middle;\" colspan=\"2\" align=\"left\" valign=\"top\">\n<p style=\"text-align: center;\"><strong><span style=\"color: #800000;\">11:00 \u2013 12:00<\/span><\/strong><\/p>\n<p style=\"text-align: center;\"><a href=\"http:\/\/www.iberamia.org\/iberamia\/iberamia2016\/plenary-talks\/#rada\"><span style=\"text-decoration: underline;\"><strong>Plenary Talk<\/strong><\/span><\/a><strong> (*)<\/strong><br \/>\n<a href=\"http:\/\/www.iberamia.org\/iberamia\/iberamia2016\/plenary-talks\/#rada\"> \u00ab<strong><em>Computational Sociolinguistics\u00bb<\/em><\/strong><\/a><br \/>\n<a href=\"http:\/\/www.iberamia.org\/iberamia\/iberamia2016\/plenary-talks\/#rada\"> Prof. Rada Mihalcea<\/a><\/p>\n<\/td>\n<td style=\"background-color: #c3f7d3; border-color: #000000; text-align: center; vertical-align: middle;\" colspan=\"2\" align=\"left\" valign=\"top\">\n<p style=\"text-align: center;\"><strong><span style=\"color: #800000;\">11:00 \u2013 12:00<\/span><\/strong><\/p>\n<p style=\"text-align: center;\"><a href=\"http:\/\/www.iberamia.org\/iberamia\/iberamia2016\/plenary-talks\/#vicari\"><span style=\"text-decoration: underline;\"><strong>Plenary Talk<\/strong><\/span><\/a><strong> (*)<\/strong><br \/>\n<a href=\"http:\/\/www.iberamia.org\/iberamia\/iberamia2016\/plenary-talks\/#vicari\"> \u00ab<strong><em>AI applied on educational systems\u00bb<\/em><\/strong><\/a><br \/>\n<a href=\"http:\/\/www.iberamia.org\/iberamia\/iberamia2016\/plenary-talks\/#vicari\"> Prof. Rosa M\u00aa Vicari<\/a><\/p>\n<\/td>\n<\/tr>\n<tr>\n<td style=\"background-color: #ffffff; border-color: #000000; text-align: center;\" colspan=\"2\" align=\"center\"><\/td>\n<td style=\"background-color: #edebeb; border-color: #000000; text-align: center;\" colspan=\"2\" align=\"center\">12:00 \u2013 14:00 Lunch<\/td>\n<td style=\"background-color: #edebeb; border-color: #000000; text-align: center;\" colspan=\"2\" align=\"center\">12:00 \u2013 14:00 Lunch<\/td>\n<\/tr>\n<tr>\n<td style=\"background-color: #f0ebeb; border-color: #000000; vertical-align: top;\" rowspan=\"4\" align=\"left\" valign=\"top\">\n<p style=\"text-align: center;\"><span style=\"color: #800000;\"><strong>16:00 &#8211; 18:30<\/strong><br \/>\n<\/span><\/p>\n<p style=\"text-align: center;\"><strong>Iberamia\u20192016<\/strong><\/p>\n<p style=\"text-align: center;\"><strong>Registration and Reception<\/strong><\/p>\n<p style=\"text-align: center;\">(in:\u00a0 <a href=\"http:\/\/www.iberamia.org\/iberamia\/iberamia2016\/venue\/\">Biblioteca Joaqu\u00edn Garcia Monge (at UNA\u2013Heredia<\/a>)<\/p>\n<\/td>\n<td style=\"background-color: #cbd3f7; border-color: #000000; vertical-align: top;\" align=\"left\" valign=\"top\">\n<p style=\"text-align: center;\"><strong><span style=\"color: #800000;\">17:00<\/span><\/strong><\/p>\n<p style=\"text-align: center;\"><strong>Opening Ceremony<\/strong><\/p>\n<\/td>\n<td style=\"background-color: #f5efb5; border-color: #000000; width: 201px; vertical-align: top;\" align=\"left\" valign=\"top\" width=\"201\">\n<p style=\"text-align: center;\"><strong><span style=\"color: #800000;\">14:00 \u2013 15:30<\/span><\/strong><\/p>\n<p style=\"text-align: center;\"><strong>Technical Session T-2A<\/strong><\/p>\n<p style=\"text-align: center;\">Natural Language Processing<\/p>\n<\/td>\n<td style=\"background-color: #f5efb5; border-color: #000000; width: 200px; vertical-align: top;\" align=\"left\" valign=\"top\" width=\"200\">\n<p style=\"text-align: center;\"><strong><span style=\"color: #800000;\">14:00 \u2013 15:30<\/span><\/strong><\/p>\n<p style=\"text-align: center;\"><strong>Technical Session T2B<\/strong><\/p>\n<p style=\"text-align: center;\">Knowledge Engineering, Probabilistic Reasoning<\/p>\n<\/td>\n<td style=\"background-color: #f5efb5; border-color: #000000; width: 201px; vertical-align: top;\" align=\"left\" valign=\"top\" width=\"201\">\n<p style=\"text-align: center;\"><strong><span style=\"color: #800000;\">14:00 \u2013 15:30<\/span><\/strong><\/p>\n<p style=\"text-align: center;\"><strong>Technical Session F-2A<\/strong><\/p>\n<p style=\"text-align: center;\">Big Data, Data Mining<\/p>\n<\/td>\n<td style=\"background-color: #f5efb5; border-color: #000000; width: 200px; vertical-align: top;\" align=\"left\" valign=\"top\" width=\"200\">\n<p style=\"text-align: center;\"><strong><span style=\"color: #800000;\">14:00 \u2013 15:30<\/span><\/strong><\/p>\n<p style=\"text-align: center;\"><strong>Technical Session F2B<\/strong><\/p>\n<p style=\"text-align: center;\">Machine Learning<\/p>\n<\/td>\n<\/tr>\n<tr>\n<td style=\"background-color: #c3f7d3; border-color: #000000; vertical-align: middle;\" rowspan=\"3\" align=\"left\" valign=\"top\">\n<p style=\"text-align: center;\"><strong><span style=\"color: #800000;\">17:30 \u2013 18:30<\/span><\/strong><\/p>\n<p style=\"text-align: center;\"><a href=\"http:\/\/www.iberamia.org\/iberamia\/iberamia2016\/plenary-talks\/#mendes\"><span style=\"text-decoration: underline;\"><strong>Plenary Talk<\/strong><\/span><\/a><strong> (*)<\/strong><br \/>\n<a href=\"http:\/\/www.iberamia.org\/iberamia\/iberamia2016\/plenary-talks\/#mendes\"> \u00ab<strong><em>Value-based Decision Making\u00bb<\/em><\/strong><\/a><br \/>\n<a href=\"http:\/\/www.iberamia.org\/iberamia\/iberamia2016\/plenary-talks\/#mendes\"> Prof. Emilia Mendes<\/a><\/p>\n<\/td>\n<td style=\"border-color: #000000; vertical-align: middle;\" colspan=\"2\" align=\"left\" valign=\"top\">\n<p style=\"text-align: center;\">15:30 \u2013 16:00\u00a0\u00a0 Coffee Break<\/p>\n<\/td>\n<td style=\"border-color: #000000; vertical-align: middle;\" colspan=\"2\" align=\"left\" valign=\"top\">\n<p style=\"text-align: center;\">15:30 \u2013 16:00 \u00a0 Coffee Break<\/p>\n<\/td>\n<\/tr>\n<tr>\n<td style=\"background-color: #f5efb5; border-color: #000000; width: 201px; text-align: center; vertical-align: top;\" align=\"left\" valign=\"top\" width=\"201\">\n<p><strong><span style=\"color: #800000;\">16:00 \u2013 17:30<\/span><\/strong><\/p>\n<p><strong>Technical Session T-3A<\/strong><\/p>\n<p>Natural Language Processing<\/td>\n<td style=\"background-color: #f5efb5; border-color: #000000; width: 200px; text-align: center; vertical-align: top;\" align=\"left\" valign=\"top\" width=\"200\">\n<p><strong><span style=\"color: #800000;\">16:00 \u2013 17:30<\/span><\/strong><\/p>\n<p><strong>Technical Session T-3B<\/strong><\/p>\n<p>Knowledge Engineering, Probab. Reasoning\/ MAS<\/td>\n<td style=\"background-color: #f5efb5; border-color: #000000; width: 201px; vertical-align: top;\" align=\"left\" valign=\"top\" width=\"201\">\n<p style=\"text-align: center;\"><strong><span style=\"color: #800000;\">16:00 \u2013 17:00<\/span><\/strong><\/p>\n<p style=\"text-align: center;\"><strong>Technical Session F-3A<\/strong><\/p>\n<p style=\"text-align: center;\">Big Data, Data Mining \/ Machine Learning<\/p>\n<\/td>\n<td style=\"background-color: #f5efb5; border-color: #000000; width: 200px; vertical-align: top;\" align=\"left\" valign=\"top\" width=\"200\">\n<p style=\"text-align: center;\"><strong><span style=\"color: #800000;\">16:00 \u2013 17:00<\/span><\/strong><\/p>\n<p style=\"text-align: center;\"><strong>Technical Session F3B<\/strong><\/p>\n<p style=\"text-align: center;\">Computer Vision, Pattern Recognition<\/p>\n<\/td>\n<\/tr>\n<tr>\n<td style=\"background-color: #cbd3f7; border-color: #000000; text-align: center; vertical-align: middle;\" colspan=\"2\" align=\"left\" valign=\"top\"><span style=\"color: #800000;\"><strong>17:30<\/strong> \u00a0<\/span> <strong>Iberamia General Assembly<\/strong><\/td>\n<td style=\"background-color: #cbd3f7; border-color: #000000; text-align: center; vertical-align: middle;\" colspan=\"2\" align=\"left\" valign=\"top\"><strong><span style=\"color: #800000;\">17:30<\/span>\u00a0<\/strong>\u00a0 <strong>Closing Ceremony<\/strong><\/td>\n<\/tr>\n<tr>\n<td style=\"background-color: #f5c6cc; width: 323px; border-color: #000000; text-align: center;\" colspan=\"2\" align=\"left\"><strong><span style=\"color: #800000;\">19:00<\/span>\u00a0<\/strong>\u00a0 <strong>Social Reception<\/strong><\/td>\n<td style=\"background-color: #f5c6cc; border-color: #000000; text-align: center;\" colspan=\"2\" align=\"left\">\n<p><span style=\"color: #800000;\"><strong>20:00\u00a0\u00a0<\/strong><\/span> <strong>Conference dinner<\/strong><\/p>\n<p>(at the <b><a href=\"http:\/\/www.hb.co.cr\/\"> Bougainvillea Hotel<\/a><\/b>)<\/p>\n<p>Here <a href=\"http:\/\/www.hb.co.cr\/en\/getting-here.html\"><b>INFO<\/b><\/a><b> <\/b> about how getting there. Also, <a href=\"https:\/\/www.google.es\/maps\/place\/Hotel+Bougainvillea\/@9.980484,-84.0810387,17z\/data=%213m1%214b1%214m5%213m4%211s0x8fa09955554e00c1:0x611456ce0663ce05%218m2%213d9.980484%214d-84.07885\">in <b>Google Maps<\/b><\/a>.<\/td>\n<td style=\"background-color: #ffffff;\" colspan=\"2\" align=\"left\"><\/td>\n<\/tr>\n<\/tbody>\n<\/table>\n<p><strong>Plenary Talks located in<\/strong>:\u00a0 <a href=\"http:\/\/www.iberamia.org\/iberamia\/iberamia2016\/venue\/\">Auditorio Clodomiro Picado (at UNA-Heredia)<\/a><\/p>\n<p><strong>Technical Sessions located\u00a0 in:\u00a0<\/strong> <a href=\"http:\/\/www.iberamia.org\/iberamia\/iberamia2016\/venue\/\">Biblioteca Joaqu\u00edn Garcia Monge (at UNA\u2013Heredia<\/a>)<\/p>\n<p><strong>Note:<\/strong> Coffee Breaks, Social Reception (Wednesday), and Conference dinner (Thursday) are included in the IBERAMIA registration. Lunches are not included (there are several sites around the iberamia venue).<\/p>\n<p><strong><em>(*) Professors, researchers and students from the University of Costa Rica are cordially invited to attend the Plenary Conferences and the Tutorial scheduled in IBERAMIA\u20192016. Assistance is free, without cost, limited only by the capacity of the room.<\/em><\/strong><\/p>\n<p>&nbsp;<\/p>\n<hr \/>\n<h2><\/h2>\n<h2><strong>Technical Sessions<\/strong><\/h2>\n<p><strong>Technical Session T-1A. 9:00 \u2013 10:30,\u00a0 24\u2019Nov (Thursday).<br \/>\n<\/strong><\/p>\n<p><em><strong>Planning and Scheduling<\/strong><\/em><\/p>\n<p>A Constraint-Based Approach for the Conciliation of Clinical Guidelines<br \/>\nLuca Piovesan and Paolo Terenziani<\/p>\n<p>Intelligence Amplification Framework for Enhancing Scheduling Processes<br \/>\nAndrej Dobrkovic, Luyao Liu, Maria-Eugenia Iacob, and Jos van Hillegersberg<\/p>\n<p>A Column Generation Approach for Solving a Green Bi-objective Inventory Routing Problem<br \/>\nCarlos Franco, Eduyn Ramiro<\/p>\n<p>&nbsp;<\/p>\n<p><strong> Technical Session T-1B. 9:00 \u2013 10:30,\u00a0 24\u2019Nov (Thursday).<br \/>\n<\/strong><\/p>\n<p><em><strong>AI in Education, Affective Computing, and Human-Computer Interaction<\/strong><\/em><\/p>\n<p>Context Ontologies in Ubiquitous Learning Environments<br \/>\nGabriela Gonz\u00e1lez, Elena Dur\u00e1n, and Anal\u00eda Amandi<\/p>\n<p>An Interactive Tool to Support Student Assessment in Programming Assignments<br \/>\nLina F. Rosales-Castro, Laura A. Chaparro-Guti\u00e9rrez, Andr\u00e9s F. Cruz-Salinas, Felipe Restrepo-Calle, Jorge Camargo, and Fabio A. Gonz\u00e1lez<\/p>\n<p>Hidden Markov Models for Artificial Voice Production and Accent Modification<br \/>\nMarvin Coto-Jim\u00e9nez and John Goddard-Close<\/p>\n<p>&nbsp;<\/p>\n<p><strong> Technical Session T-2A, \u00a0 14:00 \u2013 15:30, 24\u2019Nov (Thursday).<br \/>\n<\/strong><\/p>\n<p><em><strong>Natural Language Processing<\/strong><\/em><\/p>\n<p>A Comparison Between Two Spanish Sentiment Lexicons in the Twitter Sentiment Analysis Task<br \/>\nOmar Ju\u00e1rez Gambino and Hiram Calvo<\/p>\n<p>Enhancing Semi-supevised Text Classification Using Document Summaries<br \/>\nEsa\u00fa Villatoro-Tello, Emmanuel Anguiano, Manuel Montes-y-G\u00f3mez, Luis Villase\u00f1or-Pineda, and Gabriela Ram\u00edrez-de-la-Rosa<\/p>\n<p>Is This a Joke? Detecting Humor in Spanish Tweets<br \/>\nSantiago Castro, Mat\u00edas Cubero, Diego Garat, and Guillermo Moncecchi<\/p>\n<p>&nbsp;<\/p>\n<p><strong> Technical Session T-2B. 14:00 \u2013 15:30, 24\u2019Nov (Thursday). <\/strong><\/p>\n<p><em><strong>Knowledge Engineering, Representation and Probabilistic Reasoning<\/strong><\/em><\/p>\n<p>Towards an Integration of Workflows and Clinical Guidelines: A Case Study<br \/>\nPaolo Terenziani and Salvatore Femiano<\/p>\n<p>Anomalies Detection in the Behavior of Processes Using the Sensor Validation Theory<br \/>\nPablo H. Ibargu\u0308engoytia, Uriel A. Garc\u00eda, Alberto Reyes, and M\u00f3nica Borunda<\/p>\n<p>Explanatory Relations Revisited: Links with Credibility-Limited Revision<br \/>\nMar\u00eda Victoria Le\u00f3n and Ram\u00f3n Pino P\u00e9rez<\/p>\n<p>&nbsp;<\/p>\n<p><strong> Technical Session T-3A. 16:00 \u2013 17:30, 24\u2019Nov (Thursday).<br \/>\n<\/strong><\/p>\n<p><em><strong>Natural Language Processing<\/strong><\/em><\/p>\n<p>Evaluating Topic-Based Representations for Author Profiling in Social Media<br \/>\nMiguel A. \u00c1lvarez-Carmona, A. Pastor L\u00f3pez-Monroy, Manuel Montes-y-G\u00f3mez, Luis Villase\u00f1or-Pineda, and Ivan Meza<\/p>\n<p>Using Robustness to Learn to Order Semantic Properties in Referring Expression Generation<br \/>\nPablo Ariel Duboue and Martin Ariel Dom\u00ednguez<\/p>\n<p>Conditional Random Fields for Spanish Named Entity Recognition Using Unsupervised Features<br \/>\nJenny Copara, Jose Ochoa, Camilo Thorne, and Goran Glava\u0161<\/p>\n<p>&nbsp;<\/p>\n<p><strong> Technical Session T-3B. 16:00 \u2013 17:30, 24\u2019Nov (Thursday).<br \/>\n<\/strong><\/p>\n<p><em><strong>Knowledge Engineering, Representation and Probabilistic Reasoning\/ Agent Technology and Multi-agent Systems<\/strong><\/em><\/p>\n<p>Semantic Enrichment of Web Service Operations<br \/>\nMaricela Bravo, Jos\u00e9 A. Reyes-Ortiz, Roberto Alc\u00e1ntara-Ram\u00edrez, and Leonardo S\u00e1nchez<\/p>\n<p>The ICARO Goal Driven Agent Pattern<br \/>\nFrancisco Garijo and Juan Pav\u00f3n<\/p>\n<p>A Study for Self-adapting Urban Traffic Control<br \/>\nP.S. Rodr\u00edguez-Hern\u00e1ndez, J.C. Burguillo, E. Costa-Montenegro, and A. Peleteiro<\/p>\n<p>&nbsp;<\/p>\n<p><strong> Technical Session F-1A. 9:00 \u2013 10:30, 25\u2019Nov (Friday).<br \/>\n<\/strong><\/p>\n<p><em><strong>Computational Intelligence Soft Computing<\/strong><\/em><\/p>\n<p>Automatic Generation of Type-1 and Interval Type-2 Membership Functions for Prediction of Time Series Data<br \/>\nAndr\u00e9ia Alves dos Santos Schwaab, Silvia Modesto Nassar, and Paulo Jos\u00e9 de Freitas Filho<\/p>\n<p>Calibration of Microscopic Traffic Flow Simulation Models Using a Memetic Algorithm with Solis and Wets Local Search Chaining (MA-SW-chains)<br \/>\nCarlos Cobos, Carlos Daza, Cristhian Mart\u00ednez, Martha Mendoza, Carlos Gaviria, Cristian Arteaga, and Alexander Paz<\/p>\n<p>A New Strategy Based on Feature Selection for Fault Classification in Transmission Lines<br \/>\nM\u00e1rcia Homci, Paulo Chagas, Brunelli Miranda, Jean Freire, Raimundo Vi\u00e9gas Jr., Yomara Pires, Bianchi Meiguins, and Jefferson Morais<\/p>\n<p>&nbsp;<\/p>\n<p><strong> Technical Session F-1B. 9:00 \u2013 10:30, 25\u2019Nov (Friday).<br \/>\n<\/strong><\/p>\n<p><em><strong>Machine Learning<\/strong><\/em><\/p>\n<p>Detection of Fraud Symptoms in the Retail Industry<br \/>\nRita P. Ribeiro, Ricardo Oliveira, and Jo\u00e3o Gama<\/p>\n<p>A Machine Learning Model for Occupancy Rates and Demand Forecasting in the Hospitality Industry<br \/>\nWilliam Caicedo-Torres and Fabi\u00e1n Payares<\/p>\n<p>A Machine Learning Model for Triage in Lean Pediatric Emergency Departments<br \/>\nWilliam Caicedo-Torres, Gisela Garc\u00eda, and Hernando Pinz\u00f3n<\/p>\n<p>&nbsp;<\/p>\n<p><strong> Technical Session F-2A. 14:00 \u2013 15:30,\u00a025\u2019Nov (Friday).<\/strong><\/p>\n<p><em><strong>Big Data, Knowledge Discovery and Data Mining<\/strong><\/em><\/p>\n<p>Collaborative Filtering with Semantic Neighbour Discovery<br \/>\nBruno Veloso, Benedita Malheiro, and Juan C. Burguillo<\/p>\n<p>Distributed and Parallel Algorithm for Computing Betweenness Centrality<br \/>\nMirlayne Campuzano-Alvarez and Adrian Fonseca-Bruz\u00f3n<\/p>\n<p>In Defense of Online Kmeans for Prototype Generation and Instance Reduction<br \/>\nMauricio Garc\u00eda-Lim\u00f3n, Hugo Jair Escalante, and Alicia Morales-Reyes<\/p>\n<p>&nbsp;<\/p>\n<p><strong> Technical Session F-2B. 14:00 \u2013 15:30, 25\u2019Nov (Friday).<br \/>\n<\/strong><\/p>\n<p><em><strong>Machine Learning<\/strong><\/em><\/p>\n<p>An Empirical Validation of Learning Schemes Using an Automated Genetic Defect Prediction Framework<br \/>\nJuan Murillo-Morera, Carlos Castro-Herrera, Javier Arroyo, and Rub\u00e9n Fuentes-Fern\u00e1ndez<\/p>\n<p>Machine Learning Approaches to Estimate Simulated Cardiac Ejection Fraction from Electrical Impedance Tomography<br \/>\nTales L. Fonseca, Leonardo Goliatt, Luciana C.D. Campos, Fl\u00e1via S. Bastos, Luis Paulo S. Barra, and Rodrigo W. dos Santos<\/p>\n<p>Machine Learning Models for Early Dengue Severity Prediction<br \/>\nWilliam Caicedo-Torres, \u00c1ngel Paternina, and Hernando Pinz\u00f3n<\/p>\n<p>&nbsp;<\/p>\n<p><strong>Technical Session F-3A. 16:00 \u2013 17:00, 25\u2019Nov (Friday).<br \/>\n<\/strong><\/p>\n<p><em><strong>Big Data, Knowledge Discovery and Data Mining \/ Machine Learning<\/strong><\/em><\/p>\n<p>Principal Curves and Surfaces to Interval Valued Variables<br \/>\nJorge Arce G. and Oldemar Rodr\u00edguez R.<\/p>\n<p>Early Prediction of Severe Maternal Morbidity Using Machine Learning Techniques<br \/>\nEugenia Arrieta Rodr\u00edguez, Francisco Edna Estrada, William Caicedo Torres, and Juan Carlos Mart\u00ednez Santos<\/p>\n<p>&nbsp;<\/p>\n<p><strong>Technical Session F-3B. 16:00 \u2013 17:00,\u00a025\u2019Nov (Friday).<\/strong><\/p>\n<p><em><strong>Computer Vision and Pattern Recognition<\/strong><\/em><\/p>\n<p>In Search of Truth: Analysis of Smile Intensity Dynamics to Detect Deception<br \/>\nMichal Kawulok, Jakub Nalepa, Karolina Nurzynska, and Bogdan Smolka<\/p>\n<p>Sign Languague Recognition Without Frame-Sequencing Constraints: A Proof of Concept on the Argentinian Sign Language<br \/>\nFranco Ronchetti, Facundo Quiroga, C\u00e9sar Estrebou, Laura Lanzarini, and Alejandro Rosete<\/p>\n<hr \/>\n<p>&nbsp;<\/p>\n","protected":false},"excerpt":{"rendered":"<p>Advances in Artificial Intelligence &#8211; IBERAMIA 2016 Lecture Notes in Computer Science. Volume 10022 Proceedings of the 15th Ibero-American Conference on AI, San Jos\u00e9, Costa Rica, 2016 23\u2019Nov (Wednesday) 24\u2019Nov (Thursday) 25\u2019Nov (Friday) 9:00 \u2013 16:30 Workshop ISW-LOD\u20192016 09:00 &#8211; 16:30 Tutorial (*) Introduction to Probabilistic Robotics and Service Robots Prof. Enrique Sucar (INAOE, M\u00e9xico) 9:00 \u2013 10:30 Technical Session T-1A Planning and Scheduling 9:00 \u2013 10:30 Technical Session T-2A&hellip; <\/p>\n","protected":false},"author":1,"featured_media":0,"parent":0,"menu_order":0,"comment_status":"closed","ping_status":"closed","template":"layouts\/page-fullwidth.php","meta":{"footnotes":""},"class_list":["post-999","page","type-page","status-publish","hentry"],"_links":{"self":[{"href":"https:\/\/www.iberamia.org\/iberamia\/iberamia2016\/wp-json\/wp\/v2\/pages\/999","targetHints":{"allow":["GET"]}}],"collection":[{"href":"https:\/\/www.iberamia.org\/iberamia\/iberamia2016\/wp-json\/wp\/v2\/pages"}],"about":[{"href":"https:\/\/www.iberamia.org\/iberamia\/iberamia2016\/wp-json\/wp\/v2\/types\/page"}],"author":[{"embeddable":true,"href":"https:\/\/www.iberamia.org\/iberamia\/iberamia2016\/wp-json\/wp\/v2\/users\/1"}],"replies":[{"embeddable":true,"href":"https:\/\/www.iberamia.org\/iberamia\/iberamia2016\/wp-json\/wp\/v2\/comments?post=999"}],"version-history":[{"count":0,"href":"https:\/\/www.iberamia.org\/iberamia\/iberamia2016\/wp-json\/wp\/v2\/pages\/999\/revisions"}],"wp:attachment":[{"href":"https:\/\/www.iberamia.org\/iberamia\/iberamia2016\/wp-json\/wp\/v2\/media?parent=999"}],"curies":[{"name":"wp","href":"https:\/\/api.w.org\/{rel}","templated":true}]}}