{"id":387,"date":"2016-02-06T20:04:04","date_gmt":"2016-02-06T20:04:04","guid":{"rendered":"http:\/\/www.iberamia.org\/iberamia\/iberamia2016\/?page_id=387"},"modified":"2016-07-01T21:35:15","modified_gmt":"2016-07-01T21:35:15","slug":"organization-commitee","status":"publish","type":"page","link":"https:\/\/www.iberamia.org\/iberamia\/iberamia2016\/organization-commitee\/","title":{"rendered":"Organization Committee"},"content":{"rendered":"<hr \/>\n<p><span style=\"color: #000000\"><strong>Chair: <\/strong><\/span><\/p>\n<p><span style=\"color: #000000\">M.Sc. Alberto Segura Gutierrez, Universidad Nacional de Costa Rica (UNA) , Costa Rica. <\/span><\/p>\n<p><strong><span style=\"color: #000000\">Members:<\/span><\/strong><\/p>\n<p><span style=\"color: #000000\">M.Sc.\u00a0 Juan De Dios Murillo Morera, Universidad Nacional de Costa Rica, Costa Rica.<\/span><br \/>\n<span style=\"color: #000000\"> Dr. Carlos Gonz\u00e1lez Alvarado, Instituto Tecnol\u00f3gico de Costa Rica, Costa Rica.<\/span><br \/>\n<span style=\"color: #000000\"> Dr. Francisco Mata Chavarria, Universidad Nacional de Costa Rica, Costa Rica.<\/span><br \/>\n<span style=\"color: #000000\"> Dr. Jos\u00e9 Castro Mora, Instituto Tecnol\u00f3gico de Costa Rica, Costa Rica.<\/span><br \/>\n<span style=\"color: #000000\"> Dr. Oldemar Rodr\u00edguez Rojas, Universidad Nacional de Costa Rica, Costa Rica.<\/span><br \/>\n<span style=\"color: #000000\"> Dr. Carlos Lor\u00eda Saenz, Universidad Nacional de Costa Rica, Costa Rica.<\/span><br \/>\n<span style=\"color: #000000\"> Dr. Jos\u00e9 S\u00e1nchez Salazar, Universidad Nacional de Costa Rica, Costa Rica.<\/span><br \/>\n<span style=\"color: #000000\"> Dra. Mayela Coto Chotto, Universidad Nacional de Costa Rica, Costa Rica.<\/span><\/p>\n<h4><span style=\"color: #000000\">Contact: <span style=\"color: #000080\"><a style=\"color: #000080\" href=\"mailto:iberamia2016@iberamia.org\" target=\"_blank\">iberamia2016@iberamia.org<\/a><\/span><\/span><\/h4>\n<p>&nbsp;<\/p>\n","protected":false},"excerpt":{"rendered":"<p>Chair: M.Sc. Alberto Segura Gutierrez, Universidad Nacional de Costa Rica (UNA) , Costa Rica. Members: M.Sc.\u00a0 Juan De Dios Murillo Morera, Universidad Nacional de Costa Rica, Costa Rica. Dr. Carlos Gonz\u00e1lez Alvarado, Instituto Tecnol\u00f3gico de Costa Rica, Costa Rica. Dr. Francisco Mata Chavarria, Universidad Nacional de Costa Rica, Costa Rica. Dr. Jos\u00e9 Castro Mora, Instituto Tecnol\u00f3gico de Costa Rica, Costa Rica. Dr. Oldemar Rodr\u00edguez Rojas, Universidad Nacional de Costa Rica,&hellip; <\/p>\n","protected":false},"author":1,"featured_media":0,"parent":0,"menu_order":0,"comment_status":"closed","ping_status":"closed","template":"","meta":{"footnotes":""},"class_list":["post-387","page","type-page","status-publish","hentry"],"_links":{"self":[{"href":"https:\/\/www.iberamia.org\/iberamia\/iberamia2016\/wp-json\/wp\/v2\/pages\/387","targetHints":{"allow":["GET"]}}],"collection":[{"href":"https:\/\/www.iberamia.org\/iberamia\/iberamia2016\/wp-json\/wp\/v2\/pages"}],"about":[{"href":"https:\/\/www.iberamia.org\/iberamia\/iberamia2016\/wp-json\/wp\/v2\/types\/page"}],"author":[{"embeddable":true,"href":"https:\/\/www.iberamia.org\/iberamia\/iberamia2016\/wp-json\/wp\/v2\/users\/1"}],"replies":[{"embeddable":true,"href":"https:\/\/www.iberamia.org\/iberamia\/iberamia2016\/wp-json\/wp\/v2\/comments?post=387"}],"version-history":[{"count":0,"href":"https:\/\/www.iberamia.org\/iberamia\/iberamia2016\/wp-json\/wp\/v2\/pages\/387\/revisions"}],"wp:attachment":[{"href":"https:\/\/www.iberamia.org\/iberamia\/iberamia2016\/wp-json\/wp\/v2\/media?parent=387"}],"curies":[{"name":"wp","href":"https:\/\/api.w.org\/{rel}","templated":true}]}}