{"id":373,"date":"2016-02-06T18:06:42","date_gmt":"2016-02-06T18:06:42","guid":{"rendered":"http:\/\/www.iberamia.org\/iberamia\/iberamia2016\/?page_id=373"},"modified":"2017-05-16T10:17:05","modified_gmt":"2017-05-16T10:17:05","slug":"big-data-knowledge-discovery-and-data-mining","status":"publish","type":"page","link":"https:\/\/www.iberamia.org\/iberamia\/iberamia2016\/big-data-knowledge-discovery-and-data-mining\/","title":{"rendered":"Big Data, Knowledge Discovery and Data Mining  &#8211; Program Committee IBERAMIA&#8217;2016"},"content":{"rendered":"<div class=\"page_content\"><\/div>\n<div class=\"clear\">\n<table class=\"elisatable\" style=\"height: 25px;background-color: #c1f3f5\" width=\"596\">\n<thead>\n<tr style=\"background-color: #d8ebea;border-color: #ffffff\">\n<td style=\"width: 170px;background-color: #faf5f5\"><strong>Chairs<\/strong><\/td>\n<th style=\"background-color: #faf5f5;text-align: left\">Institution<\/th>\n<\/tr>\n<\/thead>\n<tbody>\n<tr style=\"background-color: #daf2ea\">\n<td style=\"width: 170px\">Jo\u00e3o Gama<\/td>\n<td align=\"left\">\u00a0Universidade do Porto, Portugal<\/td>\n<\/tr>\n<tr style=\"background-color: #daf2ed\">\n<td style=\"width: 170px\">Angel Kuri<\/td>\n<td align=\"left\">\u00a0Instituto Tecnol\u00f3gico Aut\u00f3nomo de M\u00e9xico, M\u00e9xico<\/td>\n<\/tr>\n<\/tbody>\n<\/table>\n<\/div>\n<div class=\"page_content\"><\/div>\n<table class=\"elisatable\" style=\"height: 268px;background-color: #fafaf0\" width=\"599\">\n<tbody>\n<tr class=\"border_bottom\" style=\"background-color: #52eaf2\">\n<th style=\"background-color: #faf5f5;text-align: left\"><strong>PC Members<\/strong><\/th>\n<th style=\"background-color: #faf5f5;text-align: left\">Institution<\/th>\n<\/tr>\n<tr>\n<td align=\"left\" height=\"21\">Ramon F.Brena<\/td>\n<td align=\"left\">Tecnologico de Monterrey, Mexico<\/td>\n<\/tr>\n<tr>\n<td align=\"left\" height=\"21\">FacundoBromberg<\/td>\n<td align=\"left\">UTN-Mendoza y CONICET, Argentina<\/td>\n<\/tr>\n<tr>\n<td align=\"left\" height=\"21\">MarceloErrecalde<\/td>\n<td align=\"left\">Universidad Nacional de San Luis, Argentina<\/td>\n<\/tr>\n<tr>\n<td align=\"left\" height=\"21\">DanielaGodoy<\/td>\n<td align=\"left\">ISISTAN Research Institute, Argentina<\/td>\n<\/tr>\n<tr>\n<td align=\"left\" height=\"21\">AlexandrePlastino<\/td>\n<td align=\"left\">Universidade Federal Fluminense, Brasil<\/td>\n<\/tr>\n<tr>\n<td align=\"left\" height=\"21\">SolangeRezende<\/td>\n<td align=\"left\">Universidade de S\u00e3o Paulo, Brasil<\/td>\n<\/tr>\n<tr>\n<td align=\"left\" height=\"21\">ElaineSousa<\/td>\n<td align=\"left\">University of Sao Paulo &#8211; ICMC\/USP, Brasil<\/td>\n<\/tr>\n<tr>\n<td align=\"left\" height=\"21\">PauloAzevedo<\/td>\n<td align=\"left\">Universidad de do Minho, Portugal<\/td>\n<\/tr>\n<tr>\n<td align=\"left\" height=\"21\">Jo\u00e3oMendes-Moreira<\/td>\n<td align=\"left\">FEUP\/DEI, Portugal<\/td>\n<\/tr>\n<tr>\n<td align=\"left\" height=\"21\">DouglasCardoso<\/td>\n<td align=\"left\">Universidade Federal do Rio de Janeiro, Brasil<\/td>\n<\/tr>\n<tr>\n<td align=\"left\" height=\"21\">AlbertBifet<\/td>\n<td align=\"left\">University of Waikato, Nueva Zelanda<\/td>\n<\/tr>\n<tr>\n<td align=\"left\" height=\"21\">Rita P.Ribeiro<\/td>\n<td align=\"left\">FCUP \/ LIAAD INESC TEC University of Porto, Portugal<\/td>\n<\/tr>\n<tr>\n<td align=\"left\" height=\"21\">Jos\u00e9Del Campo-\u00c1vila<\/td>\n<td align=\"left\">Universidad de M\u00e1laga, Espa\u00f1a<\/td>\n<\/tr>\n<tr>\n<td align=\"left\" height=\"21\">CarlosFerreira<\/td>\n<td align=\"left\">LIAAD INESC TEC University of Porto, Portugal<\/td>\n<\/tr>\n<tr>\n<td align=\"left\" height=\"21\">DiegoMilone<\/td>\n<td align=\"left\">Universidad Nacional del Litoral, Argentina<\/td>\n<\/tr>\n<tr>\n<td align=\"left\" height=\"21\">MarcoCristo<\/td>\n<td align=\"left\">UFAM, Brasil<\/td>\n<\/tr>\n<tr>\n<td align=\"left\" height=\"21\">ElaineFaria<\/td>\n<td align=\"left\">Federal University of Uberlandia, Brasil<\/td>\n<\/tr>\n<tr>\n<td align=\"left\" height=\"21\">Raul CruzBarbosa<\/td>\n<td align=\"left\">Universidad Tecnol\u00f3gica de la Mixteca. M\u00e9xico<\/td>\n<\/tr>\n<\/tbody>\n<\/table>\n<p>&nbsp;<\/p>\n","protected":false},"excerpt":{"rendered":"<p>Chairs Institution Jo\u00e3o Gama \u00a0Universidade do Porto, Portugal Angel Kuri \u00a0Instituto Tecnol\u00f3gico Aut\u00f3nomo de M\u00e9xico, M\u00e9xico PC Members Institution Ramon F.Brena Tecnologico de Monterrey, Mexico FacundoBromberg UTN-Mendoza y CONICET, Argentina MarceloErrecalde Universidad Nacional de San Luis, Argentina DanielaGodoy ISISTAN Research Institute, Argentina AlexandrePlastino Universidade Federal Fluminense, Brasil SolangeRezende Universidade de S\u00e3o Paulo, Brasil ElaineSousa University of Sao Paulo &#8211; ICMC\/USP, Brasil PauloAzevedo Universidad de do Minho, Portugal Jo\u00e3oMendes-Moreira FEUP\/DEI, Portugal&hellip; <\/p>\n","protected":false},"author":1,"featured_media":0,"parent":0,"menu_order":0,"comment_status":"closed","ping_status":"closed","template":"","meta":{"footnotes":""},"class_list":["post-373","page","type-page","status-publish","hentry"],"_links":{"self":[{"href":"https:\/\/www.iberamia.org\/iberamia\/iberamia2016\/wp-json\/wp\/v2\/pages\/373","targetHints":{"allow":["GET"]}}],"collection":[{"href":"https:\/\/www.iberamia.org\/iberamia\/iberamia2016\/wp-json\/wp\/v2\/pages"}],"about":[{"href":"https:\/\/www.iberamia.org\/iberamia\/iberamia2016\/wp-json\/wp\/v2\/types\/page"}],"author":[{"embeddable":true,"href":"https:\/\/www.iberamia.org\/iberamia\/iberamia2016\/wp-json\/wp\/v2\/users\/1"}],"replies":[{"embeddable":true,"href":"https:\/\/www.iberamia.org\/iberamia\/iberamia2016\/wp-json\/wp\/v2\/comments?post=373"}],"version-history":[{"count":0,"href":"https:\/\/www.iberamia.org\/iberamia\/iberamia2016\/wp-json\/wp\/v2\/pages\/373\/revisions"}],"wp:attachment":[{"href":"https:\/\/www.iberamia.org\/iberamia\/iberamia2016\/wp-json\/wp\/v2\/media?parent=373"}],"curies":[{"name":"wp","href":"https:\/\/api.w.org\/{rel}","templated":true}]}}