{"id":367,"date":"2016-02-06T18:40:57","date_gmt":"2016-02-06T18:40:57","guid":{"rendered":"http:\/\/www.iberamia.org\/iberamia\/iberamia2016\/?page_id=367"},"modified":"2017-05-16T10:16:49","modified_gmt":"2017-05-16T10:16:49","slug":"computer-vision-and-pattern-recognition","status":"publish","type":"page","link":"https:\/\/www.iberamia.org\/iberamia\/iberamia2016\/computer-vision-and-pattern-recognition\/","title":{"rendered":"Computer Vision and Pattern Recognition &#8211; Program Committee IBERAMIA&#8217;2016"},"content":{"rendered":"<div class=\"page_content\"><\/div>\n<div class=\"clear\">\n<table class=\"elisatable\" style=\"height: 25px;background-color: #c1f3f5\" width=\"596\">\n<thead>\n<tr style=\"background-color: #d8ebea;border-color: #ffffff\">\n<td style=\"width: 170px;background-color: #faf5f5\"><strong>Chairs<\/strong><\/td>\n<th style=\"background-color: #faf5f5;text-align: left\">Institution<\/th>\n<\/tr>\n<\/thead>\n<tbody>\n<tr style=\"background-color: #daf2ea\">\n<td style=\"width: 170px\">Juan Carlos\u00a0\u00a0 Niebles<\/td>\n<td align=\"left\">Stanford University,\u00a0USA.\u00a0 Universidad del Norte,\u00a0 Colombia<\/td>\n<\/tr>\n<tr style=\"background-color: #daf2ed\">\n<td style=\"width: 170px\">\u00c1lvaro\u00a0\u00a0 Soto<\/td>\n<td align=\"left\">Universidad Cat\u00f3lica de Chile, Chile<\/td>\n<\/tr>\n<\/tbody>\n<\/table>\n<\/div>\n<div class=\"page_content\"><\/div>\n<table class=\"elisatable\" style=\"height: 268px;background-color: #fafaf0\" width=\"599\">\n<tbody>\n<tr class=\"border_bottom\" style=\"background-color: #52eaf2\">\n<th style=\"background-color: #faf5f5;text-align: left\"><strong>PC Members<\/strong><\/th>\n<th style=\"background-color: #faf5f5;text-align: left\">Institution<\/th>\n<\/tr>\n<tr>\n<td style=\"width: 170px;height: 21px\" align=\"left\" height=\"21\">Domingo Mery<\/td>\n<td align=\"left\">Departamento de Ciencia de la Computaci\u00f3n Pontificia Universidad Cat\u00f3lica de Chile, Chile<\/td>\n<\/tr>\n<tr>\n<td align=\"left\" height=\"21\">Victor Fragoso<\/td>\n<td align=\"left\">West Virginia University, USA<\/td>\n<\/tr>\n<tr>\n<td align=\"left\" height=\"21\">Pablo Zegers<\/td>\n<td align=\"left\">Universidad de los Andes, Colombia<\/td>\n<\/tr>\n<tr>\n<td align=\"left\" height=\"21\">Jorge S\u00e1nchez CONICET<\/td>\n<td align=\"left\">FaMAF-UNC, Argentina<\/td>\n<\/tr>\n<tr>\n<td align=\"left\" height=\"21\">Billy Mark Peralta Marquez<\/td>\n<td align=\"left\">Pontificia Universidad Catolica de Chile, Chile<\/td>\n<\/tr>\n<tr>\n<td align=\"left\" height=\"21\">Jose Saavedra<\/td>\n<td align=\"left\">Universidad de Chile, Chile<\/td>\n<\/tr>\n<tr>\n<td align=\"left\" height=\"21\">Adin Ramirez Rivera<\/td>\n<td align=\"left\">Universidad Diego Portales, Chile<\/td>\n<\/tr>\n<tr>\n<td align=\"left\" height=\"21\">Henry Carrillo<\/td>\n<td align=\"left\">Pontificia Universidad Javeriana, Colombia<\/td>\n<\/tr>\n<tr>\n<td align=\"left\" height=\"21\">Victor Escorcia<\/td>\n<td align=\"left\">King Abdullah University of Science and Technology , Saudi Arabia<\/td>\n<\/tr>\n<tr>\n<td align=\"left\" height=\"21\">Hugo Jair Escalante<\/td>\n<td align=\"left\">Instituto Nacional de Astrof\u00edsica \u00d3ptica y Electr\u00f3nica INAOE, Mexico<\/td>\n<\/tr>\n<tr>\n<td align=\"left\" height=\"21\">Mikel Rodriguez<\/td>\n<td align=\"left\">MITRE, USA<\/td>\n<\/tr>\n<tr>\n<td align=\"left\" height=\"21\">Antonio L\u00f3pez<\/td>\n<td align=\"left\">Universitat Aut\u00f2noma de Barcelona, Espa\u00f1a<\/td>\n<\/tr>\n<tr>\n<td align=\"left\" height=\"21\">Rodrigo Verschae<\/td>\n<td align=\"left\">Universidad de Chile, Chile<\/td>\n<\/tr>\n<tr>\n<td align=\"left\" height=\"21\">Patricio Loncomilla<\/td>\n<td align=\"left\">Universidad de Chile, Chile<\/td>\n<\/tr>\n<tr>\n<td align=\"left\" height=\"21\">Juli\u00e1n Quiroga<\/td>\n<td align=\"left\">Pontificia Universidad Javeriana, Colombia<\/td>\n<\/tr>\n<tr>\n<td align=\"left\" height=\"21\">Benjamin Bustos<\/td>\n<td align=\"left\">University of Chile, Chile<\/td>\n<\/tr>\n<tr>\n<td align=\"left\" height=\"21\">Jo\u00e3o Gama<\/td>\n<td align=\"left\">Universidade do Porto, Portugal<\/td>\n<\/tr>\n<\/tbody>\n<\/table>\n<div class=\"clear\"><\/div>\n<div class=\"page_content\"><\/div>\n<div class=\"page_content\"><\/div>\n","protected":false},"excerpt":{"rendered":"<p>Chairs Institution Juan Carlos\u00a0\u00a0 Niebles Stanford University,\u00a0USA.\u00a0 Universidad del Norte,\u00a0 Colombia \u00c1lvaro\u00a0\u00a0 Soto Universidad Cat\u00f3lica de Chile, Chile PC Members Institution Domingo Mery Departamento de Ciencia de la Computaci\u00f3n Pontificia Universidad Cat\u00f3lica de Chile, Chile Victor Fragoso West Virginia University, USA Pablo Zegers Universidad de los Andes, Colombia Jorge S\u00e1nchez CONICET FaMAF-UNC, Argentina Billy Mark Peralta Marquez Pontificia Universidad Catolica de Chile, Chile Jose Saavedra Universidad de Chile, Chile Adin&hellip; <\/p>\n","protected":false},"author":1,"featured_media":0,"parent":0,"menu_order":0,"comment_status":"closed","ping_status":"closed","template":"","meta":{"footnotes":""},"class_list":["post-367","page","type-page","status-publish","hentry"],"_links":{"self":[{"href":"https:\/\/www.iberamia.org\/iberamia\/iberamia2016\/wp-json\/wp\/v2\/pages\/367","targetHints":{"allow":["GET"]}}],"collection":[{"href":"https:\/\/www.iberamia.org\/iberamia\/iberamia2016\/wp-json\/wp\/v2\/pages"}],"about":[{"href":"https:\/\/www.iberamia.org\/iberamia\/iberamia2016\/wp-json\/wp\/v2\/types\/page"}],"author":[{"embeddable":true,"href":"https:\/\/www.iberamia.org\/iberamia\/iberamia2016\/wp-json\/wp\/v2\/users\/1"}],"replies":[{"embeddable":true,"href":"https:\/\/www.iberamia.org\/iberamia\/iberamia2016\/wp-json\/wp\/v2\/comments?post=367"}],"version-history":[{"count":0,"href":"https:\/\/www.iberamia.org\/iberamia\/iberamia2016\/wp-json\/wp\/v2\/pages\/367\/revisions"}],"wp:attachment":[{"href":"https:\/\/www.iberamia.org\/iberamia\/iberamia2016\/wp-json\/wp\/v2\/media?parent=367"}],"curies":[{"name":"wp","href":"https:\/\/api.w.org\/{rel}","templated":true}]}}