{"id":363,"date":"2016-02-06T19:15:45","date_gmt":"2016-02-06T19:15:45","guid":{"rendered":"http:\/\/www.iberamia.org\/iberamia\/iberamia2016\/?page_id=363"},"modified":"2016-02-06T19:24:25","modified_gmt":"2016-02-06T19:24:25","slug":"robotics","status":"publish","type":"page","link":"https:\/\/www.iberamia.org\/iberamia\/iberamia2016\/robotics\/","title":{"rendered":"Robotics"},"content":{"rendered":"<div class=\"page_content\">\n<div class=\"clear\">\n<table class=\"elisatable\" style=\"height: 25px; background-color: #c1f3f5;\" width=\"596\">\n<thead>\n<tr style=\"background-color: #d8ebea; border-color: #ffffff;\">\n<td style=\"width: 170px; background-color: #faf5f5;\"><strong>Chairs<\/strong><\/td>\n<th style=\"background-color: #faf5f5; text-align: left;\">Institution<\/th>\n<\/tr>\n<\/thead>\n<tbody>\n<tr style=\"background-color: #daf2ea;\">\n<td style=\"width: 170px;\">Luiz Chaimowicz<\/td>\n<td align=\"left\">Universidade Federal de Minas Gerais, Brazil<\/td>\n<\/tr>\n<\/tbody>\n<\/table>\n<\/div>\n<div class=\"page_content\"><\/div>\n<div class=\"page_content\"><\/div>\n<table class=\"elisatable\" style=\"height: 268px; background-color: #fafaf0;\" width=\"599\">\n<tbody>\n<tr class=\"border_bottom\" style=\"background-color: #52eaf2;\">\n<th style=\"background-color: #faf5f5; text-align: left;\"><strong>PC Members<\/strong><\/th>\n<th style=\"background-color: #faf5f5; text-align: left;\">Institution<\/th>\n<\/tr>\n<tr>\n<td style=\"width: 170px; height: 21px;\" align=\"left\" height=\"21\">SilviaBotelho<\/td>\n<td align=\"left\">Funda\u00e7\u00e3o Universidade Federal do Rio Grande &#8211; FURGBrazilR<\/td>\n<\/tr>\n<tr>\n<td align=\"left\" height=\"21\">Anna Helena Reali<\/td>\n<td align=\"left\">CostaUniversidade de S\u00e3o PauloBrazil<\/td>\n<\/tr>\n<tr>\n<td align=\"left\" height=\"21\">JorgeDias<\/td>\n<td align=\"left\">Institute of Systems and RoboticsPortugal<\/td>\n<\/tr>\n<tr>\n<td align=\"left\" height=\"21\">LuizGoncalves<\/td>\n<td align=\"left\">Universidade Federal do Rio Grande do NorteBrazil<\/td>\n<\/tr>\n<tr>\n<td align=\"left\" height=\"21\">NunoLau<\/td>\n<td align=\"left\">University of AveiroPortugal<\/td>\n<\/tr>\n<tr>\n<td align=\"left\" height=\"21\">VicenteMatellan<\/td>\n<td align=\"left\">University of LeonSpain<\/td>\n<\/tr>\n<tr>\n<td align=\"left\" height=\"21\">PedroNu\u00f1ez<\/td>\n<td align=\"left\">Universidad de ExtremaduraSpain<\/td>\n<\/tr>\n<tr>\n<td align=\"left\" height=\"21\">EdsonPrestes<\/td>\n<td align=\"left\">Universidade Federal do Rio Grande do SulBrazil<\/td>\n<\/tr>\n<tr>\n<td align=\"left\" height=\"21\">Luis PauloReis<\/td>\n<td align=\"left\">University of MinhoPortugal<\/td>\n<\/tr>\n<tr>\n<td align=\"left\" height=\"21\">A. FernandoRibeiro<\/td>\n<td align=\"left\">University of MinhoPortugal<\/td>\n<\/tr>\n<tr>\n<td align=\"left\" height=\"21\">Rui P.Rocha<\/td>\n<td align=\"left\">University of CoimbraPortugal<\/td>\n<\/tr>\n<tr>\n<td align=\"left\" height=\"21\">RogelioSoto<\/td>\n<td align=\"left\">Tecnol\u00f3gico de MonterreyMexico<\/td>\n<\/tr>\n<tr>\n<td align=\"left\" height=\"21\">ArmandoSousa<\/td>\n<td align=\"left\">Institute for Systems and Computer Engineering, University of Porto Portugal<\/td>\n<\/tr>\n<tr>\n<td align=\"left\" height=\"21\">FlavioTonidandel<\/td>\n<td align=\"left\">Centro Universitario da FEIBrazil<\/td>\n<\/tr>\n<tr>\n<td align=\"left\" height=\"21\">DenisWolf<\/td>\n<td align=\"left\">University of Sao PauloBrazil<\/td>\n<\/tr>\n<tr>\n<td align=\"left\" height=\"21\">DouglasMacharet<\/td>\n<td align=\"left\">Universidade Federal de Minas GeraisBrazil<\/td>\n<\/tr>\n<\/tbody>\n<\/table>\n<\/div>\n<div class=\"clear\"><\/div>\n","protected":false},"excerpt":{"rendered":"<p>Chairs Institution Luiz Chaimowicz Universidade Federal de Minas Gerais, Brazil PC Members Institution SilviaBotelho Funda\u00e7\u00e3o Universidade Federal do Rio Grande &#8211; FURGBrazilR Anna Helena Reali CostaUniversidade de S\u00e3o PauloBrazil JorgeDias Institute of Systems and RoboticsPortugal LuizGoncalves Universidade Federal do Rio Grande do NorteBrazil NunoLau University of AveiroPortugal VicenteMatellan University of LeonSpain PedroNu\u00f1ez Universidad de ExtremaduraSpain EdsonPrestes Universidade Federal do Rio Grande do SulBrazil Luis PauloReis University of MinhoPortugal A. FernandoRibeiro&hellip; <\/p>\n","protected":false},"author":1,"featured_media":0,"parent":0,"menu_order":0,"comment_status":"closed","ping_status":"closed","template":"","meta":{"footnotes":""},"class_list":["post-363","page","type-page","status-publish","hentry"],"_links":{"self":[{"href":"https:\/\/www.iberamia.org\/iberamia\/iberamia2016\/wp-json\/wp\/v2\/pages\/363","targetHints":{"allow":["GET"]}}],"collection":[{"href":"https:\/\/www.iberamia.org\/iberamia\/iberamia2016\/wp-json\/wp\/v2\/pages"}],"about":[{"href":"https:\/\/www.iberamia.org\/iberamia\/iberamia2016\/wp-json\/wp\/v2\/types\/page"}],"author":[{"embeddable":true,"href":"https:\/\/www.iberamia.org\/iberamia\/iberamia2016\/wp-json\/wp\/v2\/users\/1"}],"replies":[{"embeddable":true,"href":"https:\/\/www.iberamia.org\/iberamia\/iberamia2016\/wp-json\/wp\/v2\/comments?post=363"}],"version-history":[{"count":0,"href":"https:\/\/www.iberamia.org\/iberamia\/iberamia2016\/wp-json\/wp\/v2\/pages\/363\/revisions"}],"wp:attachment":[{"href":"https:\/\/www.iberamia.org\/iberamia\/iberamia2016\/wp-json\/wp\/v2\/media?parent=363"}],"curies":[{"name":"wp","href":"https:\/\/api.w.org\/{rel}","templated":true}]}}