{"id":359,"date":"2016-02-06T19:04:29","date_gmt":"2016-02-06T19:04:29","guid":{"rendered":"http:\/\/www.iberamia.org\/iberamia\/iberamia2016\/?page_id=359"},"modified":"2017-05-16T10:16:22","modified_gmt":"2017-05-16T10:16:22","slug":"machine-learning","status":"publish","type":"page","link":"https:\/\/www.iberamia.org\/iberamia\/iberamia2016\/machine-learning\/","title":{"rendered":"Machine Learning  &#8211; Program Committee IBERAMIA&#8217;2016"},"content":{"rendered":"<div class=\"page_content\"><\/div>\n<div class=\"clear\">\n<table class=\"elisatable\" style=\"height: 25px; background-color: #c1f3f5;\" width=\"596\">\n<thead>\n<tr style=\"background-color: #d8ebea; border-color: #ffffff;\">\n<td style=\"width: 170px; background-color: #faf5f5;\"><strong>Chairs<\/strong><\/td>\n<th style=\"background-color: #faf5f5; text-align: left;\">Institution<\/th>\n<\/tr>\n<\/thead>\n<tbody>\n<tr style=\"background-color: #daf2ea;\">\n<td style=\"width: 170px;\">Fabio\u00a0\u00a0 Gonz\u00e1lez<\/td>\n<td>\u00a0Universidad Nacional de Colombia,\u00a0\u00a0 Colombia<\/td>\n<\/tr>\n<tr style=\"background-color: #daf2ed;\">\n<td style=\"width: 170px;\">Eduardo Morales<\/td>\n<td align=\"left\">Instituto Nacional de Astrof\u00edsica\u00a0 Optica y Electr\u00f3nica , Mexico<\/td>\n<\/tr>\n<\/tbody>\n<\/table>\n<\/div>\n<div class=\"page_content\"><\/div>\n<div class=\"page_content\"><\/div>\n<table class=\"elisatable\" style=\"height: 268px; background-color: #fafaf0;\" width=\"599\">\n<tbody>\n<tr class=\"border_bottom\" style=\"background-color: #52eaf2;\">\n<th style=\"background-color: #faf5f5; text-align: left;\"><strong>PC Members<\/strong><\/th>\n<th style=\"background-color: #faf5f5; text-align: left;\">Institution<\/th>\n<\/tr>\n<tr>\n<td style=\"width: 170px; height: 21px;\" align=\"left\" height=\"21\">Andre Carvalho<\/td>\n<td align=\"left\">Universidade de Sao Paolo, Brazil<\/td>\n<\/tr>\n<tr>\n<td align=\"left\" height=\"21\">Jos\u00e9 Luis Oliveira<\/td>\n<td align=\"left\">University of Aveiro, Portugal<\/td>\n<\/tr>\n<tr>\n<td align=\"left\" height=\"21\">CarlosSoares<\/td>\n<td align=\"left\">University of Porto, Portugal<\/td>\n<\/tr>\n<tr>\n<td align=\"left\" height=\"21\">Jesus Ariel Carrasco-Ochoa<\/td>\n<td align=\"left\">Instituto Nacional de Astrof\u00edsica \u00d3ptica y Electr\u00f3nica, Mexico<\/td>\n<\/tr>\n<tr>\n<td align=\"left\" height=\"21\">Paulo Cortez<\/td>\n<td align=\"left\">Universidade do MinhoPortugal<\/td>\n<\/tr>\n<tr>\n<td align=\"left\" height=\"21\">EnriqueGonz\u00e1lez<\/td>\n<td align=\"left\">Pontificia Universidad Javeriana, Colombia<\/td>\n<\/tr>\n<tr>\n<td align=\"left\" height=\"21\">Miguel AngelGuevara L\u00f3pez<\/td>\n<td align=\"left\">INEGI-FE University of Porto, Portugal<\/td>\n<\/tr>\n<tr>\n<td align=\"left\" height=\"21\">Jos\u00e9 Fco.Mart\u00ednez-Trinidad<\/td>\n<td align=\"left\">Instituto Nacional de Astrof\u00edsica \u00d3ptica y Electr\u00f3nica, Mexico<\/td>\n<\/tr>\n<tr>\n<td align=\"left\" height=\"21\">Olfa Nasraoui<\/td>\n<td align=\"left\">University of Louisville, USA<\/td>\n<\/tr>\n<tr>\n<td align=\"left\" height=\"21\">Petra Perner<\/td>\n<td align=\"left\">Institute of Computer Vision and Applied Computer Sciences, Germany<\/td>\n<\/tr>\n<tr>\n<td align=\"left\" height=\"21\">Raul Ramos Pollan<\/td>\n<td align=\"left\">Universidad Industrial de Santander, Colombia<\/td>\n<\/tr>\n<tr>\n<td align=\"left\" height=\"21\">Jorge E. Camargo<\/td>\n<td align=\"left\">Universidad Antonio Nari\u00f1o, Colombia<\/td>\n<\/tr>\n<\/tbody>\n<\/table>\n<div class=\"page_content\"><\/div>\n","protected":false},"excerpt":{"rendered":"<p>Chairs Institution Fabio\u00a0\u00a0 Gonz\u00e1lez \u00a0Universidad Nacional de Colombia,\u00a0\u00a0 Colombia Eduardo Morales Instituto Nacional de Astrof\u00edsica\u00a0 Optica y Electr\u00f3nica , Mexico PC Members Institution Andre Carvalho Universidade de Sao Paolo, Brazil Jos\u00e9 Luis Oliveira University of Aveiro, Portugal CarlosSoares University of Porto, Portugal Jesus Ariel Carrasco-Ochoa Instituto Nacional de Astrof\u00edsica \u00d3ptica y Electr\u00f3nica, Mexico Paulo Cortez Universidade do MinhoPortugal EnriqueGonz\u00e1lez Pontificia Universidad Javeriana, Colombia Miguel AngelGuevara L\u00f3pez INEGI-FE University of Porto,&hellip; <\/p>\n","protected":false},"author":1,"featured_media":0,"parent":0,"menu_order":0,"comment_status":"closed","ping_status":"closed","template":"","meta":{"footnotes":""},"class_list":["post-359","page","type-page","status-publish","hentry"],"_links":{"self":[{"href":"https:\/\/www.iberamia.org\/iberamia\/iberamia2016\/wp-json\/wp\/v2\/pages\/359","targetHints":{"allow":["GET"]}}],"collection":[{"href":"https:\/\/www.iberamia.org\/iberamia\/iberamia2016\/wp-json\/wp\/v2\/pages"}],"about":[{"href":"https:\/\/www.iberamia.org\/iberamia\/iberamia2016\/wp-json\/wp\/v2\/types\/page"}],"author":[{"embeddable":true,"href":"https:\/\/www.iberamia.org\/iberamia\/iberamia2016\/wp-json\/wp\/v2\/users\/1"}],"replies":[{"embeddable":true,"href":"https:\/\/www.iberamia.org\/iberamia\/iberamia2016\/wp-json\/wp\/v2\/comments?post=359"}],"version-history":[{"count":0,"href":"https:\/\/www.iberamia.org\/iberamia\/iberamia2016\/wp-json\/wp\/v2\/pages\/359\/revisions"}],"wp:attachment":[{"href":"https:\/\/www.iberamia.org\/iberamia\/iberamia2016\/wp-json\/wp\/v2\/media?parent=359"}],"curies":[{"name":"wp","href":"https:\/\/api.w.org\/{rel}","templated":true}]}}