{"id":147,"date":"2015-07-13T08:54:36","date_gmt":"2015-07-13T08:54:36","guid":{"rendered":"http:\/\/www.iberamia.org\/iberamia\/iberamia2016\/?page_id=147"},"modified":"2016-11-24T04:32:02","modified_gmt":"2016-11-24T04:32:02","slug":"venue","status":"publish","type":"page","link":"https:\/\/www.iberamia.org\/iberamia\/iberamia2016\/venue\/","title":{"rendered":"Venue"},"content":{"rendered":"<p><span class=\"st\" style=\"color: #000000;\">Iberamia\u20192016 will be held at the\u00a0<strong> &#8216;<span style=\"color: #0000ff;\"><a style=\"color: #0000ff;\" href=\"http:\/\/www.una.ac.cr\/\">Universidad Nacional de Costa Rica<\/a><\/span>&#8216;, Campus Omar Dengo (Heredia)<\/strong>, near San Jos\u00e9, Costa Rica.<\/span><\/p>\n<table style=\"height: 391px;\" width=\"1556\">\n<tbody>\n<tr>\n<td><span style=\"color: #000000;\">Here, you can find the location of<span class=\"st\" style=\"color: #000000;\"><strong>\u00a0 &#8216;<span style=\"color: #0000ff;\"><a style=\"color: #0000ff;\" href=\"http:\/\/www.una.ac.cr\/\">Universidad Nacional de Costa Rica<\/a><\/span>&#8216;, Campus Omar Dengo (Heredia)<\/strong><\/span> at GoogleMaps:<\/span><\/p>\n<p style=\"text-align: center;\"><span style=\"color: #000000;\"><a href=\"https:\/\/www.google.es\/maps\/@9.9991856,-84.1108835,17.5z?hl=es\" target=\"_blank\" rel=\"attachment wp-att-653\"><img loading=\"lazy\" decoding=\"async\" class=\"wp-image-653 aligncenter\" title=\"googlemap\" src=\"http:\/\/www.iberamia.org\/iberamia\/iberamia2016\/wp-content\/uploads\/sites\/2\/2016\/04\/venueCR.jpg\" alt=\"venueCR\" width=\"664\" height=\"370\" srcset=\"https:\/\/www.iberamia.org\/iberamia\/iberamia2016\/wp-content\/uploads\/sites\/2\/2016\/04\/venueCR.jpg 731w, https:\/\/www.iberamia.org\/iberamia\/iberamia2016\/wp-content\/uploads\/sites\/2\/2016\/04\/venueCR-300x167.jpg 300w\" sizes=\"auto, (max-width: 664px) 100vw, 664px\" \/><\/a><\/span>&#8216;<span style=\"color: #000000;\"><span class=\"st\" style=\"color: #000000;\"><span style=\"color: #0000ff;\"><a style=\"color: #0000ff;\" href=\"http:\/\/www.una.ac.cr\/\">Universidad Nacional de Costa Rica<\/a><\/span><\/span><\/span>&#8216;, Campus Omar Dengo (Heredia)<\/p>\n<\/td>\n<td>Plenary Talks and Technical Sessions,\u00a0Registration and Reception will be held at the \u00ab<strong><span style=\"color: #0000ff;\"><a style=\"color: #0000ff;\" href=\"https:\/\/www.google.es\/maps\/place\/Biblioteca+Joaqu%C3%ADn+Garc%C3%ADa+Monge,+UNA\/@9.9992484,-84.112152,17.5z\/data=!4m2!3m1!1s0x8fa0facf6ca55dbb:0x84bff16e633179b2?hl=es\">Biblioteca Joaqu\u00edn Garcia Monge<\/a><\/span><\/strong>\u00ab.<\/p>\n<p style=\"text-align: center;\"><a href=\"https:\/\/www.google.es\/maps\/@9.9993489,-84.1099807,19.75z?hl=es\" rel=\"attachment wp-att-1104\"><img loading=\"lazy\" decoding=\"async\" class=\"aligncenter wp-image-1104\" src=\"http:\/\/www.iberamia.org\/iberamia\/iberamia2016\/wp-content\/uploads\/sites\/2\/2016\/10\/MapaUNE.jpg\" alt=\"MapaUNE\" width=\"613\" height=\"415\" srcset=\"https:\/\/www.iberamia.org\/iberamia\/iberamia2016\/wp-content\/uploads\/sites\/2\/2016\/10\/MapaUNE.jpg 946w, https:\/\/www.iberamia.org\/iberamia\/iberamia2016\/wp-content\/uploads\/sites\/2\/2016\/10\/MapaUNE-300x203.jpg 300w, https:\/\/www.iberamia.org\/iberamia\/iberamia2016\/wp-content\/uploads\/sites\/2\/2016\/10\/MapaUNE-768x520.jpg 768w\" sizes=\"auto, (max-width: 613px) 100vw, 613px\" \/><\/a><\/p>\n<\/td>\n<\/tr>\n<\/tbody>\n<\/table>\n<p><em>The Conference Dinner will be at the <strong><a href=\"http:\/\/www.hb.co.cr\/\"> Bougainvillea Hotel<\/a><\/strong>\u00a0 at 20:00. Here <strong><a href=\"http:\/\/www.hb.co.cr\/en\/getting-here.html\">INFO<\/a><\/strong> about how getting there. Also, <a href=\"https:\/\/www.google.es\/maps\/place\/Hotel+Bougainvillea\/@9.980484,-84.0810387,17z\/data=%213m1%214b1%214m5%213m4%211s0x8fa09955554e00c1:0x611456ce0663ce05%218m2%213d9.980484%214d-84.07885\">in <strong>Google Maps<\/strong><\/a><strong>.<\/strong><\/em><\/p>\n<hr \/>\n<h3><\/h3>\n<h3><strong>HOTEL INFO<\/strong><\/h3>\n<p><em><strong>The hotel booking is advised in Alajuela, Heredia or San Jos\u00e9.<br \/>\n<\/strong><\/em><\/p>\n<p><em><strong> <a href=\"https:\/\/es.hoteles.com\/de1679690\/hotel-cerca-de-universidad-nacional-heredia-costa-rica\/\">HERE<\/a> you can find some hotels near\u00a0 the &#8216;Universidad Nacional de Costa Rica&#8217;, Campus Omar Dengo (Heredia), among others. <\/strong><\/em><strong><em>Soon, we will include information on transportation and local recommendations.<\/em><\/strong><\/p>\n<p>&nbsp;<\/p>\n<hr \/>\n<p><strong>Hotel Bougainvillea (Recommended)<\/strong><\/p>\n<p>The Hotel Bougainvillea is located in Santo Domingo de Heredia, <strong>a piece of paradise with 10 acres of tropical gardens,<\/strong> an about 10 minutes north of San Jos\u00e9 and 25 minutes (11 miles) from International Airport Juan Santa Maria.<\/p>\n<p>We have ample experience (more than 15 years) handle corporate groups, seminars local and international congress.<\/p>\n<p>The hotel is surrounded by 10 acres of beautiful gardens where guests can enjoy the swimming pool, fitness centre and lighted tennis courts.<\/p>\n<p>We have 81 rooms, with two full size beds. The greatest advantage we offer our guests is the opportunity to stay at a quiet and peaceful location, but with easy access to San Jos\u00e9 and good directions to go to the major attractions.<\/p>\n<table style=\"height: 188px;\" width=\"502\">\n<tbody>\n<tr>\n<td width=\"151\"><strong><em><u>\u00a0<\/u><\/em><\/strong><\/td>\n<td width=\"81\"><strong><em>Room Type<\/em><\/strong><\/td>\n<td width=\"112\"><strong><em>Room rate per person<\/em><\/strong><\/td>\n<\/tr>\n<tr>\n<td width=\"151\"><strong>Single occupancy<\/strong><\/td>\n<td width=\"81\"><strong><em>Mountain view<\/em><\/strong><\/td>\n<td width=\"112\">USD $ 96.37*<\/td>\n<\/tr>\n<tr>\n<td width=\"151\"><strong>Double occupancy (two beds)<\/strong><\/td>\n<td width=\"81\"><strong><em>Mountain view<\/em><\/strong><\/td>\n<td width=\"112\">USD $ 48.19*<\/td>\n<\/tr>\n<tr>\n<td width=\"151\"><strong>Triple occupancy (Three beds)<\/strong><\/td>\n<td width=\"81\"><strong><em>Mountain view<\/em><\/strong><\/td>\n<td width=\"112\">USD $ 41.29*<\/td>\n<\/tr>\n<\/tbody>\n<\/table>\n<p><strong>*Plus 13% sales tax<\/strong><\/p>\n<p><strong>Meals<\/strong>, Breakfast buffet: fruit beverages, fruits of the season, assorted breads, scrambled eggs, \u201cgallo pinto\u201d, cereals, yogurt, pancakes, sausages, fried plantain, coffee or tea<strong>.<\/strong><\/p>\n<h2>Transportation Info<\/h2>\n<p><strong>Transfer services<\/strong>, we can help you to coordinate this service: Airport pick-up and drop-off<strong>:<\/strong><strong> group 1 to 6 persons: USD$ 40.00 per transfer<\/strong><\/p>\n<p class=\"western\" lang=\"en-US\" align=\"justify\"><strong>Transportation from S. Jose to the UNA university migth be possible by:<\/strong><\/p>\n<p class=\"western\" lang=\"en-US\" align=\"justify\">Train: \u201c<i>on weekdays, trains run betwen San Jos\u00e9 and Heredia every half an hour in the mornings (6am-9am) and afternoons (3:30pm-8pm), leaving from Estaci\u00f3n del Atl\u00e1ntico near the Parque Nacional. Some of these trains continue on to the UCR and U Latina in San Pedro. The 6pm departure from San Jos\u00e9 (returning at 7pm) is a big train, so you can almost always get a seat on this one. \u201c<\/i><\/p>\n<p class=\"western\" lang=\"en-US\" align=\"justify\">Taxi: the traject at rush ours could last more than 1 hour , it cost aprox 20 $. If you want to share a taxi with other colleagues please send an e-mail to Iberamia and we will try to send to you the e-mail of potential taxi-mates .<\/p>\n<p><strong>Tours<\/strong>: we recommended \u201cExpediciones Tropicales\u201c to coordinate any tours during your visit. Please find this link in order to know different choices of tours: <a href=\"http:\/\/www.costaricaguides.com\/one-day-tours\/\">http:\/\/www.costaricaguides.com\/one-day-tours\/<\/a><\/p>\n<p><strong>Reservation:<\/strong> For reservation, fill out the following form:<a href=\"https:\/\/goo.gl\/MsrYD5\"> https:\/\/goo.gl\/MsrYD5<\/a><\/p>\n<p><b>Additional information<\/b>: You can find additional information at <a href=\"http:\/\/www.hb.co.cr\/epub\/mobile\/index.html#p=1\">http:\/\/www.hb.co.cr\/epub\/mobile\/index.html#p=1<\/a><\/p>\n<hr \/>\n<h3><\/h3>\n<h3><strong>TOURIST INFO<\/strong><\/h3>\n<table style=\"height: 387px;\" width=\"1122\">\n<tbody>\n<tr>\n<td style=\"text-align: left; vertical-align: top;\">\n<h3><strong><span style=\"color: #333333;\">Turism in Costa Rica<\/span><\/strong><\/h3>\n<ul>\n<li><span style=\"color: #000080;\"><a style=\"color: #000080;\" href=\"http:\/\/www.visitcostarica.com\/ict\/paginas\/home.asp?ididioma=2\" target=\"_blank\">Official site of Costa Rica<\/a><\/span><\/li>\n<\/ul>\n<ul>\n<li><span style=\"color: #000080;\"><a style=\"color: #000080;\" href=\"http:\/\/turismocostarica.com\/\" target=\"_blank\">Turismo Costa Rica<\/a><\/span><\/li>\n<\/ul>\n<ul>\n<li><a href=\"http:\/\/www.visitcostarica.com\/\" target=\"_blank\">VisitCostaRica<\/a><\/li>\n<\/ul>\n<ul>\n<li><a href=\"http:\/\/www.visitcentroamerica.com\/?q=en\/country\/costa%20rica\" target=\"_blank\">CATA-CR<\/a><\/li>\n<li>\u00a0<a href=\"http:\/\/wikitravel.org\/en\/San_Jos%C3%A9_(Costa_Rica)\">About S. Jose in Wikitravel <\/a><\/li>\n<\/ul>\n<p>&nbsp;<\/td>\n<td style=\"text-align: right; vertical-align: top;\"><a href=\"http:\/\/www.iberamia.org\/iberamia\/iberamia2016\/wp-content\/uploads\/sites\/2\/2016\/04\/mapa-costa-rica.jpg\" rel=\"attachment wp-att-677\"><img loading=\"lazy\" decoding=\"async\" class=\"wp-image-677 alignright\" src=\"http:\/\/www.iberamia.org\/iberamia\/iberamia2016\/wp-content\/uploads\/sites\/2\/2016\/04\/mapa-costa-rica.jpg\" alt=\"mapa-costa-rica\" width=\"477\" height=\"351\" srcset=\"https:\/\/www.iberamia.org\/iberamia\/iberamia2016\/wp-content\/uploads\/sites\/2\/2016\/04\/mapa-costa-rica.jpg 1024w, https:\/\/www.iberamia.org\/iberamia\/iberamia2016\/wp-content\/uploads\/sites\/2\/2016\/04\/mapa-costa-rica-300x221.jpg 300w, https:\/\/www.iberamia.org\/iberamia\/iberamia2016\/wp-content\/uploads\/sites\/2\/2016\/04\/mapa-costa-rica-768x565.jpg 768w\" sizes=\"auto, (max-width: 477px) 100vw, 477px\" \/><\/a><\/td>\n<\/tr>\n<\/tbody>\n<\/table>\n<h3><\/h3>\n<p>&nbsp;<\/p>\n","protected":false},"excerpt":{"rendered":"<p>Iberamia\u20192016 will be held at the\u00a0 &#8216;Universidad Nacional de Costa Rica&#8216;, Campus Omar Dengo (Heredia), near San Jos\u00e9, Costa Rica. Here, you can find the location of\u00a0 &#8216;Universidad Nacional de Costa Rica&#8216;, Campus Omar Dengo (Heredia) at GoogleMaps: &#8216;Universidad Nacional de Costa Rica&#8216;, Campus Omar Dengo (Heredia) Plenary Talks and Technical Sessions,\u00a0Registration and Reception will be held at the \u00abBiblioteca Joaqu\u00edn Garcia Monge\u00ab. The Conference Dinner will be at the&hellip; <\/p>\n","protected":false},"author":1,"featured_media":0,"parent":0,"menu_order":0,"comment_status":"closed","ping_status":"open","template":"layouts\/page-fullwidth.php","meta":{"footnotes":""},"class_list":["post-147","page","type-page","status-publish","hentry"],"_links":{"self":[{"href":"https:\/\/www.iberamia.org\/iberamia\/iberamia2016\/wp-json\/wp\/v2\/pages\/147","targetHints":{"allow":["GET"]}}],"collection":[{"href":"https:\/\/www.iberamia.org\/iberamia\/iberamia2016\/wp-json\/wp\/v2\/pages"}],"about":[{"href":"https:\/\/www.iberamia.org\/iberamia\/iberamia2016\/wp-json\/wp\/v2\/types\/page"}],"author":[{"embeddable":true,"href":"https:\/\/www.iberamia.org\/iberamia\/iberamia2016\/wp-json\/wp\/v2\/users\/1"}],"replies":[{"embeddable":true,"href":"https:\/\/www.iberamia.org\/iberamia\/iberamia2016\/wp-json\/wp\/v2\/comments?post=147"}],"version-history":[{"count":0,"href":"https:\/\/www.iberamia.org\/iberamia\/iberamia2016\/wp-json\/wp\/v2\/pages\/147\/revisions"}],"wp:attachment":[{"href":"https:\/\/www.iberamia.org\/iberamia\/iberamia2016\/wp-json\/wp\/v2\/media?parent=147"}],"curies":[{"name":"wp","href":"https:\/\/api.w.org\/{rel}","templated":true}]}}